{"id":5751,"date":"2021-07-13T12:50:27","date_gmt":"2021-07-13T09:50:27","guid":{"rendered":"https:\/\/portaltest.atauni.edu.tr\/bilgisayar-muhendisligi\/?page_id=5751"},"modified":"2022-09-03T01:20:27","modified_gmt":"2022-09-02T22:20:27","slug":"lisansustu-ders-listesi","status":"publish","type":"page","link":"https:\/\/atauni.edu.tr\/astronomi-ve-astrofizik\/lisansustu-ders-listesi\/","title":{"rendered":"Ders Listesi"},"content":{"rendered":"<h2>Lisans\u00fcst\u00fc Ders Listesi<\/h2>\n<table style=\"height: 710px\" width=\"805\">\n<tbody>\n<tr>\n<td colspan=\"2\" width=\"100%\">\n<p style=\"text-align: left\"><span style=\"color: #0000ff\"><strong>AUB Y\u00dcKSEK L\u0130SANS VE DOKTORA DERSLER\u0130<\/strong><\/span><\/p>\n<\/td>\n<\/tr>\n<tr>\n<td width=\"21%\"><strong>FBAAS502<\/strong><\/td>\n<td width=\"78%\"><strong>ASTROF\u0130Z\u0130KTE ATOM VE MOLEK\u00dcL F\u0130Z\u0130\u011e\u0130 UYGULAMALARI (52350)<\/strong><\/td>\n<\/tr>\n<tr>\n<td width=\"21%\"><strong>FBAAS510<\/strong><\/td>\n<td width=\"78%\"><strong>ASTRONOM\u0130DE MODELLEME Y\u00d6NTEMLER\u0130 (88686)<\/strong><\/td>\n<\/tr>\n<tr>\n<td width=\"21%\"><strong>FBAAS506<\/strong><\/td>\n<td width=\"78%\"><strong>ASTRONOM\u0130DE TAYF \u00d6L\u00c7\u00dcM VE ANAL\u0130Z\u0130 (81472)<\/strong><\/td>\n<\/tr>\n<tr>\n<td width=\"21%\"><strong>FBET501 YL.<\/strong><\/td>\n<td width=\"78%\"><strong>B\u0130L\u0130M E\u011e\u0130T\u0130M VE ET\u0130K (30797)<\/strong><\/td>\n<\/tr>\n<tr>\n<td width=\"21%\"><strong>FBAA5S05<\/strong><\/td>\n<td width=\"78%\"><strong>G\u00d6REL\u0130 KUANTUM F\u0130Z\u0130\u011e\u0130 (82870)<\/strong><\/td>\n<\/tr>\n<tr>\n<td width=\"21%\"><strong>AUB205<\/strong><\/td>\n<td width=\"78%\"><strong>G\u00d6ZLEMSEL ARA\u00c7LAR (73532)<\/strong><\/td>\n<\/tr>\n<tr>\n<td width=\"21%\"><strong>FBAAS503<\/strong><\/td>\n<td width=\"78%\"><strong>G\u00d6ZLEMSEL ASTRONOM\u0130 VE I\u015eIK \u00d6L\u00c7\u00dcM (73952)<\/strong><\/td>\n<\/tr>\n<tr>\n<td width=\"21%\"><strong>FBAA\u00c7501<\/strong><\/td>\n<td width=\"78%\"><strong>\u0130LER\u0130 ASTROF\u0130Z\u0130K I (31447)<\/strong><\/td>\n<\/tr>\n<tr>\n<td width=\"21%\"><strong>FBAA\u00c7504<\/strong><\/td>\n<td width=\"78%\"><strong>\u0130LER\u0130 ASTROF\u0130Z\u0130K II (31448)<\/strong><\/td>\n<\/tr>\n<tr>\n<td width=\"21%\"><strong>FBAAS508<\/strong><\/td>\n<td width=\"78%\"><strong>\u0130LER\u0130 KOZMOLOJ\u0130 (81473)<\/strong><\/td>\n<\/tr>\n<tr>\n<td width=\"21%\"><strong>FBAAS<\/strong><\/td>\n<td width=\"78%\"><strong>KUANTUM F\u0130Z\u0130\u011e\u0130 I (63798)<\/strong><\/td>\n<\/tr>\n<tr>\n<td width=\"21%\"><strong>AUB201<\/strong><\/td>\n<td width=\"78%\"><strong>MODERN F\u0130Z\u0130K VE LABORATUVARI (86747)<\/strong><\/td>\n<\/tr>\n<tr>\n<td width=\"21%\"><strong>AUB203<\/strong><\/td>\n<td width=\"78%\"><strong>OPT\u0130K DALGALAR VE LABORATUVARI (86748)<\/strong><\/td>\n<\/tr>\n<tr>\n<td width=\"21%\"><strong>FBAAS506<\/strong><\/td>\n<td width=\"78%\"><strong>ASTROF\u0130Z\u0130K PROJES\u0130 I<\/strong><\/td>\n<\/tr>\n<tr>\n<td width=\"21%\"><strong>FBAAS506<\/strong><\/td>\n<td width=\"78%\"><strong>ASTROF\u0130Z\u0130K PROJES\u0130 II<\/strong><\/td>\n<\/tr>\n<tr>\n<td width=\"21%\"><strong>DNS<\/strong><\/td>\n<td width=\"78%\"><strong>DANI\u015eMANLIK (65327)<\/strong><\/td>\n<\/tr>\n<tr>\n<td colspan=\"2\" width=\"100%\">\n<p style=\"text-align: left\"><span style=\"color: #0000ff\"><strong>B\u0130L\u0130MSEL HAZIRLIK<\/strong><\/span><\/p>\n<\/td>\n<\/tr>\n<tr>\n<td width=\"21%\"><\/td>\n<td width=\"78%\"><strong>ASTRONOM\u0130 I (86722)<\/strong><\/td>\n<\/tr>\n<tr>\n<td width=\"21%\"><\/td>\n<td width=\"78%\"><strong>ASTRONOM\u0130 II (87194)<\/strong><\/td>\n<\/tr>\n<tr>\n<td width=\"21%\"><strong>\u00a0<\/strong><\/td>\n<td width=\"78%\"><strong>F\u0130Z\u0130K I<\/strong><\/td>\n<\/tr>\n<tr>\n<td width=\"21%\"><strong>\u00a0<\/strong><\/td>\n<td width=\"78%\"><strong>F\u0130Z\u0130K II<\/strong><\/td>\n<\/tr>\n<tr>\n<td width=\"21%\"><\/td>\n<td width=\"78%\"><strong>ASTROF\u0130Z\u0130K I (86972)<\/strong><\/td>\n<\/tr>\n<tr>\n<td width=\"21%\"><\/td>\n<td width=\"78%\"><strong>ASTROF\u0130Z\u0130K II (86972)<\/strong><\/td>\n<\/tr>\n<\/tbody>\n<\/table>\n<p><em>Y\u00fcksek Lisans ve Doktora Ders Listesine Atat\u00fcrk \u00dcniversitesi Ders Bilgi Paketi <a href=\"https:\/\/obs.atauni.edu.tr\/moduller\/dbp\/eobs\/birimListe\/3\" target=\"_blank\" rel=\"noopener\">(DBP)<\/a>\u00a0\u00fczerinden ula\u015fabilirsiniz.<\/em><\/p>\n","protected":false},"excerpt":{"rendered":"<p>Lisans\u00fcst\u00fc Ders Listesi AUB Y\u00dcKSEK L\u0130SANS VE DOKTORA DERSLER\u0130 FBAAS502 ASTROF\u0130Z\u0130KTE ATOM VE MOLEK\u00dcL F\u0130Z\u0130\u011e\u0130 UYGULAMALARI (52350) FBAAS510 ASTRONOM\u0130DE MODELLEME Y\u00d6NTEMLER\u0130 (88686) FBAAS506 ASTRONOM\u0130DE TAYF \u00d6L\u00c7\u00dcM VE ANAL\u0130Z\u0130 (81472) FBET501 YL. B\u0130L\u0130M E\u011e\u0130T\u0130M VE ET\u0130K (30797) FBAA5S05 G\u00d6REL\u0130 KUANTUM F\u0130Z\u0130\u011e\u0130 (82870) AUB205 G\u00d6ZLEMSEL ARA\u00c7LAR (73532) FBAAS503 G\u00d6ZLEMSEL ASTRONOM\u0130 VE I\u015eIK \u00d6L\u00c7\u00dcM (73952) FBAA\u00c7501 \u0130LER\u0130 ASTROF\u0130Z\u0130K [&hellip;]<\/p>\n","protected":false},"author":1,"featured_media":0,"parent":0,"menu_order":0,"comment_status":"closed","ping_status":"closed","template":"elementor_header_footer","meta":{"footnotes":""},"class_list":["post-5751","page","type-page","status-publish","hentry"],"_links":{"self":[{"href":"https:\/\/atauni.edu.tr\/astronomi-ve-astrofizik\/wp-json\/wp\/v2\/pages\/5751","targetHints":{"allow":["GET"]}}],"collection":[{"href":"https:\/\/atauni.edu.tr\/astronomi-ve-astrofizik\/wp-json\/wp\/v2\/pages"}],"about":[{"href":"https:\/\/atauni.edu.tr\/astronomi-ve-astrofizik\/wp-json\/wp\/v2\/types\/page"}],"author":[{"embeddable":true,"href":"https:\/\/atauni.edu.tr\/astronomi-ve-astrofizik\/wp-json\/wp\/v2\/users\/1"}],"replies":[{"embeddable":true,"href":"https:\/\/atauni.edu.tr\/astronomi-ve-astrofizik\/wp-json\/wp\/v2\/comments?post=5751"}],"version-history":[{"count":24,"href":"https:\/\/atauni.edu.tr\/astronomi-ve-astrofizik\/wp-json\/wp\/v2\/pages\/5751\/revisions"}],"predecessor-version":[{"id":6799,"href":"https:\/\/atauni.edu.tr\/astronomi-ve-astrofizik\/wp-json\/wp\/v2\/pages\/5751\/revisions\/6799"}],"wp:attachment":[{"href":"https:\/\/atauni.edu.tr\/astronomi-ve-astrofizik\/wp-json\/wp\/v2\/media?parent=5751"}],"curies":[{"name":"wp","href":"https:\/\/api.w.org\/{rel}","templated":true}]}}