{"id":6304,"date":"2021-12-30T13:09:17","date_gmt":"2021-12-30T10:09:17","guid":{"rendered":"https:\/\/birimler.atauni.edu.tr\/astronomi-ve-astrofizik\/?page_id=6304"},"modified":"2022-05-09T10:39:55","modified_gmt":"2022-05-09T07:39:55","slug":"ders-programi","status":"publish","type":"page","link":"https:\/\/atauni.edu.tr\/astronomi-ve-astrofizik\/ders-programi\/","title":{"rendered":"Ders Program\u0131"},"content":{"rendered":"\n<p>G\u00fcncel Ders Programlar\u0131na Her D\u00f6nem Ba\u015f\u0131nda Duyurular\/Haberler B\u00f6l\u00fcm\u00fcnden Ula\u015fabilirsiniz.<\/p>\n","protected":false},"excerpt":{"rendered":"<p>G\u00fcncel Ders Programlar\u0131na Her D\u00f6nem Ba\u015f\u0131nda Duyurular\/Haberler B\u00f6l\u00fcm\u00fcnden Ula\u015fabilirsiniz.<\/p>\n","protected":false},"author":71,"featured_media":0,"parent":0,"menu_order":0,"comment_status":"closed","ping_status":"closed","template":"","meta":{"footnotes":""},"class_list":["post-6304","page","type-page","status-publish","hentry"],"_links":{"self":[{"href":"https:\/\/atauni.edu.tr\/astronomi-ve-astrofizik\/wp-json\/wp\/v2\/pages\/6304","targetHints":{"allow":["GET"]}}],"collection":[{"href":"https:\/\/atauni.edu.tr\/astronomi-ve-astrofizik\/wp-json\/wp\/v2\/pages"}],"about":[{"href":"https:\/\/atauni.edu.tr\/astronomi-ve-astrofizik\/wp-json\/wp\/v2\/types\/page"}],"author":[{"embeddable":true,"href":"https:\/\/atauni.edu.tr\/astronomi-ve-astrofizik\/wp-json\/wp\/v2\/users\/71"}],"replies":[{"embeddable":true,"href":"https:\/\/atauni.edu.tr\/astronomi-ve-astrofizik\/wp-json\/wp\/v2\/comments?post=6304"}],"version-history":[{"count":6,"href":"https:\/\/atauni.edu.tr\/astronomi-ve-astrofizik\/wp-json\/wp\/v2\/pages\/6304\/revisions"}],"predecessor-version":[{"id":6636,"href":"https:\/\/atauni.edu.tr\/astronomi-ve-astrofizik\/wp-json\/wp\/v2\/pages\/6304\/revisions\/6636"}],"wp:attachment":[{"href":"https:\/\/atauni.edu.tr\/astronomi-ve-astrofizik\/wp-json\/wp\/v2\/media?parent=6304"}],"curies":[{"name":"wp","href":"https:\/\/api.w.org\/{rel}","templated":true}]}}