{"id":6359,"date":"2022-01-07T10:57:16","date_gmt":"2022-01-07T07:57:16","guid":{"rendered":"https:\/\/birimler.atauni.edu.tr\/astronomi-ve-astrofizik\/?page_id=6359"},"modified":"2022-10-05T14:10:21","modified_gmt":"2022-10-05T11:10:21","slug":"belgeler","status":"publish","type":"page","link":"https:\/\/atauni.edu.tr\/astronomi-ve-astrofizik\/belgeler\/","title":{"rendered":"Belgeler"},"content":{"rendered":"\t\t<div data-elementor-type=\"wp-page\" data-elementor-id=\"6359\" class=\"elementor elementor-6359\" data-elementor-post-type=\"page\">\n\t\t\t\t\t\t<section class=\"elementor-section elementor-top-section elementor-element elementor-element-16d895e elementor-section-boxed elementor-section-height-default elementor-section-height-default\" data-id=\"16d895e\" data-element_type=\"section\">\n\t\t\t\t\t\t<div class=\"elementor-container elementor-column-gap-default\">\n\t\t\t\t\t<div class=\"elementor-column elementor-col-100 elementor-top-column elementor-element elementor-element-d3d1d65\" data-id=\"d3d1d65\" data-element_type=\"column\">\n\t\t\t<div class=\"elementor-widget-wrap elementor-element-populated\">\n\t\t\t\t\t\t<div class=\"elementor-element elementor-element-3731abe elementor-widget elementor-widget-heading\" data-id=\"3731abe\" data-element_type=\"widget\" data-widget_type=\"heading.default\">\n\t\t\t\t<div class=\"elementor-widget-container\">\n\t\t\t\t\t<h2 class=\"elementor-heading-title elementor-size-medium\"><a href=\"http:\/\/birimler.atauni.edu.tr\/astronomi-ve-astrofizik\/wp-content\/uploads\/sites\/82\/2020\/07\/stratejik_plan_aub-2024-2028.pdf\" target=\"_blank\">AUB B\u00f6l\u00fcm\u00fc Stratejik Plan (2024-2028)<\/a><\/h2>\t\t\t\t<\/div>\n\t\t\t\t<\/div>\n\t\t\t\t\t<\/div>\n\t\t<\/div>\n\t\t\t\t\t<\/div>\n\t\t<\/section>\n\t\t\t\t<section class=\"elementor-section elementor-top-section elementor-element elementor-element-93de22b elementor-section-boxed elementor-section-height-default elementor-section-height-default\" data-id=\"93de22b\" data-element_type=\"section\">\n\t\t\t\t\t\t<div class=\"elementor-container elementor-column-gap-default\">\n\t\t\t\t\t<div class=\"elementor-column elementor-col-100 elementor-top-column elementor-element elementor-element-0eb1a35\" data-id=\"0eb1a35\" data-element_type=\"column\">\n\t\t\t<div class=\"elementor-widget-wrap elementor-element-populated\">\n\t\t\t\t\t\t<div class=\"elementor-element elementor-element-0e41fdf elementor-widget elementor-widget-heading\" data-id=\"0e41fdf\" data-element_type=\"widget\" data-widget_type=\"heading.default\">\n\t\t\t\t<div class=\"elementor-widget-container\">\n\t\t\t\t\t<h2 class=\"elementor-heading-title elementor-size-medium\"><a href=\"http:\/\/birimler.atauni.edu.tr\/astronomi-ve-astrofizik\/wp-content\/uploads\/sites\/82\/2020\/07\/AUB-SDG-2022.pdf\" target=\"_blank\">AUB B\u00f6l\u00fcm\u00fc SDG<\/a><\/h2>\t\t\t\t<\/div>\n\t\t\t\t<\/div>\n\t\t\t\t\t<\/div>\n\t\t<\/div>\n\t\t\t\t\t<\/div>\n\t\t<\/section>\n\t\t\t\t<section class=\"elementor-section elementor-top-section elementor-element elementor-element-1959802 elementor-section-boxed elementor-section-height-default elementor-section-height-default\" data-id=\"1959802\" data-element_type=\"section\">\n\t\t\t\t\t\t<div class=\"elementor-container elementor-column-gap-default\">\n\t\t\t\t\t<div class=\"elementor-column elementor-col-100 elementor-top-column elementor-element elementor-element-d4b1181\" data-id=\"d4b1181\" data-element_type=\"column\">\n\t\t\t<div class=\"elementor-widget-wrap elementor-element-populated\">\n\t\t\t\t\t\t<div class=\"elementor-element elementor-element-08b11b8 elementor-widget elementor-widget-heading\" data-id=\"08b11b8\" data-element_type=\"widget\" data-widget_type=\"heading.default\">\n\t\t\t\t<div class=\"elementor-widget-container\">\n\t\t\t\t\t<h2 class=\"elementor-heading-title elementor-size-medium\"><a href=\"http:\/\/birimler.atauni.edu.tr\/astronomi-ve-astrofizik\/wp-content\/uploads\/sites\/82\/2020\/07\/AUB-Ogrenme-Mukemmeliyeti-Modeli-ve-Egitim-Programlari-Donusumu-2021.pdf\" target=\"_blank\">AUB - \u00d6\u011frenme M\u00fckemmeliyeti Modeli ve E\u011fitim Programlar\u0131 D\u00f6n\u00fc\u015f\u00fcm\u00fc (2021)<\/a><\/h2>\t\t\t\t<\/div>\n\t\t\t\t<\/div>\n\t\t\t\t\t<\/div>\n\t\t<\/div>\n\t\t\t\t\t<\/div>\n\t\t<\/section>\n\t\t\t\t<section class=\"elementor-section elementor-top-section elementor-element elementor-element-467d882 elementor-section-boxed elementor-section-height-default elementor-section-height-default\" data-id=\"467d882\" data-element_type=\"section\">\n\t\t\t\t\t\t<div class=\"elementor-container elementor-column-gap-default\">\n\t\t\t\t\t<div class=\"elementor-column elementor-col-100 elementor-top-column elementor-element elementor-element-d627652\" data-id=\"d627652\" data-element_type=\"column\">\n\t\t\t<div class=\"elementor-widget-wrap elementor-element-populated\">\n\t\t\t\t\t\t<div class=\"elementor-element elementor-element-bdbce8d elementor-widget elementor-widget-heading\" data-id=\"bdbce8d\" data-element_type=\"widget\" data-widget_type=\"heading.default\">\n\t\t\t\t<div class=\"elementor-widget-container\">\n\t\t\t\t\t<h2 class=\"elementor-heading-title elementor-size-default\"><a href=\"http:\/\/birimler.atauni.edu.tr\/astronomi-ve-astrofizik\/wp-content\/uploads\/sites\/82\/2022\/01\/Arastirma-Universitesi_Performans-Gostergeleri-AUB.xlsx\"><span style=\"font-size: 19px\">AUB Ara\u015ft\u0131rma \u00dcniversitesi Performans G\u00f6stergeleri<\/span><\/a><\/h2>\t\t\t\t<\/div>\n\t\t\t\t<\/div>\n\t\t\t\t<div class=\"elementor-element elementor-element-7a8dedb elementor-widget-divider--view-line elementor-widget elementor-widget-divider\" data-id=\"7a8dedb\" data-element_type=\"widget\" data-widget_type=\"divider.default\">\n\t\t\t\t<div class=\"elementor-widget-container\">\n\t\t\t\t\t\t\t<div class=\"elementor-divider\">\n\t\t\t<span class=\"elementor-divider-separator\">\n\t\t\t\t\t\t<\/span>\n\t\t<\/div>\n\t\t\t\t\t\t<\/div>\n\t\t\t\t<\/div>\n\t\t\t\t<div class=\"elementor-element elementor-element-8d4bca3 elementor-widget elementor-widget-heading\" data-id=\"8d4bca3\" data-element_type=\"widget\" data-widget_type=\"heading.default\">\n\t\t\t\t<div class=\"elementor-widget-container\">\n\t\t\t\t\t<h2 class=\"elementor-heading-title elementor-size-medium\"><a href=\"http:\/\/birimler.atauni.edu.tr\/astronomi-ve-astrofizik\/wp-content\/uploads\/sites\/82\/2022\/06\/yaz-okulu-basvuru-dilekcesi.docx\">Yaz Okulu Ba\u015fvuru Dilek\u00e7esi<\/a><\/h2>\t\t\t\t<\/div>\n\t\t\t\t<\/div>\n\t\t\t\t\t<\/div>\n\t\t<\/div>\n\t\t\t\t\t<\/div>\n\t\t<\/section>\n\t\t\t\t<section class=\"elementor-section elementor-top-section elementor-element elementor-element-f578235 elementor-section-boxed elementor-section-height-default elementor-section-height-default\" data-id=\"f578235\" data-element_type=\"section\">\n\t\t\t\t\t\t<div class=\"elementor-container elementor-column-gap-default\">\n\t\t\t\t\t<div class=\"elementor-column elementor-col-100 elementor-top-column elementor-element elementor-element-b4648c1\" data-id=\"b4648c1\" data-element_type=\"column\">\n\t\t\t<div class=\"elementor-widget-wrap elementor-element-populated\">\n\t\t\t\t\t\t<div class=\"elementor-element elementor-element-0886709 elementor-widget elementor-widget-heading\" data-id=\"0886709\" data-element_type=\"widget\" data-widget_type=\"heading.default\">\n\t\t\t\t<div class=\"elementor-widget-container\">\n\t\t\t\t\t<h2 class=\"elementor-heading-title elementor-size-medium\"><a href=\"http:\/\/birimler.atauni.edu.tr\/astronomi-ve-astrofizik\/wp-content\/uploads\/sites\/82\/2020\/07\/laboratuvar-deney-raporu.docx\">Laboratuvar Deney Raporu (\u00d6rnek)<\/a><\/h2>\t\t\t\t<\/div>\n\t\t\t\t<\/div>\n\t\t\t\t\t<\/div>\n\t\t<\/div>\n\t\t\t\t\t<\/div>\n\t\t<\/section>\n\t\t\t\t<section class=\"elementor-section elementor-top-section elementor-element elementor-element-77297fd elementor-section-boxed elementor-section-height-default elementor-section-height-default\" data-id=\"77297fd\" data-element_type=\"section\">\n\t\t\t\t\t\t<div class=\"elementor-container elementor-column-gap-default\">\n\t\t\t\t\t<div class=\"elementor-column elementor-col-100 elementor-top-column elementor-element elementor-element-77e0fa2\" data-id=\"77e0fa2\" data-element_type=\"column\">\n\t\t\t<div class=\"elementor-widget-wrap elementor-element-populated\">\n\t\t\t\t\t\t<div class=\"elementor-element elementor-element-31d2c79 elementor-widget elementor-widget-heading\" data-id=\"31d2c79\" data-element_type=\"widget\" data-widget_type=\"heading.default\">\n\t\t\t\t<div class=\"elementor-widget-container\">\n\t\t\t\t\t<h2 class=\"elementor-heading-title elementor-size-medium\"><a href=\"http:\/\/birimler.atauni.edu.tr\/astronomi-ve-astrofizik\/wp-content\/uploads\/sites\/82\/2020\/07\/Fakulte-Oryantasyon_AUB-1.pptx\">B\u00f6l\u00fcm Oryantasyon Sunumu<\/a><\/h2>\t\t\t\t<\/div>\n\t\t\t\t<\/div>\n\t\t\t\t\t<\/div>\n\t\t<\/div>\n\t\t\t\t\t<\/div>\n\t\t<\/section>\n\t\t\t\t<section class=\"elementor-section elementor-top-section elementor-element elementor-element-f357f8b elementor-section-boxed elementor-section-height-default elementor-section-height-default\" data-id=\"f357f8b\" data-element_type=\"section\">\n\t\t\t\t\t\t<div class=\"elementor-container elementor-column-gap-default\">\n\t\t\t\t\t<div class=\"elementor-column elementor-col-100 elementor-top-column elementor-element elementor-element-1edd052\" data-id=\"1edd052\" data-element_type=\"column\">\n\t\t\t<div class=\"elementor-widget-wrap elementor-element-populated\">\n\t\t\t\t\t\t<div class=\"elementor-element elementor-element-7e84f92 elementor-widget elementor-widget-heading\" data-id=\"7e84f92\" data-element_type=\"widget\" data-widget_type=\"heading.default\">\n\t\t\t\t<div class=\"elementor-widget-container\">\n\t\t\t\t\t<h2 class=\"elementor-heading-title elementor-size-medium\"><a href=\"http:\/\/birimler.atauni.edu.tr\/astronomi-ve-astrofizik\/wp-content\/uploads\/sites\/82\/2020\/07\/ders-muafiyeti-dilekcesi.docx\">Ders Muafiyet Dilek\u00e7esi<\/a><\/h2>\t\t\t\t<\/div>\n\t\t\t\t<\/div>\n\t\t\t\t\t<\/div>\n\t\t<\/div>\n\t\t\t\t\t<\/div>\n\t\t<\/section>\n\t\t\t\t<section class=\"elementor-section elementor-top-section elementor-element elementor-element-9896601 elementor-section-boxed elementor-section-height-default elementor-section-height-default\" data-id=\"9896601\" data-element_type=\"section\">\n\t\t\t\t\t\t<div class=\"elementor-container elementor-column-gap-default\">\n\t\t\t\t\t<div class=\"elementor-column elementor-col-100 elementor-top-column elementor-element elementor-element-f3bf26e\" data-id=\"f3bf26e\" data-element_type=\"column\">\n\t\t\t<div class=\"elementor-widget-wrap elementor-element-populated\">\n\t\t\t\t\t\t<div class=\"elementor-element elementor-element-2e84f6d elementor-widget-divider--view-line elementor-widget elementor-widget-divider\" data-id=\"2e84f6d\" data-element_type=\"widget\" data-widget_type=\"divider.default\">\n\t\t\t\t<div class=\"elementor-widget-container\">\n\t\t\t\t\t\t\t<div class=\"elementor-divider\">\n\t\t\t<span class=\"elementor-divider-separator\">\n\t\t\t\t\t\t<\/span>\n\t\t<\/div>\n\t\t\t\t\t\t<\/div>\n\t\t\t\t<\/div>\n\t\t\t\t\t<\/div>\n\t\t<\/div>\n\t\t\t\t\t<\/div>\n\t\t<\/section>\n\t\t\t\t<section class=\"elementor-section elementor-top-section elementor-element elementor-element-22f1d53 elementor-section-boxed elementor-section-height-default elementor-section-height-default\" data-id=\"22f1d53\" data-element_type=\"section\">\n\t\t\t\t\t\t<div class=\"elementor-container elementor-column-gap-default\">\n\t\t\t\t\t<div class=\"elementor-column elementor-col-100 elementor-top-column elementor-element elementor-element-b94282d\" data-id=\"b94282d\" data-element_type=\"column\">\n\t\t\t<div class=\"elementor-widget-wrap elementor-element-populated\">\n\t\t\t\t\t\t<div class=\"elementor-element elementor-element-5b81ce9 elementor-widget elementor-widget-heading\" data-id=\"5b81ce9\" data-element_type=\"widget\" data-widget_type=\"heading.default\">\n\t\t\t\t<div class=\"elementor-widget-container\">\n\t\t\t\t\t<h2 class=\"elementor-heading-title elementor-size-small\">Not: Ba\u011flant\u0131y\u0131 indiremedi\u011finiz durumlarda belge \u00fczerine sa\u011f t\u0131klay\u0131p ba\u011flant\u0131y\u0131 farkl\u0131 kaydet yolunu izleyiniz.<\/h2>\t\t\t\t<\/div>\n\t\t\t\t<\/div>\n\t\t\t\t\t<\/div>\n\t\t<\/div>\n\t\t\t\t\t<\/div>\n\t\t<\/section>\n\t\t\t\t<\/div>\n\t\t","protected":false},"excerpt":{"rendered":"<p>AUB B\u00f6l\u00fcm\u00fc Stratejik Plan (2024-2028) AUB B\u00f6l\u00fcm\u00fc SDG AUB &#8211; \u00d6\u011frenme M\u00fckemmeliyeti Modeli ve E\u011fitim Programlar\u0131 D\u00f6n\u00fc\u015f\u00fcm\u00fc (2021) AUB Ara\u015ft\u0131rma \u00dcniversitesi Performans G\u00f6stergeleri Yaz Okulu Ba\u015fvuru Dilek\u00e7esi Laboratuvar Deney Raporu (\u00d6rnek) B\u00f6l\u00fcm Oryantasyon Sunumu Ders Muafiyet Dilek\u00e7esi Not: Ba\u011flant\u0131y\u0131 indiremedi\u011finiz durumlarda belge \u00fczerine sa\u011f t\u0131klay\u0131p ba\u011flant\u0131y\u0131 farkl\u0131 kaydet yolunu izleyiniz.<\/p>\n","protected":false},"author":71,"featured_media":0,"parent":0,"menu_order":0,"comment_status":"closed","ping_status":"closed","template":"","meta":{"footnotes":""},"class_list":["post-6359","page","type-page","status-publish","hentry"],"_links":{"self":[{"href":"https:\/\/atauni.edu.tr\/astronomi-ve-astrofizik\/wp-json\/wp\/v2\/pages\/6359","targetHints":{"allow":["GET"]}}],"collection":[{"href":"https:\/\/atauni.edu.tr\/astronomi-ve-astrofizik\/wp-json\/wp\/v2\/pages"}],"about":[{"href":"https:\/\/atauni.edu.tr\/astronomi-ve-astrofizik\/wp-json\/wp\/v2\/types\/page"}],"author":[{"embeddable":true,"href":"https:\/\/atauni.edu.tr\/astronomi-ve-astrofizik\/wp-json\/wp\/v2\/users\/71"}],"replies":[{"embeddable":true,"href":"https:\/\/atauni.edu.tr\/astronomi-ve-astrofizik\/wp-json\/wp\/v2\/comments?post=6359"}],"version-history":[{"count":105,"href":"https:\/\/atauni.edu.tr\/astronomi-ve-astrofizik\/wp-json\/wp\/v2\/pages\/6359\/revisions"}],"predecessor-version":[{"id":6851,"href":"https:\/\/atauni.edu.tr\/astronomi-ve-astrofizik\/wp-json\/wp\/v2\/pages\/6359\/revisions\/6851"}],"wp:attachment":[{"href":"https:\/\/atauni.edu.tr\/astronomi-ve-astrofizik\/wp-json\/wp\/v2\/media?parent=6359"}],"curies":[{"name":"wp","href":"https:\/\/api.w.org\/{rel}","templated":true}]}}