{"id":10948,"date":"2022-05-18T14:50:06","date_gmt":"2022-05-18T11:50:06","guid":{"rendered":"https:\/\/birimler.atauni.edu.tr\/atabaum\/?page_id=10948"},"modified":"2022-05-25T13:29:50","modified_gmt":"2022-05-25T10:29:50","slug":"birimimize-emek-verenler","status":"publish","type":"page","link":"https:\/\/atauni.edu.tr\/atabaum\/birimimize-emek-verenler\/","title":{"rendered":"Birimimize Emek Verenler"},"content":{"rendered":"\t\t<div data-elementor-type=\"wp-page\" data-elementor-id=\"10948\" class=\"elementor elementor-10948\" data-elementor-post-type=\"page\">\n\t\t\t\t\t\t<section class=\"elementor-section elementor-top-section elementor-element elementor-element-84cd6ef elementor-section-boxed elementor-section-height-default elementor-section-height-default\" data-id=\"84cd6ef\" data-element_type=\"section\">\n\t\t\t\t\t\t<div class=\"elementor-container elementor-column-gap-default\">\n\t\t\t\t\t<div class=\"elementor-column elementor-col-16 elementor-top-column elementor-element elementor-element-e1f2014\" data-id=\"e1f2014\" data-element_type=\"column\">\n\t\t\t<div class=\"elementor-widget-wrap\">\n\t\t\t\t\t\t\t<\/div>\n\t\t<\/div>\n\t\t\t\t<div class=\"elementor-column elementor-col-66 elementor-top-column elementor-element elementor-element-75519e2\" data-id=\"75519e2\" data-element_type=\"column\">\n\t\t\t<div class=\"elementor-widget-wrap elementor-element-populated\">\n\t\t\t\t\t\t<div class=\"elementor-element elementor-element-c1ebf37 elementor-widget elementor-widget-ova_history\" data-id=\"c1ebf37\" data-element_type=\"widget\" data-widget_type=\"ova_history.default\">\n\t\t\t\t<div class=\"elementor-widget-container\">\n\t\t\t\t\t\n\t\t<div class=\"ova-history scroll_animation\">\n\t\t\t\t\t\t\t\t\t\t\t\t<div class=\"wp-item\">\n\t\t\t\t\t\t<div class=\"wp-content\">\n\t\t\t\t\t\t\t\n\t\t\t\t\t\t\t<div class=\"content\">\n\t\t\t\t\t\t\t\t<div class=\"ova-media\">\n\t\t\t\t\t\t\t\t\t<img decoding=\"async\" src=\"https:\/\/birimler.atauni.edu.tr\/atabaum\/wp-content\/uploads\/sites\/17\/2022\/05\/20220518124247_IMG_7216-min-scaled.jpg\" alt=\"\">\n\t\t\t\t\t\t\t\t<\/div>\n\t\t\t\t\t\t\t<\/div>\n\t\t\t\t\t\t<\/div>\n\t\t\t\t\t\t<div class=\"wp-year\">\n\t\t\t\t\t\t\t<span class=\"dot\">\n\t\t\t\t\t\t\t\t<span class=\"dot1\"><\/span>\n\t\t\t\t\t\t\t\t<span  class=\"dot2\"><\/span>\n\t\t\t\t\t\t\t\t<span  class=\"dot3\"><\/span>\n\t\t\t\t\t\t\t\t<span  class=\"dot4\"><\/span>\n\t\t\t\t\t\t\t<\/span>\n\n\t\t\t\t\t\t\t<p class=\"year second_font\">18.05.2022<\/p>\n\n\t\t\t\t\t\t\t<div class=\"title\">\n\t\t\t\t\t\t\t\t\t\t\t\t\t\t\t\t\t<h3>Seffat SOLAK \n<\/h3>\n\t\t\t\t\t\t\t\t\t\t\t\t\t\t\t<\/div>\n\n\t\t\t\t\t\t\t<div class=\"desc\">\n\t\t\t\t\t\t\t\t<p>Emekliye ayr\u0131lm\u0131\u015ft\u0131r.<\/p>\n\t\t\t\t\t\t\t<\/div>\n\n\t\t\t\t\t\t<\/div>\n\t\t\t\t\t<\/div>\n\t\t\t\t\t\t\t\t\t<div class=\"wp-item\">\n\t\t\t\t\t\t<div class=\"wp-content\">\n\t\t\t\t\t\t\t\n\t\t\t\t\t\t\t<div class=\"content\">\n\t\t\t\t\t\t\t\t<div class=\"ova-media\">\n\t\t\t\t\t\t\t\t\t<img decoding=\"async\" src=\"https:\/\/birimler.atauni.edu.tr\/atabaum\/wp-content\/uploads\/sites\/17\/2022\/05\/20220518124304_IMG_7219-min-scaled.jpg\" alt=\"\">\n\t\t\t\t\t\t\t\t<\/div>\n\t\t\t\t\t\t\t<\/div>\n\t\t\t\t\t\t<\/div>\n\t\t\t\t\t\t<div class=\"wp-year\">\n\t\t\t\t\t\t\t<span class=\"dot\">\n\t\t\t\t\t\t\t\t<span class=\"dot1\"><\/span>\n\t\t\t\t\t\t\t\t<span  class=\"dot2\"><\/span>\n\t\t\t\t\t\t\t\t<span  class=\"dot3\"><\/span>\n\t\t\t\t\t\t\t\t<span  class=\"dot4\"><\/span>\n\t\t\t\t\t\t\t<\/span>\n\n\t\t\t\t\t\t\t<p class=\"year second_font\">18.05.2022<\/p>\n\n\t\t\t\t\t\t\t<div class=\"title\">\n\t\t\t\t\t\t\t\t\t\t\t\t\t\t\t\t\t<h3>Sezai HARARLI  <\/h3>\n\t\t\t\t\t\t\t\t\t\t\t\t\t\t\t<\/div>\n\n\t\t\t\t\t\t\t<div class=\"desc\">\n\t\t\t\t\t\t\t\t<p>Emekliye ayr\u0131lm\u0131\u015ft\u0131r.<\/p>\n\t\t\t\t\t\t\t<\/div>\n\n\t\t\t\t\t\t<\/div>\n\t\t\t\t\t<\/div>\n\t\t\t\t\t\t\t\t\t<\/div>\n\n\t\t\t\t\t\t<\/div>\n\t\t\t\t<\/div>\n\t\t\t\t\t<\/div>\n\t\t<\/div>\n\t\t\t\t<div class=\"elementor-column elementor-col-16 elementor-top-column elementor-element elementor-element-c3b452a\" data-id=\"c3b452a\" data-element_type=\"column\">\n\t\t\t<div class=\"elementor-widget-wrap\">\n\t\t\t\t\t\t\t<\/div>\n\t\t<\/div>\n\t\t\t\t\t<\/div>\n\t\t<\/section>\n\t\t\t\t<section class=\"elementor-section elementor-top-section elementor-element elementor-element-1e6ce0b elementor-section-boxed elementor-section-height-default elementor-section-height-default\" data-id=\"1e6ce0b\" data-element_type=\"section\">\n\t\t\t\t\t\t<div class=\"elementor-container elementor-column-gap-default\">\n\t\t\t\t\t<div class=\"elementor-column elementor-col-100 elementor-top-column elementor-element elementor-element-ba3006a\" data-id=\"ba3006a\" data-element_type=\"column\">\n\t\t\t<div class=\"elementor-widget-wrap elementor-element-populated\">\n\t\t\t\t\t\t\t<\/div>\n\t\t<\/div>\n\t\t\t\t\t<\/div>\n\t\t<\/section>\n\t\t\t\t<\/div>\n\t\t","protected":false},"excerpt":{"rendered":"<p>18.05.2022 Seffat SOLAK Emekliye ayr\u0131lm\u0131\u015ft\u0131r. 18.05.2022 Sezai HARARLI Emekliye ayr\u0131lm\u0131\u015ft\u0131r.<\/p>\n","protected":false},"author":435,"featured_media":0,"parent":0,"menu_order":0,"comment_status":"closed","ping_status":"closed","template":"","meta":{"footnotes":""},"class_list":["post-10948","page","type-page","status-publish","hentry"],"_links":{"self":[{"href":"https:\/\/atauni.edu.tr\/atabaum\/wp-json\/wp\/v2\/pages\/10948","targetHints":{"allow":["GET"]}}],"collection":[{"href":"https:\/\/atauni.edu.tr\/atabaum\/wp-json\/wp\/v2\/pages"}],"about":[{"href":"https:\/\/atauni.edu.tr\/atabaum\/wp-json\/wp\/v2\/types\/page"}],"author":[{"embeddable":true,"href":"https:\/\/atauni.edu.tr\/atabaum\/wp-json\/wp\/v2\/users\/435"}],"replies":[{"embeddable":true,"href":"https:\/\/atauni.edu.tr\/atabaum\/wp-json\/wp\/v2\/comments?post=10948"}],"version-history":[{"count":30,"href":"https:\/\/atauni.edu.tr\/atabaum\/wp-json\/wp\/v2\/pages\/10948\/revisions"}],"predecessor-version":[{"id":10996,"href":"https:\/\/atauni.edu.tr\/atabaum\/wp-json\/wp\/v2\/pages\/10948\/revisions\/10996"}],"wp:attachment":[{"href":"https:\/\/atauni.edu.tr\/atabaum\/wp-json\/wp\/v2\/media?parent=10948"}],"curies":[{"name":"wp","href":"https:\/\/api.w.org\/{rel}","templated":true}]}}