{"id":11665,"date":"2025-03-24T14:09:17","date_gmt":"2025-03-24T11:09:17","guid":{"rendered":"https:\/\/birimler.atauni.edu.tr\/atabaum\/?page_id=11665"},"modified":"2025-03-24T14:09:17","modified_gmt":"2025-03-24T11:09:17","slug":"birimlerimiz","status":"publish","type":"page","link":"https:\/\/atauni.edu.tr\/atabaum\/birimlerimiz\/","title":{"rendered":"Birimlerimiz"},"content":{"rendered":"\n<ul class=\"wp-block-list\">\n<li><a href=\"https:\/\/birimler.atauni.edu.tr\/atabaum\/birim?bilgi-guvenligi-surecleri\">\u00a0Bilgi G\u00fcvenli\u011fi S\u00fcre\u00e7leri<\/a><\/li>\n\n\n\n<li><a href=\"https:\/\/birimler.atauni.edu.tr\/atabaum\/birim?ders-bilgi-sistemi\">\u00a0Ders Bilgi Sistemi<\/a><\/li>\n\n\n\n<li><a href=\"https:\/\/birimler.atauni.edu.tr\/dijital-donusum-koordinatorlugu-2\/\" data-type=\"link\" data-id=\"https:\/\/birimler.atauni.edu.tr\/dijital-donusum-koordinatorlugu-2\/\">\u00a0Dijital D\u00f6n\u00fc\u015f\u00fcm Koordinat\u00f6rl\u00fc\u011f\u00fc<\/a><\/li>\n\n\n\n<li><a href=\"https:\/\/birimler.atauni.edu.tr\/atabaum\/birim?donanim-1\">\u00a0Donan\u0131m<\/a><\/li>\n\n\n\n<li><a href=\"https:\/\/birimler.atauni.edu.tr\/atabaum\/birim?e-portal-birimi\">\u00a0e-Portal Birimi<\/a><\/li>\n\n\n\n<li><a href=\"https:\/\/birimler.atauni.edu.tr\/atabaum\/birim?idari-isler-1\">\u00a0\u0130dari \u0130\u015fler<\/a><\/li>\n\n\n\n<li><a href=\"https:\/\/birimler.atauni.edu.tr\/atabaum\/birim?network-yonetimi\">\u00a0Network Y\u00f6netimi<\/a><\/li>\n\n\n\n<li><a href=\"https:\/\/birimler.atauni.edu.tr\/atabaum\/birim?ogrenci-bilgi-yonetim-sistemi-1\">\u00a0\u00d6\u011frenci Bilgi Y\u00f6netim Sistemi<\/a><\/li>\n\n\n\n<li><a href=\"https:\/\/birimler.atauni.edu.tr\/atabaum\/birim?siber-savunma-ar-ge\">\u00a0Siber Savunma Ar-Ge<\/a><\/li>\n\n\n\n<li><a href=\"https:\/\/birimler.atauni.edu.tr\/atabaum\/birim?sistem-yonetimi\">\u00a0Sistem Y\u00f6netimi<\/a><\/li>\n\n\n\n<li><a href=\"https:\/\/birimler.atauni.edu.tr\/atabaum\/birim?ubys-koordinatorlugu\">\u00a0UBYS Koordinat\u00f6rl\u00fc\u011f\u00fc<\/a><\/li>\n\n\n\n<li><a href=\"https:\/\/birimler.atauni.edu.tr\/atabaum\/birim?universite-bilgi-yonetim-sistemi\">\u00a0\u00dcniversite Bilgi Y\u00f6netim Sistemi<\/a><\/li>\n\n\n\n<li><a href=\"https:\/\/birimler.atauni.edu.tr\/atabaum\/birim?yardimci-bina-hizmetleri\">\u00a0Yard\u0131mc\u0131 Bina Hizmetleri<\/a><\/li>\n\n\n\n<li><a href=\"https:\/\/birimler.atauni.edu.tr\/atabaum\/birim?yazilim-gelistirme\">\u00a0Yaz\u0131l\u0131m Geli\u015ftirme<\/a><\/li>\n<\/ul>\n","protected":false},"excerpt":{"rendered":"","protected":false},"author":433,"featured_media":0,"parent":0,"menu_order":0,"comment_status":"closed","ping_status":"closed","template":"","meta":{"footnotes":""},"class_list":["post-11665","page","type-page","status-publish","hentry"],"_links":{"self":[{"href":"https:\/\/atauni.edu.tr\/atabaum\/wp-json\/wp\/v2\/pages\/11665","targetHints":{"allow":["GET"]}}],"collection":[{"href":"https:\/\/atauni.edu.tr\/atabaum\/wp-json\/wp\/v2\/pages"}],"about":[{"href":"https:\/\/atauni.edu.tr\/atabaum\/wp-json\/wp\/v2\/types\/page"}],"author":[{"embeddable":true,"href":"https:\/\/atauni.edu.tr\/atabaum\/wp-json\/wp\/v2\/users\/433"}],"replies":[{"embeddable":true,"href":"https:\/\/atauni.edu.tr\/atabaum\/wp-json\/wp\/v2\/comments?post=11665"}],"version-history":[{"count":1,"href":"https:\/\/atauni.edu.tr\/atabaum\/wp-json\/wp\/v2\/pages\/11665\/revisions"}],"predecessor-version":[{"id":11666,"href":"https:\/\/atauni.edu.tr\/atabaum\/wp-json\/wp\/v2\/pages\/11665\/revisions\/11666"}],"wp:attachment":[{"href":"https:\/\/atauni.edu.tr\/atabaum\/wp-json\/wp\/v2\/media?parent=11665"}],"curies":[{"name":"wp","href":"https:\/\/api.w.org\/{rel}","templated":true}]}}