{"id":7417,"date":"2021-11-29T14:33:41","date_gmt":"2021-11-29T11:33:41","guid":{"rendered":"https:\/\/birimler.atauni.edu.tr\/atabaum\/?page_id=7417"},"modified":"2021-11-29T15:01:17","modified_gmt":"2021-11-29T12:01:17","slug":"ftp-alaninda-erisimde-google-chrome-ayarlari","status":"publish","type":"page","link":"https:\/\/atauni.edu.tr\/atabaum\/ftp-alaninda-erisimde-google-chrome-ayarlari\/","title":{"rendered":"ftp alan\u0131nda eri\u015fimde google chrome ayarlar\u0131"},"content":{"rendered":"\t\t<div data-elementor-type=\"wp-page\" data-elementor-id=\"7417\" class=\"elementor elementor-7417\" data-elementor-post-type=\"page\">\n\t\t\t\t\t\t<section class=\"elementor-section elementor-top-section elementor-element elementor-element-22b96024 elementor-section-boxed elementor-section-height-default elementor-section-height-default\" data-id=\"22b96024\" data-element_type=\"section\">\n\t\t\t\t\t\t<div class=\"elementor-container elementor-column-gap-default\">\n\t\t\t\t\t<div class=\"elementor-column elementor-col-100 elementor-top-column elementor-element elementor-element-5a1f7769\" data-id=\"5a1f7769\" data-element_type=\"column\">\n\t\t\t<div class=\"elementor-widget-wrap elementor-element-populated\">\n\t\t\t\t\t\t<div class=\"elementor-element elementor-element-3b3e2d4a elementor-widget elementor-widget-heading\" data-id=\"3b3e2d4a\" data-element_type=\"widget\" data-widget_type=\"heading.default\">\n\t\t\t\t<div class=\"elementor-widget-container\">\n\t\t\t\t\t<h2 class=\"elementor-heading-title elementor-size-default\">FTP ALANINA ER\u0130\u015e\u0130MDE GOOGLE CHROME AYARLARI          \t                \t<span style=\"letter-spacing: 0px\"> <\/span><span style=\"letter-spacing: 0px\"><\/span><\/h2>\t\t\t\t<\/div>\n\t\t\t\t<\/div>\n\t\t\t\t<div class=\"elementor-element elementor-element-35223868 elementor-widget-divider--view-line elementor-widget elementor-widget-divider\" data-id=\"35223868\" data-element_type=\"widget\" data-widget_type=\"divider.default\">\n\t\t\t\t<div class=\"elementor-widget-container\">\n\t\t\t\t\t\t\t<div class=\"elementor-divider\">\n\t\t\t<span class=\"elementor-divider-separator\">\n\t\t\t\t\t\t<\/span>\n\t\t<\/div>\n\t\t\t\t\t\t<\/div>\n\t\t\t\t<\/div>\n\t\t\t\t\t<\/div>\n\t\t<\/div>\n\t\t\t\t\t<\/div>\n\t\t<\/section>\n\t\t\t\t<section class=\"elementor-section elementor-top-section elementor-element elementor-element-68b8f79 elementor-section-boxed elementor-section-height-default elementor-section-height-default\" data-id=\"68b8f79\" data-element_type=\"section\">\n\t\t\t\t\t\t<div class=\"elementor-container elementor-column-gap-default\">\n\t\t\t\t\t<div class=\"elementor-column elementor-col-100 elementor-top-column elementor-element elementor-element-f4127a7\" data-id=\"f4127a7\" data-element_type=\"column\">\n\t\t\t<div class=\"elementor-widget-wrap elementor-element-populated\">\n\t\t\t\t\t\t<section class=\"elementor-section elementor-inner-section elementor-element elementor-element-dbb6596 elementor-section-boxed elementor-section-height-default elementor-section-height-default\" data-id=\"dbb6596\" data-element_type=\"section\">\n\t\t\t\t\t\t<div class=\"elementor-container elementor-column-gap-default\">\n\t\t\t\t\t<div class=\"elementor-column elementor-col-100 elementor-inner-column elementor-element elementor-element-e892445\" data-id=\"e892445\" data-element_type=\"column\">\n\t\t\t<div class=\"elementor-widget-wrap elementor-element-populated\">\n\t\t\t\t\t\t<div class=\"elementor-element elementor-element-a859d85 elementor-widget elementor-widget-text-editor\" data-id=\"a859d85\" data-element_type=\"widget\" data-widget_type=\"text-editor.default\">\n\t\t\t\t<div class=\"elementor-widget-container\">\n\t\t\t\t\t\t\t\t\t<p>Google Chrome web taray\u0131c\u0131 \u00fczerinden local ftp alan\u0131na eri\u015fmek i\u00e7in yap\u0131lmas\u0131 gerekenler.<br \/>1- Google Chrome program\u0131n\u0131 a\u00e7arak adres sat\u0131r\u0131na\u00a0<span style=\"font-weight: bolder;\">chrome:\/\/flags\/\u00a0<\/span>yaz\u0131n\u0131z.<br \/>2- Arama k\u0131sm\u0131na\u00a0<span style=\"font-weight: bolder;\">FTP\u00a0<\/span>yaz\u0131n\u0131z.<br \/>3-\u00a0<span style=\"font-weight: bolder;\">Enable support for FTP URLs\u00a0<\/span>se\u00e7ene\u011fini\u00a0<span style=\"font-weight: bolder;\">Enabled\u00a0<\/span>yapt\u0131ktan sonra altta \u00e7\u0131kan relaunch t\u0131klayarak tekrar \u00e7al\u0131\u015ft\u0131rd\u0131\u011f\u0131n\u0131zda chrome \u00fczeriden ftp alan\u0131na eri\u015fiebilirsiniz.<br \/>Not: FTP alan\u0131na kamp\u00fcs i\u00e7inden eri\u015febilirsiniz. Kamp\u00fcs d\u0131\u015f\u0131ndan eri\u015fim i\u00e7in\u00a0<span style=\"font-weight: bolder;\">SSLVPN &#8211; Global Protect\u00a0<\/span>uygulamas\u0131n\u0131 kullanman\u0131z gerekmekted<span style=\"font-weight: bolder;\">ir.<\/span><br \/><span style=\"font-weight: bolder;\"><a href=\"https:\/\/sslportal.atauni.edu.tr\/\">https:\/\/sslportal.atauni.edu.tr<\/a>\u00a0adresinden mail kullan\u0131c\u0131 ad\u0131n\u0131z\u0131 ve \u015fifrenizi girerek g\u00fcncel s\u00fcr\u00fcm\u00fc indirebilirsiniz.<\/span><\/p>\t\t\t\t\t\t\t\t<\/div>\n\t\t\t\t<\/div>\n\t\t\t\t\t<\/div>\n\t\t<\/div>\n\t\t\t\t\t<\/div>\n\t\t<\/section>\n\t\t\t\t<section class=\"elementor-section elementor-inner-section elementor-element elementor-element-80ca28d elementor-section-boxed elementor-section-height-default elementor-section-height-default\" data-id=\"80ca28d\" data-element_type=\"section\">\n\t\t\t\t\t\t<div class=\"elementor-container elementor-column-gap-default\">\n\t\t\t\t\t<div class=\"elementor-column elementor-col-100 elementor-inner-column elementor-element elementor-element-5efca08\" data-id=\"5efca08\" data-element_type=\"column\">\n\t\t\t<div class=\"elementor-widget-wrap elementor-element-populated\">\n\t\t\t\t\t\t<div class=\"elementor-element elementor-element-8075b0f elementor-widget elementor-widget-image\" data-id=\"8075b0f\" data-element_type=\"widget\" data-widget_type=\"image.default\">\n\t\t\t\t<div class=\"elementor-widget-container\">\n\t\t\t\t\t\t\t\t\t\t\t\t\t\t\t<img fetchpriority=\"high\" decoding=\"async\" width=\"768\" height=\"365\" src=\"https:\/\/atauni.edu.tr\/atabaum\/wp-content\/uploads\/sites\/17\/2021\/11\/ftp_gorsel-768x365.png\" class=\"attachment-medium_large size-medium_large wp-image-7432\" alt=\"\" srcset=\"https:\/\/atauni.edu.tr\/atabaum\/wp-content\/uploads\/sites\/17\/2021\/11\/ftp_gorsel-768x365.png 768w, https:\/\/atauni.edu.tr\/atabaum\/wp-content\/uploads\/sites\/17\/2021\/11\/ftp_gorsel-300x143.png 300w, https:\/\/atauni.edu.tr\/atabaum\/wp-content\/uploads\/sites\/17\/2021\/11\/ftp_gorsel-1024x487.png 1024w, https:\/\/atauni.edu.tr\/atabaum\/wp-content\/uploads\/sites\/17\/2021\/11\/ftp_gorsel-1536x730.png 1536w, https:\/\/atauni.edu.tr\/atabaum\/wp-content\/uploads\/sites\/17\/2021\/11\/ftp_gorsel-600x285.png 600w, https:\/\/atauni.edu.tr\/atabaum\/wp-content\/uploads\/sites\/17\/2021\/11\/ftp_gorsel-560x266.png 560w, https:\/\/atauni.edu.tr\/atabaum\/wp-content\/uploads\/sites\/17\/2021\/11\/ftp_gorsel.png 1631w\" sizes=\"(max-width: 768px) 100vw, 768px\" \/>\t\t\t\t\t\t\t\t\t\t\t\t\t\t\t<\/div>\n\t\t\t\t<\/div>\n\t\t\t\t\t<\/div>\n\t\t<\/div>\n\t\t\t\t\t<\/div>\n\t\t<\/section>\n\t\t\t\t\t<\/div>\n\t\t<\/div>\n\t\t\t\t\t<\/div>\n\t\t<\/section>\n\t\t\t\t<\/div>\n\t\t","protected":false},"excerpt":{"rendered":"<p>FTP ALANINA ER\u0130\u015e\u0130MDE GOOGLE CHROME AYARLARI Google Chrome web taray\u0131c\u0131 \u00fczerinden local ftp alan\u0131na eri\u015fmek i\u00e7in yap\u0131lmas\u0131 gerekenler.1- Google Chrome program\u0131n\u0131 a\u00e7arak adres sat\u0131r\u0131na\u00a0chrome:\/\/flags\/\u00a0yaz\u0131n\u0131z.2- Arama k\u0131sm\u0131na\u00a0FTP\u00a0yaz\u0131n\u0131z.3-\u00a0Enable support for FTP URLs\u00a0se\u00e7ene\u011fini\u00a0Enabled\u00a0yapt\u0131ktan sonra altta \u00e7\u0131kan relaunch t\u0131klayarak tekrar \u00e7al\u0131\u015ft\u0131rd\u0131\u011f\u0131n\u0131zda chrome \u00fczeriden ftp alan\u0131na eri\u015fiebilirsiniz.Not: FTP alan\u0131na kamp\u00fcs i\u00e7inden eri\u015febilirsiniz. Kamp\u00fcs d\u0131\u015f\u0131ndan eri\u015fim i\u00e7in\u00a0SSLVPN &#8211; Global Protect\u00a0uygulamas\u0131n\u0131 kullanman\u0131z [&hellip;]<\/p>\n","protected":false},"author":402,"featured_media":0,"parent":0,"menu_order":0,"comment_status":"closed","ping_status":"closed","template":"elementor_header_footer","meta":{"footnotes":""},"class_list":["post-7417","page","type-page","status-publish","hentry"],"_links":{"self":[{"href":"https:\/\/atauni.edu.tr\/atabaum\/wp-json\/wp\/v2\/pages\/7417","targetHints":{"allow":["GET"]}}],"collection":[{"href":"https:\/\/atauni.edu.tr\/atabaum\/wp-json\/wp\/v2\/pages"}],"about":[{"href":"https:\/\/atauni.edu.tr\/atabaum\/wp-json\/wp\/v2\/types\/page"}],"author":[{"embeddable":true,"href":"https:\/\/atauni.edu.tr\/atabaum\/wp-json\/wp\/v2\/users\/402"}],"replies":[{"embeddable":true,"href":"https:\/\/atauni.edu.tr\/atabaum\/wp-json\/wp\/v2\/comments?post=7417"}],"version-history":[{"count":37,"href":"https:\/\/atauni.edu.tr\/atabaum\/wp-json\/wp\/v2\/pages\/7417\/revisions"}],"predecessor-version":[{"id":7462,"href":"https:\/\/atauni.edu.tr\/atabaum\/wp-json\/wp\/v2\/pages\/7417\/revisions\/7462"}],"wp:attachment":[{"href":"https:\/\/atauni.edu.tr\/atabaum\/wp-json\/wp\/v2\/media?parent=7417"}],"curies":[{"name":"wp","href":"https:\/\/api.w.org\/{rel}","templated":true}]}}