{"id":5662,"date":"2021-07-13T10:01:45","date_gmt":"2021-07-13T07:01:45","guid":{"rendered":"https:\/\/portaltest.atauni.edu.tr\/bilgisayar-muhendisligi\/?page_id=5662"},"modified":"2023-11-29T16:58:21","modified_gmt":"2023-11-29T13:58:21","slug":"yonetim","status":"publish","type":"page","link":"https:\/\/atauni.edu.tr\/atahem\/yonetim\/","title":{"rendered":"Y\u00f6netim"},"content":{"rendered":"\t\t<div data-elementor-type=\"wp-page\" data-elementor-id=\"5662\" class=\"elementor elementor-5662\" data-elementor-post-type=\"page\">\n\t\t\t\t\t\t<section class=\"elementor-section elementor-top-section elementor-element elementor-element-c6d2e76 elementor-hidden-tablet elementor-hidden-phone elementor-section-boxed elementor-section-height-default elementor-section-height-default\" data-id=\"c6d2e76\" data-element_type=\"section\" data-settings=\"{&quot;background_background&quot;:&quot;classic&quot;}\">\n\t\t\t\t\t\t<div class=\"elementor-container elementor-column-gap-default\">\n\t\t\t\t\t<div class=\"elementor-column elementor-col-50 elementor-top-column elementor-element elementor-element-7d3d76b\" data-id=\"7d3d76b\" data-element_type=\"column\">\n\t\t\t<div class=\"elementor-widget-wrap elementor-element-populated\">\n\t\t\t\t\t\t<div class=\"elementor-element elementor-element-f09ef09 elementor-widget elementor-widget-ova_logo\" data-id=\"f09ef09\" data-element_type=\"widget\" data-widget_type=\"ova_logo.default\">\n\t\t\t\t<div class=\"elementor-widget-container\">\n\t\t\t\t\t\n\t\t<a class=\"ova_logo version_1\" href=\"https:\/\/atauni.edu.tr\/atahem\/\" >\n\t\t\t<img decoding=\"async\" src=\"https:\/\/birimler.atauni.edu.tr\/birim\/wp-content\/uploads\/sites\/30\/2022\/02\/Untitled-6.png\" alt=\"Y\u00fcksek Ba\u015far\u0131ml\u0131 Hesaplama Uygulama ve Ara\u015ft\u0131rma Merkezi \" class=\"desk-logo d-none d-lg-block d-xl-block\" style=\"width:320px ; height:auto\" \/>\n\t\t\t<img decoding=\"async\" src=\"https:\/\/birimler.atauni.edu.tr\/birim\/wp-content\/uploads\/sites\/30\/2022\/02\/Untitled-6.png\" alt=\"Y\u00fcksek Ba\u015far\u0131ml\u0131 Hesaplama Uygulama ve Ara\u015ft\u0131rma Merkezi \" class=\"mobile-logo d-block d-lg-none d-xl-none\" style=\"width:320px ; height:auto\" \/>\n\n\t\t\t<img decoding=\"async\" src=\"https:\/\/birimler.atauni.edu.tr\/birim\/wp-content\/uploads\/sites\/30\/2022\/02\/Untitled-6.png\" alt=\"Y\u00fcksek Ba\u015far\u0131ml\u0131 Hesaplama Uygulama ve Ara\u015ft\u0131rma Merkezi \" class=\"logo-fixed\" style=\"width:320px ; height:auto\" \/>\n\t\t<\/a>\n\n\t\t\t\t\t\t<\/div>\n\t\t\t\t<\/div>\n\t\t\t\t<div class=\"elementor-element elementor-element-e0827cd sitename elementor-widget elementor-widget-shortcode\" data-id=\"e0827cd\" data-element_type=\"widget\" data-widget_type=\"shortcode.default\">\n\t\t\t\t<div class=\"elementor-widget-container\">\n\t\t\t\t\t\t\t<div class=\"elementor-shortcode\">Y\u00fcksek Ba\u015far\u0131ml\u0131 Hesaplama Uygulama ve Ara\u015ft\u0131rma Merkezi <\/div>\n\t\t\t\t\t\t<\/div>\n\t\t\t\t<\/div>\n\t\t\t\t\t<\/div>\n\t\t<\/div>\n\t\t\t\t<div class=\"elementor-column elementor-col-50 elementor-top-column elementor-element elementor-element-e37bd5e\" data-id=\"e37bd5e\" data-element_type=\"column\">\n\t\t\t<div class=\"elementor-widget-wrap elementor-element-populated\">\n\t\t\t\t\t\t<div class=\"elementor-element elementor-element-f177c1e elementor-widget__width-auto elementor-widget elementor-widget-ova_search_all\" data-id=\"f177c1e\" data-element_type=\"widget\" data-widget_type=\"ova_search_all.default\">\n\t\t\t\t<div class=\"elementor-widget-container\">\n\t\t\t\t\t\t\t\t<div class=\"ova_wrap_search_all type3\">\n\n\t\t\t\t<form role=\"search\" method=\"get\" class=\"search-form\" action=\"https:\/\/atauni.edu.tr\/atahem\/\">\n\n\t\t\t\t\t<input type=\"text\" class=\"search-field\" placeholder=\"Search Here...\" value=\"\" aria-label=\"Search Here...\" name=\"s\" \/>\n\n\t\t\t\t    <button class=\"search-submit\" type=\"submit\" title=\"Search\"><i class=\"icon_search\"><\/i><\/button>\n\t\t   \t\t\t \t\n\t\t\t\t<\/form>\t\t\t\t\t\t\t\t\t\n\t\t\t<\/div>\n\t\t\t\t\t\t<\/div>\n\t\t\t\t<\/div>\n\t\t\t\t\t<\/div>\n\t\t<\/div>\n\t\t\t\t\t<\/div>\n\t\t<\/section>\n\t\t\t\t<section class=\"elementor-section elementor-top-section elementor-element elementor-element-9cfbd68 elementor-hidden-tablet elementor-hidden-phone ovamenu_shrink elementor-section-boxed elementor-section-height-default elementor-section-height-default\" data-id=\"9cfbd68\" data-element_type=\"section\">\n\t\t\t\t\t\t<div class=\"elementor-container elementor-column-gap-default\">\n\t\t\t\t\t<div class=\"elementor-column elementor-col-100 elementor-top-column elementor-element elementor-element-a34fabd width_menu_1200\" data-id=\"a34fabd\" data-element_type=\"column\">\n\t\t\t<div class=\"elementor-widget-wrap elementor-element-populated\">\n\t\t\t\t\t\t<div class=\"elementor-element elementor-element-e42a5db elementor-widget__width-auto elementor-widget elementor-widget-ova_menu\" data-id=\"e42a5db\" data-element_type=\"widget\" data-widget_type=\"ova_menu.default\">\n\t\t\t\t<div class=\"elementor-widget-container\">\n\t\t\t\t\t\n\t\t<div class=\"ova_menu_clasic\">\n\t\t\t<div class=\"ova_wrap_nav  NavBtn_left NavBtn_left_m\">\n\n\t\t\t\t\t<button class=\"ova_openNav\" aria-label=\"Menu Mobile\">\n\t\t\t\t\t\t<i class=\"fas fa-bars\"><\/i>\n\t\t\t\t\t<\/button>\n\n\t\t\t\t\t<div class=\"ova_nav canvas_left canvas_bg_gray\">\n\t\t\t\t\t\t<a href=\"javascript:void(0)\" class=\"ova_closeNav\"><i class=\"fas fa-times\"><\/i><\/a>\n\t\t\t\t\t\t<ul id=\"menu-primary-menu\" class=\"menu sub_menu_dir_right\"><li id=\"menu-item-5541\" class=\"menu-item menu-item-type-custom menu-item-object-custom menu-item-has-children menu-item-5541 dropdown\" menu-level=\"1\"><a href=\"#\">Hakk\u0131m\u0131zda<i class=\"arrow_carrot-down\"><\/i><\/a><button type=\"button\" aria-label=\"Menu\" class=\"dropdown-toggle\"><i class=\"arrow_carrot-down\"><\/i><\/button>\n<ul class=\" dropdown-menu\">\n\t<li id=\"menu-item-6227\" class=\"menu-item menu-item-type-post_type menu-item-object-page menu-item-6227\" menu-level=\"2\"><a href=\"https:\/\/atauni.edu.tr\/atahem\/tarihce\/\">Tarih\u00e7e<\/a><\/li>\n\t<li id=\"menu-item-6225\" class=\"menu-item menu-item-type-post_type menu-item-object-page menu-item-6225\" menu-level=\"2\"><a href=\"https:\/\/atauni.edu.tr\/atahem\/misyon-vizyon-ve-temel-degerler\/\">Misyon, Vizyon ve Temel De\u011ferler<\/a><\/li>\n\t<li id=\"menu-item-6226\" class=\"menu-item menu-item-type-post_type menu-item-object-page menu-item-6226\" menu-level=\"2\"><a href=\"https:\/\/atauni.edu.tr\/atahem\/yonetim\/\">Y\u00f6netim<\/a><\/li>\n<\/ul>\n<\/li>\n<li id=\"menu-item-6794\" class=\"menu-item menu-item-type-post_type menu-item-object-page menu-item-6794\" menu-level=\"1\"><a href=\"https:\/\/atauni.edu.tr\/atahem\/neden-atahem\/\">Neden ATAHEM?<\/a><\/li>\n<li id=\"menu-item-6767\" class=\"menu-item menu-item-type-post_type menu-item-object-page menu-item-6767\" menu-level=\"1\"><a href=\"https:\/\/atauni.edu.tr\/atahem\/arastirmaya-katki\/\">Ara\u015ft\u0131rmaya Katk\u0131<\/a><\/li>\n<li id=\"menu-item-6766\" class=\"menu-item menu-item-type-post_type menu-item-object-page menu-item-6766\" menu-level=\"1\"><a href=\"https:\/\/atauni.edu.tr\/atahem\/egitime-katki\/\">E\u011fitime Katk\u0131<\/a><\/li>\n<li id=\"menu-item-6771\" class=\"menu-item menu-item-type-post_type menu-item-object-page menu-item-6771\" menu-level=\"1\"><a href=\"https:\/\/atauni.edu.tr\/atahem\/topluma-katki\/\">Topluma Katk\u0131<\/a><\/li>\n<li id=\"menu-item-5702\" class=\"menu-item menu-item-type-post_type menu-item-object-page menu-item-5702\" menu-level=\"1\"><a href=\"https:\/\/atauni.edu.tr\/atahem\/personel\/\">Personel<\/a><\/li>\n<li id=\"menu-item-6692\" class=\"menu-item menu-item-type-post_type menu-item-object-page menu-item-6692\" menu-level=\"1\"><a href=\"https:\/\/atauni.edu.tr\/atahem\/proforma-fatura-talebi\/\">Proforma Fatura Talebi<\/a><\/li>\n<li id=\"menu-item-5721\" class=\"menu-item menu-item-type-post_type menu-item-object-page menu-item-5721\" menu-level=\"1\"><a href=\"https:\/\/atauni.edu.tr\/atahem\/iletisim\/\">\u0130leti\u015fim<\/a><\/li>\n<\/ul>\t\t\t            <div class=\"shortcode\"><\/div>\n\t\t\t\t\t<\/div>\n\n\t\t\t\t<div class=\"ova_closeCanvas ova_closeNav\"><\/div>\n\t\t\t<\/div>\n\t\t<\/div>\n\t\t\n\n\t\t\t\t\t<\/div>\n\t\t\t\t<\/div>\n\t\t\t\t\t<\/div>\n\t\t<\/div>\n\t\t\t\t\t<\/div>\n\t\t<\/section>\n\t\t\t\t<section class=\"elementor-section elementor-top-section elementor-element elementor-element-22b96024 elementor-section-boxed elementor-section-height-default elementor-section-height-default\" data-id=\"22b96024\" data-element_type=\"section\">\n\t\t\t\t\t\t<div class=\"elementor-container elementor-column-gap-default\">\n\t\t\t\t\t<div class=\"elementor-column elementor-col-100 elementor-top-column elementor-element elementor-element-5a1f7769\" data-id=\"5a1f7769\" data-element_type=\"column\">\n\t\t\t<div class=\"elementor-widget-wrap elementor-element-populated\">\n\t\t\t\t\t\t<div class=\"elementor-element elementor-element-3b3e2d4a elementor-widget elementor-widget-heading\" data-id=\"3b3e2d4a\" data-element_type=\"widget\" data-widget_type=\"heading.default\">\n\t\t\t\t<div class=\"elementor-widget-container\">\n\t\t\t\t\t<h2 class=\"elementor-heading-title elementor-size-default\">Y\u00f6netim<\/h2>\t\t\t\t<\/div>\n\t\t\t\t<\/div>\n\t\t\t\t<div class=\"elementor-element elementor-element-35223868 elementor-widget-divider--view-line elementor-widget elementor-widget-divider\" data-id=\"35223868\" data-element_type=\"widget\" data-widget_type=\"divider.default\">\n\t\t\t\t<div class=\"elementor-widget-container\">\n\t\t\t\t\t\t\t<div class=\"elementor-divider\">\n\t\t\t<span class=\"elementor-divider-separator\">\n\t\t\t\t\t\t<\/span>\n\t\t<\/div>\n\t\t\t\t\t\t<\/div>\n\t\t\t\t<\/div>\n\t\t\t\t\t<\/div>\n\t\t<\/div>\n\t\t\t\t\t<\/div>\n\t\t<\/section>\n\t\t\t\t<section class=\"elementor-section elementor-top-section elementor-element elementor-element-a826652 elementor-section-boxed elementor-section-height-default elementor-section-height-default\" data-id=\"a826652\" data-element_type=\"section\">\n\t\t\t\t\t\t<div class=\"elementor-container elementor-column-gap-default\">\n\t\t\t\t\t<div class=\"elementor-column elementor-col-100 elementor-top-column elementor-element elementor-element-0de3e12\" data-id=\"0de3e12\" data-element_type=\"column\">\n\t\t\t<div class=\"elementor-widget-wrap elementor-element-populated\">\n\t\t\t\t\t\t<div class=\"elementor-element elementor-element-38fc626 elementor-widget-divider--view-line_text elementor-widget-divider--element-align-center elementor-widget elementor-widget-divider\" data-id=\"38fc626\" data-element_type=\"widget\" data-widget_type=\"divider.default\">\n\t\t\t\t<div class=\"elementor-widget-container\">\n\t\t\t\t\t\t\t<div class=\"elementor-divider\">\n\t\t\t<span class=\"elementor-divider-separator\">\n\t\t\t\t\t\t\t<span class=\"elementor-divider__text elementor-divider__element\">\n\t\t\t\tM\u00fcd\u00fcr\t\t\t\t<\/span>\n\t\t\t\t\t\t<\/span>\n\t\t<\/div>\n\t\t\t\t\t\t<\/div>\n\t\t\t\t<\/div>\n\t\t\t\t<section class=\"elementor-section elementor-inner-section elementor-element elementor-element-f801444 elementor-section-boxed elementor-section-height-default elementor-section-height-default\" data-id=\"f801444\" data-element_type=\"section\">\n\t\t\t\t\t\t<div class=\"elementor-container elementor-column-gap-default\">\n\t\t\t\t\t<div class=\"elementor-column elementor-col-50 elementor-inner-column elementor-element elementor-element-2bbc13e\" data-id=\"2bbc13e\" data-element_type=\"column\">\n\t\t\t<div class=\"elementor-widget-wrap\">\n\t\t\t\t\t\t\t<\/div>\n\t\t<\/div>\n\t\t\t\t<div class=\"elementor-column elementor-col-50 elementor-inner-column elementor-element elementor-element-1936879\" data-id=\"1936879\" data-element_type=\"column\">\n\t\t\t<div class=\"elementor-widget-wrap elementor-element-populated\">\n\t\t\t\t\t\t<div class=\"elementor-element elementor-element-0c033eb elementor-widget elementor-widget-text-editor\" data-id=\"0c033eb\" data-element_type=\"widget\" data-widget_type=\"text-editor.default\">\n\t\t\t\t<div class=\"elementor-widget-container\">\n\t\t\t\t\t\t\t\t\t<h6>Prof. Dr. \u0130brahim Y\u00fccel \u00d6ZBEK<\/h6><h6>Elektrik Elektronik M\u00fchendisli\u011fi B\u00f6l\u00fcm\u00fc Haberle\u015fme Anabilim Dal\u0131<\/h6><h6>E-Posta iozbek@atauni.edu.tr<\/h6><h6>Profil https:\/\/avesis.atauni.edu.tr\/iozbek<\/h6><h6>Telefon +90 442 231 4909<\/h6>\t\t\t\t\t\t\t\t<\/div>\n\t\t\t\t<\/div>\n\t\t\t\t\t<\/div>\n\t\t<\/div>\n\t\t\t\t\t<\/div>\n\t\t<\/section>\n\t\t\t\t\t<\/div>\n\t\t<\/div>\n\t\t\t\t\t<\/div>\n\t\t<\/section>\n\t\t\t\t<section class=\"elementor-section elementor-top-section elementor-element elementor-element-42cb491 elementor-section-boxed elementor-section-height-default elementor-section-height-default\" data-id=\"42cb491\" data-element_type=\"section\">\n\t\t\t\t\t\t<div class=\"elementor-container elementor-column-gap-default\">\n\t\t\t\t\t<div class=\"elementor-column elementor-col-100 elementor-top-column elementor-element elementor-element-457d50c\" data-id=\"457d50c\" data-element_type=\"column\">\n\t\t\t<div class=\"elementor-widget-wrap elementor-element-populated\">\n\t\t\t\t\t\t<div class=\"elementor-element elementor-element-e14c29c elementor-widget-divider--view-line_text elementor-widget-divider--element-align-center elementor-widget elementor-widget-divider\" data-id=\"e14c29c\" data-element_type=\"widget\" data-widget_type=\"divider.default\">\n\t\t\t\t<div class=\"elementor-widget-container\">\n\t\t\t\t\t\t\t<div class=\"elementor-divider\">\n\t\t\t<span class=\"elementor-divider-separator\">\n\t\t\t\t\t\t\t<span class=\"elementor-divider__text elementor-divider__element\">\n\t\t\t\tM\u00fcd\u00fcr Yard\u0131mc\u0131s\u0131\t\t\t\t<\/span>\n\t\t\t\t\t\t<\/span>\n\t\t<\/div>\n\t\t\t\t\t\t<\/div>\n\t\t\t\t<\/div>\n\t\t\t\t\t<\/div>\n\t\t<\/div>\n\t\t\t\t\t<\/div>\n\t\t<\/section>\n\t\t\t\t<section class=\"elementor-section elementor-top-section elementor-element elementor-element-fd878c5 elementor-section-boxed elementor-section-height-default elementor-section-height-default\" data-id=\"fd878c5\" data-element_type=\"section\">\n\t\t\t\t\t\t<div class=\"elementor-container elementor-column-gap-default\">\n\t\t\t\t\t<div class=\"elementor-column elementor-col-100 elementor-top-column elementor-element elementor-element-b14df22\" data-id=\"b14df22\" data-element_type=\"column\">\n\t\t\t<div class=\"elementor-widget-wrap elementor-element-populated\">\n\t\t\t\t\t\t<section class=\"elementor-section elementor-inner-section elementor-element elementor-element-72b9371 elementor-section-boxed elementor-section-height-default elementor-section-height-default\" data-id=\"72b9371\" data-element_type=\"section\">\n\t\t\t\t\t\t<div class=\"elementor-container elementor-column-gap-default\">\n\t\t\t\t\t<div class=\"elementor-column elementor-col-50 elementor-inner-column elementor-element elementor-element-152f665\" data-id=\"152f665\" data-element_type=\"column\">\n\t\t\t<div class=\"elementor-widget-wrap\">\n\t\t\t\t\t\t\t<\/div>\n\t\t<\/div>\n\t\t\t\t<div class=\"elementor-column elementor-col-50 elementor-inner-column elementor-element elementor-element-4c86ac1\" data-id=\"4c86ac1\" data-element_type=\"column\">\n\t\t\t<div class=\"elementor-widget-wrap elementor-element-populated\">\n\t\t\t\t\t\t<div class=\"elementor-element elementor-element-119a1ec elementor-widget elementor-widget-text-editor\" data-id=\"119a1ec\" data-element_type=\"widget\" data-widget_type=\"text-editor.default\">\n\t\t\t\t<div class=\"elementor-widget-container\">\n\t\t\t\t\t\t\t\t\t<h6>Do\u00e7. Dr. Emin Argun ORAL<\/h6><h6>Elektrik Elektronik M\u00fchendisli\u011fi B\u00f6l\u00fcm\u00fc Haberle\u015fme Anabilim Dal\u0131<\/h6><h6>E-Posta eminoral@atauni.edu.tr<\/h6><h6>Profil https:\/\/avesis.atauni.edu.tr\/eminoral<\/h6>\t\t\t\t\t\t\t\t<\/div>\n\t\t\t\t<\/div>\n\t\t\t\t\t<\/div>\n\t\t<\/div>\n\t\t\t\t\t<\/div>\n\t\t<\/section>\n\t\t\t\t\t<\/div>\n\t\t<\/div>\n\t\t\t\t\t<\/div>\n\t\t<\/section>\n\t\t\t\t<section class=\"elementor-section elementor-top-section elementor-element elementor-element-fce2412 elementor-section-boxed elementor-section-height-default elementor-section-height-default\" data-id=\"fce2412\" data-element_type=\"section\">\n\t\t\t\t\t\t<div class=\"elementor-container elementor-column-gap-default\">\n\t\t\t\t\t<div class=\"elementor-column elementor-col-100 elementor-top-column elementor-element elementor-element-55d2ee4\" data-id=\"55d2ee4\" data-element_type=\"column\">\n\t\t\t<div class=\"elementor-widget-wrap\">\n\t\t\t\t\t\t\t<\/div>\n\t\t<\/div>\n\t\t\t\t\t<\/div>\n\t\t<\/section>\n\t\t\t\t<\/div>\n\t\t","protected":false},"excerpt":{"rendered":"<p>Hakk\u0131m\u0131zda Tarih\u00e7e Misyon, Vizyon ve Temel De\u011ferler Y\u00f6netim E\u011fitim Ara\u015ft\u0131rma Topluma Katk\u0131 Personel \u0130leti\u015fim Y\u00f6netim M\u00fcd\u00fcr Prof. Dr. \u0130brahim Y\u00fccel \u00d6ZBEK Elektrik Elektronik M\u00fchendisli\u011fi B\u00f6l\u00fcm\u00fc Haberle\u015fme Anabilim Dal\u0131 E-Posta iozbek@atauni.edu.tr Profil https:\/\/avesis.atauni.edu.tr\/iozbek Telefon +90 442 231 4909 M\u00fcd\u00fcr Yard\u0131mc\u0131s\u0131 Do\u00e7. Dr. Emin Argun ORAL Elektrik Elektronik M\u00fchendisli\u011fi B\u00f6l\u00fcm\u00fc Haberle\u015fme Anabilim Dal\u0131 E-Posta eminoral@atauni.edu.tr Profil https:\/\/avesis.atauni.edu.tr\/eminoral<\/p>\n","protected":false},"author":1,"featured_media":6191,"parent":0,"menu_order":0,"comment_status":"closed","ping_status":"closed","template":"elementor_canvas","meta":{"footnotes":""},"class_list":["post-5662","page","type-page","status-publish","has-post-thumbnail","hentry"],"_links":{"self":[{"href":"https:\/\/atauni.edu.tr\/atahem\/wp-json\/wp\/v2\/pages\/5662","targetHints":{"allow":["GET"]}}],"collection":[{"href":"https:\/\/atauni.edu.tr\/atahem\/wp-json\/wp\/v2\/pages"}],"about":[{"href":"https:\/\/atauni.edu.tr\/atahem\/wp-json\/wp\/v2\/types\/page"}],"author":[{"embeddable":true,"href":"https:\/\/atauni.edu.tr\/atahem\/wp-json\/wp\/v2\/users\/1"}],"replies":[{"embeddable":true,"href":"https:\/\/atauni.edu.tr\/atahem\/wp-json\/wp\/v2\/comments?post=5662"}],"version-history":[{"count":51,"href":"https:\/\/atauni.edu.tr\/atahem\/wp-json\/wp\/v2\/pages\/5662\/revisions"}],"predecessor-version":[{"id":6649,"href":"https:\/\/atauni.edu.tr\/atahem\/wp-json\/wp\/v2\/pages\/5662\/revisions\/6649"}],"wp:featuredmedia":[{"embeddable":true,"href":"https:\/\/atauni.edu.tr\/atahem\/wp-json\/wp\/v2\/media\/6191"}],"wp:attachment":[{"href":"https:\/\/atauni.edu.tr\/atahem\/wp-json\/wp\/v2\/media?parent=5662"}],"curies":[{"name":"wp","href":"https:\/\/api.w.org\/{rel}","templated":true}]}}