{"id":6660,"date":"2021-09-06T23:03:47","date_gmt":"2021-09-06T20:03:47","guid":{"rendered":"https:\/\/birimler.atauni.edu.tr\/ataile\/?page_id=6660"},"modified":"2025-11-26T15:29:12","modified_gmt":"2025-11-26T12:29:12","slug":"eylul-2021","status":"publish","type":"page","link":"https:\/\/atauni.edu.tr\/ataile\/eylul-2021\/","title":{"rendered":"EXAM DATES"},"content":{"rendered":"\t\t<div data-elementor-type=\"wp-page\" data-elementor-id=\"6660\" class=\"elementor elementor-6660\" data-elementor-post-type=\"page\">\n\t\t\t\t\t\t<section class=\"elementor-section elementor-top-section elementor-element elementor-element-b2a07f0 elementor-section-boxed elementor-section-height-default elementor-section-height-default\" data-id=\"b2a07f0\" data-element_type=\"section\">\n\t\t\t\t\t\t<div class=\"elementor-container elementor-column-gap-default\">\n\t\t\t\t\t<div class=\"elementor-column elementor-col-100 elementor-top-column elementor-element elementor-element-caf7196\" data-id=\"caf7196\" data-element_type=\"column\">\n\t\t\t<div class=\"elementor-widget-wrap elementor-element-populated\">\n\t\t\t\t\t\t<div class=\"elementor-element elementor-element-3d24add elementor-widget elementor-widget-heading\" data-id=\"3d24add\" data-element_type=\"widget\" data-widget_type=\"heading.default\">\n\t\t\t\t<div class=\"elementor-widget-container\">\n\t\t\t\t\t<h2 class=\"elementor-heading-title elementor-size-default\">SINAV TAR\u0130HLER\u0130 \u0130\u00c7\u0130N ANA SAYFAYI A\u015eA\u011eIYA DO\u011eRU \u0130LERLET\u0130N<\/h2>\t\t\t\t<\/div>\n\t\t\t\t<\/div>\n\t\t\t\t\t<\/div>\n\t\t<\/div>\n\t\t\t\t\t<\/div>\n\t\t<\/section>\n\t\t\t\t<\/div>\n\t\t","protected":false},"excerpt":{"rendered":"<p>SINAV TAR\u0130HLER\u0130 \u0130\u00c7\u0130N ANA SAYFAYI A\u015eA\u011eIYA DO\u011eRU \u0130LERLET\u0130N<\/p>\n","protected":false},"author":9,"featured_media":9392,"parent":0,"menu_order":0,"comment_status":"closed","ping_status":"closed","template":"","meta":{"footnotes":""},"class_list":["post-6660","page","type-page","status-publish","has-post-thumbnail","hentry"],"_links":{"self":[{"href":"https:\/\/atauni.edu.tr\/ataile\/wp-json\/wp\/v2\/pages\/6660","targetHints":{"allow":["GET"]}}],"collection":[{"href":"https:\/\/atauni.edu.tr\/ataile\/wp-json\/wp\/v2\/pages"}],"about":[{"href":"https:\/\/atauni.edu.tr\/ataile\/wp-json\/wp\/v2\/types\/page"}],"author":[{"embeddable":true,"href":"https:\/\/atauni.edu.tr\/ataile\/wp-json\/wp\/v2\/users\/9"}],"replies":[{"embeddable":true,"href":"https:\/\/atauni.edu.tr\/ataile\/wp-json\/wp\/v2\/comments?post=6660"}],"version-history":[{"count":103,"href":"https:\/\/atauni.edu.tr\/ataile\/wp-json\/wp\/v2\/pages\/6660\/revisions"}],"predecessor-version":[{"id":11432,"href":"https:\/\/atauni.edu.tr\/ataile\/wp-json\/wp\/v2\/pages\/6660\/revisions\/11432"}],"wp:featuredmedia":[{"embeddable":true,"href":"https:\/\/atauni.edu.tr\/ataile\/wp-json\/wp\/v2\/media\/9392"}],"wp:attachment":[{"href":"https:\/\/atauni.edu.tr\/ataile\/wp-json\/wp\/v2\/media?parent=6660"}],"curies":[{"name":"wp","href":"https:\/\/api.w.org\/{rel}","templated":true}]}}