{"id":7680,"date":"2021-10-09T22:37:36","date_gmt":"2021-10-09T19:37:36","guid":{"rendered":"https:\/\/birimler.atauni.edu.tr\/ataile\/?page_id=7680"},"modified":"2023-02-07T10:50:35","modified_gmt":"2023-02-07T07:50:35","slug":"konaklama","status":"publish","type":"page","link":"https:\/\/atauni.edu.tr\/ataile\/konaklama\/","title":{"rendered":"Konaklama"},"content":{"rendered":"\t\t<div data-elementor-type=\"wp-page\" data-elementor-id=\"7680\" class=\"elementor elementor-7680\" data-elementor-post-type=\"page\">\n\t\t\t\t\t\t<section class=\"elementor-section elementor-top-section elementor-element elementor-element-7772451 elementor-section-boxed elementor-section-height-default elementor-section-height-default\" data-id=\"7772451\" data-element_type=\"section\">\n\t\t\t\t\t\t<div class=\"elementor-container elementor-column-gap-default\">\n\t\t\t\t\t<div class=\"elementor-column elementor-col-100 elementor-top-column elementor-element elementor-element-73704e9\" data-id=\"73704e9\" data-element_type=\"column\">\n\t\t\t<div class=\"elementor-widget-wrap elementor-element-populated\">\n\t\t\t\t\t\t<div class=\"elementor-element elementor-element-b132016 elementor-widget elementor-widget-heading\" data-id=\"b132016\" data-element_type=\"widget\" data-widget_type=\"heading.default\">\n\t\t\t\t<div class=\"elementor-widget-container\">\n\t\t\t\t\t<h2 class=\"elementor-heading-title elementor-size-medium\">S\u0131nava girecek adaylar \u00fcniversitemiz Konuk Evlerinden yararlanabilirler.<\/h2>\t\t\t\t<\/div>\n\t\t\t\t<\/div>\n\t\t\t\t\t<\/div>\n\t\t<\/div>\n\t\t\t\t\t<\/div>\n\t\t<\/section>\n\t\t\t\t<section class=\"elementor-section elementor-top-section elementor-element elementor-element-0b9f63f elementor-section-boxed elementor-section-height-default elementor-section-height-default\" data-id=\"0b9f63f\" data-element_type=\"section\">\n\t\t\t\t\t\t<div class=\"elementor-container elementor-column-gap-default\">\n\t\t\t\t\t<div class=\"elementor-column elementor-col-100 elementor-top-column elementor-element elementor-element-f029890\" data-id=\"f029890\" data-element_type=\"column\">\n\t\t\t<div class=\"elementor-widget-wrap elementor-element-populated\">\n\t\t\t\t\t\t<div class=\"elementor-element elementor-element-224683b elementor-widget elementor-widget-image\" data-id=\"224683b\" data-element_type=\"widget\" data-widget_type=\"image.default\">\n\t\t\t\t<div class=\"elementor-widget-container\">\n\t\t\t\t\t\t\t\t\t\t\t\t\t\t\t\t<a href=\"https:\/\/birimler.atauni.edu.tr\/sosyal-tesisler\/\">\n\t\t\t\t\t\t\t<img decoding=\"async\" width=\"150\" height=\"150\" src=\"https:\/\/atauni.edu.tr\/ataile\/wp-content\/uploads\/sites\/25\/2021\/10\/ataturk-universitesi-konukevi-3_6cd7d1b0-150x150.jpg\" class=\"attachment-thumbnail size-thumbnail wp-image-7683\" alt=\"\" \/>\t\t\t\t\t\t\t\t<\/a>\n\t\t\t\t\t\t\t\t\t\t\t\t\t\t\t<\/div>\n\t\t\t\t<\/div>\n\t\t\t\t\t<\/div>\n\t\t<\/div>\n\t\t\t\t\t<\/div>\n\t\t<\/section>\n\t\t\t\t<section class=\"elementor-section elementor-top-section elementor-element elementor-element-93f024d elementor-section-boxed elementor-section-height-default elementor-section-height-default\" data-id=\"93f024d\" data-element_type=\"section\">\n\t\t\t\t\t\t<div class=\"elementor-container elementor-column-gap-default\">\n\t\t\t\t\t<div class=\"elementor-column elementor-col-50 elementor-top-column elementor-element elementor-element-b474e9c\" data-id=\"b474e9c\" data-element_type=\"column\">\n\t\t\t<div class=\"elementor-widget-wrap elementor-element-populated\">\n\t\t\t\t\t\t<div class=\"elementor-element elementor-element-c36492f elementor-widget elementor-widget-image\" data-id=\"c36492f\" data-element_type=\"widget\" data-widget_type=\"image.default\">\n\t\t\t\t<div class=\"elementor-widget-container\">\n\t\t\t\t\t\t\t\t\t\t\t\t\t\t\t<img decoding=\"async\" src=\"https:\/\/atauni.edu.tr\/ataile\/wp-content\/uploads\/sites\/25\/elementor\/thumbs\/Iletisim-Nedir-Ne-Demek-ve-Cesitleri-pebquhzjmv6daihwqicba1dqp7py06pxlykx0ir5ls.jpg\" title=\"\u0130leti\u015fim-Nedir-Ne-Demek-ve-\u00c7e\u015fitleri\" alt=\"\u0130leti\u015fim-Nedir-Ne-Demek-ve-\u00c7e\u015fitleri\" loading=\"lazy\" \/>\t\t\t\t\t\t\t\t\t\t\t\t\t\t\t<\/div>\n\t\t\t\t<\/div>\n\t\t\t\t\t<\/div>\n\t\t<\/div>\n\t\t\t\t<div class=\"elementor-column elementor-col-50 elementor-top-column elementor-element elementor-element-3098062\" data-id=\"3098062\" data-element_type=\"column\">\n\t\t\t<div class=\"elementor-widget-wrap elementor-element-populated\">\n\t\t\t\t\t\t<div class=\"elementor-element elementor-element-0df2ef1 elementor-widget elementor-widget-text-editor\" data-id=\"0df2ef1\" data-element_type=\"widget\" data-widget_type=\"text-editor.default\">\n\t\t\t\t<div class=\"elementor-widget-container\">\n\t\t\t\t\t\t\t\t\t<p><em><strong>+90 442 231 12 00<\/strong><\/em><\/p>\n<p><em style=\"color: var( --e-global-color-text );letter-spacing: 0px\"><strong>sosyaltesisler@atauni.edu.tr<\/strong><\/em><br><\/p>\t\t\t\t\t\t\t\t<\/div>\n\t\t\t\t<\/div>\n\t\t\t\t\t<\/div>\n\t\t<\/div>\n\t\t\t\t\t<\/div>\n\t\t<\/section>\n\t\t\t\t<\/div>\n\t\t","protected":false},"excerpt":{"rendered":"<p>S\u0131nava girecek adaylar \u00fcniversitemiz Konuk Evlerinden yararlanabilirler. +90 442 231 12 00 sosyaltesisler@atauni.edu.tr<\/p>\n","protected":false},"author":9,"featured_media":0,"parent":0,"menu_order":0,"comment_status":"closed","ping_status":"closed","template":"","meta":{"footnotes":""},"class_list":["post-7680","page","type-page","status-publish","hentry"],"_links":{"self":[{"href":"https:\/\/atauni.edu.tr\/ataile\/wp-json\/wp\/v2\/pages\/7680","targetHints":{"allow":["GET"]}}],"collection":[{"href":"https:\/\/atauni.edu.tr\/ataile\/wp-json\/wp\/v2\/pages"}],"about":[{"href":"https:\/\/atauni.edu.tr\/ataile\/wp-json\/wp\/v2\/types\/page"}],"author":[{"embeddable":true,"href":"https:\/\/atauni.edu.tr\/ataile\/wp-json\/wp\/v2\/users\/9"}],"replies":[{"embeddable":true,"href":"https:\/\/atauni.edu.tr\/ataile\/wp-json\/wp\/v2\/comments?post=7680"}],"version-history":[{"count":29,"href":"https:\/\/atauni.edu.tr\/ataile\/wp-json\/wp\/v2\/pages\/7680\/revisions"}],"predecessor-version":[{"id":9435,"href":"https:\/\/atauni.edu.tr\/ataile\/wp-json\/wp\/v2\/pages\/7680\/revisions\/9435"}],"wp:attachment":[{"href":"https:\/\/atauni.edu.tr\/ataile\/wp-json\/wp\/v2\/media?parent=7680"}],"curies":[{"name":"wp","href":"https:\/\/api.w.org\/{rel}","templated":true}]}}