{"id":5638,"date":"2021-07-13T09:49:25","date_gmt":"2021-07-13T06:49:25","guid":{"rendered":"https:\/\/portaltest.atauni.edu.tr\/sosyal-bilimler-enstitusu\/?page_id=5638"},"modified":"2025-04-09T12:03:28","modified_gmt":"2025-04-09T09:03:28","slug":"tarihce","status":"publish","type":"page","link":"https:\/\/atauni.edu.tr\/ataturk-ilkeleri-ve-inkilap-tarihi-enstitusu\/tarihce\/","title":{"rendered":"Tarih\u00e7e"},"content":{"rendered":"\t\t<div data-elementor-type=\"wp-page\" data-elementor-id=\"5638\" class=\"elementor elementor-5638\" data-elementor-post-type=\"page\">\n\t\t\t\t\t\t<section class=\"elementor-section elementor-top-section elementor-element elementor-element-83722e4 elementor-section-boxed elementor-section-height-default elementor-section-height-default\" data-id=\"83722e4\" data-element_type=\"section\">\n\t\t\t\t\t\t<div class=\"elementor-container elementor-column-gap-default\">\n\t\t\t\t\t<div class=\"elementor-column elementor-col-100 elementor-top-column elementor-element elementor-element-c8defb2\" data-id=\"c8defb2\" data-element_type=\"column\">\n\t\t\t<div class=\"elementor-widget-wrap elementor-element-populated\">\n\t\t\t\t\t\t<div class=\"elementor-element elementor-element-be148f8 elementor-widget elementor-widget-spacer\" data-id=\"be148f8\" data-element_type=\"widget\" data-widget_type=\"spacer.default\">\n\t\t\t\t<div class=\"elementor-widget-container\">\n\t\t\t\t\t\t\t<div class=\"elementor-spacer\">\n\t\t\t<div class=\"elementor-spacer-inner\"><\/div>\n\t\t<\/div>\n\t\t\t\t\t\t<\/div>\n\t\t\t\t<\/div>\n\t\t\t\t\t<\/div>\n\t\t<\/div>\n\t\t\t\t\t<\/div>\n\t\t<\/section>\n\t\t\t\t<section class=\"elementor-section elementor-top-section elementor-element elementor-element-f252515 elementor-section-boxed elementor-section-height-default elementor-section-height-default\" data-id=\"f252515\" data-element_type=\"section\">\n\t\t\t\t\t\t<div class=\"elementor-container elementor-column-gap-default\">\n\t\t\t\t\t<div class=\"elementor-column elementor-col-100 elementor-top-column elementor-element elementor-element-b67366d\" data-id=\"b67366d\" data-element_type=\"column\">\n\t\t\t<div class=\"elementor-widget-wrap elementor-element-populated\">\n\t\t\t\t\t\t<div class=\"elementor-element elementor-element-d0bdd52 elementor-widget elementor-widget-heading\" data-id=\"d0bdd52\" data-element_type=\"widget\" data-widget_type=\"heading.default\">\n\t\t\t\t<div class=\"elementor-widget-container\">\n\t\t\t\t\t<h2 class=\"elementor-heading-title elementor-size-default\">Tarih\u00e7e<\/h2>\t\t\t\t<\/div>\n\t\t\t\t<\/div>\n\t\t\t\t<div class=\"elementor-element elementor-element-e1df410 elementor-widget-divider--view-line elementor-widget elementor-widget-divider\" data-id=\"e1df410\" data-element_type=\"widget\" data-widget_type=\"divider.default\">\n\t\t\t\t<div class=\"elementor-widget-container\">\n\t\t\t\t\t\t\t<div class=\"elementor-divider\">\n\t\t\t<span class=\"elementor-divider-separator\">\n\t\t\t\t\t\t<\/span>\n\t\t<\/div>\n\t\t\t\t\t\t<\/div>\n\t\t\t\t<\/div>\n\t\t\t\t\t<\/div>\n\t\t<\/div>\n\t\t\t\t\t<\/div>\n\t\t<\/section>\n\t\t\t\t<section class=\"elementor-section elementor-top-section elementor-element elementor-element-2eaace3 elementor-section-boxed elementor-section-height-default elementor-section-height-default\" data-id=\"2eaace3\" data-element_type=\"section\">\n\t\t\t\t\t\t<div class=\"elementor-container elementor-column-gap-default\">\n\t\t\t\t\t<div class=\"elementor-column elementor-col-100 elementor-top-column elementor-element elementor-element-ea8a924\" data-id=\"ea8a924\" data-element_type=\"column\">\n\t\t\t<div class=\"elementor-widget-wrap elementor-element-populated\">\n\t\t\t\t\t\t<div class=\"elementor-element elementor-element-a98026f elementor-widget elementor-widget-text-editor\" data-id=\"a98026f\" data-element_type=\"widget\" data-widget_type=\"text-editor.default\">\n\t\t\t\t<div class=\"elementor-widget-container\">\n\t\t\t\t\t\t\t\t\t<p>Enstit\u00fcm\u00fcz, 1977 y\u0131l\u0131nda, 1750 Say\u0131l\u0131 \u00dcniversiteler Kanunu\u2019nun 43\/4. Maddesi\u2019ne g\u00f6re, Atat\u00fcrk \u00dcniversitesi Rekt\u00f6rl\u00fc\u011f\u00fc\u2019ne ba\u011fl\u0131 \u201cAtat\u00fcrk Devrimleri Enstit\u00fcs\u00fc\u201d ad\u0131 ile kurulmu\u015ftur. Enstit\u00fcm\u00fcz 1977 y\u0131l\u0131ndan 1982 y\u0131l\u0131na kadar bu \u015fekilde faaliyetlerini s\u00fcrd\u00fcrm\u00fc\u015f ve k\u00fct\u00fcphane i\u00e7in baz\u0131 kaynak kitaplar da temin etmi\u015ftir. 1982 y\u0131l\u0131nda \u00e7\u0131kan 2547 Say\u0131l\u0131 \u00dcniversiteler Kanunu ve buna ba\u011fl\u0131 Te\u015fkil\u00e2t ve \u0130\u015fleyi\u015f Y\u00f6netmeli\u011fi ile Enstit\u00fc\u2019n\u00fcn ad\u0131 \u201cAtat\u00fcrk \u0130lkeleri ve \u0130nk\u0131l\u00e2p Tarihi Enstit\u00fcs\u00fc\u201d olarak de\u011fi\u015ftirilmi\u015ftir. Y\u00fcksek\u00f6\u011fretim Kurulu\u2019nun 23 Aral\u0131k 1983 tarih ve 82\/655 Say\u0131l\u0131 Karar\u0131 ile Enstit\u00fc, \u201cAtat\u00fcrk \u0130lkeleri\u201d ve \u201c\u0130nk\u0131l\u00e2p Tarihi\u201d olmak \u00fczere iki anabilim dal\u0131ndan olu\u015fan, y\u00fcksek lisans ve doktora \u00f6\u011fretimi yapt\u0131ran, Rekt\u00f6rl\u00fc\u011fe ba\u011fl\u0131 bir birim haline getirilmi\u015ftir. Yakla\u015f\u0131k alt\u0131 y\u0131l iki anabilim dal\u0131 ile \u00e7al\u0131\u015fmalar\u0131n\u0131 s\u00fcrd\u00fcrd\u00fckten sonra, Y\u00fcksek\u00f6\u011fretim Kurulu Ba\u015fkanl\u0131\u011f\u0131 Y\u00fcr\u00fctme Kurulu\u2019nun 12 Nisan 1988 tarihli toplant\u0131s\u0131nda al\u0131nan karar do\u011frultusunda Atat\u00fcrk \u0130lkeleri ve \u0130nk\u0131l\u00e2p Tarihi Enstit\u00fcleri b\u00fcnyesindeki iki anabilim dal\u0131n\u0131n birle\u015ftirilerek bir tek \u201cAtat\u00fcrk \u0130lkeleri ve \u0130nk\u0131l\u00e2p Tarihi\u201d Anabilim Dal\u0131\u2019n\u0131n yer almas\u0131 y\u00f6n\u00fcndeki 2547 Say\u0131l\u0131 Kanunun de\u011fi\u015fik 7\/d 2. maddesi uyar\u0131nca uygun g\u00f6r\u00fclm\u00fc\u015ft\u00fcr. Enstit\u00fcm\u00fcz daha sonra, Atat\u00fcrk \u00dcniversitesi Senatosu\u2019nun 19.09.1991 tarih ve 5\/22 say\u0131l\u0131 karar\u0131 gere\u011fince \u00dcniversitemizin Lisans \u00f6\u011frencilerine Atat\u00fcrk \u0130lkeleri ve \u0130nk\u0131l\u00e2p Tarihi Derslerini\u00a0 okutmak \u00fczere g\u00f6revlendirilmi\u015ftir.<\/p>\t\t\t\t\t\t\t\t<\/div>\n\t\t\t\t<\/div>\n\t\t\t\t\t<\/div>\n\t\t<\/div>\n\t\t\t\t\t<\/div>\n\t\t<\/section>\n\t\t\t\t<section class=\"elementor-section elementor-top-section elementor-element elementor-element-c11013b elementor-section-boxed elementor-section-height-default elementor-section-height-default\" data-id=\"c11013b\" data-element_type=\"section\">\n\t\t\t\t\t\t<div class=\"elementor-container elementor-column-gap-default\">\n\t\t\t\t\t<div class=\"elementor-column elementor-col-100 elementor-top-column elementor-element elementor-element-acab739\" data-id=\"acab739\" data-element_type=\"column\">\n\t\t\t<div class=\"elementor-widget-wrap elementor-element-populated\">\n\t\t\t\t\t\t<div class=\"elementor-element elementor-element-7375a9d elementor-widget elementor-widget-spacer\" data-id=\"7375a9d\" data-element_type=\"widget\" data-widget_type=\"spacer.default\">\n\t\t\t\t<div class=\"elementor-widget-container\">\n\t\t\t\t\t\t\t<div class=\"elementor-spacer\">\n\t\t\t<div class=\"elementor-spacer-inner\"><\/div>\n\t\t<\/div>\n\t\t\t\t\t\t<\/div>\n\t\t\t\t<\/div>\n\t\t\t\t\t<\/div>\n\t\t<\/div>\n\t\t\t\t\t<\/div>\n\t\t<\/section>\n\t\t\t\t<\/div>\n\t\t","protected":false},"excerpt":{"rendered":"<p>Tarih\u00e7e Enstit\u00fcm\u00fcz, 1977 y\u0131l\u0131nda, 1750 Say\u0131l\u0131 \u00dcniversiteler Kanunu\u2019nun 43\/4. Maddesi\u2019ne g\u00f6re, Atat\u00fcrk \u00dcniversitesi Rekt\u00f6rl\u00fc\u011f\u00fc\u2019ne ba\u011fl\u0131 \u201cAtat\u00fcrk Devrimleri Enstit\u00fcs\u00fc\u201d ad\u0131 ile kurulmu\u015ftur. Enstit\u00fcm\u00fcz 1977 y\u0131l\u0131ndan 1982 y\u0131l\u0131na kadar bu \u015fekilde faaliyetlerini s\u00fcrd\u00fcrm\u00fc\u015f ve k\u00fct\u00fcphane i\u00e7in baz\u0131 kaynak kitaplar da temin etmi\u015ftir. 1982 y\u0131l\u0131nda \u00e7\u0131kan 2547 Say\u0131l\u0131 \u00dcniversiteler Kanunu ve buna ba\u011fl\u0131 Te\u015fkil\u00e2t ve \u0130\u015fleyi\u015f Y\u00f6netmeli\u011fi ile [&hellip;]<\/p>\n","protected":false},"author":1,"featured_media":0,"parent":0,"menu_order":0,"comment_status":"closed","ping_status":"closed","template":"","meta":{"footnotes":""},"class_list":["post-5638","page","type-page","status-publish","hentry"],"_links":{"self":[{"href":"https:\/\/atauni.edu.tr\/ataturk-ilkeleri-ve-inkilap-tarihi-enstitusu\/wp-json\/wp\/v2\/pages\/5638","targetHints":{"allow":["GET"]}}],"collection":[{"href":"https:\/\/atauni.edu.tr\/ataturk-ilkeleri-ve-inkilap-tarihi-enstitusu\/wp-json\/wp\/v2\/pages"}],"about":[{"href":"https:\/\/atauni.edu.tr\/ataturk-ilkeleri-ve-inkilap-tarihi-enstitusu\/wp-json\/wp\/v2\/types\/page"}],"author":[{"embeddable":true,"href":"https:\/\/atauni.edu.tr\/ataturk-ilkeleri-ve-inkilap-tarihi-enstitusu\/wp-json\/wp\/v2\/users\/1"}],"replies":[{"embeddable":true,"href":"https:\/\/atauni.edu.tr\/ataturk-ilkeleri-ve-inkilap-tarihi-enstitusu\/wp-json\/wp\/v2\/comments?post=5638"}],"version-history":[{"count":55,"href":"https:\/\/atauni.edu.tr\/ataturk-ilkeleri-ve-inkilap-tarihi-enstitusu\/wp-json\/wp\/v2\/pages\/5638\/revisions"}],"predecessor-version":[{"id":8399,"href":"https:\/\/atauni.edu.tr\/ataturk-ilkeleri-ve-inkilap-tarihi-enstitusu\/wp-json\/wp\/v2\/pages\/5638\/revisions\/8399"}],"wp:attachment":[{"href":"https:\/\/atauni.edu.tr\/ataturk-ilkeleri-ve-inkilap-tarihi-enstitusu\/wp-json\/wp\/v2\/media?parent=5638"}],"curies":[{"name":"wp","href":"https:\/\/api.w.org\/{rel}","templated":true}]}}