{"id":5662,"date":"2021-07-13T10:01:45","date_gmt":"2021-07-13T07:01:45","guid":{"rendered":"https:\/\/portaltest.atauni.edu.tr\/sosyal-bilimler-enstitusu\/?page_id=5662"},"modified":"2025-02-18T10:51:11","modified_gmt":"2025-02-18T07:51:11","slug":"yonetim","status":"publish","type":"page","link":"https:\/\/atauni.edu.tr\/ataturk-ilkeleri-ve-inkilap-tarihi-enstitusu\/yonetim\/","title":{"rendered":"Y\u00f6netim"},"content":{"rendered":"\t\t<div data-elementor-type=\"wp-page\" data-elementor-id=\"5662\" class=\"elementor elementor-5662\" data-elementor-post-type=\"page\">\n\t\t\t\t\t\t<section class=\"elementor-section elementor-top-section elementor-element elementor-element-c7fe89b elementor-section-boxed elementor-section-height-default elementor-section-height-default\" data-id=\"c7fe89b\" data-element_type=\"section\">\n\t\t\t\t\t\t<div class=\"elementor-container elementor-column-gap-default\">\n\t\t\t\t\t<div class=\"elementor-column elementor-col-100 elementor-top-column elementor-element elementor-element-8bf1753\" data-id=\"8bf1753\" data-element_type=\"column\">\n\t\t\t<div class=\"elementor-widget-wrap elementor-element-populated\">\n\t\t\t\t\t\t<div class=\"elementor-element elementor-element-10423b5 elementor-widget elementor-widget-spacer\" data-id=\"10423b5\" data-element_type=\"widget\" data-widget_type=\"spacer.default\">\n\t\t\t\t<div class=\"elementor-widget-container\">\n\t\t\t\t\t\t\t<div class=\"elementor-spacer\">\n\t\t\t<div class=\"elementor-spacer-inner\"><\/div>\n\t\t<\/div>\n\t\t\t\t\t\t<\/div>\n\t\t\t\t<\/div>\n\t\t\t\t\t<\/div>\n\t\t<\/div>\n\t\t\t\t\t<\/div>\n\t\t<\/section>\n\t\t\t\t<section class=\"elementor-section elementor-top-section elementor-element elementor-element-93d0526 elementor-section-boxed elementor-section-height-default elementor-section-height-default\" data-id=\"93d0526\" data-element_type=\"section\">\n\t\t\t\t\t\t<div class=\"elementor-container elementor-column-gap-default\">\n\t\t\t\t\t<div class=\"elementor-column elementor-col-100 elementor-top-column elementor-element elementor-element-99fc8a2\" data-id=\"99fc8a2\" data-element_type=\"column\">\n\t\t\t<div class=\"elementor-widget-wrap elementor-element-populated\">\n\t\t\t\t\t\t<div class=\"elementor-element elementor-element-cb8e018 elementor-widget elementor-widget-heading\" data-id=\"cb8e018\" data-element_type=\"widget\" data-widget_type=\"heading.default\">\n\t\t\t\t<div class=\"elementor-widget-container\">\n\t\t\t\t\t<h2 class=\"elementor-heading-title elementor-size-default\">Y\u00f6netim<\/h2>\t\t\t\t<\/div>\n\t\t\t\t<\/div>\n\t\t\t\t<div class=\"elementor-element elementor-element-d6f5c30 elementor-widget-divider--view-line elementor-widget elementor-widget-divider\" data-id=\"d6f5c30\" data-element_type=\"widget\" data-widget_type=\"divider.default\">\n\t\t\t\t<div class=\"elementor-widget-container\">\n\t\t\t\t\t\t\t<div class=\"elementor-divider\">\n\t\t\t<span class=\"elementor-divider-separator\">\n\t\t\t\t\t\t<\/span>\n\t\t<\/div>\n\t\t\t\t\t\t<\/div>\n\t\t\t\t<\/div>\n\t\t\t\t\t<\/div>\n\t\t<\/div>\n\t\t\t\t\t<\/div>\n\t\t<\/section>\n\t\t\t\t<section class=\"elementor-section elementor-top-section elementor-element elementor-element-9238db3 elementor-section-boxed elementor-section-height-default elementor-section-height-default\" data-id=\"9238db3\" data-element_type=\"section\">\n\t\t\t\t\t\t<div class=\"elementor-container elementor-column-gap-default\">\n\t\t\t\t\t<div class=\"elementor-column elementor-col-100 elementor-top-column elementor-element elementor-element-b2c608d\" data-id=\"b2c608d\" data-element_type=\"column\">\n\t\t\t<div class=\"elementor-widget-wrap elementor-element-populated\">\n\t\t\t\t\t\t<div class=\"elementor-element elementor-element-557d7ce elementor-widget elementor-widget-shortcode\" data-id=\"557d7ce\" data-element_type=\"widget\" data-widget_type=\"shortcode.default\">\n\t\t\t\t<div class=\"elementor-widget-container\">\n\t\t\t\t\t            <div class=\"accordion\" id=\"personel-kart\">\n                <div class=\"card p-liste\">\n                    <div class=\"card-header \" id=\"p-0\">\n                        <h2 class=\"mb-0\">\n                            <button class=\"btn btn-link collapsed\" type=\"button\" data-toggle=\"collapse\"\n                                    data-target=\"#k-0\"\n                                    aria-expanded=\"false\" aria-controls=\"collapseOne\">\n                                <span class=\"unvan\">Enstit\u00fc M\u00fcd\u00fcr\u00fc<\/span>\n                                Prof. Dr. Sinever Esin Day\u0131                            <\/button>\n                        <\/h2>\n                    <\/div>\n                    <div id=\"k-0\" class=\"collapse\" aria-labelledby=\"p-0\"\n                         data-parent=\"#personel-kart\" style=\"\">\n                        <div class=\"card-body\">\n                            <div class=\"row\">\n                                <div class=\"col-3 kart-resim\">\n                                    <img decoding=\"async\" src=\"\/\/eski.atauni.edu.tr\/resizer.php?w=189&amp;h=228&amp;zc=1&amp;src=\/uploads\/profilResimleriSha1\/d0a8e4306ca14bb65f882662de63c794.png\"\n                                         class=\"img-fluid\">\n                                <\/div>\n                                <div class=\"col-7\">\n                                    <h3 class=\"kart-baslik kart-baslik-yonetim\">Enstit\u00fc M\u00fcd\u00fcr\u00fc<\/h3>\n                                    <div class=\"row\">\n                                        <div class=\"ad-soyad\">Prof. Dr. Sinever Esin Day\u0131<\/div>\n                                        <div class=\"birim\">Atat\u00fcrk \u0130lkeleri ve \u0130nk\u0131l\u00e2p Tarihi Enstit\u00fcs\u00fc<\/div>\n                                        <div class=\"bilgiler\">\n                                            <strong>E-Posta<\/strong>sdayi@atauni.edu.tr                                        <\/div>\n                                                                                <div class=\"bilgiler\"><strong>Profil<\/strong> <a target=\"_blank\"\n                                         href=\"http:\/\/avesis.atauni.edu.tr\/sdayi\">https:\/\/avesis.atauni.edu.tr\/sdayi<\/a>\n                                        <\/div>\n                                        <div class=\"bilgiler\">\n                                            <strong>Telefon<\/strong>\n                                            +90 442 231                                           (2719-4464)&nbsp;\n                                        <\/div>\n                                        <div class=\"bilgiler\"><strong>Posta Adresi<\/strong> \n                                        <span class=\"posta\">\n                                                                                                Atat\u00fcrk \u00dcniversitesi \u0130nk\u0131lap Tarihi Enstit\u00fcs\u00fc 25240 Erzurum                                                                                                                                                                                                                                                                                                                                                                                                                                                                                                                                            <\/span>\n                                        <\/div>\n                                    <\/div>\n                                <\/div>\n                                <div class=\"col-10 kart-egitim\">\n                                    <h3>E\u011fitim<\/h3>\n                                    <ul>\n\n                                                                                        <li>Lisans, Atat\u00fcrk \u00dcniversitesi, Sosyoloji B\u00f6l\u00fcm\u00fc,  <\/li>\n\n\n                                                                                                <li>Lisans, Ege \u00dcniversitesi, Tarih B\u00f6l\u00fcm\u00fc, 1980 <\/li>\n\n\n                                                                                                <li>Lisans, Atat\u00fcrk \u00dcniversitesi, Tarih B\u00f6l\u00fcm\u00fc, 1983 <\/li>\n\n\n                                                                                                <li>Doktora, Atat\u00fcrk \u00dcniversitesi, Atat\u00fcrk Ilkeleri Ve Inkilap Tarihi (Dr), 1991 <\/li>\n\n\n                                                                                                <li>Y\u00fcksek Lisans, Atat\u00fcrk \u00dcniversitesi, Atat\u00fcrk Ilkeleri Ve Inkilap Tarihi (Dr), 1987 <\/li>\n\n\n                                                \n                                    <\/ul>\n                                <\/div>\n                                 <!--<div class=\"col-2 qr\">\n                                    <img decoding=\"async\" src=\"https:\/\/chart.googleapis.com\/chart?chs=100x100&amp;cht=qr&amp;chl=BEGIN:VCARD%0AVERSION:3.0%0ATITLE:%0AN:Sinever Esin%20Day\u0131%0ATEL;type=WORK:%2B904422312719-4464%0AEMAIL:sdayi@atauni.edu.tr%0AEND:VCARD\"\n                                         class=\"img-fluid qr\">\n                                <\/div>-->\n                            <\/div>\n                        <\/div>\n                    <\/div>\n                <\/div>\n            <\/div>\n\n\n                    <div class=\"accordion\" id=\"personel-kart\">\n            <div class=\"card p-liste\">\n                <div class=\"card-header \" id=\"p-1\">\n                    <h2 class=\"mb-0\">\n                        <button class=\"btn btn-link collapsed\" type=\"button\" data-toggle=\"collapse\"\n                                data-target=\"#k-1\"\n                                aria-expanded=\"false\" aria-controls=\"collapseOne\">\n                            <span class=\"unvan\">Enstit\u00fc M\u00fcd\u00fcr Yard\u0131mc\u0131s\u0131<\/span>\n                            Prof. Dr. Asaf \u00d6zkan                        <\/button>\n                    <\/h2>\n                <\/div>\n\n                <div id=\"k-1\" class=\"collapse\" aria-labelledby=\"p-1\"\n                     data-parent=\"#personel-kart\" style=\"\">\n                    <div class=\"card-body\">\n                        <div class=\"row\">\n                            <div class=\"col-3 kart-resim\">\n                                <img decoding=\"async\" src=\"\/\/eski.atauni.edu.tr\/resizer.php?w=189&amp;h=228&amp;zc=1&amp;src=\/uploads\/profilResimleriSha1\/4a9ee2baf92028557b5c2cd924e0e847.png\"\n                                     class=\"img-fluid\">\n                            <\/div>\n                            <div class=\"col-7\">\n                                <h3 class=\"kart-baslik kart-baslik-yonetim\">Enstit\u00fc M\u00fcd\u00fcr Yard\u0131mc\u0131s\u0131<\/h3>\n                                <div class=\"row\">\n                                    <div class=\"ad-soyad\">Prof. Dr. Asaf \u00d6zkan<\/div>\n                                    <div class=\"birim\">Atat\u00fcrk \u0130lkeleri ve \u0130nk\u0131l\u00e2p Tarihi Enstit\u00fcs\u00fc<\/div>\n                                    <div class=\"bilgiler\"><strong>E-Posta<\/strong>asaf.ozkan@atauni.edu.tr                                    <\/div>\n                                                                        <div class=\"bilgiler\"><strong>Profil<\/strong> <a target=\"_blank\"\n                                     href=\"http:\/\/avesis.atauni.edu.tr\/asaf.ozkan\">https:\/\/avesis.atauni.edu.tr\/asaf.ozkan<\/a>\n                                    <\/div>\n                                    <div class=\"bilgiler\">\n                                        <strong>Telefon<\/strong>\n                                        +90 442 231                                        (1457)&nbsp;\n                                    <\/div>\n                                    <div class=\"bilgiler\"><strong>Posta Adresi<\/strong> \n                                   <span class=\"posta\">\n                                 \n                                                                                           Atat\u00fcrk \u00dcniversitesi \u0130nk\u0131lap Tarihi Enstit\u00fcs\u00fc 25240 Erzurum                                                                                                                                                                                                                                                                                                                                                                                                                                                                                                                                               \n                                           \n                                        <\/span>\n                                    <\/div>\n                                <\/div>\n                            <\/div>\n                            <div class=\"col-10 kart-egitim\">\n\n                            \n                                <h3>E\u011fitim<\/h3>\n                                <ul>\n\n                                                                                <li>Doktora, Atat\u00fcrk \u00dcniversitesi, Atat\u00fcrk Ilkeleri Ve Inkilap Tarihi (Dr), 2011 <\/li>\n\n\n                                                                                        <li>Y\u00fcksek Lisans, Atat\u00fcrk \u00dcniversitesi, Atat\u00fcrk Ilkeleri Ve Inkilap Tarihi (Dr), 2005 <\/li>\n\n\n                                                                                        <li>Lisans, Atat\u00fcrk \u00dcniversitesi, Tarih B\u00f6l\u00fcm\u00fc, 2003 <\/li>\n\n\n                                            \n                                <\/ul>\n\n                               \n\n                            <\/div>\n                             <!--<div class=\"col-2 qr\">\n                                <img decoding=\"async\" src=\"https:\/\/chart.googleapis.com\/chart?chs=100x100&amp;cht=qr&amp;chl=BEGIN:VCARD%0AVERSION:3.0%0ATITLE:%0AN:Asaf%20\u00d6zkan%0ATEL;type=WORK:%2B904422311457%0AEMAIL:asaf.ozkan@atauni.edu.tr%0AEND:VCARD\"\n                                     class=\"img-fluid qr\">\n                            <\/div>-->\n                        <\/div>\n                    <\/div>\n                <\/div>\n            <\/div>\n        <\/div>\n\n\n                <div class=\"accordion\" id=\"personel-kart\">\n            <div class=\"card p-liste\">\n                <div class=\"card-header \" id=\"p-2\">\n                    <h2 class=\"mb-0\">\n                        <button class=\"btn btn-link collapsed\" type=\"button\" data-toggle=\"collapse\"\n                                data-target=\"#k-2\"\n                                aria-expanded=\"false\" aria-controls=\"collapseOne\">\n                            <span class=\"unvan\">Enstit\u00fc Sekreteri<\/span>\n                            Enst. Sek. \u00dcmit Sel\u00e7uk                        <\/button>\n                    <\/h2>\n                <\/div>\n\n                <div id=\"k-2\" class=\"collapse\" aria-labelledby=\"p-2\"\n                     data-parent=\"#personel-kart\" style=\"\">\n                    <div class=\"card-body\">\n                        <div class=\"row\">\n                            <div class=\"col-3 kart-resim\">\n                                <img decoding=\"async\" src=\"\/\/eski.atauni.edu.tr\/resizer.php?w=189&amp;h=228&amp;zc=1&amp;src=\/uploads\/profilResimleriSha1\/3411f60ebe8d95fd4928feb04313f077.png\"\n                                     class=\"img-fluid\">\n                            <\/div>\n                            <div class=\"col-7\">\n                                <h3 class=\"kart-baslik kart-baslik-yonetim\">Enstit\u00fc Sekreteri<\/h3>\n                                <div class=\"row\">\n                                    <div class=\"ad-soyad\">Enst. Sek. \u00dcmit Sel\u00e7uk<\/div>\n                                    <div class=\"birim\">Atat\u00fcrk \u0130lkeleri ve \u0130nk\u0131l\u00e2p Tarihi Enstit\u00fcs\u00fc<\/div>\n                                    <div class=\"bilgiler\"><strong>E-Posta<\/strong>uselcuk@atauni.edu.tr                                    <\/div>\n                                                                        <div class=\"bilgiler\"><strong>Profil<\/strong> <a target=\"_blank\"\n                                     href=\"http:\/\/avesis.atauni.edu.tr\/uselcuk\">https:\/\/avesis.atauni.edu.tr\/uselcuk<\/a>\n                                    <\/div>\n                                    <div class=\"bilgiler\">\n                                        <strong>Telefon<\/strong>\n                                        +90 442 231                                        (4465)&nbsp;\n                                    <\/div>\n                                    <div class=\"bilgiler\"><strong>Posta Adresi<\/strong> <span\n                                                class=\"posta\">\n                                                                                                        Atat\u00fcrk \u00dcniversitesi \u0130nk\u0131lap Tarihi Enstit\u00fcs\u00fc 25240 Erzurum                                                                                                                                                                                                                                                                                                                                                                                                                                                                                                                                                <\/span>\n                                    <\/div>\n                                <\/div>\n                            <\/div>\n                            <div class=\"col-10 kart-egitim\">\n                                <h3>E\u011fitim<\/h3>\n                                <ul>\n\n                                    \n                                <\/ul>\n                            <\/div>\n                             <!--<div class=\"col-2 qr\">\n                                <img decoding=\"async\" src=\"https:\/\/chart.googleapis.com\/chart?chs=100x100&amp;cht=qr&amp;chl=BEGIN:VCARD%0AVERSION:3.0%0ATITLE:%0AN:\u00dcmit%20Sel\u00e7uk%0ATEL;type=WORK:%2B904422314465%0AEMAIL:uselcuk@atauni.edu.tr%0AEND:VCARD\"\n                                     class=\"img-fluid qr\">\n                            <\/div>-->\n                        <\/div>\n                    <\/div>\n                <\/div>\n            <\/div>\n        <\/div>\n\n\n        \t\t<div class=\"elementor-shortcode\"><\/div>\n\t\t\t\t\t\t<\/div>\n\t\t\t\t<\/div>\n\t\t\t\t\t<\/div>\n\t\t<\/div>\n\t\t\t\t\t<\/div>\n\t\t<\/section>\n\t\t\t\t<section class=\"elementor-section elementor-top-section elementor-element elementor-element-13ff1ac elementor-section-boxed elementor-section-height-default elementor-section-height-default\" data-id=\"13ff1ac\" data-element_type=\"section\">\n\t\t\t\t\t\t<div class=\"elementor-container elementor-column-gap-default\">\n\t\t\t\t\t<div class=\"elementor-column elementor-col-100 elementor-top-column elementor-element elementor-element-e469ec7\" data-id=\"e469ec7\" data-element_type=\"column\">\n\t\t\t<div class=\"elementor-widget-wrap elementor-element-populated\">\n\t\t\t\t\t\t<div class=\"elementor-element elementor-element-fcd0c31 elementor-widget elementor-widget-spacer\" data-id=\"fcd0c31\" data-element_type=\"widget\" data-widget_type=\"spacer.default\">\n\t\t\t\t<div class=\"elementor-widget-container\">\n\t\t\t\t\t\t\t<div class=\"elementor-spacer\">\n\t\t\t<div class=\"elementor-spacer-inner\"><\/div>\n\t\t<\/div>\n\t\t\t\t\t\t<\/div>\n\t\t\t\t<\/div>\n\t\t\t\t\t<\/div>\n\t\t<\/div>\n\t\t\t\t\t<\/div>\n\t\t<\/section>\n\t\t\t\t<\/div>\n\t\t","protected":false},"excerpt":{"rendered":"<p>Y\u00f6netim<\/p>\n","protected":false},"author":1,"featured_media":0,"parent":0,"menu_order":0,"comment_status":"closed","ping_status":"closed","template":"elementor_header_footer","meta":{"footnotes":""},"class_list":["post-5662","page","type-page","status-publish","hentry"],"_links":{"self":[{"href":"https:\/\/atauni.edu.tr\/ataturk-ilkeleri-ve-inkilap-tarihi-enstitusu\/wp-json\/wp\/v2\/pages\/5662","targetHints":{"allow":["GET"]}}],"collection":[{"href":"https:\/\/atauni.edu.tr\/ataturk-ilkeleri-ve-inkilap-tarihi-enstitusu\/wp-json\/wp\/v2\/pages"}],"about":[{"href":"https:\/\/atauni.edu.tr\/ataturk-ilkeleri-ve-inkilap-tarihi-enstitusu\/wp-json\/wp\/v2\/types\/page"}],"author":[{"embeddable":true,"href":"https:\/\/atauni.edu.tr\/ataturk-ilkeleri-ve-inkilap-tarihi-enstitusu\/wp-json\/wp\/v2\/users\/1"}],"replies":[{"embeddable":true,"href":"https:\/\/atauni.edu.tr\/ataturk-ilkeleri-ve-inkilap-tarihi-enstitusu\/wp-json\/wp\/v2\/comments?post=5662"}],"version-history":[{"count":38,"href":"https:\/\/atauni.edu.tr\/ataturk-ilkeleri-ve-inkilap-tarihi-enstitusu\/wp-json\/wp\/v2\/pages\/5662\/revisions"}],"predecessor-version":[{"id":8037,"href":"https:\/\/atauni.edu.tr\/ataturk-ilkeleri-ve-inkilap-tarihi-enstitusu\/wp-json\/wp\/v2\/pages\/5662\/revisions\/8037"}],"wp:attachment":[{"href":"https:\/\/atauni.edu.tr\/ataturk-ilkeleri-ve-inkilap-tarihi-enstitusu\/wp-json\/wp\/v2\/media?parent=5662"}],"curies":[{"name":"wp","href":"https:\/\/api.w.org\/{rel}","templated":true}]}}