{"id":6512,"date":"2024-12-05T15:43:03","date_gmt":"2024-12-05T12:43:03","guid":{"rendered":"https:\/\/birimler.atauni.edu.tr\/ataturk-ilkeleri-ve-inkilap-tarihi-enstitusu\/?page_id=6512"},"modified":"2025-04-09T13:35:41","modified_gmt":"2025-04-09T10:35:41","slug":"ic-kontrol-birimi","status":"publish","type":"page","link":"https:\/\/atauni.edu.tr\/ataturk-ilkeleri-ve-inkilap-tarihi-enstitusu\/ic-kontrol-birimi\/","title":{"rendered":"\u0130\u00e7 Kontrol Birimi"},"content":{"rendered":"\t\t<div data-elementor-type=\"wp-page\" data-elementor-id=\"6512\" class=\"elementor elementor-6512\" data-elementor-post-type=\"page\">\n\t\t\t\t\t\t<section class=\"elementor-section elementor-top-section elementor-element elementor-element-81b33e0 elementor-section-boxed elementor-section-height-default elementor-section-height-default\" data-id=\"81b33e0\" data-element_type=\"section\">\n\t\t\t\t\t\t<div class=\"elementor-container elementor-column-gap-default\">\n\t\t\t\t\t<div class=\"elementor-column elementor-col-100 elementor-top-column elementor-element elementor-element-bdba843\" data-id=\"bdba843\" data-element_type=\"column\">\n\t\t\t<div class=\"elementor-widget-wrap elementor-element-populated\">\n\t\t\t\t\t\t<div class=\"elementor-element elementor-element-3667428 elementor-widget elementor-widget-spacer\" data-id=\"3667428\" data-element_type=\"widget\" data-widget_type=\"spacer.default\">\n\t\t\t\t<div class=\"elementor-widget-container\">\n\t\t\t\t\t\t\t<div class=\"elementor-spacer\">\n\t\t\t<div class=\"elementor-spacer-inner\"><\/div>\n\t\t<\/div>\n\t\t\t\t\t\t<\/div>\n\t\t\t\t<\/div>\n\t\t\t\t\t<\/div>\n\t\t<\/div>\n\t\t\t\t\t<\/div>\n\t\t<\/section>\n\t\t\t\t<section class=\"elementor-section elementor-top-section elementor-element elementor-element-39c1bae elementor-section-boxed elementor-section-height-default elementor-section-height-default\" data-id=\"39c1bae\" data-element_type=\"section\">\n\t\t\t\t\t\t<div class=\"elementor-container elementor-column-gap-default\">\n\t\t\t\t\t<div class=\"elementor-column elementor-col-100 elementor-top-column elementor-element elementor-element-92e506f\" data-id=\"92e506f\" data-element_type=\"column\">\n\t\t\t<div class=\"elementor-widget-wrap elementor-element-populated\">\n\t\t\t\t\t\t<div class=\"elementor-element elementor-element-d1befcf elementor-widget elementor-widget-heading\" data-id=\"d1befcf\" data-element_type=\"widget\" data-widget_type=\"heading.default\">\n\t\t\t\t<div class=\"elementor-widget-container\">\n\t\t\t\t\t<h2 class=\"elementor-heading-title elementor-size-default\">\u0130\u00e7 Kontrol Birimi<\/h2>\t\t\t\t<\/div>\n\t\t\t\t<\/div>\n\t\t\t\t<div class=\"elementor-element elementor-element-2b1840d elementor-widget-divider--view-line elementor-widget elementor-widget-divider\" data-id=\"2b1840d\" data-element_type=\"widget\" data-widget_type=\"divider.default\">\n\t\t\t\t<div class=\"elementor-widget-container\">\n\t\t\t\t\t\t\t<div class=\"elementor-divider\">\n\t\t\t<span class=\"elementor-divider-separator\">\n\t\t\t\t\t\t<\/span>\n\t\t<\/div>\n\t\t\t\t\t\t<\/div>\n\t\t\t\t<\/div>\n\t\t\t\t\t<\/div>\n\t\t<\/div>\n\t\t\t\t\t<\/div>\n\t\t<\/section>\n\t\t\t\t<section class=\"elementor-section elementor-top-section elementor-element elementor-element-2e2e258 elementor-section-boxed elementor-section-height-default elementor-section-height-default\" data-id=\"2e2e258\" data-element_type=\"section\">\n\t\t\t\t\t\t<div class=\"elementor-container elementor-column-gap-default\">\n\t\t\t\t\t<div class=\"elementor-column elementor-col-100 elementor-top-column elementor-element elementor-element-a7dd909\" data-id=\"a7dd909\" data-element_type=\"column\">\n\t\t\t<div class=\"elementor-widget-wrap elementor-element-populated\">\n\t\t\t\t\t\t<div class=\"elementor-element elementor-element-24daa35 elementor-widget elementor-widget-text-editor\" data-id=\"24daa35\" data-element_type=\"widget\" data-widget_type=\"text-editor.default\">\n\t\t\t\t<div class=\"elementor-widget-container\">\n\t\t\t\t\t\t\t\t\t<p>Atat\u00fcrk \u0130lkeleri ve \u0130nk\u0131l\u00e2p Tarihi Enstit\u00fcs\u00fc Te\u015fkilat Yap\u0131s\u0131 ve \u0130\u015fleyi\u015f S\u00fcre\u00e7leri hakk\u0131nda bilgiler a\u015fa\u011f\u0131da verilmi\u015ftir.<\/p>\t\t\t\t\t\t\t\t<\/div>\n\t\t\t\t<\/div>\n\t\t\t\t\t<\/div>\n\t\t<\/div>\n\t\t\t\t\t<\/div>\n\t\t<\/section>\n\t\t\t\t<section class=\"elementor-section elementor-top-section elementor-element elementor-element-a5e5249 elementor-section-boxed elementor-section-height-default elementor-section-height-default\" data-id=\"a5e5249\" data-element_type=\"section\">\n\t\t\t\t\t\t<div class=\"elementor-container elementor-column-gap-default\">\n\t\t\t\t\t<div class=\"elementor-column elementor-col-100 elementor-top-column elementor-element elementor-element-2e8bd93\" data-id=\"2e8bd93\" data-element_type=\"column\">\n\t\t\t<div class=\"elementor-widget-wrap elementor-element-populated\">\n\t\t\t\t\t\t<div class=\"elementor-element elementor-element-0ba6efb elementor-widget elementor-widget-heading\" data-id=\"0ba6efb\" data-element_type=\"widget\" data-widget_type=\"heading.default\">\n\t\t\t\t<div class=\"elementor-widget-container\">\n\t\t\t\t\t<h2 class=\"elementor-heading-title elementor-size-default\">\u0130\u00e7 Kontrol Sistemi<\/h2>\t\t\t\t<\/div>\n\t\t\t\t<\/div>\n\t\t\t\t\t<\/div>\n\t\t<\/div>\n\t\t\t\t\t<\/div>\n\t\t<\/section>\n\t\t\t\t<section class=\"elementor-section elementor-top-section elementor-element elementor-element-ed4f58e elementor-section-boxed elementor-section-height-default elementor-section-height-default\" data-id=\"ed4f58e\" data-element_type=\"section\">\n\t\t\t\t\t\t<div class=\"elementor-container elementor-column-gap-default\">\n\t\t\t\t\t<div class=\"elementor-column elementor-col-100 elementor-top-column elementor-element elementor-element-0dd8043\" data-id=\"0dd8043\" data-element_type=\"column\">\n\t\t\t<div class=\"elementor-widget-wrap elementor-element-populated\">\n\t\t\t\t\t\t<div class=\"elementor-element elementor-element-e6fda62 elementor-widget elementor-widget-pdfjs_viewer\" data-id=\"e6fda62\" data-element_type=\"widget\" data-widget_type=\"pdfjs_viewer.default\">\n\t\t\t\t<div class=\"elementor-widget-container\">\n\t\t\t\t\t<iframe src=\"https:\/\/atauni.edu.tr\/ataturk-ilkeleri-ve-inkilap-tarihi-enstitusu\/wp-content\/plugins\/pdf-viewer-for-elementor\/assets\/pdfjs\/web\/viewer.html?file=https:\/\/birimler.atauni.edu.tr\/ataturk-ilkeleri-ve-inkilap-tarihi-enstitusu\/wp-content\/uploads\/sites\/795\/2025\/04\/Ic-Kontrol-Sistemi.pdf&amp;embedded=true\" style=\"display: block; margin-left: auto; margin-right: auto; width: 640px; height: 1020px;\" frameborder=\"1\" marginheight=\"0px\" marginwidth=\"0px\" allowfullscreen><\/iframe>\t\t\t\t<\/div>\n\t\t\t\t<\/div>\n\t\t\t\t\t<\/div>\n\t\t<\/div>\n\t\t\t\t\t<\/div>\n\t\t<\/section>\n\t\t\t\t<section class=\"elementor-section elementor-top-section elementor-element elementor-element-142258e elementor-section-boxed elementor-section-height-default elementor-section-height-default\" data-id=\"142258e\" data-element_type=\"section\">\n\t\t\t\t\t\t<div class=\"elementor-container elementor-column-gap-default\">\n\t\t\t\t\t<div class=\"elementor-column elementor-col-100 elementor-top-column elementor-element elementor-element-1c1997a\" data-id=\"1c1997a\" data-element_type=\"column\">\n\t\t\t<div class=\"elementor-widget-wrap elementor-element-populated\">\n\t\t\t\t\t\t<div class=\"elementor-element elementor-element-4d0a29c elementor-widget elementor-widget-heading\" data-id=\"4d0a29c\" data-element_type=\"widget\" data-widget_type=\"heading.default\">\n\t\t\t\t<div class=\"elementor-widget-container\">\n\t\t\t\t\t<h2 class=\"elementor-heading-title elementor-size-default\">\u0130\u00e7 Kontrol Sistemi \u015eema<\/h2>\t\t\t\t<\/div>\n\t\t\t\t<\/div>\n\t\t\t\t\t<\/div>\n\t\t<\/div>\n\t\t\t\t\t<\/div>\n\t\t<\/section>\n\t\t\t\t<section class=\"elementor-section elementor-top-section elementor-element elementor-element-86e8fd8 elementor-section-boxed elementor-section-height-default elementor-section-height-default\" data-id=\"86e8fd8\" data-element_type=\"section\">\n\t\t\t\t\t\t<div class=\"elementor-container elementor-column-gap-default\">\n\t\t\t\t\t<div class=\"elementor-column elementor-col-100 elementor-top-column elementor-element elementor-element-646d942\" data-id=\"646d942\" data-element_type=\"column\">\n\t\t\t<div class=\"elementor-widget-wrap elementor-element-populated\">\n\t\t\t\t\t\t<div class=\"elementor-element elementor-element-e72bcc1 elementor-widget elementor-widget-pdfjs_viewer\" data-id=\"e72bcc1\" data-element_type=\"widget\" data-widget_type=\"pdfjs_viewer.default\">\n\t\t\t\t<div class=\"elementor-widget-container\">\n\t\t\t\t\t<iframe src=\"https:\/\/atauni.edu.tr\/ataturk-ilkeleri-ve-inkilap-tarihi-enstitusu\/wp-content\/plugins\/pdf-viewer-for-elementor\/assets\/pdfjs\/web\/viewer.html?file=https:\/\/birimler.atauni.edu.tr\/ataturk-ilkeleri-ve-inkilap-tarihi-enstitusu\/wp-content\/uploads\/sites\/795\/2025\/04\/Ic-Kontrol-Sistemi-Sema.pdf&amp;embedded=true\" style=\"display: block; margin-left: auto; margin-right: auto; width: 640px; height: 1020px;\" frameborder=\"1\" marginheight=\"0px\" marginwidth=\"0px\" allowfullscreen><\/iframe>\t\t\t\t<\/div>\n\t\t\t\t<\/div>\n\t\t\t\t\t<\/div>\n\t\t<\/div>\n\t\t\t\t\t<\/div>\n\t\t<\/section>\n\t\t\t\t<section class=\"elementor-section elementor-top-section elementor-element elementor-element-f6f69d6 elementor-section-boxed elementor-section-height-default elementor-section-height-default\" data-id=\"f6f69d6\" data-element_type=\"section\">\n\t\t\t\t\t\t<div class=\"elementor-container elementor-column-gap-default\">\n\t\t\t\t\t<div class=\"elementor-column elementor-col-100 elementor-top-column elementor-element elementor-element-901f570\" data-id=\"901f570\" data-element_type=\"column\">\n\t\t\t<div class=\"elementor-widget-wrap elementor-element-populated\">\n\t\t\t\t\t\t<div class=\"elementor-element elementor-element-c0ce692 elementor-widget elementor-widget-heading\" data-id=\"c0ce692\" data-element_type=\"widget\" data-widget_type=\"heading.default\">\n\t\t\t\t<div class=\"elementor-widget-container\">\n\t\t\t\t\t<h2 class=\"elementor-heading-title elementor-size-default\">A\u0130\u0130T Enstit\u00fcs\u00fc G\u00f6rev Tan\u0131m Formlar\u0131<\/h2>\t\t\t\t<\/div>\n\t\t\t\t<\/div>\n\t\t\t\t\t<\/div>\n\t\t<\/div>\n\t\t\t\t\t<\/div>\n\t\t<\/section>\n\t\t\t\t<section class=\"elementor-section elementor-top-section elementor-element elementor-element-28686f7 elementor-section-boxed elementor-section-height-default elementor-section-height-default\" data-id=\"28686f7\" data-element_type=\"section\">\n\t\t\t\t\t\t<div class=\"elementor-container elementor-column-gap-default\">\n\t\t\t\t\t<div class=\"elementor-column elementor-col-100 elementor-top-column elementor-element elementor-element-4f44e99\" data-id=\"4f44e99\" data-element_type=\"column\">\n\t\t\t<div class=\"elementor-widget-wrap elementor-element-populated\">\n\t\t\t\t\t\t<div class=\"elementor-element elementor-element-4981c58 elementor-widget elementor-widget-pdfjs_viewer\" data-id=\"4981c58\" data-element_type=\"widget\" data-widget_type=\"pdfjs_viewer.default\">\n\t\t\t\t<div class=\"elementor-widget-container\">\n\t\t\t\t\t<iframe src=\"https:\/\/atauni.edu.tr\/ataturk-ilkeleri-ve-inkilap-tarihi-enstitusu\/wp-content\/plugins\/pdf-viewer-for-elementor\/assets\/pdfjs\/web\/viewer.html?file=https:\/\/birimler.atauni.edu.tr\/ataturk-ilkeleri-ve-inkilap-tarihi-enstitusu\/wp-content\/uploads\/sites\/795\/2025\/04\/AIIT-Enstitusu-Gorev-Tanim-Formlari.pdf&amp;embedded=true\" style=\"display: block; margin-left: auto; margin-right: auto; width: 640px; height: 1020px;\" frameborder=\"1\" marginheight=\"0px\" marginwidth=\"0px\" allowfullscreen><\/iframe>\t\t\t\t<\/div>\n\t\t\t\t<\/div>\n\t\t\t\t\t<\/div>\n\t\t<\/div>\n\t\t\t\t\t<\/div>\n\t\t<\/section>\n\t\t\t\t<\/div>\n\t\t","protected":false},"excerpt":{"rendered":"<p>\u0130\u00e7 Kontrol Birimi Atat\u00fcrk \u0130lkeleri ve \u0130nk\u0131l\u00e2p Tarihi Enstit\u00fcs\u00fc Te\u015fkilat Yap\u0131s\u0131 ve \u0130\u015fleyi\u015f S\u00fcre\u00e7leri hakk\u0131nda bilgiler a\u015fa\u011f\u0131da verilmi\u015ftir. \u0130\u00e7 Kontrol Sistemi \u0130\u00e7 Kontrol Sistemi \u015eema A\u0130\u0130T Enstit\u00fcs\u00fc G\u00f6rev Tan\u0131m Formlar\u0131<\/p>\n","protected":false},"author":632,"featured_media":0,"parent":0,"menu_order":0,"comment_status":"closed","ping_status":"closed","template":"elementor_header_footer","meta":{"footnotes":""},"class_list":["post-6512","page","type-page","status-publish","hentry"],"_links":{"self":[{"href":"https:\/\/atauni.edu.tr\/ataturk-ilkeleri-ve-inkilap-tarihi-enstitusu\/wp-json\/wp\/v2\/pages\/6512","targetHints":{"allow":["GET"]}}],"collection":[{"href":"https:\/\/atauni.edu.tr\/ataturk-ilkeleri-ve-inkilap-tarihi-enstitusu\/wp-json\/wp\/v2\/pages"}],"about":[{"href":"https:\/\/atauni.edu.tr\/ataturk-ilkeleri-ve-inkilap-tarihi-enstitusu\/wp-json\/wp\/v2\/types\/page"}],"author":[{"embeddable":true,"href":"https:\/\/atauni.edu.tr\/ataturk-ilkeleri-ve-inkilap-tarihi-enstitusu\/wp-json\/wp\/v2\/users\/632"}],"replies":[{"embeddable":true,"href":"https:\/\/atauni.edu.tr\/ataturk-ilkeleri-ve-inkilap-tarihi-enstitusu\/wp-json\/wp\/v2\/comments?post=6512"}],"version-history":[{"count":67,"href":"https:\/\/atauni.edu.tr\/ataturk-ilkeleri-ve-inkilap-tarihi-enstitusu\/wp-json\/wp\/v2\/pages\/6512\/revisions"}],"predecessor-version":[{"id":8445,"href":"https:\/\/atauni.edu.tr\/ataturk-ilkeleri-ve-inkilap-tarihi-enstitusu\/wp-json\/wp\/v2\/pages\/6512\/revisions\/8445"}],"wp:attachment":[{"href":"https:\/\/atauni.edu.tr\/ataturk-ilkeleri-ve-inkilap-tarihi-enstitusu\/wp-json\/wp\/v2\/media?parent=6512"}],"curies":[{"name":"wp","href":"https:\/\/api.w.org\/{rel}","templated":true}]}}