{"id":6721,"date":"2024-12-17T14:20:06","date_gmt":"2024-12-17T11:20:06","guid":{"rendered":"https:\/\/birimler.atauni.edu.tr\/ataturk-ilkeleri-ve-inkilap-tarihi-enstitusu\/?page_id=6721"},"modified":"2025-04-09T14:15:49","modified_gmt":"2025-04-09T11:15:49","slug":"enstitu-kurulu","status":"publish","type":"page","link":"https:\/\/atauni.edu.tr\/ataturk-ilkeleri-ve-inkilap-tarihi-enstitusu\/enstitu-kurulu\/","title":{"rendered":"Enstit\u00fc Kurulu"},"content":{"rendered":"\t\t<div data-elementor-type=\"wp-page\" data-elementor-id=\"6721\" class=\"elementor elementor-6721\" data-elementor-post-type=\"page\">\n\t\t\t\t\t\t<section class=\"elementor-section elementor-top-section elementor-element elementor-element-98f8209 elementor-section-boxed elementor-section-height-default elementor-section-height-default\" data-id=\"98f8209\" data-element_type=\"section\">\n\t\t\t\t\t\t<div class=\"elementor-container elementor-column-gap-default\">\n\t\t\t\t\t<div class=\"elementor-column elementor-col-100 elementor-top-column elementor-element elementor-element-83a9bfc\" data-id=\"83a9bfc\" data-element_type=\"column\">\n\t\t\t<div class=\"elementor-widget-wrap elementor-element-populated\">\n\t\t\t\t\t\t<div class=\"elementor-element elementor-element-a46625f elementor-widget elementor-widget-spacer\" data-id=\"a46625f\" data-element_type=\"widget\" data-widget_type=\"spacer.default\">\n\t\t\t\t<div class=\"elementor-widget-container\">\n\t\t\t\t\t\t\t<div class=\"elementor-spacer\">\n\t\t\t<div class=\"elementor-spacer-inner\"><\/div>\n\t\t<\/div>\n\t\t\t\t\t\t<\/div>\n\t\t\t\t<\/div>\n\t\t\t\t\t<\/div>\n\t\t<\/div>\n\t\t\t\t\t<\/div>\n\t\t<\/section>\n\t\t\t\t<section class=\"elementor-section elementor-top-section elementor-element elementor-element-81a8dd0 elementor-section-boxed elementor-section-height-default elementor-section-height-default\" data-id=\"81a8dd0\" data-element_type=\"section\">\n\t\t\t\t\t\t<div class=\"elementor-container elementor-column-gap-default\">\n\t\t\t\t\t<div class=\"elementor-column elementor-col-100 elementor-top-column elementor-element elementor-element-ad82924\" data-id=\"ad82924\" data-element_type=\"column\">\n\t\t\t<div class=\"elementor-widget-wrap elementor-element-populated\">\n\t\t\t\t\t\t<div class=\"elementor-element elementor-element-e3f2a99 elementor-widget elementor-widget-heading\" data-id=\"e3f2a99\" data-element_type=\"widget\" data-widget_type=\"heading.default\">\n\t\t\t\t<div class=\"elementor-widget-container\">\n\t\t\t\t\t<h2 class=\"elementor-heading-title elementor-size-default\">Enstit\u00fc Kurulu<\/h2>\t\t\t\t<\/div>\n\t\t\t\t<\/div>\n\t\t\t\t<div class=\"elementor-element elementor-element-3697def elementor-widget-divider--view-line elementor-widget elementor-widget-divider\" data-id=\"3697def\" data-element_type=\"widget\" data-widget_type=\"divider.default\">\n\t\t\t\t<div class=\"elementor-widget-container\">\n\t\t\t\t\t\t\t<div class=\"elementor-divider\">\n\t\t\t<span class=\"elementor-divider-separator\">\n\t\t\t\t\t\t<\/span>\n\t\t<\/div>\n\t\t\t\t\t\t<\/div>\n\t\t\t\t<\/div>\n\t\t\t\t\t<\/div>\n\t\t<\/div>\n\t\t\t\t\t<\/div>\n\t\t<\/section>\n\t\t\t\t<section class=\"elementor-section elementor-top-section elementor-element elementor-element-a9d7683 elementor-section-boxed elementor-section-height-default elementor-section-height-default\" data-id=\"a9d7683\" data-element_type=\"section\">\n\t\t\t\t\t\t<div class=\"elementor-container elementor-column-gap-default\">\n\t\t\t\t\t<div class=\"elementor-column elementor-col-100 elementor-top-column elementor-element elementor-element-78c76b2\" data-id=\"78c76b2\" data-element_type=\"column\">\n\t\t\t<div class=\"elementor-widget-wrap elementor-element-populated\">\n\t\t\t\t\t\t<div class=\"elementor-element elementor-element-43bb7c4 elementor-widget elementor-widget-text-editor\" data-id=\"43bb7c4\" data-element_type=\"widget\" data-widget_type=\"text-editor.default\">\n\t\t\t\t<div class=\"elementor-widget-container\">\n\t\t\t\t\t\t\t\t\t<ul><li><strong>Prof. Dr. S. Esin DAYI<\/strong>\u2013 Enstit\u00fc M\u00fcd\u00fcr\u00fc<\/li><li><strong>Prof. Dr. S. Esin DAYI<\/strong>\u00a0\u2013 Ana Bilim Dal\u0131 Ba\u015fkan\u0131<\/li><li><strong>Prof. Dr. Asaf \u00d6ZKAN<\/strong>\u00a0\u2013 Enstit\u00fc M\u00fcd\u00fcr Yard\u0131mc\u0131s\u0131<\/li><\/ul>\t\t\t\t\t\t\t\t<\/div>\n\t\t\t\t<\/div>\n\t\t\t\t\t<\/div>\n\t\t<\/div>\n\t\t\t\t\t<\/div>\n\t\t<\/section>\n\t\t\t\t<\/div>\n\t\t","protected":false},"excerpt":{"rendered":"<p>Enstit\u00fc Kurulu Prof. Dr. S. Esin DAYI\u2013 Enstit\u00fc M\u00fcd\u00fcr\u00fc Prof. Dr. S. Esin DAYI\u00a0\u2013 Ana Bilim Dal\u0131 Ba\u015fkan\u0131 Prof. Dr. Asaf \u00d6ZKAN\u00a0\u2013 Enstit\u00fc M\u00fcd\u00fcr Yard\u0131mc\u0131s\u0131<\/p>\n","protected":false},"author":632,"featured_media":0,"parent":0,"menu_order":0,"comment_status":"closed","ping_status":"closed","template":"elementor_header_footer","meta":{"footnotes":""},"class_list":["post-6721","page","type-page","status-publish","hentry"],"_links":{"self":[{"href":"https:\/\/atauni.edu.tr\/ataturk-ilkeleri-ve-inkilap-tarihi-enstitusu\/wp-json\/wp\/v2\/pages\/6721","targetHints":{"allow":["GET"]}}],"collection":[{"href":"https:\/\/atauni.edu.tr\/ataturk-ilkeleri-ve-inkilap-tarihi-enstitusu\/wp-json\/wp\/v2\/pages"}],"about":[{"href":"https:\/\/atauni.edu.tr\/ataturk-ilkeleri-ve-inkilap-tarihi-enstitusu\/wp-json\/wp\/v2\/types\/page"}],"author":[{"embeddable":true,"href":"https:\/\/atauni.edu.tr\/ataturk-ilkeleri-ve-inkilap-tarihi-enstitusu\/wp-json\/wp\/v2\/users\/632"}],"replies":[{"embeddable":true,"href":"https:\/\/atauni.edu.tr\/ataturk-ilkeleri-ve-inkilap-tarihi-enstitusu\/wp-json\/wp\/v2\/comments?post=6721"}],"version-history":[{"count":34,"href":"https:\/\/atauni.edu.tr\/ataturk-ilkeleri-ve-inkilap-tarihi-enstitusu\/wp-json\/wp\/v2\/pages\/6721\/revisions"}],"predecessor-version":[{"id":8458,"href":"https:\/\/atauni.edu.tr\/ataturk-ilkeleri-ve-inkilap-tarihi-enstitusu\/wp-json\/wp\/v2\/pages\/6721\/revisions\/8458"}],"wp:attachment":[{"href":"https:\/\/atauni.edu.tr\/ataturk-ilkeleri-ve-inkilap-tarihi-enstitusu\/wp-json\/wp\/v2\/media?parent=6721"}],"curies":[{"name":"wp","href":"https:\/\/api.w.org\/{rel}","templated":true}]}}