{"id":8734,"date":"2025-04-11T10:44:17","date_gmt":"2025-04-11T07:44:17","guid":{"rendered":"https:\/\/birimler.atauni.edu.tr\/ataturk-ilkeleri-ve-inkilap-tarihi-enstitusu\/?page_id=8734"},"modified":"2025-04-15T13:41:08","modified_gmt":"2025-04-15T10:41:08","slug":"akademik-personel","status":"publish","type":"page","link":"https:\/\/atauni.edu.tr\/ataturk-ilkeleri-ve-inkilap-tarihi-enstitusu\/akademik-personel\/","title":{"rendered":"Akademik Personel"},"content":{"rendered":"\t\t<div data-elementor-type=\"wp-page\" data-elementor-id=\"8734\" class=\"elementor elementor-8734\" data-elementor-post-type=\"page\">\n\t\t\t\t\t\t<section class=\"elementor-section elementor-top-section elementor-element elementor-element-aae5502 elementor-section-boxed elementor-section-height-default elementor-section-height-default\" data-id=\"aae5502\" data-element_type=\"section\">\n\t\t\t\t\t\t<div class=\"elementor-container elementor-column-gap-default\">\n\t\t\t\t\t<div class=\"elementor-column elementor-col-100 elementor-top-column elementor-element elementor-element-3672861\" data-id=\"3672861\" data-element_type=\"column\">\n\t\t\t<div class=\"elementor-widget-wrap elementor-element-populated\">\n\t\t\t\t\t\t<div class=\"elementor-element elementor-element-51af675 elementor-widget elementor-widget-shortcode\" data-id=\"51af675\" data-element_type=\"widget\" data-widget_type=\"shortcode.default\">\n\t\t\t\t<div class=\"elementor-widget-container\">\n\t\t\t\t\t        <div class=\"accordion\" id=\"personel-kart\">\n            <div class=\"card p-liste\">\n                <div class=\"card-header \" id=\"p-0\">\n                    <h2 class=\"mb-0\">\n                        <button class=\"btn btn-link collapsed\" type=\"button\" data-toggle=\"collapse\"\n                                data-target=\"#k-0\"\n                                aria-expanded=\"false\" aria-controls=\"collapseOne\">\n                            Prof. Dr. Asaf \u00d6zkan                        <\/button>\n                    <\/h2>\n                <\/div>\n\n                <div id=\"k-0\" class=\"collapse\" aria-labelledby=\"p-0\"\n                     data-parent=\"#personel-kart\" style=\"\">\n                    <div class=\"card-body\">\n                        <div class=\"row\">\n                            <div class=\"col-3 kart-resim\">\n                                <img decoding=\"async\" src=\"\/\/eski.atauni.edu.tr\/resizer.php?w=189&amp;h=228&amp;zc=1&amp;src=\/uploads\/profilResimleriSha1\/4a9ee2baf92028557b5c2cd924e0e847.png\"\n                                     class=\"img-fluid\">\n                            <\/div>\n                            <div class=\"col-7\">\n                                <h3 class=\"kart-baslik \">PROF\u0130L B\u0130LG\u0130S\u0130<\/h3>\n                                <div class=\"row\">\n                                    <div class=\"ad-soyad\">Prof. Dr. Asaf \u00d6zkan<\/div>\n                                    <div class=\"birim\">Atat\u00fcrk \u0130lkeleri ve \u0130nk\u0131l\u00e2p Tarihi Enstit\u00fcs\u00fc<\/div>\n                                    <div class=\"bilgiler\"><strong>E-Posta<\/strong>asaf.ozkan@atauni.edu.tr                                    <\/div>\n                                                                        <div class=\"bilgiler\"><strong>Profil<\/strong> <a target=\"_blank\"\n                                                                                     href=\"http:\/\/avesis.atauni.edu.tr\/asaf.ozkan\">https:\/\/avesis.atauni.edu.tr\/asaf.ozkan<\/a>\n                                    <\/div>\n                                    <div class=\"bilgiler\">\n                                        <strong>Telefon<\/strong>\n                                        +90 442 231                                        (1457)&nbsp;\n                                    <\/div>\n                                    <div class=\"bilgiler\"><strong>Posta Adresi<\/strong> <span\n                                                class=\"posta\">\n                                                                                                        Atat\u00fcrk \u00dcniversitesi \u0130nk\u0131lap Tarihi Enstit\u00fcs\u00fc 25240 Erzurum                                                                                                                                                                                                                                                                                                                                                                                                                                                                                                                                                <\/span>\n                                    <\/div>\n                                <\/div>\n                            <\/div>\n                            <div class=\"col-10 kart-egitim\">\n                                <h3>E\u011fitim<\/h3>\n                                <ul>\n\n                                    <li>Lisans, Atat\u00fcrk \u00dcniversitesi, Tarih, 2003<\/li><li>Y\u00fcksek Lisans, Atat\u00fcrk \u00dcniversitesi, ATAT\u00dcRK \u0130LKELER\u0130 VE \u0130NKILAP TAR\u0130H\u0130, 2005<\/li><li>Doktora, Atat\u00fcrk \u00dcniversitesi, ATAT\u00dcRK \u0130LKELER\u0130 VE \u0130NKILAP TAR\u0130H\u0130, 2011<\/li>\n                                <\/ul>\n                            <\/div>\n                             <!--<div class=\"col-2 qr\">\n                                <img decoding=\"async\" src=\"https:\/\/chart.googleapis.com\/chart?chs=100x100&amp;cht=qr&amp;chl=BEGIN:VCARD%0AVERSION:3.0%0ATITLE:%0AN:Asaf%20\u00d6zkan%0ATEL;type=WORK:%2B904422311457%0AEMAIL:asaf.ozkan@atauni.edu.tr%0AEND:VCARD\"\n                                     class=\"img-fluid qr\">\n                            <\/div>-->\n                        <\/div>\n                    <\/div>\n                <\/div>\n            <\/div>\n        <\/div>\n\n\n                <div class=\"accordion\" id=\"personel-kart\">\n            <div class=\"card p-liste\">\n                <div class=\"card-header \" id=\"p-1\">\n                    <h2 class=\"mb-0\">\n                        <button class=\"btn btn-link collapsed\" type=\"button\" data-toggle=\"collapse\"\n                                data-target=\"#k-1\"\n                                aria-expanded=\"false\" aria-controls=\"collapseOne\">\n                            Prof. Dr. Erdal Aydo\u011fan                        <\/button>\n                    <\/h2>\n                <\/div>\n\n                <div id=\"k-1\" class=\"collapse\" aria-labelledby=\"p-1\"\n                     data-parent=\"#personel-kart\" style=\"\">\n                    <div class=\"card-body\">\n                        <div class=\"row\">\n                            <div class=\"col-3 kart-resim\">\n                                <img decoding=\"async\" src=\"\/\/eski.atauni.edu.tr\/resizer.php?w=189&amp;h=228&amp;zc=1&amp;src=\/uploads\/profilResimleriSha1\/6e6cc46f329dd997d4ab914ab6f0eb6d.png\"\n                                     class=\"img-fluid\">\n                            <\/div>\n                            <div class=\"col-7\">\n                                <h3 class=\"kart-baslik \">PROF\u0130L B\u0130LG\u0130S\u0130<\/h3>\n                                <div class=\"row\">\n                                    <div class=\"ad-soyad\">Prof. Dr. Erdal Aydo\u011fan<\/div>\n                                    <div class=\"birim\">Atat\u00fcrk \u0130lkeleri ve \u0130nk\u0131l\u00e2p Tarihi Enstit\u00fcs\u00fc<\/div>\n                                    <div class=\"bilgiler\"><strong>E-Posta<\/strong>erdalaydogan@atauni.edu.tr                                    <\/div>\n                                                                        <div class=\"bilgiler\"><strong>Profil<\/strong> <a target=\"_blank\"\n                                                                                     href=\"http:\/\/avesis.atauni.edu.tr\/erdalaydogan\">https:\/\/avesis.atauni.edu.tr\/erdalaydogan<\/a>\n                                    <\/div>\n                                    <div class=\"bilgiler\">\n                                        <strong>Telefon<\/strong>\n                                        +90 442 231                                        (4463)&nbsp;\n                                    <\/div>\n                                    <div class=\"bilgiler\"><strong>Posta Adresi<\/strong> <span\n                                                class=\"posta\">\n                                                                                                        Atat\u00fcrk \u00dcniversitesi \u0130nk\u0131lap Tarihi Enstit\u00fcs\u00fc 25240 Erzurum                                                                                                                                                                                                                                                                                                                                                                                                                                                                                                                                                <\/span>\n                                    <\/div>\n                                <\/div>\n                            <\/div>\n                            <div class=\"col-10 kart-egitim\">\n                                <h3>E\u011fitim<\/h3>\n                                <ul>\n\n                                    <li>Lisans, Ankara \u00dcniversitesi \/DTCF, Tarih, 1992<\/li><li>Y\u00fcksek Lisans, Atat\u00fcrk \u00dcniversitesi, Atat\u00fcrk ilkeleri ve \u0130nk\u0131lap Tarihi, 1998<\/li><li>Doktora, Atat\u00fcrk \u00dcniversitesi, Atat\u00fcrk ilkeleri ve \u0130nk\u0131lap Tarihi, 2003<\/li><li>Dr. \u00d6\u011fr. \u00dcyesi, Atat\u00fcrk \u00dcniversitesi, Atat\u00fcrk \u0130lkeleri ve \u0130nk\u0131lap Tarihi, 2003<\/li><li>Lisans, Anadolu \u00dcniversitesi, Kamu Y\u00f6netimi, 2009<\/li><li>Do\u00e7ent, Atat\u00fcrk \u00dcniversitesi, Atat\u00fcrk \u0130nk\u0131laplar\u0131 ve T\u00fcrkiye Cumhuriyeti Tarihi, 2009<\/li><li>Lisans, Anadolu \u00dcniversitesi, Uluslararas\u0131 \u0130li\u015fkiler, 2014<\/li><li>Profes\u00f6r, Atat\u00fcrk \u00dcniversitesi, Atat\u00fcrk ink\u0131laplar\u0131 ve T\u00fcrkiye Cumhuriyeti Tarihi, 2014<\/li>\n                                <\/ul>\n                            <\/div>\n                             <!--<div class=\"col-2 qr\">\n                                <img decoding=\"async\" src=\"https:\/\/chart.googleapis.com\/chart?chs=100x100&amp;cht=qr&amp;chl=BEGIN:VCARD%0AVERSION:3.0%0ATITLE:%0AN:Erdal%20Aydo\u011fan%0ATEL;type=WORK:%2B904422314463%0AEMAIL:erdalaydogan@atauni.edu.tr%0AEND:VCARD\"\n                                     class=\"img-fluid qr\">\n                            <\/div>-->\n                        <\/div>\n                    <\/div>\n                <\/div>\n            <\/div>\n        <\/div>\n\n\n                <div class=\"accordion\" id=\"personel-kart\">\n            <div class=\"card p-liste\">\n                <div class=\"card-header \" id=\"p-2\">\n                    <h2 class=\"mb-0\">\n                        <button class=\"btn btn-link collapsed\" type=\"button\" data-toggle=\"collapse\"\n                                data-target=\"#k-2\"\n                                aria-expanded=\"false\" aria-controls=\"collapseOne\">\n                            Prof. Dr. Erkan Cevizliler                        <\/button>\n                    <\/h2>\n                <\/div>\n\n                <div id=\"k-2\" class=\"collapse\" aria-labelledby=\"p-2\"\n                     data-parent=\"#personel-kart\" style=\"\">\n                    <div class=\"card-body\">\n                        <div class=\"row\">\n                            <div class=\"col-3 kart-resim\">\n                                <img decoding=\"async\" src=\"\/\/eski.atauni.edu.tr\/resizer.php?w=189&amp;h=228&amp;zc=1&amp;src=\/uploads\/profilResimleriSha1\/f42c28ad1d15f22fb63e7792170f044c.png\"\n                                     class=\"img-fluid\">\n                            <\/div>\n                            <div class=\"col-7\">\n                                <h3 class=\"kart-baslik \">PROF\u0130L B\u0130LG\u0130S\u0130<\/h3>\n                                <div class=\"row\">\n                                    <div class=\"ad-soyad\">Prof. Dr. Erkan Cevizliler<\/div>\n                                    <div class=\"birim\">Atat\u00fcrk \u0130lkeleri ve \u0130nk\u0131l\u00e2p Tarihi Enstit\u00fcs\u00fc<\/div>\n                                    <div class=\"bilgiler\"><strong>E-Posta<\/strong>erkanc@atauni.edu.tr                                    <\/div>\n                                                                        <div class=\"bilgiler\"><strong>Profil<\/strong> <a target=\"_blank\"\n                                                                                     href=\"http:\/\/avesis.atauni.edu.tr\/erkanc\">https:\/\/avesis.atauni.edu.tr\/erkanc<\/a>\n                                    <\/div>\n                                    <div class=\"bilgiler\">\n                                        <strong>Telefon<\/strong>\n                                        +90 442 231                                        (4274)&nbsp;\n                                    <\/div>\n                                    <div class=\"bilgiler\"><strong>Posta Adresi<\/strong> <span\n                                                class=\"posta\">\n                                                                                                        Atat\u00fcrk \u00dcniversitesi \u0130nk\u0131lap Tarihi Enstit\u00fcs\u00fc 25240 Erzurum                                                                                                                                                                                                                                                                                                                                                                                                                                                                                                                                                <\/span>\n                                    <\/div>\n                                <\/div>\n                            <\/div>\n                            <div class=\"col-10 kart-egitim\">\n                                <h3>E\u011fitim<\/h3>\n                                <ul>\n\n                                    <li>Lisans, Atat\u00fcrk \u00dcniversitesi, Tarih E\u011fitimi\u00a0Anabilim Dal\u0131, 1997<\/li><li>Y\u00fcksek Lisans, Atat\u00fcrk \u00dcniversitesi, Atat\u00fcrk \u0130lkeleri ve \u0130nk\u0131l\u00e2p Tarihi Enstit\u00fcs\u00fc, 2000<\/li><li>Doktora, Atat\u00fcrk \u00dcniversitesi, Atat\u00fcrk \u0130lkeleri ve \u0130nk\u0131l\u00e2p Tarihi Enstit\u00fcs\u00fc, 2006<\/li><li>Dr. \u00d6\u011fr. \u00dcyesi, Atat\u00fcrk \u00dcniversitesi, ATAT\u00dcRK \u0130LKELER\u0130 VE iNKILAP TAR\u0130H\u0130 ENST\u0130T\u00dcS\u00dc, 2008<\/li><li>Do\u00e7ent, Atat\u00fcrk \u00dcniversitesi, ATAT\u00dcRK \u0130LKELER\u0130 VE iNKILAP TAR\u0130H\u0130 ENST\u0130T\u00dcS\u00dc, 2015<\/li>\n                                <\/ul>\n                            <\/div>\n                             <!--<div class=\"col-2 qr\">\n                                <img decoding=\"async\" src=\"https:\/\/chart.googleapis.com\/chart?chs=100x100&amp;cht=qr&amp;chl=BEGIN:VCARD%0AVERSION:3.0%0ATITLE:%0AN:Erkan%20Cevizliler%0ATEL;type=WORK:%2B904422314274%0AEMAIL:erkanc@atauni.edu.tr%0AEND:VCARD\"\n                                     class=\"img-fluid qr\">\n                            <\/div>-->\n                        <\/div>\n                    <\/div>\n                <\/div>\n            <\/div>\n        <\/div>\n\n\n                <div class=\"accordion\" id=\"personel-kart\">\n            <div class=\"card p-liste\">\n                <div class=\"card-header \" id=\"p-3\">\n                    <h2 class=\"mb-0\">\n                        <button class=\"btn btn-link collapsed\" type=\"button\" data-toggle=\"collapse\"\n                                data-target=\"#k-3\"\n                                aria-expanded=\"false\" aria-controls=\"collapseOne\">\n                            Prof. Dr. Sinever Esin Day\u0131                        <\/button>\n                    <\/h2>\n                <\/div>\n\n                <div id=\"k-3\" class=\"collapse\" aria-labelledby=\"p-3\"\n                     data-parent=\"#personel-kart\" style=\"\">\n                    <div class=\"card-body\">\n                        <div class=\"row\">\n                            <div class=\"col-3 kart-resim\">\n                                <img decoding=\"async\" src=\"\/\/eski.atauni.edu.tr\/resizer.php?w=189&amp;h=228&amp;zc=1&amp;src=\/uploads\/profilResimleriSha1\/d0a8e4306ca14bb65f882662de63c794.png\"\n                                     class=\"img-fluid\">\n                            <\/div>\n                            <div class=\"col-7\">\n                                <h3 class=\"kart-baslik \">PROF\u0130L B\u0130LG\u0130S\u0130<\/h3>\n                                <div class=\"row\">\n                                    <div class=\"ad-soyad\">Prof. Dr. Sinever Esin Day\u0131<\/div>\n                                    <div class=\"birim\">Atat\u00fcrk \u0130lkeleri ve \u0130nk\u0131l\u00e2p Tarihi Enstit\u00fcs\u00fc<\/div>\n                                    <div class=\"bilgiler\"><strong>E-Posta<\/strong>sdayi@atauni.edu.tr                                    <\/div>\n                                                                        <div class=\"bilgiler\"><strong>Profil<\/strong> <a target=\"_blank\"\n                                                                                     href=\"http:\/\/avesis.atauni.edu.tr\/sdayi\">https:\/\/avesis.atauni.edu.tr\/sdayi<\/a>\n                                    <\/div>\n                                    <div class=\"bilgiler\">\n                                        <strong>Telefon<\/strong>\n                                        +90 442 231                                        (2719-4464)&nbsp;\n                                    <\/div>\n                                    <div class=\"bilgiler\"><strong>Posta Adresi<\/strong> <span\n                                                class=\"posta\">\n                                                                                                        Atat\u00fcrk \u00dcniversitesi \u0130nk\u0131lap Tarihi Enstit\u00fcs\u00fc 25240 Erzurum                                                                                                                                                                                                                                                                                                                                                                                                                                                                                                                                                <\/span>\n                                    <\/div>\n                                <\/div>\n                            <\/div>\n                            <div class=\"col-10 kart-egitim\">\n                                <h3>E\u011fitim<\/h3>\n                                <ul>\n\n                                    <li>Y\u00fcksek Lisans, Atat\u00fcrk \u00dcniversitesi Sosyal Bilimler Enstit\u00fcs\u00fc, Genel Sosyoloji ve Metodoloji, <\/li><li>Lisans, Atat\u00fcrk \u00dcniversitesi Fen-Edebiyat Fak\u00fcltesi Tarih Program\u0131, Tarih, 1983<\/li><li>Y\u00fcksek Lisans, Atat\u00fcrk \u00dcniversitesi Atat\u00fcrk \u0130lkeleri ve \u0130nk\u0131lap Tarihi Enstit\u00fcs\u00fc, Atat\u00fcrk \u0130lkeleri ve \u0130nk\u0131lap Tarihi ABD, 1987<\/li><li>Doktora, Atat\u00fcrk \u00dcniversitesi Atat\u00fcrk \u0130lkeleri ve \u0130nk\u0131lap Tarihi Enstit\u00fcs\u00fc, Atat\u00fcrk \u00dcniversitesi Atat\u00fcrk \u0130lkeleri ve \u0130nk\u0131lap Tarihi ABD, 1991<\/li><li>Lisans, Atat\u00fcrk \u00dcniversitesi A\u00e7\u0131k\u00f6\u011fretim Fak\u00fcltesi, Sosyoloji, 2018<\/li><li>\u00d6nlisans, Atat\u00fcrk \u00dcniversitesi A\u00e7\u0131k\u00f6\u011fretim Fak\u00fcltesi, Adalet, 2021<\/li>\n                                <\/ul>\n                            <\/div>\n                             <!--<div class=\"col-2 qr\">\n                                <img decoding=\"async\" src=\"https:\/\/chart.googleapis.com\/chart?chs=100x100&amp;cht=qr&amp;chl=BEGIN:VCARD%0AVERSION:3.0%0ATITLE:%0AN:Sinever Esin%20Day\u0131%0ATEL;type=WORK:%2B904422312719-4464%0AEMAIL:sdayi@atauni.edu.tr%0AEND:VCARD\"\n                                     class=\"img-fluid qr\">\n                            <\/div>-->\n                        <\/div>\n                    <\/div>\n                <\/div>\n            <\/div>\n        <\/div>\n\n\n        \t\t<div class=\"elementor-shortcode\"><\/div>\n\t\t\t\t\t\t<\/div>\n\t\t\t\t<\/div>\n\t\t\t\t\t<\/div>\n\t\t<\/div>\n\t\t\t\t\t<\/div>\n\t\t<\/section>\n\t\t\t\t<\/div>\n\t\t","protected":false},"excerpt":{"rendered":"","protected":false},"author":644,"featured_media":0,"parent":0,"menu_order":0,"comment_status":"closed","ping_status":"closed","template":"","meta":{"footnotes":""},"class_list":["post-8734","page","type-page","status-publish","hentry"],"_links":{"self":[{"href":"https:\/\/atauni.edu.tr\/ataturk-ilkeleri-ve-inkilap-tarihi-enstitusu\/wp-json\/wp\/v2\/pages\/8734","targetHints":{"allow":["GET"]}}],"collection":[{"href":"https:\/\/atauni.edu.tr\/ataturk-ilkeleri-ve-inkilap-tarihi-enstitusu\/wp-json\/wp\/v2\/pages"}],"about":[{"href":"https:\/\/atauni.edu.tr\/ataturk-ilkeleri-ve-inkilap-tarihi-enstitusu\/wp-json\/wp\/v2\/types\/page"}],"author":[{"embeddable":true,"href":"https:\/\/atauni.edu.tr\/ataturk-ilkeleri-ve-inkilap-tarihi-enstitusu\/wp-json\/wp\/v2\/users\/644"}],"replies":[{"embeddable":true,"href":"https:\/\/atauni.edu.tr\/ataturk-ilkeleri-ve-inkilap-tarihi-enstitusu\/wp-json\/wp\/v2\/comments?post=8734"}],"version-history":[{"count":7,"href":"https:\/\/atauni.edu.tr\/ataturk-ilkeleri-ve-inkilap-tarihi-enstitusu\/wp-json\/wp\/v2\/pages\/8734\/revisions"}],"predecessor-version":[{"id":8800,"href":"https:\/\/atauni.edu.tr\/ataturk-ilkeleri-ve-inkilap-tarihi-enstitusu\/wp-json\/wp\/v2\/pages\/8734\/revisions\/8800"}],"wp:attachment":[{"href":"https:\/\/atauni.edu.tr\/ataturk-ilkeleri-ve-inkilap-tarihi-enstitusu\/wp-json\/wp\/v2\/media?parent=8734"}],"curies":[{"name":"wp","href":"https:\/\/api.w.org\/{rel}","templated":true}]}}