{"id":5638,"date":"2021-07-13T09:49:25","date_gmt":"2021-07-13T06:49:25","guid":{"rendered":"https:\/\/portaltest.atauni.edu.tr\/bilgisayar-muhendisligi\/?page_id=5638"},"modified":"2025-04-26T01:54:57","modified_gmt":"2025-04-25T22:54:57","slug":"tarihce","status":"publish","type":"page","link":"https:\/\/atauni.edu.tr\/atcilik-ve-antrenorlugu\/tarihce\/","title":{"rendered":"Tarih\u00e7e"},"content":{"rendered":"\t\t<div data-elementor-type=\"wp-page\" data-elementor-id=\"5638\" class=\"elementor elementor-5638\" data-elementor-post-type=\"page\">\n\t\t\t\t\t\t<section class=\"elementor-section elementor-top-section elementor-element elementor-element-730d320 elementor-section-boxed elementor-section-height-default elementor-section-height-default\" data-id=\"730d320\" data-element_type=\"section\">\n\t\t\t\t\t\t<div class=\"elementor-container elementor-column-gap-default\">\n\t\t\t\t\t<div class=\"elementor-column elementor-col-100 elementor-top-column elementor-element elementor-element-753d0860\" data-id=\"753d0860\" data-element_type=\"column\">\n\t\t\t<div class=\"elementor-widget-wrap\">\n\t\t\t\t\t\t\t<\/div>\n\t\t<\/div>\n\t\t\t\t\t<\/div>\n\t\t<\/section>\n\t\t\t\t<section class=\"elementor-section elementor-top-section elementor-element elementor-element-9be811a elementor-section-boxed elementor-section-height-default elementor-section-height-default\" data-id=\"9be811a\" data-element_type=\"section\">\n\t\t\t\t\t\t<div class=\"elementor-container elementor-column-gap-default\">\n\t\t\t\t\t<div class=\"elementor-column elementor-col-100 elementor-top-column elementor-element elementor-element-1ed847b7\" data-id=\"1ed847b7\" data-element_type=\"column\">\n\t\t\t<div class=\"elementor-widget-wrap elementor-element-populated\">\n\t\t\t\t\t\t<div class=\"elementor-element elementor-element-4ce0d07f elementor-widget elementor-widget-heading\" data-id=\"4ce0d07f\" data-element_type=\"widget\" data-widget_type=\"heading.default\">\n\t\t\t\t<div class=\"elementor-widget-container\">\n\t\t\t\t\t<h2 class=\"elementor-heading-title elementor-size-default\">Tarih\u00e7e<\/h2>\t\t\t\t<\/div>\n\t\t\t\t<\/div>\n\t\t\t\t<div class=\"elementor-element elementor-element-63260862 elementor-widget-divider--view-line elementor-widget elementor-widget-divider\" data-id=\"63260862\" data-element_type=\"widget\" data-widget_type=\"divider.default\">\n\t\t\t\t<div class=\"elementor-widget-container\">\n\t\t\t\t\t\t\t<div class=\"elementor-divider\">\n\t\t\t<span class=\"elementor-divider-separator\">\n\t\t\t\t\t\t<\/span>\n\t\t<\/div>\n\t\t\t\t\t\t<\/div>\n\t\t\t\t<\/div>\n\t\t\t\t\t<\/div>\n\t\t<\/div>\n\t\t\t\t\t<\/div>\n\t\t<\/section>\n\t\t\t\t<section class=\"elementor-section elementor-top-section elementor-element elementor-element-681db8b elementor-section-boxed elementor-section-height-default elementor-section-height-default\" data-id=\"681db8b\" data-element_type=\"section\">\n\t\t\t\t\t\t<div class=\"elementor-container elementor-column-gap-default\">\n\t\t\t\t\t<div class=\"elementor-column elementor-col-100 elementor-top-column elementor-element elementor-element-ad4dac5\" data-id=\"ad4dac5\" data-element_type=\"column\">\n\t\t\t<div class=\"elementor-widget-wrap elementor-element-populated\">\n\t\t\t\t\t\t<div class=\"elementor-element elementor-element-2f96b3d elementor-widget elementor-widget-text-editor\" data-id=\"2f96b3d\" data-element_type=\"widget\" data-widget_type=\"text-editor.default\">\n\t\t\t\t<div class=\"elementor-widget-container\">\n\t\t\t\t\t\t\t\t\t<div><h2><span style=\"font-family: 'Times New Roman', serif;font-size: 14pt;color: #000000;letter-spacing: 0px\">At\u00e7\u0131l\u0131k ve Antren\u00f6rl\u00fc\u011f\u00fc Program\u0131, Atat\u00fcrk \u00dcniversitesi Erzurum Meslek Y\u00fcksekokulu b\u00fcnyesinde, 2547 say\u0131l\u0131 Y\u00fcksek\u00f6\u011fretim Kanunu\u2019nun 2880 say\u0131l\u0131 Kanun\u2019la de\u011fi\u015fik 7\/d-2 maddesi uyar\u0131nca 2015 y\u0131l\u0131nda kurulmu\u015ftur. Program, 2018-2019 e\u011fitim-\u00f6\u011fretim y\u0131l\u0131nda ilk kez \u00f6\u011frenci kabul etmi\u015f ve 2020 y\u0131l\u0131nda ilk mezunlar\u0131n\u0131 vermi\u015ftir.<\/span><\/h2><div><p style=\"line-height: 150%\"><span style=\"color: #000000\"><span style=\"font-family: 'Times New Roman', serif;font-size: 14pt;letter-spacing: 0px\">Y\u00fcksek\u00f6\u011fretim Kurulu Ba\u015fkanl\u0131\u011f\u0131\u2019n\u0131n 25.03.2020 tarihli karar\u0131 do\u011frultusunda, Erzurum Meslek Y\u00fcksekokulu\u2019nun Sosyal Bilimler Meslek Y\u00fcksekokulu ve Teknik Bilimler Meslek Y\u00fcksekokulu olarak ikiye ayr\u0131lmas\u0131yla birlikte, At\u00e7\u0131l\u0131k ve Antren\u00f6rl\u00fc\u011f\u00fc Program\u0131, Teknik Bilimler Meslek Y\u00fcksekokulu b\u00fcnyesinde e\u011fitim-\u00f6\u011fretim faaliyetlerine devam etmektedir.<\/span><\/span><\/p><\/div><\/div><div>\u00a0<\/div>\t\t\t\t\t\t\t\t<\/div>\n\t\t\t\t<\/div>\n\t\t\t\t\t<\/div>\n\t\t<\/div>\n\t\t\t\t\t<\/div>\n\t\t<\/section>\n\t\t\t\t<\/div>\n\t\t","protected":false},"excerpt":{"rendered":"<p>Tarih\u00e7e At\u00e7\u0131l\u0131k ve Antren\u00f6rl\u00fc\u011f\u00fc Program\u0131, Atat\u00fcrk \u00dcniversitesi Erzurum Meslek Y\u00fcksekokulu b\u00fcnyesinde, 2547 say\u0131l\u0131 Y\u00fcksek\u00f6\u011fretim Kanunu\u2019nun 2880 say\u0131l\u0131 Kanun\u2019la de\u011fi\u015fik 7\/d-2 maddesi uyar\u0131nca 2015 y\u0131l\u0131nda kurulmu\u015ftur. Program, 2018-2019 e\u011fitim-\u00f6\u011fretim y\u0131l\u0131nda ilk kez \u00f6\u011frenci kabul etmi\u015f ve 2020 y\u0131l\u0131nda ilk mezunlar\u0131n\u0131 vermi\u015ftir. Y\u00fcksek\u00f6\u011fretim Kurulu Ba\u015fkanl\u0131\u011f\u0131\u2019n\u0131n 25.03.2020 tarihli karar\u0131 do\u011frultusunda, Erzurum Meslek Y\u00fcksekokulu\u2019nun Sosyal Bilimler Meslek Y\u00fcksekokulu ve [&hellip;]<\/p>\n","protected":false},"author":1,"featured_media":0,"parent":0,"menu_order":0,"comment_status":"closed","ping_status":"closed","template":"","meta":{"footnotes":""},"class_list":["post-5638","page","type-page","status-publish","hentry"],"_links":{"self":[{"href":"https:\/\/atauni.edu.tr\/atcilik-ve-antrenorlugu\/wp-json\/wp\/v2\/pages\/5638","targetHints":{"allow":["GET"]}}],"collection":[{"href":"https:\/\/atauni.edu.tr\/atcilik-ve-antrenorlugu\/wp-json\/wp\/v2\/pages"}],"about":[{"href":"https:\/\/atauni.edu.tr\/atcilik-ve-antrenorlugu\/wp-json\/wp\/v2\/types\/page"}],"author":[{"embeddable":true,"href":"https:\/\/atauni.edu.tr\/atcilik-ve-antrenorlugu\/wp-json\/wp\/v2\/users\/1"}],"replies":[{"embeddable":true,"href":"https:\/\/atauni.edu.tr\/atcilik-ve-antrenorlugu\/wp-json\/wp\/v2\/comments?post=5638"}],"version-history":[{"count":25,"href":"https:\/\/atauni.edu.tr\/atcilik-ve-antrenorlugu\/wp-json\/wp\/v2\/pages\/5638\/revisions"}],"predecessor-version":[{"id":6732,"href":"https:\/\/atauni.edu.tr\/atcilik-ve-antrenorlugu\/wp-json\/wp\/v2\/pages\/5638\/revisions\/6732"}],"wp:attachment":[{"href":"https:\/\/atauni.edu.tr\/atcilik-ve-antrenorlugu\/wp-json\/wp\/v2\/media?parent=5638"}],"curies":[{"name":"wp","href":"https:\/\/api.w.org\/{rel}","templated":true}]}}