{"id":5682,"date":"2021-07-13T10:10:01","date_gmt":"2021-07-13T07:10:01","guid":{"rendered":"https:\/\/portaltest.atauni.edu.tr\/bilgisayar-muhendisligi\/?page_id=5682"},"modified":"2025-04-26T02:36:22","modified_gmt":"2025-04-25T23:36:22","slug":"misyon-vizyon-ve-temel-degerler","status":"publish","type":"page","link":"https:\/\/atauni.edu.tr\/atcilik-ve-antrenorlugu\/misyon-vizyon-ve-temel-degerler\/","title":{"rendered":"Misyon, Vizyon ve Temel De\u011ferler"},"content":{"rendered":"\t\t<div data-elementor-type=\"wp-page\" data-elementor-id=\"5682\" class=\"elementor elementor-5682\" data-elementor-post-type=\"page\">\n\t\t\t\t\t\t<section class=\"elementor-section elementor-top-section elementor-element elementor-element-730d320 elementor-section-boxed elementor-section-height-default elementor-section-height-default\" data-id=\"730d320\" data-element_type=\"section\">\n\t\t\t\t\t\t<div class=\"elementor-container elementor-column-gap-default\">\n\t\t\t\t\t<div class=\"elementor-column elementor-col-100 elementor-top-column elementor-element elementor-element-753d0860\" data-id=\"753d0860\" data-element_type=\"column\">\n\t\t\t<div class=\"elementor-widget-wrap\">\n\t\t\t\t\t\t\t<\/div>\n\t\t<\/div>\n\t\t\t\t\t<\/div>\n\t\t<\/section>\n\t\t\t\t<section class=\"elementor-section elementor-top-section elementor-element elementor-element-9be811a elementor-section-boxed elementor-section-height-default elementor-section-height-default\" data-id=\"9be811a\" data-element_type=\"section\">\n\t\t\t\t\t\t<div class=\"elementor-container elementor-column-gap-default\">\n\t\t\t\t\t<div class=\"elementor-column elementor-col-100 elementor-top-column elementor-element elementor-element-1ed847b7\" data-id=\"1ed847b7\" data-element_type=\"column\">\n\t\t\t<div class=\"elementor-widget-wrap elementor-element-populated\">\n\t\t\t\t\t\t<div class=\"elementor-element elementor-element-4ce0d07f elementor-widget elementor-widget-heading\" data-id=\"4ce0d07f\" data-element_type=\"widget\" data-widget_type=\"heading.default\">\n\t\t\t\t<div class=\"elementor-widget-container\">\n\t\t\t\t\t<h2 class=\"elementor-heading-title elementor-size-default\">Misyon, Vizyon ve Temel De\u011ferler<\/h2>\t\t\t\t<\/div>\n\t\t\t\t<\/div>\n\t\t\t\t<div class=\"elementor-element elementor-element-63260862 elementor-widget-divider--view-line elementor-widget elementor-widget-divider\" data-id=\"63260862\" data-element_type=\"widget\" data-widget_type=\"divider.default\">\n\t\t\t\t<div class=\"elementor-widget-container\">\n\t\t\t\t\t\t\t<div class=\"elementor-divider\">\n\t\t\t<span class=\"elementor-divider-separator\">\n\t\t\t\t\t\t<\/span>\n\t\t<\/div>\n\t\t\t\t\t\t<\/div>\n\t\t\t\t<\/div>\n\t\t\t\t\t<\/div>\n\t\t<\/div>\n\t\t\t\t\t<\/div>\n\t\t<\/section>\n\t\t\t\t<section class=\"elementor-section elementor-top-section elementor-element elementor-element-d2e6d9c elementor-section-boxed elementor-section-height-default elementor-section-height-default\" data-id=\"d2e6d9c\" data-element_type=\"section\">\n\t\t\t\t\t\t<div class=\"elementor-container elementor-column-gap-default\">\n\t\t\t\t\t<div class=\"elementor-column elementor-col-100 elementor-top-column elementor-element elementor-element-efae265\" data-id=\"efae265\" data-element_type=\"column\">\n\t\t\t<div class=\"elementor-widget-wrap elementor-element-populated\">\n\t\t\t\t\t\t<div class=\"elementor-element elementor-element-6e0cb03 elementor-widget elementor-widget-text-editor\" data-id=\"6e0cb03\" data-element_type=\"widget\" data-widget_type=\"text-editor.default\">\n\t\t\t\t<div class=\"elementor-widget-container\">\n\t\t\t\t\t\t\t\t\t<p style=\"text-align: justify;line-height: 150%\"><b><span style=\"color: black\">\u00a0 \u00a0 \u00a0 <span style=\"color: #000000\">\u00a0 M\u0130SYON<\/span><\/span><\/b><\/p><p style=\"text-align: justify;background-image: initial;background-position: initial;background-size: initial;background-repeat: initial;background-attachment: initial;margin-top: 2rem;margin-right: 2rem;margin-left: 2rem\"><span style=\"color: #000000\">At\u00e7\u0131l\u0131k ve Antren\u00f6rl\u00fc\u011f\u00fc program\u0131n\u0131n \u00fclkemiz at\u00e7\u0131l\u0131\u011f\u0131n\u0131 daha y\u00fcksek standartlara kavu\u015fturmak i\u00e7in konusunda bilgili, meslek ahlak\u0131n\u0131n gerektirdi\u011fi kurallara uyan, sekt\u00f6r\u00fcn ihtiyac\u0131na cevap verebilecek, at\u00e7\u0131l\u0131\u011fa g\u00f6n\u00fcl vermi\u015f insan g\u00fcc\u00fcn\u00fc yeti\u015ftirmek misyonumuzdur.<\/span><\/p><p style=\"text-align: justify;background-image: initial;background-position: initial;background-size: initial;background-repeat: initial;background-attachment: initial;margin-top: 2rem;margin-right: 2rem;margin-left: 2rem\"><span style=\"color: #000000\"><b style=\"font-size: 1rem\">V\u0130ZYON<\/b><\/span><\/p><p style=\"text-align: justify;background-image: initial;background-position: initial;background-size: initial;background-repeat: initial;background-attachment: initial;margin-top: 2rem;margin-right: 2rem;margin-left: 2rem\"><span style=\"color: #000000\">Y\u00fcksekokulumuzun sekt\u00f6r\u00fcn bir par\u00e7as\u0131 olarak i\u015flev g\u00f6rmesini sa\u011flayarak, \u00f6\u011frencilerimizin \u00fclkemiz at\u00e7\u0131l\u0131\u011f\u0131na hizmet vermeleri ve b\u00f6ylece meslek sahibi vatanda\u015flar olmalar\u0131, at\u00e7\u0131l\u0131k sek\u00adt\u00f6r\u00fcn\u00fcn daha verimli ve d\u00fcnya \u00e7ap\u0131nda hak etti\u011fi ekonomik de\u011fere ula\u015fabilmesi program\u0131n vizyonudur.<\/span><\/p>\t\t\t\t\t\t\t\t<\/div>\n\t\t\t\t<\/div>\n\t\t\t\t\t<\/div>\n\t\t<\/div>\n\t\t\t\t\t<\/div>\n\t\t<\/section>\n\t\t\t\t<\/div>\n\t\t","protected":false},"excerpt":{"rendered":"<p>Misyon, Vizyon ve Temel De\u011ferler \u00a0 \u00a0 \u00a0 \u00a0 M\u0130SYON At\u00e7\u0131l\u0131k ve Antren\u00f6rl\u00fc\u011f\u00fc program\u0131n\u0131n \u00fclkemiz at\u00e7\u0131l\u0131\u011f\u0131n\u0131 daha y\u00fcksek standartlara kavu\u015fturmak i\u00e7in konusunda bilgili, meslek ahlak\u0131n\u0131n gerektirdi\u011fi kurallara uyan, sekt\u00f6r\u00fcn ihtiyac\u0131na cevap verebilecek, at\u00e7\u0131l\u0131\u011fa g\u00f6n\u00fcl vermi\u015f insan g\u00fcc\u00fcn\u00fc yeti\u015ftirmek misyonumuzdur. V\u0130ZYON Y\u00fcksekokulumuzun sekt\u00f6r\u00fcn bir par\u00e7as\u0131 olarak i\u015flev g\u00f6rmesini sa\u011flayarak, \u00f6\u011frencilerimizin \u00fclkemiz at\u00e7\u0131l\u0131\u011f\u0131na hizmet vermeleri ve b\u00f6ylece [&hellip;]<\/p>\n","protected":false},"author":1,"featured_media":0,"parent":0,"menu_order":0,"comment_status":"closed","ping_status":"closed","template":"elementor_header_footer","meta":{"footnotes":""},"class_list":["post-5682","page","type-page","status-publish","hentry"],"_links":{"self":[{"href":"https:\/\/atauni.edu.tr\/atcilik-ve-antrenorlugu\/wp-json\/wp\/v2\/pages\/5682","targetHints":{"allow":["GET"]}}],"collection":[{"href":"https:\/\/atauni.edu.tr\/atcilik-ve-antrenorlugu\/wp-json\/wp\/v2\/pages"}],"about":[{"href":"https:\/\/atauni.edu.tr\/atcilik-ve-antrenorlugu\/wp-json\/wp\/v2\/types\/page"}],"author":[{"embeddable":true,"href":"https:\/\/atauni.edu.tr\/atcilik-ve-antrenorlugu\/wp-json\/wp\/v2\/users\/1"}],"replies":[{"embeddable":true,"href":"https:\/\/atauni.edu.tr\/atcilik-ve-antrenorlugu\/wp-json\/wp\/v2\/comments?post=5682"}],"version-history":[{"count":23,"href":"https:\/\/atauni.edu.tr\/atcilik-ve-antrenorlugu\/wp-json\/wp\/v2\/pages\/5682\/revisions"}],"predecessor-version":[{"id":6765,"href":"https:\/\/atauni.edu.tr\/atcilik-ve-antrenorlugu\/wp-json\/wp\/v2\/pages\/5682\/revisions\/6765"}],"wp:attachment":[{"href":"https:\/\/atauni.edu.tr\/atcilik-ve-antrenorlugu\/wp-json\/wp\/v2\/media?parent=5682"}],"curies":[{"name":"wp","href":"https:\/\/api.w.org\/{rel}","templated":true}]}}