{"id":6544,"date":"2025-04-24T18:02:21","date_gmt":"2025-04-24T15:02:21","guid":{"rendered":"https:\/\/birimler.atauni.edu.tr\/atcilik-ve-antrenorlugu\/?page_id=6544"},"modified":"2025-04-24T19:07:25","modified_gmt":"2025-04-24T16:07:25","slug":"anket-formlari","status":"publish","type":"page","link":"https:\/\/atauni.edu.tr\/atcilik-ve-antrenorlugu\/anket-formlari\/","title":{"rendered":"Anket Formlar\u0131"},"content":{"rendered":"\t\t<div data-elementor-type=\"wp-page\" data-elementor-id=\"6544\" class=\"elementor elementor-6544\" data-elementor-post-type=\"page\">\n\t\t\t\t\t\t<section class=\"elementor-section elementor-top-section elementor-element elementor-element-f70447a elementor-section-boxed elementor-section-height-default elementor-section-height-default\" data-id=\"f70447a\" data-element_type=\"section\">\n\t\t\t\t\t\t<div class=\"elementor-container elementor-column-gap-default\">\n\t\t\t\t\t<div class=\"elementor-column elementor-col-100 elementor-top-column elementor-element elementor-element-ec496bc\" data-id=\"ec496bc\" data-element_type=\"column\">\n\t\t\t<div class=\"elementor-widget-wrap elementor-element-populated\">\n\t\t\t\t\t\t<div class=\"elementor-element elementor-element-9afd260 elementor-widget elementor-widget-heading\" data-id=\"9afd260\" data-element_type=\"widget\" data-widget_type=\"heading.default\">\n\t\t\t\t<div class=\"elementor-widget-container\">\n\t\t\t\t\t<h2 class=\"elementor-heading-title elementor-size-default\"><a href=\"https:\/\/docs.google.com\/forms\/d\/1eAQ4Lfsz0syWQkkARt6yz14ZN6pQ4JiPdgrzrI0lAvo\/edit\">Atat\u00fcrk \u00dcniversitesi TBMYO At\u00e7\u0131l\u0131k ve Antren\u00f6rl\u00fc\u011f\u00fc Program\u0131  Dan\u0131\u015fmanl\u0131k Hizmetleri Anket Formu<\/a><\/h2>\t\t\t\t<\/div>\n\t\t\t\t<\/div>\n\t\t\t\t\t<\/div>\n\t\t<\/div>\n\t\t\t\t\t<\/div>\n\t\t<\/section>\n\t\t\t\t<section class=\"elementor-section elementor-top-section elementor-element elementor-element-c8c8d57 elementor-section-boxed elementor-section-height-default elementor-section-height-default\" data-id=\"c8c8d57\" data-element_type=\"section\">\n\t\t\t\t\t\t<div class=\"elementor-container elementor-column-gap-default\">\n\t\t\t\t\t<div class=\"elementor-column elementor-col-100 elementor-top-column elementor-element elementor-element-6a6de43\" data-id=\"6a6de43\" data-element_type=\"column\">\n\t\t\t<div class=\"elementor-widget-wrap elementor-element-populated\">\n\t\t\t\t\t\t<div class=\"elementor-element elementor-element-f9837eb elementor-widget elementor-widget-heading\" data-id=\"f9837eb\" data-element_type=\"widget\" data-widget_type=\"heading.default\">\n\t\t\t\t<div class=\"elementor-widget-container\">\n\t\t\t\t\t<h2 class=\"elementor-heading-title elementor-size-default\"><a href=\"https:\/\/docs.google.com\/forms\/d\/e\/1FAIpQLSes52uojgPRJTndNdscz8K2QRYnu9bu-iGMZSsu5ogDqtk9yQ\/viewform?usp=header\">Atat\u00fcrk \u00dcniversitesi TBMYO At\u00e7\u0131l\u0131k ve Antren\u00f6rl\u00fc\u011f\u00fc Program\u0131  Son S\u0131n\u0131f \u00d6\u011frenci Anket Formu<\/a><\/h2>\t\t\t\t<\/div>\n\t\t\t\t<\/div>\n\t\t\t\t\t<\/div>\n\t\t<\/div>\n\t\t\t\t\t<\/div>\n\t\t<\/section>\n\t\t\t\t<section class=\"elementor-section elementor-top-section elementor-element elementor-element-a2fd5b8 elementor-section-boxed elementor-section-height-default elementor-section-height-default\" data-id=\"a2fd5b8\" data-element_type=\"section\">\n\t\t\t\t\t\t<div class=\"elementor-container elementor-column-gap-default\">\n\t\t\t\t\t<div class=\"elementor-column elementor-col-100 elementor-top-column elementor-element elementor-element-caebac2\" data-id=\"caebac2\" data-element_type=\"column\">\n\t\t\t<div class=\"elementor-widget-wrap elementor-element-populated\">\n\t\t\t\t\t\t<div class=\"elementor-element elementor-element-cb57454 elementor-widget elementor-widget-heading\" data-id=\"cb57454\" data-element_type=\"widget\" data-widget_type=\"heading.default\">\n\t\t\t\t<div class=\"elementor-widget-container\">\n\t\t\t\t\t<h2 class=\"elementor-heading-title elementor-size-default\"><a href=\"https:\/\/docs.google.com\/forms\/d\/1aJCUPp8GZj-CsI9StXlc1OlZx1k_AvqrvHZlTkdyit4\/edit\">Atat\u00fcrk \u00dcniversitesi TBMYO At\u00e7\u0131l\u0131k ve Antren\u00f6rl\u00fc\u011f\u00fc Program\u0131  Mezun \u00d6\u011frenci Anket Formu<\/a><\/h2>\t\t\t\t<\/div>\n\t\t\t\t<\/div>\n\t\t\t\t\t<\/div>\n\t\t<\/div>\n\t\t\t\t\t<\/div>\n\t\t<\/section>\n\t\t\t\t<\/div>\n\t\t","protected":false},"excerpt":{"rendered":"<p>Atat\u00fcrk \u00dcniversitesi TBMYO At\u00e7\u0131l\u0131k ve Antren\u00f6rl\u00fc\u011f\u00fc Program\u0131 Dan\u0131\u015fmanl\u0131k Hizmetleri Anket Formu Atat\u00fcrk \u00dcniversitesi TBMYO At\u00e7\u0131l\u0131k ve Antren\u00f6rl\u00fc\u011f\u00fc Program\u0131 Son S\u0131n\u0131f \u00d6\u011frenci Anket Formu Atat\u00fcrk \u00dcniversitesi TBMYO At\u00e7\u0131l\u0131k ve Antren\u00f6rl\u00fc\u011f\u00fc Program\u0131 Mezun \u00d6\u011frenci Anket Formu<\/p>\n","protected":false},"author":160,"featured_media":0,"parent":0,"menu_order":0,"comment_status":"closed","ping_status":"closed","template":"","meta":{"footnotes":""},"class_list":["post-6544","page","type-page","status-publish","hentry"],"_links":{"self":[{"href":"https:\/\/atauni.edu.tr\/atcilik-ve-antrenorlugu\/wp-json\/wp\/v2\/pages\/6544","targetHints":{"allow":["GET"]}}],"collection":[{"href":"https:\/\/atauni.edu.tr\/atcilik-ve-antrenorlugu\/wp-json\/wp\/v2\/pages"}],"about":[{"href":"https:\/\/atauni.edu.tr\/atcilik-ve-antrenorlugu\/wp-json\/wp\/v2\/types\/page"}],"author":[{"embeddable":true,"href":"https:\/\/atauni.edu.tr\/atcilik-ve-antrenorlugu\/wp-json\/wp\/v2\/users\/160"}],"replies":[{"embeddable":true,"href":"https:\/\/atauni.edu.tr\/atcilik-ve-antrenorlugu\/wp-json\/wp\/v2\/comments?post=6544"}],"version-history":[{"count":16,"href":"https:\/\/atauni.edu.tr\/atcilik-ve-antrenorlugu\/wp-json\/wp\/v2\/pages\/6544\/revisions"}],"predecessor-version":[{"id":6561,"href":"https:\/\/atauni.edu.tr\/atcilik-ve-antrenorlugu\/wp-json\/wp\/v2\/pages\/6544\/revisions\/6561"}],"wp:attachment":[{"href":"https:\/\/atauni.edu.tr\/atcilik-ve-antrenorlugu\/wp-json\/wp\/v2\/media?parent=6544"}],"curies":[{"name":"wp","href":"https:\/\/api.w.org\/{rel}","templated":true}]}}