{"id":6907,"date":"2025-05-27T10:20:11","date_gmt":"2025-05-27T07:20:11","guid":{"rendered":"https:\/\/birimler.atauni.edu.tr\/atcilik-ve-antrenorlugu\/?page_id=6907"},"modified":"2025-05-27T10:21:20","modified_gmt":"2025-05-27T07:21:20","slug":"haberler","status":"publish","type":"page","link":"https:\/\/atauni.edu.tr\/atcilik-ve-antrenorlugu\/haberler\/","title":{"rendered":"Haberler"},"content":{"rendered":"\t\t<div data-elementor-type=\"wp-page\" data-elementor-id=\"6907\" class=\"elementor elementor-6907\" data-elementor-post-type=\"page\">\n\t\t\t\t\t\t<section class=\"elementor-section elementor-top-section elementor-element elementor-element-b952abc elementor-section-boxed elementor-section-height-default elementor-section-height-default\" data-id=\"b952abc\" data-element_type=\"section\">\n\t\t\t\t\t\t<div class=\"elementor-container elementor-column-gap-default\">\n\t\t\t\t\t<div class=\"elementor-column elementor-col-100 elementor-top-column elementor-element elementor-element-7d38770\" data-id=\"7d38770\" data-element_type=\"column\">\n\t\t\t<div class=\"elementor-widget-wrap elementor-element-populated\">\n\t\t\t\t\t\t<div class=\"elementor-element elementor-element-fa6c4a4 elementor-widget elementor-widget-shortcode\" data-id=\"fa6c4a4\" data-element_type=\"widget\" data-widget_type=\"shortcode.default\">\n\t\t\t\t<div class=\"elementor-widget-container\">\n\t\t\t\t\t\t\t<div class=\"elementor-shortcode\"><form method=\"get\" class=\"row g-3\" style=\"margin-bottom: 20px;\"><div class=\"col-md-3\"><input type=\"text\" name=\"haber_ara\" class=\"form-control\" placeholder=\"Haber ara...\" value=\"\"><\/div><div class=\"col-md-3\"><input type=\"date\" name=\"baslangic_tarihi\" class=\"form-control\" value=\"\"><\/div><div class=\"col-md-3\"><input type=\"date\" name=\"bitis_tarihi\" class=\"form-control\" value=\"\"><\/div><div class=\"col-md-3\"><button type=\"submit\" class=\"btn btn-secondary w-50\">Filtrele<\/button><\/div><\/form><ul class=\"kategori-yazilari-liste\"><li style=\"display: flex; margin-bottom: 10px; align-items: center;\"><div class=\"post-thumbnail\" style=\"margin-right: 15px;\"><a href=\"https:\/\/atauni.edu.tr\/atcilik-ve-antrenorlugu\/2025\/10\/27\/bolumumuz-ogretim-uyelerinden-ogr-gor-murat-temel-malatya-turgut-ozal-universitesi-tarafindan-duzenlenen-engellilik-ve-hipoterapi-paneline-davetli-konusmaci-olarak-katildi\/\"><img decoding=\"async\" width=\"150\" height=\"150\" src=\"https:\/\/atauni.edu.tr\/atcilik-ve-antrenorlugu\/wp-content\/uploads\/sites\/246\/2025\/10\/1760943831795.17607566388-150x150.jpeg\" class=\"attachment-thumbnail size-thumbnail wp-post-image\" alt=\"\" \/><\/a><\/div><div class=\"post-content\" style=\"flex-grow: 1;\"><span class=\"post-date habertarih\" style=\"display: block; font-weight: bold; margin-bottom: 5px;\">27 Ekim 2025<\/span><a class=\"haberbaslik\" href=\"https:\/\/atauni.edu.tr\/atcilik-ve-antrenorlugu\/2025\/10\/27\/bolumumuz-ogretim-uyelerinden-ogr-gor-murat-temel-malatya-turgut-ozal-universitesi-tarafindan-duzenlenen-engellilik-ve-hipoterapi-paneline-davetli-konusmaci-olarak-katildi\/\">B\u00f6l\u00fcm\u00fcm\u00fcz \u00d6\u011fretim Elemanlar\u0131ndan \u00d6\u011fr. G\u00f6r. Murat TEMEL Malatya Turgut \u00d6zal \u00dcniversitesi Taraf\u0131ndan D\u00fczenlenen \u201cEngellilik ve Hippoterapi&#8221; Paneline Davetli Konu\u015fmac\u0131 olarak kat\u0131ld\u0131.<\/a><\/div><\/li><li style=\"display: flex; margin-bottom: 10px; align-items: center;\"><div class=\"post-thumbnail\" style=\"margin-right: 15px;\"><a href=\"https:\/\/atauni.edu.tr\/atcilik-ve-antrenorlugu\/2025\/05\/29\/ogrencilerimiz-trt-erzurum-radyosunda-genc-yasam-programina-katildi\/\"><img decoding=\"async\" width=\"150\" height=\"150\" src=\"https:\/\/atauni.edu.tr\/atcilik-ve-antrenorlugu\/wp-content\/uploads\/sites\/246\/2025\/05\/radyo-2-150x150.png\" class=\"attachment-thumbnail size-thumbnail wp-post-image\" alt=\"\" \/><\/a><\/div><div class=\"post-content\" style=\"flex-grow: 1;\"><span class=\"post-date habertarih\" style=\"display: block; font-weight: bold; margin-bottom: 5px;\">29 May\u0131s 2025<\/span><a class=\"haberbaslik\" href=\"https:\/\/atauni.edu.tr\/atcilik-ve-antrenorlugu\/2025\/05\/29\/ogrencilerimiz-trt-erzurum-radyosunda-genc-yasam-programina-katildi\/\">\u00d6\u011frencilerimiz TRT Erzurum Radyosu\u2019nda \u201cGen\u00e7 Ya\u015fam\u201d Program\u0131na Kat\u0131ld\u0131<\/a><\/div><\/li><li style=\"display: flex; margin-bottom: 10px; align-items: center;\"><div class=\"post-thumbnail\" style=\"margin-right: 15px;\"><a href=\"https:\/\/atauni.edu.tr\/atcilik-ve-antrenorlugu\/2025\/05\/26\/ataturk-universitesi-kurumsal-akreditasyon-surecine-hazirlaniyor\/\"><img decoding=\"async\" width=\"150\" height=\"150\" src=\"https:\/\/atauni.edu.tr\/atcilik-ve-antrenorlugu\/wp-content\/uploads\/sites\/246\/2025\/05\/yokak-4-150x150.png\" class=\"attachment-thumbnail size-thumbnail wp-post-image\" alt=\"\" \/><\/a><\/div><div class=\"post-content\" style=\"flex-grow: 1;\"><span class=\"post-date habertarih\" style=\"display: block; font-weight: bold; margin-bottom: 5px;\">26 May\u0131s 2025<\/span><a class=\"haberbaslik\" href=\"https:\/\/atauni.edu.tr\/atcilik-ve-antrenorlugu\/2025\/05\/26\/ataturk-universitesi-kurumsal-akreditasyon-surecine-hazirlaniyor\/\">ATAT\u00dcRK \u00dcN\u0130VERS\u0130TES\u0130, KURUMSAL AKRED\u0130TASYON S\u00dcREC\u0130NE HAZIRLANIYOR<\/a><\/div><\/li><li style=\"display: flex; margin-bottom: 10px; align-items: center;\"><div class=\"post-thumbnail\" style=\"margin-right: 15px;\"><a href=\"https:\/\/atauni.edu.tr\/atcilik-ve-antrenorlugu\/2025\/04\/26\/ogrencilerimizle-birlikte-kudakaf-2025-fuarindayiz\/\"><img loading=\"lazy\" decoding=\"async\" width=\"150\" height=\"150\" src=\"https:\/\/atauni.edu.tr\/atcilik-ve-antrenorlugu\/wp-content\/uploads\/sites\/246\/2025\/04\/kudak25-kopya-150x150.png\" class=\"attachment-thumbnail size-thumbnail wp-post-image\" alt=\"\" \/><\/a><\/div><div class=\"post-content\" style=\"flex-grow: 1;\"><span class=\"post-date habertarih\" style=\"display: block; font-weight: bold; margin-bottom: 5px;\">26 Nisan 2025<\/span><a class=\"haberbaslik\" href=\"https:\/\/atauni.edu.tr\/atcilik-ve-antrenorlugu\/2025\/04\/26\/ogrencilerimizle-birlikte-kudakaf-2025-fuarindayiz\/\">\u00d6\u011frencilerimizle Birlikte KUDAKAF 2025 Fuar\u0131nday\u0131z<\/a><\/div><\/li><li style=\"display: flex; margin-bottom: 10px; align-items: center;\"><div class=\"post-thumbnail\" style=\"margin-right: 15px;\"><a href=\"https:\/\/atauni.edu.tr\/atcilik-ve-antrenorlugu\/2025\/04\/26\/turk-2025-1-uluslararasi-manas-bilim-ve-teknoloji-kongresi\/\"><img loading=\"lazy\" decoding=\"async\" width=\"150\" height=\"150\" src=\"https:\/\/atauni.edu.tr\/atcilik-ve-antrenorlugu\/wp-content\/uploads\/sites\/246\/2025\/04\/manas-150x150.png\" class=\"attachment-thumbnail size-thumbnail wp-post-image\" alt=\"\" \/><\/a><\/div><div class=\"post-content\" style=\"flex-grow: 1;\"><span class=\"post-date habertarih\" style=\"display: block; font-weight: bold; margin-bottom: 5px;\">26 Nisan 2025<\/span><a class=\"haberbaslik\" href=\"https:\/\/atauni.edu.tr\/atcilik-ve-antrenorlugu\/2025\/04\/26\/turk-2025-1-uluslararasi-manas-bilim-ve-teknoloji-kongresi\/\">TURK 2025: 1. Uluslararas\u0131 Manas Bilim ve Teknoloji Kongresi<\/a><\/div><\/li><li style=\"display: flex; margin-bottom: 10px; align-items: center;\"><div class=\"post-thumbnail\" style=\"margin-right: 15px;\"><a href=\"https:\/\/atauni.edu.tr\/atcilik-ve-antrenorlugu\/2025\/04\/26\/kudakaf-2025te-gelecegin-yol-haritasi-ciziliyor\/\"><img loading=\"lazy\" decoding=\"async\" width=\"150\" height=\"150\" src=\"https:\/\/atauni.edu.tr\/atcilik-ve-antrenorlugu\/wp-content\/uploads\/sites\/246\/2025\/04\/KUDAKAF1-150x150.png\" class=\"attachment-thumbnail size-thumbnail wp-post-image\" alt=\"\" \/><\/a><\/div><div class=\"post-content\" style=\"flex-grow: 1;\"><span class=\"post-date habertarih\" style=\"display: block; font-weight: bold; margin-bottom: 5px;\">26 Nisan 2025<\/span><a class=\"haberbaslik\" href=\"https:\/\/atauni.edu.tr\/atcilik-ve-antrenorlugu\/2025\/04\/26\/kudakaf-2025te-gelecegin-yol-haritasi-ciziliyor\/\">KUDAKAF 2025\u2019TE GELECE\u011e\u0130N YOL HAR\u0130TASI \u00c7\u0130Z\u0130L\u0130YOR<\/a><\/div><\/li><li style=\"display: flex; margin-bottom: 10px; align-items: center;\"><div class=\"post-thumbnail\" style=\"margin-right: 15px;\"><a href=\"https:\/\/atauni.edu.tr\/atcilik-ve-antrenorlugu\/2025\/04\/25\/kudakaf25\/\"><img loading=\"lazy\" decoding=\"async\" width=\"150\" height=\"150\" src=\"https:\/\/atauni.edu.tr\/atcilik-ve-antrenorlugu\/wp-content\/uploads\/sites\/246\/2025\/04\/karier-150x150.png\" class=\"attachment-thumbnail size-thumbnail wp-post-image\" alt=\"\" \/><\/a><\/div><div class=\"post-content\" style=\"flex-grow: 1;\"><span class=\"post-date habertarih\" style=\"display: block; font-weight: bold; margin-bottom: 5px;\">25 Nisan 2025<\/span><a class=\"haberbaslik\" href=\"https:\/\/atauni.edu.tr\/atcilik-ve-antrenorlugu\/2025\/04\/25\/kudakaf25\/\">KUDAKAF&#8217;25<\/a><\/div><\/li><li style=\"display: flex; margin-bottom: 10px; align-items: center;\"><div class=\"post-thumbnail\" style=\"margin-right: 15px;\"><a href=\"https:\/\/atauni.edu.tr\/atcilik-ve-antrenorlugu\/2025\/04\/23\/ii-atcilik-calistayi\/\"><img loading=\"lazy\" decoding=\"async\" width=\"150\" height=\"150\" src=\"https:\/\/atauni.edu.tr\/atcilik-ve-antrenorlugu\/wp-content\/uploads\/sites\/246\/2025\/04\/haber3-150x150.png\" class=\"attachment-thumbnail size-thumbnail wp-post-image\" alt=\"\" \/><\/a><\/div><div class=\"post-content\" style=\"flex-grow: 1;\"><span class=\"post-date habertarih\" style=\"display: block; font-weight: bold; margin-bottom: 5px;\">23 Nisan 2025<\/span><a class=\"haberbaslik\" href=\"https:\/\/atauni.edu.tr\/atcilik-ve-antrenorlugu\/2025\/04\/23\/ii-atcilik-calistayi\/\">II. At\u00e7\u0131l\u0131k \u00c7al\u0131\u015ftay\u0131<\/a><\/div><\/li><li style=\"display: flex; margin-bottom: 10px; align-items: center;\"><div class=\"post-thumbnail\" style=\"margin-right: 15px;\"><a href=\"https:\/\/atauni.edu.tr\/atcilik-ve-antrenorlugu\/2025\/04\/22\/atcilik-ve-antrenorlugu\/\"><img loading=\"lazy\" decoding=\"async\" width=\"150\" height=\"150\" src=\"https:\/\/atauni.edu.tr\/atcilik-ve-antrenorlugu\/wp-content\/uploads\/sites\/246\/2025\/04\/haber3-150x150.png\" class=\"attachment-thumbnail size-thumbnail wp-post-image\" alt=\"\" \/><\/a><\/div><div class=\"post-content\" style=\"flex-grow: 1;\"><span class=\"post-date habertarih\" style=\"display: block; font-weight: bold; margin-bottom: 5px;\">22 Nisan 2025<\/span><a class=\"haberbaslik\" href=\"https:\/\/atauni.edu.tr\/atcilik-ve-antrenorlugu\/2025\/04\/22\/atcilik-ve-antrenorlugu\/\">1. At\u00e7\u0131l\u0131k Akademik \u00c7al\u0131\u015ftay\u0131<\/a><\/div><\/li><\/ul><\/div>\n\t\t\t\t\t\t<\/div>\n\t\t\t\t<\/div>\n\t\t\t\t\t<\/div>\n\t\t<\/div>\n\t\t\t\t\t<\/div>\n\t\t<\/section>\n\t\t\t\t<\/div>\n\t\t","protected":false},"excerpt":{"rendered":"","protected":false},"author":1,"featured_media":0,"parent":0,"menu_order":0,"comment_status":"closed","ping_status":"closed","template":"","meta":{"footnotes":""},"class_list":["post-6907","page","type-page","status-publish","hentry"],"_links":{"self":[{"href":"https:\/\/atauni.edu.tr\/atcilik-ve-antrenorlugu\/wp-json\/wp\/v2\/pages\/6907","targetHints":{"allow":["GET"]}}],"collection":[{"href":"https:\/\/atauni.edu.tr\/atcilik-ve-antrenorlugu\/wp-json\/wp\/v2\/pages"}],"about":[{"href":"https:\/\/atauni.edu.tr\/atcilik-ve-antrenorlugu\/wp-json\/wp\/v2\/types\/page"}],"author":[{"embeddable":true,"href":"https:\/\/atauni.edu.tr\/atcilik-ve-antrenorlugu\/wp-json\/wp\/v2\/users\/1"}],"replies":[{"embeddable":true,"href":"https:\/\/atauni.edu.tr\/atcilik-ve-antrenorlugu\/wp-json\/wp\/v2\/comments?post=6907"}],"version-history":[{"count":4,"href":"https:\/\/atauni.edu.tr\/atcilik-ve-antrenorlugu\/wp-json\/wp\/v2\/pages\/6907\/revisions"}],"predecessor-version":[{"id":6916,"href":"https:\/\/atauni.edu.tr\/atcilik-ve-antrenorlugu\/wp-json\/wp\/v2\/pages\/6907\/revisions\/6916"}],"wp:attachment":[{"href":"https:\/\/atauni.edu.tr\/atcilik-ve-antrenorlugu\/wp-json\/wp\/v2\/media?parent=6907"}],"curies":[{"name":"wp","href":"https:\/\/api.w.org\/{rel}","templated":true}]}}