{"id":6910,"date":"2025-05-27T10:20:36","date_gmt":"2025-05-27T07:20:36","guid":{"rendered":"https:\/\/birimler.atauni.edu.tr\/atcilik-ve-antrenorlugu\/?page_id=6910"},"modified":"2025-05-27T10:21:57","modified_gmt":"2025-05-27T07:21:57","slug":"duyurular","status":"publish","type":"page","link":"https:\/\/atauni.edu.tr\/atcilik-ve-antrenorlugu\/duyurular\/","title":{"rendered":"Duyurular"},"content":{"rendered":"\t\t<div data-elementor-type=\"wp-page\" data-elementor-id=\"6910\" class=\"elementor elementor-6910\" data-elementor-post-type=\"page\">\n\t\t\t\t\t\t<section class=\"elementor-section elementor-top-section elementor-element elementor-element-60b6129 elementor-section-boxed elementor-section-height-default elementor-section-height-default\" data-id=\"60b6129\" data-element_type=\"section\">\n\t\t\t\t\t\t<div class=\"elementor-container elementor-column-gap-default\">\n\t\t\t\t\t<div class=\"elementor-column elementor-col-100 elementor-top-column elementor-element elementor-element-de87a7e\" data-id=\"de87a7e\" data-element_type=\"column\">\n\t\t\t<div class=\"elementor-widget-wrap elementor-element-populated\">\n\t\t\t\t\t\t<div class=\"elementor-element elementor-element-1f106d1 elementor-widget elementor-widget-shortcode\" data-id=\"1f106d1\" data-element_type=\"widget\" data-widget_type=\"shortcode.default\">\n\t\t\t\t<div class=\"elementor-widget-container\">\n\t\t\t\t\t\t\t<div class=\"elementor-shortcode\"><form method=\"get\" class=\"row g-3\" style=\"margin-bottom: 20px;\"><div class=\"col-md-3\"><input type=\"text\" name=\"Duyuru_ara\" class=\"form-control\" placeholder=\"Duyuru ara...\" value=\"\"><\/div><div class=\"col-md-3\"><input type=\"date\" name=\"baslangic_tarihi\" class=\"form-control\" value=\"\"><\/div><div class=\"col-md-3\"><input type=\"date\" name=\"bitis_tarihi\" class=\"form-control\" value=\"\"><\/div><div class=\"col-md-3\"><button type=\"submit\" class=\"btn btn-secondary w-50\">Filtrele<\/button><\/div><\/form><ul class=\"kategori-yazilari-liste\"><li style=\"display: flex; margin-bottom: 10px; align-items: center;\"><div class=\"post-content\" style=\"flex-grow: 1;\"><span class=\"post-date Duyurutarih\" style=\"display: block; font-weight: bold; margin-bottom: 5px;\">9 Kas\u0131m 2025<\/span><a class=\"Duyurubaslik\" href=\"https:\/\/atauni.edu.tr\/atcilik-ve-antrenorlugu\/2025\/11\/09\/2024-2025-bahar-yy-butunleme-sinav-programi-2\/\">2025-2026-G\u00dcZ-YY-Vize-Sinav Program\u0131<\/a><\/div><\/li><li style=\"display: flex; margin-bottom: 10px; align-items: center;\"><div class=\"post-content\" style=\"flex-grow: 1;\"><span class=\"post-date Duyurutarih\" style=\"display: block; font-weight: bold; margin-bottom: 5px;\">11 Haziran 2025<\/span><a class=\"Duyurubaslik\" href=\"https:\/\/atauni.edu.tr\/atcilik-ve-antrenorlugu\/2025\/06\/11\/2024-2025-bahar-yy-butunleme-sinav-programi\/\">2024-2025-Bahar-YY-Butunleme-Sinav Program\u0131<\/a><\/div><\/li><li style=\"display: flex; margin-bottom: 10px; align-items: center;\"><div class=\"post-content\" style=\"flex-grow: 1;\"><span class=\"post-date Duyurutarih\" style=\"display: block; font-weight: bold; margin-bottom: 5px;\">26 May\u0131s 2025<\/span><a class=\"Duyurubaslik\" href=\"https:\/\/atauni.edu.tr\/atcilik-ve-antrenorlugu\/2025\/05\/26\/2024-2025-bahar-yy-final-sinav-programi\/\">2024-2025 Bahar YY Final S\u0131nav Program\u0131<\/a><\/div><\/li><li style=\"display: flex; margin-bottom: 10px; align-items: center;\"><div class=\"post-content\" style=\"flex-grow: 1;\"><span class=\"post-date Duyurutarih\" style=\"display: block; font-weight: bold; margin-bottom: 5px;\">25 Nisan 2025<\/span><a class=\"Duyurubaslik\" href=\"https:\/\/atauni.edu.tr\/atcilik-ve-antrenorlugu\/2025\/04\/25\/2024-2025-egitim-ogretim-yili-yaz-donemi-zorunlu-staj-baslangic-ve-bitis-tarihleri\/\">STAJ YOL HAR\u0130TASI ve 2024-2025 E\u011e\u0130T\u0130M-\u00d6\u011eRET\u0130M YILI YAZ D\u00d6NEM\u0130 ZORUNLU STAJ BA\u015eLANGI\u00c7 ve B\u0130T\u0130\u015e TAR\u0130HLER\u0130<\/a><\/div><\/li><li style=\"display: flex; margin-bottom: 10px; align-items: center;\"><div class=\"post-content\" style=\"flex-grow: 1;\"><span class=\"post-date Duyurutarih\" style=\"display: block; font-weight: bold; margin-bottom: 5px;\">25 Nisan 2025<\/span><a class=\"Duyurubaslik\" href=\"https:\/\/atauni.edu.tr\/atcilik-ve-antrenorlugu\/2025\/04\/25\/2024-2025-egitim-ogretim-yili-bahar-donemi-vize-sinav-programlari\/\">2024-2025 E\u011fitim-\u00d6\u011fretim Y\u0131l\u0131 Bahar D\u00f6nemi Vize S\u0131nav Programlar\u0131<\/a><\/div><\/li><\/ul><\/div>\n\t\t\t\t\t\t<\/div>\n\t\t\t\t<\/div>\n\t\t\t\t\t<\/div>\n\t\t<\/div>\n\t\t\t\t\t<\/div>\n\t\t<\/section>\n\t\t\t\t<\/div>\n\t\t","protected":false},"excerpt":{"rendered":"","protected":false},"author":1,"featured_media":0,"parent":0,"menu_order":0,"comment_status":"closed","ping_status":"closed","template":"","meta":{"footnotes":""},"class_list":["post-6910","page","type-page","status-publish","hentry"],"_links":{"self":[{"href":"https:\/\/atauni.edu.tr\/atcilik-ve-antrenorlugu\/wp-json\/wp\/v2\/pages\/6910","targetHints":{"allow":["GET"]}}],"collection":[{"href":"https:\/\/atauni.edu.tr\/atcilik-ve-antrenorlugu\/wp-json\/wp\/v2\/pages"}],"about":[{"href":"https:\/\/atauni.edu.tr\/atcilik-ve-antrenorlugu\/wp-json\/wp\/v2\/types\/page"}],"author":[{"embeddable":true,"href":"https:\/\/atauni.edu.tr\/atcilik-ve-antrenorlugu\/wp-json\/wp\/v2\/users\/1"}],"replies":[{"embeddable":true,"href":"https:\/\/atauni.edu.tr\/atcilik-ve-antrenorlugu\/wp-json\/wp\/v2\/comments?post=6910"}],"version-history":[{"count":4,"href":"https:\/\/atauni.edu.tr\/atcilik-ve-antrenorlugu\/wp-json\/wp\/v2\/pages\/6910\/revisions"}],"predecessor-version":[{"id":6922,"href":"https:\/\/atauni.edu.tr\/atcilik-ve-antrenorlugu\/wp-json\/wp\/v2\/pages\/6910\/revisions\/6922"}],"wp:attachment":[{"href":"https:\/\/atauni.edu.tr\/atcilik-ve-antrenorlugu\/wp-json\/wp\/v2\/media?parent=6910"}],"curies":[{"name":"wp","href":"https:\/\/api.w.org\/{rel}","templated":true}]}}