{"id":7069,"date":"2025-11-09T14:01:34","date_gmt":"2025-11-09T11:01:34","guid":{"rendered":"https:\/\/birimler.atauni.edu.tr\/atcilik-ve-antrenorlugu\/?page_id=7069"},"modified":"2025-11-09T14:10:02","modified_gmt":"2025-11-09T11:10:02","slug":"formlar","status":"publish","type":"page","link":"https:\/\/atauni.edu.tr\/atcilik-ve-antrenorlugu\/formlar\/","title":{"rendered":"Formlar"},"content":{"rendered":"\t\t<div data-elementor-type=\"wp-page\" data-elementor-id=\"7069\" class=\"elementor elementor-7069\" data-elementor-post-type=\"page\">\n\t\t\t\t\t\t<section class=\"elementor-section elementor-top-section elementor-element elementor-element-cf4582e elementor-section-boxed elementor-section-height-default elementor-section-height-default\" data-id=\"cf4582e\" data-element_type=\"section\">\n\t\t\t\t\t\t<div class=\"elementor-container elementor-column-gap-default\">\n\t\t\t\t\t<div class=\"elementor-column elementor-col-100 elementor-top-column elementor-element elementor-element-7252b8f\" data-id=\"7252b8f\" data-element_type=\"column\">\n\t\t\t<div class=\"elementor-widget-wrap elementor-element-populated\">\n\t\t\t\t\t\t<div class=\"elementor-element elementor-element-edb2306 elementor-widget elementor-widget-text-editor\" data-id=\"edb2306\" data-element_type=\"widget\" data-widget_type=\"text-editor.default\">\n\t\t\t\t<div class=\"elementor-widget-container\">\n\t\t\t\t\t\t\t\t\t<h5><a href=\"http:\/\/birimler.atauni.edu.tr\/atcilik-ve-antrenorlugu\/wp-content\/uploads\/sites\/246\/2025\/11\/Staj-Dosyasi.pdf\"><span style=\"color: #003366\">STAJ DOSYASI<\/span><\/a><\/h5><h5><a href=\"http:\/\/birimler.atauni.edu.tr\/atcilik-ve-antrenorlugu\/wp-content\/uploads\/sites\/246\/2025\/11\/STAJ-DEGERLENDIRME-FORMU.pdf\"><span style=\"color: #003366\">STAJ DE\u011eERLEND\u0130RME FORMU<\/span><\/a><\/h5><h5><a href=\"http:\/\/birimler.atauni.edu.tr\/atcilik-ve-antrenorlugu\/wp-content\/uploads\/sites\/246\/2025\/11\/ODEV-DEGERLENDIRME-FORMU.pdf\"><span style=\"color: #003366\">\u00d6DEV-SUNU DE\u011eERLEND\u0130RME FORMU<\/span><\/a><\/h5>\t\t\t\t\t\t\t\t<\/div>\n\t\t\t\t<\/div>\n\t\t\t\t\t<\/div>\n\t\t<\/div>\n\t\t\t\t\t<\/div>\n\t\t<\/section>\n\t\t\t\t<\/div>\n\t\t","protected":false},"excerpt":{"rendered":"<p>STAJ DOSYASI STAJ DE\u011eERLEND\u0130RME FORMU \u00d6DEV-SUNU DE\u011eERLEND\u0130RME FORMU<\/p>\n","protected":false},"author":160,"featured_media":0,"parent":0,"menu_order":0,"comment_status":"closed","ping_status":"closed","template":"","meta":{"footnotes":""},"class_list":["post-7069","page","type-page","status-publish","hentry"],"_links":{"self":[{"href":"https:\/\/atauni.edu.tr\/atcilik-ve-antrenorlugu\/wp-json\/wp\/v2\/pages\/7069","targetHints":{"allow":["GET"]}}],"collection":[{"href":"https:\/\/atauni.edu.tr\/atcilik-ve-antrenorlugu\/wp-json\/wp\/v2\/pages"}],"about":[{"href":"https:\/\/atauni.edu.tr\/atcilik-ve-antrenorlugu\/wp-json\/wp\/v2\/types\/page"}],"author":[{"embeddable":true,"href":"https:\/\/atauni.edu.tr\/atcilik-ve-antrenorlugu\/wp-json\/wp\/v2\/users\/160"}],"replies":[{"embeddable":true,"href":"https:\/\/atauni.edu.tr\/atcilik-ve-antrenorlugu\/wp-json\/wp\/v2\/comments?post=7069"}],"version-history":[{"count":8,"href":"https:\/\/atauni.edu.tr\/atcilik-ve-antrenorlugu\/wp-json\/wp\/v2\/pages\/7069\/revisions"}],"predecessor-version":[{"id":7083,"href":"https:\/\/atauni.edu.tr\/atcilik-ve-antrenorlugu\/wp-json\/wp\/v2\/pages\/7069\/revisions\/7083"}],"wp:attachment":[{"href":"https:\/\/atauni.edu.tr\/atcilik-ve-antrenorlugu\/wp-json\/wp\/v2\/media?parent=7069"}],"curies":[{"name":"wp","href":"https:\/\/api.w.org\/{rel}","templated":true}]}}