{"id":5638,"date":"2021-07-13T09:49:25","date_gmt":"2021-07-13T06:49:25","guid":{"rendered":"https:\/\/portaltest.atauni.edu.tr\/bilgisayar-muhendisligi\/?page_id=5638"},"modified":"2021-09-13T13:54:39","modified_gmt":"2021-09-13T10:54:39","slug":"tarihce","status":"publish","type":"page","link":"https:\/\/atauni.edu.tr\/atik-ve-tehlikeli-atik-ofisi\/tarihce\/","title":{"rendered":"Tarih\u00e7e"},"content":{"rendered":"\t\t<div data-elementor-type=\"wp-page\" data-elementor-id=\"5638\" class=\"elementor elementor-5638\" data-elementor-post-type=\"page\">\n\t\t\t\t\t\t<section class=\"elementor-section elementor-top-section elementor-element elementor-element-730d320 elementor-section-boxed elementor-section-height-default elementor-section-height-default\" data-id=\"730d320\" data-element_type=\"section\">\n\t\t\t\t\t\t<div class=\"elementor-container elementor-column-gap-default\">\n\t\t\t\t\t<div class=\"elementor-column elementor-col-100 elementor-top-column elementor-element elementor-element-753d0860\" data-id=\"753d0860\" data-element_type=\"column\">\n\t\t\t<div class=\"elementor-widget-wrap\">\n\t\t\t\t\t\t\t<\/div>\n\t\t<\/div>\n\t\t\t\t\t<\/div>\n\t\t<\/section>\n\t\t\t\t<section class=\"elementor-section elementor-top-section elementor-element elementor-element-9be811a elementor-section-boxed elementor-section-height-default elementor-section-height-default\" data-id=\"9be811a\" data-element_type=\"section\">\n\t\t\t\t\t\t<div class=\"elementor-container elementor-column-gap-default\">\n\t\t\t\t\t<div class=\"elementor-column elementor-col-100 elementor-top-column elementor-element elementor-element-1ed847b7\" data-id=\"1ed847b7\" data-element_type=\"column\">\n\t\t\t<div class=\"elementor-widget-wrap elementor-element-populated\">\n\t\t\t\t\t\t<div class=\"elementor-element elementor-element-4ce0d07f elementor-widget elementor-widget-heading\" data-id=\"4ce0d07f\" data-element_type=\"widget\" data-widget_type=\"heading.default\">\n\t\t\t\t<div class=\"elementor-widget-container\">\n\t\t\t\t\t<h2 class=\"elementor-heading-title elementor-size-default\">Tarih\u00e7e<\/h2>\t\t\t\t<\/div>\n\t\t\t\t<\/div>\n\t\t\t\t<div class=\"elementor-element elementor-element-63260862 elementor-widget-divider--view-line elementor-widget elementor-widget-divider\" data-id=\"63260862\" data-element_type=\"widget\" data-widget_type=\"divider.default\">\n\t\t\t\t<div class=\"elementor-widget-container\">\n\t\t\t\t\t\t\t<div class=\"elementor-divider\">\n\t\t\t<span class=\"elementor-divider-separator\">\n\t\t\t\t\t\t<\/span>\n\t\t<\/div>\n\t\t\t\t\t\t<\/div>\n\t\t\t\t<\/div>\n\t\t\t\t\t<\/div>\n\t\t<\/div>\n\t\t\t\t\t<\/div>\n\t\t<\/section>\n\t\t\t\t<section class=\"elementor-section elementor-top-section elementor-element elementor-element-681db8b elementor-section-boxed elementor-section-height-default elementor-section-height-default\" data-id=\"681db8b\" data-element_type=\"section\">\n\t\t\t\t\t\t<div class=\"elementor-container elementor-column-gap-default\">\n\t\t\t\t\t<div class=\"elementor-column elementor-col-100 elementor-top-column elementor-element elementor-element-ad4dac5\" data-id=\"ad4dac5\" data-element_type=\"column\">\n\t\t\t<div class=\"elementor-widget-wrap elementor-element-populated\">\n\t\t\t\t\t\t<div class=\"elementor-element elementor-element-2f96b3d elementor-widget elementor-widget-text-editor\" data-id=\"2f96b3d\" data-element_type=\"widget\" data-widget_type=\"text-editor.default\">\n\t\t\t\t<div class=\"elementor-widget-container\">\n\t\t\t\t\t\t\t\t\t<p>Atat\u00fcrk \u00dcniversitesi Kat\u0131 ve Tehlikeli At\u0131k Y\u00f6netimi Ofisi, \u00e7evre koruma ve s\u00fcrd\u00fcr\u00fclebilirlik konular\u0131na verdi\u011fi \u00f6nem do\u011frultusunda ortaya \u00e7\u0131km\u0131\u015ft\u0131r. Ofis, \u00fcniversite b\u00fcnyesinde \u00e7evre bilinci yaratmak ve kat\u0131 serta tehlike arz eden at\u0131klar\u0131n y\u00f6netimine dair projeler geli\u015ftirmek amac\u0131yla kurulmu\u015ftur.<\/p>\n<p>Ofisin tarih\u00e7esi, \u00dcniversitenin \u00e7evresel sorumluluklar\u0131na olan fark\u0131ndal\u0131\u011f\u0131n\u0131n artmas\u0131yla birlikte ba\u015flam\u0131\u015ft\u0131r. \u00c7evre koruma konusundaki duyarl\u0131l\u0131\u011f\u0131n aumento edilmesi ve s\u00fcrd\u00fcr\u00fclebilirlik ilkelerine uyum sa\u011flamak i\u00e7in \u00e7e\u015fitli ad\u0131mlar at\u0131lm\u0131\u015ft\u0131r. Bu ba\u011flamda, kat\u0131 ve tehlike arz eden at\u0131klar\u0131n do\u011fru bir \u015fekilde y\u00f6netilmesi gereksinimi ortaya \u00e7\u0131km\u0131\u015ft\u0131r.<\/p>\n<p>Ofis, kuruldu\u011fu g\u00fcnden itibaren \u00fcniversite b\u00fcnyesindeki at\u0131k y\u00f6netimini iyile\u015ftirmek i\u00e7in \u00e7al\u0131\u015fmaktad\u0131r. At\u0131k olu\u015fumunun azalt\u0131lmas\u0131, geri kazan\u0131m ve geri d\u00f6n\u00fc\u015f\u00fcm uygulamalar\u0131n\u0131n art\u0131r\u0131lmas\u0131 konular\u0131na odaklanmaktad\u0131r. Ayr\u0131ca, personel ve \u00f6\u011frencilere y\u00f6nelik e\u011fitim ve bilin\u00e7lendirme faaliyetleri d\u00fczenleyerek \u00e7evre koruma k\u00fclt\u00fcr\u00fcn\u00fcn geli\u015fmesine katk\u0131da bulunmay\u0131 hedeflemektedir.<\/p>\n<p>Atat\u00fcrk \u00dcniversitesi Kat\u0131 ve Tehlikeli At\u0131k Y\u00f6netimi Ofisi, \u00e7evresel s\u00fcrd\u00fcr\u00fclebilirli\u011fi te\u015fvik etmek ve \u00fcniversite toplulu\u011funda \u00e7evre bilincini art\u0131rmak i\u00e7in varl\u0131\u011f\u0131n\u0131 s\u00fcrd\u00fcrmektedir. Ofis, gelecekte de \u00fcniversitenin \u00e7evre y\u00f6netimine dair hedeflerine ula\u015fmas\u0131na yard\u0131mc\u0131 olmak i\u00e7in s\u00fcrekli olarak \u00e7al\u0131\u015facakt\u0131r.<\/p>\t\t\t\t\t\t\t\t<\/div>\n\t\t\t\t<\/div>\n\t\t\t\t\t<\/div>\n\t\t<\/div>\n\t\t\t\t\t<\/div>\n\t\t<\/section>\n\t\t\t\t<\/div>\n\t\t","protected":false},"excerpt":{"rendered":"<p>Tarih\u00e7e Lorem Ipsum Nedir? Lorem Ipsum, dizgi ve bask\u0131 end\u00fcstrisinde kullan\u0131lan m\u0131g\u0131r metinlerdir. Lorem Ipsum, ad\u0131 bilinmeyen bir matbaac\u0131n\u0131n bir hurufat numune kitab\u0131 olu\u015fturmak \u00fczere bir yaz\u0131 galerisini alarak kar\u0131\u015ft\u0131rd\u0131\u011f\u0131 1500&#8217;lerden beri end\u00fcstri standard\u0131 sahte metinler olarak kullan\u0131lm\u0131\u015ft\u0131r. Be\u015fy\u00fcz y\u0131l boyunca varl\u0131\u011f\u0131n\u0131 s\u00fcrd\u00fcrmekle kalmam\u0131\u015f, ayn\u0131 zamanda pek de\u011fi\u015fmeden elektronik dizgiye de s\u0131\u00e7ram\u0131\u015ft\u0131r. 1960&#8217;larda Lorem Ipsum [&hellip;]<\/p>\n","protected":false},"author":1,"featured_media":0,"parent":0,"menu_order":0,"comment_status":"closed","ping_status":"closed","template":"","meta":{"footnotes":""},"class_list":["post-5638","page","type-page","status-publish","hentry"],"_links":{"self":[{"href":"https:\/\/atauni.edu.tr\/atik-ve-tehlikeli-atik-ofisi\/wp-json\/wp\/v2\/pages\/5638","targetHints":{"allow":["GET"]}}],"collection":[{"href":"https:\/\/atauni.edu.tr\/atik-ve-tehlikeli-atik-ofisi\/wp-json\/wp\/v2\/pages"}],"about":[{"href":"https:\/\/atauni.edu.tr\/atik-ve-tehlikeli-atik-ofisi\/wp-json\/wp\/v2\/types\/page"}],"author":[{"embeddable":true,"href":"https:\/\/atauni.edu.tr\/atik-ve-tehlikeli-atik-ofisi\/wp-json\/wp\/v2\/users\/1"}],"replies":[{"embeddable":true,"href":"https:\/\/atauni.edu.tr\/atik-ve-tehlikeli-atik-ofisi\/wp-json\/wp\/v2\/comments?post=5638"}],"version-history":[{"count":22,"href":"https:\/\/atauni.edu.tr\/atik-ve-tehlikeli-atik-ofisi\/wp-json\/wp\/v2\/pages\/5638\/revisions"}],"predecessor-version":[{"id":6127,"href":"https:\/\/atauni.edu.tr\/atik-ve-tehlikeli-atik-ofisi\/wp-json\/wp\/v2\/pages\/5638\/revisions\/6127"}],"wp:attachment":[{"href":"https:\/\/atauni.edu.tr\/atik-ve-tehlikeli-atik-ofisi\/wp-json\/wp\/v2\/media?parent=5638"}],"curies":[{"name":"wp","href":"https:\/\/api.w.org\/{rel}","templated":true}]}}