{"id":5682,"date":"2021-07-13T10:10:01","date_gmt":"2021-07-13T07:10:01","guid":{"rendered":"https:\/\/portaltest.atauni.edu.tr\/bilgisayar-muhendisligi\/?page_id=5682"},"modified":"2022-11-01T13:10:00","modified_gmt":"2022-11-01T10:10:00","slug":"misyon-vizyon-ve-temel-degerler","status":"publish","type":"page","link":"https:\/\/atauni.edu.tr\/bahce-bitkileri-bolumu\/misyon-vizyon-ve-temel-degerler\/","title":{"rendered":"Misyon, Vizyon ve Temel De\u011ferler"},"content":{"rendered":"\t\t<div data-elementor-type=\"wp-page\" data-elementor-id=\"5682\" class=\"elementor elementor-5682\" data-elementor-post-type=\"page\">\n\t\t\t\t\t\t<section class=\"elementor-section elementor-top-section elementor-element elementor-element-730d320 elementor-section-boxed elementor-section-height-default elementor-section-height-default\" data-id=\"730d320\" data-element_type=\"section\">\n\t\t\t\t\t\t<div class=\"elementor-container elementor-column-gap-default\">\n\t\t\t\t\t<div class=\"elementor-column elementor-col-100 elementor-top-column elementor-element elementor-element-753d0860\" data-id=\"753d0860\" data-element_type=\"column\">\n\t\t\t<div class=\"elementor-widget-wrap\">\n\t\t\t\t\t\t\t<\/div>\n\t\t<\/div>\n\t\t\t\t\t<\/div>\n\t\t<\/section>\n\t\t\t\t<section class=\"elementor-section elementor-top-section elementor-element elementor-element-9be811a elementor-section-boxed elementor-section-height-default elementor-section-height-default\" data-id=\"9be811a\" data-element_type=\"section\">\n\t\t\t\t\t\t<div class=\"elementor-container elementor-column-gap-default\">\n\t\t\t\t\t<div class=\"elementor-column elementor-col-100 elementor-top-column elementor-element elementor-element-1ed847b7\" data-id=\"1ed847b7\" data-element_type=\"column\">\n\t\t\t<div class=\"elementor-widget-wrap elementor-element-populated\">\n\t\t\t\t\t\t<div class=\"elementor-element elementor-element-4ce0d07f elementor-widget elementor-widget-heading\" data-id=\"4ce0d07f\" data-element_type=\"widget\" data-widget_type=\"heading.default\">\n\t\t\t\t<div class=\"elementor-widget-container\">\n\t\t\t\t\t<h2 class=\"elementor-heading-title elementor-size-default\">Misyon, Vizyon ve Temel De\u011ferler<\/h2>\t\t\t\t<\/div>\n\t\t\t\t<\/div>\n\t\t\t\t<div class=\"elementor-element elementor-element-63260862 elementor-widget-divider--view-line elementor-widget elementor-widget-divider\" data-id=\"63260862\" data-element_type=\"widget\" data-widget_type=\"divider.default\">\n\t\t\t\t<div class=\"elementor-widget-container\">\n\t\t\t\t\t\t\t<div class=\"elementor-divider\">\n\t\t\t<span class=\"elementor-divider-separator\">\n\t\t\t\t\t\t<\/span>\n\t\t<\/div>\n\t\t\t\t\t\t<\/div>\n\t\t\t\t<\/div>\n\t\t\t\t\t<\/div>\n\t\t<\/div>\n\t\t\t\t\t<\/div>\n\t\t<\/section>\n\t\t\t\t<section class=\"elementor-section elementor-top-section elementor-element elementor-element-681db8b elementor-section-boxed elementor-section-height-default elementor-section-height-default\" data-id=\"681db8b\" data-element_type=\"section\">\n\t\t\t\t\t\t<div class=\"elementor-container elementor-column-gap-default\">\n\t\t\t\t\t<div class=\"elementor-column elementor-col-100 elementor-top-column elementor-element elementor-element-ad4dac5\" data-id=\"ad4dac5\" data-element_type=\"column\">\n\t\t\t<div class=\"elementor-widget-wrap elementor-element-populated\">\n\t\t\t\t\t\t<div class=\"elementor-element elementor-element-2f96b3d elementor-widget elementor-widget-text-editor\" data-id=\"2f96b3d\" data-element_type=\"widget\" data-widget_type=\"text-editor.default\">\n\t\t\t\t<div class=\"elementor-widget-container\">\n\t\t\t\t\t\t\t\t\t<p><span style=\"font-size:12.0pt;,serif\">Bilimsel geli\u015fmeleri teknolojiye, \u00fcretime ve\ny\u00fcksek katma de\u011ferli \u00fcr\u00fcnlere d\u00f6n\u00fc\u015ft\u00fcren, tar\u0131ma dayal\u0131 sanayinin AR-GE ve kalite\nb\u00f6l\u00fcmlerinde \u00e7al\u0131\u015farak geli\u015fimine katk\u0131da bulunan, \u00e7al\u0131\u015ft\u0131\u011f\u0131 her alana de\u011fer\nkatabilen, geli\u015fen teknolojiye uyumlu, bilimsel geli\u015fmeleri \u00fcretime d\u00f6n\u00fc\u015ft\u00fcren,\nuluslararas\u0131 standartlarda Ziraat M\u00fchendisi, y\u00fcksek Ziraat M\u00fchendisi ve doktora\nd\u00fczeyinde elemanlar yeti\u015ftirmek; \u00fclke refah\u0131n\u0131 artt\u0131rmak ve ya\u015fam kalitesini\ny\u00fckseltmek \u00fczere, artan beklentileri kar\u015f\u0131layabilecek \u00fcr\u00fcn teknolojileri\nyaratan, uluslararas\u0131 ara\u015ft\u0131rma ve geli\u015ftirme \u00e7al\u0131\u015fmalar\u0131 yapmak; bilim ve\nteknolojiye dayal\u0131, uluslararas\u0131 standartlarda e\u011fitim-\u00f6\u011fretim, ara\u015ft\u0131rma ve dan\u0131\u015fmanl\u0131k\nhizmetleri sunmak; b\u00f6lgede yeni \u00fcretim alanlar\u0131n\u0131n saptanmas\u0131 veya mevcut\n\u00fcretim alanlar\u0131n\u0131n rehabilite edilmesi ve bu \u00fcretim potansiyelini art\u0131rmak\nb\u00f6l\u00fcm\u00fcm\u00fcz\u00fcn esas misyonudur. Ayr\u0131ca bu alanlarda bilimsel ara\u015ft\u0131rmalar yapmak,\nbu konularda e\u011fitim \u00f6\u011fretimde bulunmak bilhassa bulundu\u011fumuz b\u00f6lge \u015fartlar\u0131na\nuygun \u00fcr\u00fcn desenini geni\u015fletmek, b\u00f6lge yeti\u015ftiricisini her konuda\nbilgilendirmek, kurslar, seminerler, kongreler d\u00fczenlemek Bah\u00e7e Bitkileri\nB\u00f6l\u00fcm\u00fc\u2019n\u00fcn misyonunu olu\u015fturmaktad\u0131r.<\/span><br><\/p>\t\t\t\t\t\t\t\t<\/div>\n\t\t\t\t<\/div>\n\t\t\t\t\t<\/div>\n\t\t<\/div>\n\t\t\t\t\t<\/div>\n\t\t<\/section>\n\t\t\t\t<\/div>\n\t\t","protected":false},"excerpt":{"rendered":"<p>Misyon, Vizyon ve Temel De\u011ferler Bilimsel geli\u015fmeleri teknolojiye, \u00fcretime ve y\u00fcksek katma de\u011ferli \u00fcr\u00fcnlere d\u00f6n\u00fc\u015ft\u00fcren, tar\u0131ma dayal\u0131 sanayinin AR-GE ve kalite b\u00f6l\u00fcmlerinde \u00e7al\u0131\u015farak geli\u015fimine katk\u0131da bulunan, \u00e7al\u0131\u015ft\u0131\u011f\u0131 her alana de\u011fer katabilen, geli\u015fen teknolojiye uyumlu, bilimsel geli\u015fmeleri \u00fcretime d\u00f6n\u00fc\u015ft\u00fcren, uluslararas\u0131 standartlarda Ziraat M\u00fchendisi, y\u00fcksek Ziraat M\u00fchendisi ve doktora d\u00fczeyinde elemanlar yeti\u015ftirmek; \u00fclke refah\u0131n\u0131 artt\u0131rmak ve ya\u015fam [&hellip;]<\/p>\n","protected":false},"author":1,"featured_media":0,"parent":0,"menu_order":0,"comment_status":"closed","ping_status":"closed","template":"elementor_header_footer","meta":{"footnotes":""},"class_list":["post-5682","page","type-page","status-publish","hentry"],"_links":{"self":[{"href":"https:\/\/atauni.edu.tr\/bahce-bitkileri-bolumu\/wp-json\/wp\/v2\/pages\/5682","targetHints":{"allow":["GET"]}}],"collection":[{"href":"https:\/\/atauni.edu.tr\/bahce-bitkileri-bolumu\/wp-json\/wp\/v2\/pages"}],"about":[{"href":"https:\/\/atauni.edu.tr\/bahce-bitkileri-bolumu\/wp-json\/wp\/v2\/types\/page"}],"author":[{"embeddable":true,"href":"https:\/\/atauni.edu.tr\/bahce-bitkileri-bolumu\/wp-json\/wp\/v2\/users\/1"}],"replies":[{"embeddable":true,"href":"https:\/\/atauni.edu.tr\/bahce-bitkileri-bolumu\/wp-json\/wp\/v2\/comments?post=5682"}],"version-history":[{"count":14,"href":"https:\/\/atauni.edu.tr\/bahce-bitkileri-bolumu\/wp-json\/wp\/v2\/pages\/5682\/revisions"}],"predecessor-version":[{"id":6363,"href":"https:\/\/atauni.edu.tr\/bahce-bitkileri-bolumu\/wp-json\/wp\/v2\/pages\/5682\/revisions\/6363"}],"wp:attachment":[{"href":"https:\/\/atauni.edu.tr\/bahce-bitkileri-bolumu\/wp-json\/wp\/v2\/media?parent=5682"}],"curies":[{"name":"wp","href":"https:\/\/api.w.org\/{rel}","templated":true}]}}