{"id":6473,"date":"2024-05-21T10:57:11","date_gmt":"2024-05-21T07:57:11","guid":{"rendered":"https:\/\/birimler.atauni.edu.tr\/bahce-bitkileri-bolumu\/?page_id=6473"},"modified":"2024-05-21T10:57:11","modified_gmt":"2024-05-21T07:57:11","slug":"bolum-komisyonlari","status":"publish","type":"page","link":"https:\/\/atauni.edu.tr\/bahce-bitkileri-bolumu\/bolum-komisyonlari\/","title":{"rendered":"B\u00f6l\u00fcm Komisyonlar\u0131"},"content":{"rendered":"<table>\n<tbody>\n<tr>\n<td colspan=\"2\" width=\"660\"><em>Kalite Komisyonu<\/em><\/td>\n<\/tr>\n<tr>\n<td width=\"241\"><em>Komisyon Ba\u015fkan\u0131<\/em><\/td>\n<td width=\"418\">Prof. Dr. Ertan YILDIRIM<\/td>\n<\/tr>\n<tr>\n<td width=\"241\"><em>\u00dcye<\/em><\/td>\n<td width=\"418\">Prof. Dr. Melek EK\u0130NC\u0130<\/td>\n<\/tr>\n<tr>\n<td width=\"241\"><em>\u00dcye<\/em><\/td>\n<td width=\"418\">Do\u00e7. Dr. G\u00fcrsel \u00d6ZKAN<\/td>\n<\/tr>\n<tr>\n<td width=\"241\"><em>\u00d6\u011frenci Temsilcisi<\/em><\/td>\n<td width=\"418\">Ertu\u011frul PATAN<\/td>\n<\/tr>\n<tr>\n<td colspan=\"2\" width=\"660\"><em>Program\/S\u0131nav Koordinat\u00f6rl\u00fc\u011f\u00fc<\/em><\/td>\n<\/tr>\n<tr>\n<td width=\"241\"><em>Komisyon Ba\u015fkan\u0131<\/em><\/td>\n<td width=\"418\">Do\u00e7.Dr. Muhammed K\u00dcPE<\/td>\n<\/tr>\n<tr>\n<td width=\"241\"><em>\u00dcye<\/em><\/td>\n<td width=\"418\">Ara\u015f. G\u00f6r. Merve Y\u00dcCE<\/td>\n<\/tr>\n<tr>\n<td width=\"241\"><em>\u00dcye<\/em><\/td>\n<td width=\"418\">Ara\u015f. G\u00f6r. Serpil T\u0131ra\u015f\u00e7\u0131<\/td>\n<\/tr>\n<tr>\n<td colspan=\"2\" width=\"660\"><em>Akademik Te\u015fvik Ba\u015fvuru ve \u0130nceleme Komisyonu<\/em><\/td>\n<\/tr>\n<tr>\n<td width=\"241\"><em>Komisyon Ba\u015fkan\u0131<\/em><\/td>\n<td width=\"418\">Prof. Dr. Sezai ERC\u0130\u015eL\u0130<\/td>\n<\/tr>\n<tr>\n<td width=\"241\"><em>\u00dcye<\/em><\/td>\n<td width=\"418\">Prof. Dr. Ertan YILDIRIM<\/td>\n<\/tr>\n<tr>\n<td width=\"241\"><em>\u00dcye<\/em><\/td>\n<td width=\"418\">Prof. Dr. Melek EK\u0130NC\u0130<\/td>\n<\/tr>\n<tr>\n<td colspan=\"2\" width=\"660\"><em>S\u00f6zle\u015fmeli Emekli \u00d6\u011fretim \u00dcyesi Ba\u015fvuru De\u011ferlendirme Komisyonu<\/em><\/td>\n<\/tr>\n<tr>\n<td width=\"241\"><em>Komisyon Ba\u015fkan\u0131<\/em><\/td>\n<td width=\"418\">Prof. Dr. Sezai ERC\u0130\u015eL\u0130<\/td>\n<\/tr>\n<tr>\n<td width=\"241\"><em>\u00dcye<\/em><\/td>\n<td width=\"418\">Prof.Dr. Ertan YILDIRIM<\/td>\n<\/tr>\n<tr>\n<td width=\"241\"><em>\u00dcye<\/em><\/td>\n<td width=\"418\">Prof.Dr. Melek EK\u0130NC\u0130<\/td>\n<\/tr>\n<tr>\n<td colspan=\"2\" width=\"660\"><em>Ders Muafiyet\/\u0130ntibak Komisyonu<\/em><\/td>\n<\/tr>\n<tr>\n<td width=\"241\"><em>Komisyon Ba\u015fkan\u0131<\/em><\/td>\n<td width=\"418\">Prof. Dr. Sezai ERC\u0130\u015eL\u0130<\/td>\n<\/tr>\n<tr>\n<td width=\"241\"><em>\u00dcye<\/em><\/td>\n<td width=\"418\">Do\u00e7.Dr. Muhammed K\u00dcPE<\/td>\n<\/tr>\n<tr>\n<td width=\"241\"><em>\u00dcye<\/em><\/td>\n<td width=\"418\">Do\u00e7. Dr. G\u00fcl\u00e7e \u0130LHAN<\/td>\n<\/tr>\n<tr>\n<td colspan=\"2\" width=\"660\"><em>Staj Komisyonu<\/em><\/td>\n<\/tr>\n<tr>\n<td width=\"241\"><em>Komisyon Ba\u015fkan\u0131<\/em><\/td>\n<td width=\"418\">Do\u00e7. Dr. Muhammed K\u00dcPE<\/td>\n<\/tr>\n<tr>\n<td width=\"241\"><em>\u00dcye<\/em><\/td>\n<td width=\"418\">Dr. \u00d6\u011fr. \u00dcyesi Fazilet PARLAKOVA KARAG\u00d6Z<\/td>\n<\/tr>\n<tr>\n<td width=\"241\"><em>\u00dcye<\/em><\/td>\n<td width=\"418\">Dr. \u00d6\u011fr. \u00dcyesi Raziye KUL<\/td>\n<\/tr>\n<tr>\n<td colspan=\"2\" width=\"660\"><em>B\u00f6l\u00fcm Stratejik Plan Komisyonu<\/em><\/td>\n<\/tr>\n<tr>\n<td width=\"241\"><em>Komisyon Ba\u015fkan\u0131<\/em><\/td>\n<td width=\"418\">Prof. Dr. Ertan YILDIRIM<\/td>\n<\/tr>\n<tr>\n<td width=\"241\"><em>\u00dcye<\/em><\/td>\n<td width=\"418\">Prof.Dr. Melek EK\u0130NC\u0130<\/td>\n<\/tr>\n<tr>\n<td width=\"241\"><em>\u00dcye<\/em><\/td>\n<td width=\"418\">Do\u00e7.Dr. Muhammed K\u00dcPE<\/td>\n<\/tr>\n<tr>\n<td colspan=\"2\" width=\"660\"><em>B\u00f6l\u00fcm Tan\u0131t\u0131m\u0131 ve Mezunlarla \u0130leti\u015fim Komisyon<\/em><\/td>\n<\/tr>\n<tr>\n<td width=\"241\"><em>Komisyon Ba\u015fkan\u0131<\/em><\/td>\n<td width=\"418\">Prof. Dr. Cafer K\u00d6SE<\/td>\n<\/tr>\n<tr>\n<td width=\"241\"><em>\u00dcye<\/em><\/td>\n<td width=\"418\">Do\u00e7. Dr. Fazilet PARLAKOVA KARAG\u00d6Z<\/td>\n<\/tr>\n<tr>\n<td width=\"241\"><em>\u00dcye<\/em><\/td>\n<td width=\"418\">Ara\u015f.G\u00f6r Serpil T\u0131ra\u015f\u00e7\u0131<\/td>\n<\/tr>\n<tr>\n<td colspan=\"2\" width=\"660\"><em>B\u00f6l\u00fcm E\u011fitim ve M\u00fcfredat Komisyonu<\/em><\/td>\n<\/tr>\n<tr>\n<td width=\"241\"><em>Komisyon Ba\u015fkan\u0131<\/em><\/td>\n<td width=\"418\">Prof. Dr. Haluk \u00c7a\u011flar KAYMAK<\/td>\n<\/tr>\n<tr>\n<td width=\"241\"><em>\u00dcye<\/em><\/td>\n<td width=\"418\">Dr. \u00d6\u011fr. \u00dcyesi Raziye KUL<\/td>\n<\/tr>\n<tr>\n<td width=\"241\"><em>\u00dcye<\/em><\/td>\n<td width=\"418\">Ara\u015f. G\u00f6r. Merve Y\u00dcCE<\/td>\n<\/tr>\n<tr>\n<td colspan=\"2\" width=\"660\"><em>B\u00f6l\u00fcm Akreditasyon Komisyonu<\/em><\/td>\n<\/tr>\n<tr>\n<td width=\"241\"><em>Komisyon Ba\u015fkan\u0131<\/em><\/td>\n<td width=\"418\">Prof. Dr. Haluk \u00c7a\u011flar KAYMAK<\/td>\n<\/tr>\n<tr>\n<td width=\"241\"><em>\u00dcye<\/em><\/td>\n<td width=\"418\">Do\u00e7. Dr. G\u00fcrsel \u00d6ZKAN<\/td>\n<\/tr>\n<tr>\n<td width=\"241\"><em>\u00dcye<\/em><\/td>\n<td width=\"418\">Do\u00e7.Dr. Muhammed K\u00dcPE<\/td>\n<\/tr>\n<tr>\n<td width=\"241\"><em>\u00dcye<\/em><\/td>\n<td width=\"418\">Do\u00e7. Dr. Fazilet PARLAKOVA KARAG\u00d6Z<\/td>\n<\/tr>\n<tr>\n<td width=\"241\"><em>\u00dcye<\/em><\/td>\n<td width=\"418\">Dr. \u00d6\u011fr. \u00dcyesi Raziye KUL<\/td>\n<\/tr>\n<tr>\n<td colspan=\"2\" width=\"660\"><em>B\u00f6l\u00fcm Koordinat\u00f6rl\u00fckleri<\/em><\/td>\n<\/tr>\n<tr>\n<td width=\"241\"><em>Lisans Ders Bilgi Paketi Koordinat\u00f6r\u00fc<\/em><\/td>\n<td width=\"418\">Prof. Dr. Haluk \u00c7a\u011flar KAYMAK<\/td>\n<\/tr>\n<tr>\n<td width=\"241\"><em>Erasmus Koordinat\u00f6r\u00fc<\/em><\/td>\n<td width=\"418\">Prof. Dr. Ertan YILDIRIM<\/td>\n<\/tr>\n<tr>\n<td width=\"241\"><em>Bologna Koordinat\u00f6r\u00fc<\/em><\/td>\n<td width=\"418\">Prof. Dr. Haluk \u00c7a\u011flar KAYMAK<\/td>\n<\/tr>\n<tr>\n<td width=\"241\"><em>Farabi Koordinat\u00f6r\u00fc<\/em><\/td>\n<td width=\"418\">Do\u00e7. Dr. G\u00fcrsel \u00d6ZKAN<\/td>\n<\/tr>\n<tr>\n<td width=\"241\"><em>Mevlana De\u011fi\u015fim Program\u0131 Koordinat\u00f6r\u00fc<\/em><\/td>\n<td width=\"418\">Do\u00e7. Dr. G\u00fcrsel \u00d6ZKAN<\/td>\n<\/tr>\n<tr>\n<td width=\"241\"><em>K\u00fct\u00fcphane Sorumlusu<\/em><\/td>\n<td width=\"418\">Do\u00e7. Dr. G\u00fcl\u00e7e \u0130LHAN<\/td>\n<\/tr>\n<tr>\n<td width=\"241\"><em>B\u00f6l\u00fcm Web Sitesi Sorumlusu<\/em><\/td>\n<td width=\"418\">Do\u00e7. Dr. G\u00fcl\u00e7e \u0130LHAN<\/td>\n<\/tr>\n<\/tbody>\n<\/table>\n","protected":false},"excerpt":{"rendered":"<p>Kalite Komisyonu Komisyon Ba\u015fkan\u0131 Prof. Dr. Ertan YILDIRIM \u00dcye Prof. Dr. Melek EK\u0130NC\u0130 \u00dcye Do\u00e7. Dr. G\u00fcrsel \u00d6ZKAN \u00d6\u011frenci Temsilcisi Ertu\u011frul PATAN Program\/S\u0131nav Koordinat\u00f6rl\u00fc\u011f\u00fc Komisyon Ba\u015fkan\u0131 Do\u00e7.Dr. Muhammed K\u00dcPE \u00dcye Ara\u015f. G\u00f6r. Merve Y\u00dcCE \u00dcye Ara\u015f. G\u00f6r. Serpil T\u0131ra\u015f\u00e7\u0131 Akademik Te\u015fvik Ba\u015fvuru ve \u0130nceleme Komisyonu Komisyon Ba\u015fkan\u0131 Prof. Dr. Sezai ERC\u0130\u015eL\u0130 \u00dcye Prof. Dr. Ertan [&hellip;]<\/p>\n","protected":false},"author":72,"featured_media":0,"parent":0,"menu_order":0,"comment_status":"closed","ping_status":"closed","template":"","meta":{"footnotes":""},"class_list":["post-6473","page","type-page","status-publish","hentry"],"_links":{"self":[{"href":"https:\/\/atauni.edu.tr\/bahce-bitkileri-bolumu\/wp-json\/wp\/v2\/pages\/6473","targetHints":{"allow":["GET"]}}],"collection":[{"href":"https:\/\/atauni.edu.tr\/bahce-bitkileri-bolumu\/wp-json\/wp\/v2\/pages"}],"about":[{"href":"https:\/\/atauni.edu.tr\/bahce-bitkileri-bolumu\/wp-json\/wp\/v2\/types\/page"}],"author":[{"embeddable":true,"href":"https:\/\/atauni.edu.tr\/bahce-bitkileri-bolumu\/wp-json\/wp\/v2\/users\/72"}],"replies":[{"embeddable":true,"href":"https:\/\/atauni.edu.tr\/bahce-bitkileri-bolumu\/wp-json\/wp\/v2\/comments?post=6473"}],"version-history":[{"count":1,"href":"https:\/\/atauni.edu.tr\/bahce-bitkileri-bolumu\/wp-json\/wp\/v2\/pages\/6473\/revisions"}],"predecessor-version":[{"id":6474,"href":"https:\/\/atauni.edu.tr\/bahce-bitkileri-bolumu\/wp-json\/wp\/v2\/pages\/6473\/revisions\/6474"}],"wp:attachment":[{"href":"https:\/\/atauni.edu.tr\/bahce-bitkileri-bolumu\/wp-json\/wp\/v2\/media?parent=6473"}],"curies":[{"name":"wp","href":"https:\/\/api.w.org\/{rel}","templated":true}]}}