{"id":6476,"date":"2024-05-21T11:09:08","date_gmt":"2024-05-21T08:09:08","guid":{"rendered":"https:\/\/birimler.atauni.edu.tr\/bahce-bitkileri-bolumu\/?page_id=6476"},"modified":"2024-05-21T11:09:09","modified_gmt":"2024-05-21T08:09:09","slug":"bahce-bitkileri-bolumu-egitim-amaclari-ve-program-ciktilari","status":"publish","type":"page","link":"https:\/\/atauni.edu.tr\/bahce-bitkileri-bolumu\/bahce-bitkileri-bolumu-egitim-amaclari-ve-program-ciktilari\/","title":{"rendered":"Bah\u00e7e Bitkileri B\u00f6l\u00fcm\u00fc E\u011fitim Ama\u00e7lar\u0131 ve Program \u00c7\u0131kt\u0131lar\u0131"},"content":{"rendered":"<p><strong>Bah\u00e7e Bitkileri B\u00f6l\u00fcm\u00fc E\u011fitim<\/strong><strong>\u00a0Ama\u00e7lar\u0131<\/strong><\/p>\n<p><b>EA1.<\/b> \u00d6zel sekt\u00f6r ve\/veya kamu kurum ve kurulu\u015flar\u0131nda olarak g\u00f6rev alabilecek ve y\u00f6neticilik yapabilecek ziraat m\u00fchendisleri yeti\u015ftirmek.<\/p>\n<p><b>EA2.<\/b> Tar\u0131msal \u00fcretim ile ilgili kendi i\u015fletmelerini kurabilecek ziraat m\u00fchendisleri yeti\u015ftirmek.<\/p>\n<p><b>EA3.<\/b> Lisans\u00fcst\u00fc e\u011fitimlerini s\u00fcrd\u00fcrerek akademik kariyerlerine devam edebilecek ziraat m\u00fchendisleri yeti\u015ftirmek<\/p>\n<p><strong>Bah\u00e7e Bitkileri B\u00f6l\u00fcm\u00fc Program \u00c7\u0131kt\u0131lar\u0131<\/strong><\/p>\n<p><strong>P\u00c71.<\/strong> \u00a0Temel bilimler, genel m\u00fchendislik ve ziraat m\u00fchendisli\u011fi alan\u0131nda temel bilgileri ve kuramsal kavramlar\u0131 bilir ve bu bilgileri kullanabilir.<\/p>\n<p><strong>P\u00c72.<\/strong>\u00a0 Bah\u00e7e bitkilerine ait t\u00fcrlerin farkl\u0131 morfolojik, fizyolojik, biyolojik \u00f6zellikleri, ekolojik istekleri, yeti\u015ftiricili\u011fi, \u0131slah\u0131 ve muhafazas\u0131 konular\u0131nda teorik ve uygulamal\u0131 bilgilere sahiptir.<\/p>\n<p><strong>P\u00c73.<\/strong>\u00a0 Bah\u00e7e bitkilerine ait farkl\u0131 t\u00fcrleri yeti\u015ftirebilir, arazi ve sera \u00e7al\u0131\u015fmalar\u0131 yapabilir, veri toplama, de\u011ferlendirme ve yorumlama becerisine sahip olur.<\/p>\n<p><strong>P\u00c74.<\/strong> Bah\u00e7e, sera ve ba\u011f tesisi tasarlayabilir, kurabilir, i\u015fletebilir, modern tasar\u0131m y\u00f6ntemlerini uygulayabilir, uygulamalarda kar\u015f\u0131la\u015f\u0131lan problemleri \u00e7\u00f6zebilir.<\/p>\n<p><strong>P\u00c75.<\/strong>\u00a0 Bah\u00e7e bitkileri alan\u0131yla ilgili konularda bireysel tasar\u0131m yapma, proje haz\u0131rlama ve uygulama becerisine sahip olur, sorunlar\u0131n \u00e7\u00f6z\u00fcm\u00fcne y\u00f6nelik olarak disiplin i\u00e7i ve disiplinler aras\u0131 tak\u0131m \u00e7al\u0131\u015fmas\u0131 yapabilir.<\/p>\n<p><strong>P\u00c76.<\/strong>\u00a0 Biyo\u00e7e\u015fitlili\u011fin korunmas\u0131, \u00e7evreye duyarl\u0131 davran\u0131lmas\u0131 ve iklim de\u011fi\u015fikli\u011finin \u00f6n\u00fcne ge\u00e7ilmesi konular\u0131nda analitik d\u00fc\u015f\u00fcnme becerisi kazan\u0131r.<\/p>\n<p><strong>P\u00c77.<\/strong>\u00a0 Bah\u00e7e bitkileri alan\u0131nda payda\u015flar\u0131na bilgi aktarabilir, ileti\u015fim kurabilir ve \u00e7\u00f6z\u00fcm \u00f6nerileri sunabilir.<\/p>\n<p><strong>P\u00c78.<\/strong>\u00a0 Mesle\u011fini yaparken bilimsel, k\u00fclt\u00fcrel ve etik de\u011ferleri ve m\u00fchendislik uygulamalar\u0131 ile ilgili mevzuatlara uygun hareket eder.<\/p>\n<p><strong>P\u00c79.<\/strong>\u00a0 Bah\u00e7e bitkileri alan\u0131nda ya\u015fam\u0131 boyunca \u00f6\u011frenme, bilgiye eri\u015febilme, bilim ve teknolojideki geli\u015fmeleri izleme ve kendini s\u00fcrekli yenileme becerisi kazan\u0131r.<\/p>\n<p><strong>P\u00c710.<\/strong>\u00a0 Mesle\u011fi ile ilgili i\u015f sa\u011fl\u0131\u011f\u0131 ve g\u00fcvenli\u011fi ile \u00e7evre sa\u011fl\u0131\u011f\u0131 konular\u0131nda yeterli bilgi ve fark\u0131ndal\u0131\u011fa sahip olur.<\/p>\n","protected":false},"excerpt":{"rendered":"<p>Bah\u00e7e Bitkileri B\u00f6l\u00fcm\u00fc E\u011fitim\u00a0Ama\u00e7lar\u0131 EA1. \u00d6zel sekt\u00f6r ve\/veya kamu kurum ve kurulu\u015flar\u0131nda olarak g\u00f6rev alabilecek ve y\u00f6neticilik yapabilecek ziraat m\u00fchendisleri yeti\u015ftirmek. EA2. Tar\u0131msal \u00fcretim ile ilgili kendi i\u015fletmelerini kurabilecek ziraat m\u00fchendisleri yeti\u015ftirmek. EA3. Lisans\u00fcst\u00fc e\u011fitimlerini s\u00fcrd\u00fcrerek akademik kariyerlerine devam edebilecek ziraat m\u00fchendisleri yeti\u015ftirmek Bah\u00e7e Bitkileri B\u00f6l\u00fcm\u00fc Program \u00c7\u0131kt\u0131lar\u0131 P\u00c71. \u00a0Temel bilimler, genel m\u00fchendislik ve ziraat [&hellip;]<\/p>\n","protected":false},"author":72,"featured_media":0,"parent":0,"menu_order":0,"comment_status":"closed","ping_status":"closed","template":"","meta":{"footnotes":""},"class_list":["post-6476","page","type-page","status-publish","hentry"],"_links":{"self":[{"href":"https:\/\/atauni.edu.tr\/bahce-bitkileri-bolumu\/wp-json\/wp\/v2\/pages\/6476","targetHints":{"allow":["GET"]}}],"collection":[{"href":"https:\/\/atauni.edu.tr\/bahce-bitkileri-bolumu\/wp-json\/wp\/v2\/pages"}],"about":[{"href":"https:\/\/atauni.edu.tr\/bahce-bitkileri-bolumu\/wp-json\/wp\/v2\/types\/page"}],"author":[{"embeddable":true,"href":"https:\/\/atauni.edu.tr\/bahce-bitkileri-bolumu\/wp-json\/wp\/v2\/users\/72"}],"replies":[{"embeddable":true,"href":"https:\/\/atauni.edu.tr\/bahce-bitkileri-bolumu\/wp-json\/wp\/v2\/comments?post=6476"}],"version-history":[{"count":1,"href":"https:\/\/atauni.edu.tr\/bahce-bitkileri-bolumu\/wp-json\/wp\/v2\/pages\/6476\/revisions"}],"predecessor-version":[{"id":6477,"href":"https:\/\/atauni.edu.tr\/bahce-bitkileri-bolumu\/wp-json\/wp\/v2\/pages\/6476\/revisions\/6477"}],"wp:attachment":[{"href":"https:\/\/atauni.edu.tr\/bahce-bitkileri-bolumu\/wp-json\/wp\/v2\/media?parent=6476"}],"curies":[{"name":"wp","href":"https:\/\/api.w.org\/{rel}","templated":true}]}}