{"id":5662,"date":"2021-07-13T10:01:45","date_gmt":"2021-07-13T07:01:45","guid":{"rendered":"https:\/\/portaltest.atauni.edu.tr\/bilgisayar-muhendisligi\/?page_id=5662"},"modified":"2023-06-12T10:26:34","modified_gmt":"2023-06-12T07:26:34","slug":"yonetim","status":"publish","type":"page","link":"https:\/\/atauni.edu.tr\/beden-egitimi-ve-spor-bolumu\/yonetim\/","title":{"rendered":"Y\u00f6netim"},"content":{"rendered":"\n<h2 class=\"wp-block-heading\">B\u00f6l\u00fcm Ba\u015fkan\u0131:Prof.Dr.Erdo\u011fan TOZO\u011eLU<\/h2>\n\n\n\n<h2 class=\"wp-block-heading\"><a href=\"https:\/\/avesis.atauni.edu.tr\/erdogan.tozoglu\" target=\"_blank\" rel=\"noreferrer noopener\">https:\/\/avesis.atauni.edu.tr\/erdogan.tozoglu<\/a><\/h2>\n\n\n\n<h2 class=\"wp-block-heading\">B\u00f6l\u00fcm Ba\u015fkan Yard\u0131mc\u0131s\u0131:\u00d6\u011fr.G\u00f6r.H\u00fcseyin YURTTA\u015e<\/h2>\n\n\n\n<p><a href=\"https:\/\/avesis.atauni.edu.tr\/huseyin.yurttas\">https:\/\/avesis.atauni.edu.tr\/huseyin.yurttas<\/a><\/p>\n","protected":false},"excerpt":{"rendered":"<p>B\u00f6l\u00fcm Ba\u015fkan\u0131:Prof.Dr.Erdo\u011fan TOZO\u011eLU https:\/\/avesis.atauni.edu.tr\/erdogan.tozoglu B\u00f6l\u00fcm Ba\u015fkan Yard\u0131mc\u0131s\u0131:\u00d6\u011fr.G\u00f6r.H\u00fcseyin YURTTA\u015e https:\/\/avesis.atauni.edu.tr\/huseyin.yurttas<\/p>\n","protected":false},"author":1,"featured_media":0,"parent":0,"menu_order":0,"comment_status":"closed","ping_status":"closed","template":"elementor_header_footer","meta":{"footnotes":""},"class_list":["post-5662","page","type-page","status-publish","hentry"],"_links":{"self":[{"href":"https:\/\/atauni.edu.tr\/beden-egitimi-ve-spor-bolumu\/wp-json\/wp\/v2\/pages\/5662","targetHints":{"allow":["GET"]}}],"collection":[{"href":"https:\/\/atauni.edu.tr\/beden-egitimi-ve-spor-bolumu\/wp-json\/wp\/v2\/pages"}],"about":[{"href":"https:\/\/atauni.edu.tr\/beden-egitimi-ve-spor-bolumu\/wp-json\/wp\/v2\/types\/page"}],"author":[{"embeddable":true,"href":"https:\/\/atauni.edu.tr\/beden-egitimi-ve-spor-bolumu\/wp-json\/wp\/v2\/users\/1"}],"replies":[{"embeddable":true,"href":"https:\/\/atauni.edu.tr\/beden-egitimi-ve-spor-bolumu\/wp-json\/wp\/v2\/comments?post=5662"}],"version-history":[{"count":29,"href":"https:\/\/atauni.edu.tr\/beden-egitimi-ve-spor-bolumu\/wp-json\/wp\/v2\/pages\/5662\/revisions"}],"predecessor-version":[{"id":6361,"href":"https:\/\/atauni.edu.tr\/beden-egitimi-ve-spor-bolumu\/wp-json\/wp\/v2\/pages\/5662\/revisions\/6361"}],"wp:attachment":[{"href":"https:\/\/atauni.edu.tr\/beden-egitimi-ve-spor-bolumu\/wp-json\/wp\/v2\/media?parent=5662"}],"curies":[{"name":"wp","href":"https:\/\/api.w.org\/{rel}","templated":true}]}}