{"id":5700,"date":"2021-07-13T10:17:09","date_gmt":"2021-07-13T07:17:09","guid":{"rendered":"https:\/\/portaltest.atauni.edu.tr\/bilgisayar-muhendisligi\/?page_id=5700"},"modified":"2023-07-17T14:40:19","modified_gmt":"2023-07-17T11:40:19","slug":"idari-personel","status":"publish","type":"page","link":"https:\/\/atauni.edu.tr\/beden-egitimi-ve-spor-bolumu\/idari-personel\/","title":{"rendered":"\u0130dari Personel"},"content":{"rendered":"\t\t<div data-elementor-type=\"wp-page\" data-elementor-id=\"5700\" class=\"elementor elementor-5700\" data-elementor-post-type=\"page\">\n\t\t\t\t\t\t<section class=\"elementor-section elementor-top-section elementor-element elementor-element-22b96024 elementor-section-boxed elementor-section-height-default elementor-section-height-default\" data-id=\"22b96024\" data-element_type=\"section\">\n\t\t\t\t\t\t<div class=\"elementor-container elementor-column-gap-default\">\n\t\t\t\t\t<div class=\"elementor-column elementor-col-100 elementor-top-column elementor-element elementor-element-5a1f7769\" data-id=\"5a1f7769\" data-element_type=\"column\">\n\t\t\t<div class=\"elementor-widget-wrap elementor-element-populated\">\n\t\t\t\t\t\t<div class=\"elementor-element elementor-element-3b3e2d4a elementor-widget elementor-widget-heading\" data-id=\"3b3e2d4a\" data-element_type=\"widget\" data-widget_type=\"heading.default\">\n\t\t\t\t<div class=\"elementor-widget-container\">\n\t\t\t\t\t<h2 class=\"elementor-heading-title elementor-size-default\">\u0130dari Personel<\/h2>\t\t\t\t<\/div>\n\t\t\t\t<\/div>\n\t\t\t\t<div class=\"elementor-element elementor-element-35223868 elementor-widget-divider--view-line elementor-widget elementor-widget-divider\" data-id=\"35223868\" data-element_type=\"widget\" data-widget_type=\"divider.default\">\n\t\t\t\t<div class=\"elementor-widget-container\">\n\t\t\t\t\t\t\t<div class=\"elementor-divider\">\n\t\t\t<span class=\"elementor-divider-separator\">\n\t\t\t\t\t\t<\/span>\n\t\t<\/div>\n\t\t\t\t\t\t<\/div>\n\t\t\t\t<\/div>\n\t\t\t\t\t<\/div>\n\t\t<\/div>\n\t\t\t\t\t<\/div>\n\t\t<\/section>\n\t\t\t\t<section class=\"elementor-section elementor-top-section elementor-element elementor-element-ce3a639 elementor-section-boxed elementor-section-height-default elementor-section-height-default\" data-id=\"ce3a639\" data-element_type=\"section\">\n\t\t\t\t\t\t<div class=\"elementor-container elementor-column-gap-default\">\n\t\t\t\t\t<div class=\"elementor-column elementor-col-100 elementor-top-column elementor-element elementor-element-4801879\" data-id=\"4801879\" data-element_type=\"column\">\n\t\t\t<div class=\"elementor-widget-wrap elementor-element-populated\">\n\t\t\t\t\t\t<div class=\"elementor-element elementor-element-e2680db elementor-widget elementor-widget-button\" data-id=\"e2680db\" data-element_type=\"widget\" data-widget_type=\"button.default\">\n\t\t\t\t<div class=\"elementor-widget-container\">\n\t\t\t\t\t\t\t\t\t<div class=\"elementor-button-wrapper\">\n\t\t\t\t\t<a class=\"elementor-button elementor-button-link elementor-size-sm\" href=\"\">\n\t\t\t\t\t\t<span class=\"elementor-button-content-wrapper\">\n\t\t\t\t\t\t\t\t\t<span class=\"elementor-button-text\">Bil. \u0130\u015ft. Z\u00fclk\u00fcf DE\u011e\u0130RMAN Kaz\u0131m Karabekir E\u011fitim Fak\u00fcltesi<\/span>\n\t\t\t\t\t<\/span>\n\t\t\t\t\t<\/a>\n\t\t\t\t<\/div>\n\t\t\t\t\t\t\t\t<\/div>\n\t\t\t\t<\/div>\n\t\t\t\t\t<\/div>\n\t\t<\/div>\n\t\t\t\t\t<\/div>\n\t\t<\/section>\n\t\t\t\t<\/div>\n\t\t","protected":false},"excerpt":{"rendered":"<p>\u0130dari Personel Bil. \u0130\u015ft. Z\u00fclk\u00fcf DE\u011e\u0130RMAN Kaz\u0131m Karabekir E\u011fitim Fak\u00fcltesi<\/p>\n","protected":false},"author":1,"featured_media":0,"parent":0,"menu_order":0,"comment_status":"closed","ping_status":"closed","template":"elementor_header_footer","meta":{"footnotes":""},"class_list":["post-5700","page","type-page","status-publish","hentry"],"_links":{"self":[{"href":"https:\/\/atauni.edu.tr\/beden-egitimi-ve-spor-bolumu\/wp-json\/wp\/v2\/pages\/5700","targetHints":{"allow":["GET"]}}],"collection":[{"href":"https:\/\/atauni.edu.tr\/beden-egitimi-ve-spor-bolumu\/wp-json\/wp\/v2\/pages"}],"about":[{"href":"https:\/\/atauni.edu.tr\/beden-egitimi-ve-spor-bolumu\/wp-json\/wp\/v2\/types\/page"}],"author":[{"embeddable":true,"href":"https:\/\/atauni.edu.tr\/beden-egitimi-ve-spor-bolumu\/wp-json\/wp\/v2\/users\/1"}],"replies":[{"embeddable":true,"href":"https:\/\/atauni.edu.tr\/beden-egitimi-ve-spor-bolumu\/wp-json\/wp\/v2\/comments?post=5700"}],"version-history":[{"count":23,"href":"https:\/\/atauni.edu.tr\/beden-egitimi-ve-spor-bolumu\/wp-json\/wp\/v2\/pages\/5700\/revisions"}],"predecessor-version":[{"id":6383,"href":"https:\/\/atauni.edu.tr\/beden-egitimi-ve-spor-bolumu\/wp-json\/wp\/v2\/pages\/5700\/revisions\/6383"}],"wp:attachment":[{"href":"https:\/\/atauni.edu.tr\/beden-egitimi-ve-spor-bolumu\/wp-json\/wp\/v2\/media?parent=5700"}],"curies":[{"name":"wp","href":"https:\/\/api.w.org\/{rel}","templated":true}]}}