{"id":5728,"date":"2021-07-13T11:33:38","date_gmt":"2021-07-13T08:33:38","guid":{"rendered":"https:\/\/portaltest.atauni.edu.tr\/bilgisayar-muhendisligi\/?page_id=5728"},"modified":"2022-04-25T15:48:11","modified_gmt":"2022-04-25T12:48:11","slug":"bolum-tanitimi","status":"publish","type":"page","link":"https:\/\/atauni.edu.tr\/beden-egitimi-ve-spor-bolumu\/bolum-tanitimi\/","title":{"rendered":"B\u00f6l\u00fcm Tan\u0131t\u0131m\u0131"},"content":{"rendered":"\t\t<div data-elementor-type=\"wp-page\" data-elementor-id=\"5728\" class=\"elementor elementor-5728\" data-elementor-post-type=\"page\">\n\t\t\t\t\t\t<section class=\"elementor-section elementor-top-section elementor-element elementor-element-730d320 elementor-section-boxed elementor-section-height-default elementor-section-height-default\" data-id=\"730d320\" data-element_type=\"section\">\n\t\t\t\t\t\t<div class=\"elementor-container elementor-column-gap-default\">\n\t\t\t\t\t<div class=\"elementor-column elementor-col-100 elementor-top-column elementor-element elementor-element-753d0860\" data-id=\"753d0860\" data-element_type=\"column\">\n\t\t\t<div class=\"elementor-widget-wrap\">\n\t\t\t\t\t\t\t<\/div>\n\t\t<\/div>\n\t\t\t\t\t<\/div>\n\t\t<\/section>\n\t\t\t\t<section class=\"elementor-section elementor-top-section elementor-element elementor-element-9be811a elementor-section-boxed elementor-section-height-default elementor-section-height-default\" data-id=\"9be811a\" data-element_type=\"section\">\n\t\t\t\t\t\t<div class=\"elementor-container elementor-column-gap-default\">\n\t\t\t\t\t<div class=\"elementor-column elementor-col-100 elementor-top-column elementor-element elementor-element-1ed847b7\" data-id=\"1ed847b7\" data-element_type=\"column\">\n\t\t\t<div class=\"elementor-widget-wrap elementor-element-populated\">\n\t\t\t\t\t\t<div class=\"elementor-element elementor-element-4ce0d07f elementor-widget elementor-widget-heading\" data-id=\"4ce0d07f\" data-element_type=\"widget\" data-widget_type=\"heading.default\">\n\t\t\t\t<div class=\"elementor-widget-container\">\n\t\t\t\t\t<h2 class=\"elementor-heading-title elementor-size-default\">B\u00f6l\u00fcm Tan\u0131t\u0131m\u0131<\/h2>\t\t\t\t<\/div>\n\t\t\t\t<\/div>\n\t\t\t\t<div class=\"elementor-element elementor-element-63260862 elementor-widget-divider--view-line elementor-widget elementor-widget-divider\" data-id=\"63260862\" data-element_type=\"widget\" data-widget_type=\"divider.default\">\n\t\t\t\t<div class=\"elementor-widget-container\">\n\t\t\t\t\t\t\t<div class=\"elementor-divider\">\n\t\t\t<span class=\"elementor-divider-separator\">\n\t\t\t\t\t\t<\/span>\n\t\t<\/div>\n\t\t\t\t\t\t<\/div>\n\t\t\t\t<\/div>\n\t\t\t\t\t<\/div>\n\t\t<\/div>\n\t\t\t\t\t<\/div>\n\t\t<\/section>\n\t\t\t\t<section class=\"elementor-section elementor-top-section elementor-element elementor-element-681db8b elementor-section-boxed elementor-section-height-default elementor-section-height-default\" data-id=\"681db8b\" data-element_type=\"section\">\n\t\t\t\t\t\t<div class=\"elementor-container elementor-column-gap-default\">\n\t\t\t\t\t<div class=\"elementor-column elementor-col-100 elementor-top-column elementor-element elementor-element-ad4dac5\" data-id=\"ad4dac5\" data-element_type=\"column\">\n\t\t\t<div class=\"elementor-widget-wrap elementor-element-populated\">\n\t\t\t\t\t\t<div class=\"elementor-element elementor-element-2f96b3d elementor-widget elementor-widget-text-editor\" data-id=\"2f96b3d\" data-element_type=\"widget\" data-widget_type=\"text-editor.default\">\n\t\t\t\t<div class=\"elementor-widget-container\">\n\t\t\t\t\t\t\t\t\t<img fetchpriority=\"high\" decoding=\"async\" src=\"http:\/\/birimler.atauni.edu.tr\/beden-egitimi-ve-spor-anabilim-dali-4\/wp-content\/uploads\/sites\/248\/2020\/07\/DSC_0105-1-300x201.jpg\" alt=\"\" width=\"300\" height=\"201\" \/>\n\nProgram\u0131m\u0131z 1992 y\u0131l\u0131nda Atat\u00fcrk \u00dcniversitesi b\u00fcnyesinde Yoncal\u0131k yerle\u015fkesinde kurulmu\u015ftur. 2006 y\u0131l\u0131na kadar Mart 1998\u2019de Y\u00d6K taraf\u0131ndan \u00e7\u0131kar\u0131lan\u00a0<span style=\"letter-spacing: 0px\">\u201cE\u011fitim Fak\u00fcltesi \u00d6\u011fretmen Yeti\u015ftirme Lisans Program\u0131\u201d uygulanm\u0131\u015ft\u0131r. 21 Temmuz 2006 tarihli Y\u00d6K Genel Kurulu karar\u0131 ile e\u011fitim fak\u00fcltelerinde yer alan\u00a0<\/span><span style=\"letter-spacing: 0px\">programlar\u0131n \u00f6\u011fretim programlar\u0131 de\u011fi\u015ftirilmi\u015ftir. Bu ba\u011flamda yap\u0131lan de\u011fi\u015fiklikler \u0131\u015f\u0131\u011f\u0131nda, programlarda genellikle, % 50 alan bilgisi ve becerileri, % 30\u00a0<\/span><span style=\"letter-spacing: 0px\">\u00f6\u011fretmenlik meslek bilgisi ve becerileri, % 20 genel k\u00fclt\u00fcr derslerinin olmas\u0131na karar verilmi\u015f ve 2007 y\u0131l\u0131ndan itibaren bu \u00f6\u011fretim program\u0131 kullan\u0131lm\u0131\u015ft\u0131r. Sonraki\u00a0<\/span><span style=\"letter-spacing: 0px\">s\u00fcre\u00e7te Atat\u00fcrk \u00dcniversitesi\u2019nin yapt\u0131\u011f\u0131 \u00e7al\u0131\u015fmalar ve al\u0131nan kararlar do\u011frultusunda 26 A\u011fustos 2011 tarihli Resmi Gazete\u2019 de yay\u0131nlanan y\u00f6netmelik ile i\u015f y\u00fck\u00fcne\u00a0<\/span><span style=\"letter-spacing: 0px\">dayal\u0131 Avrupa Kredi Transfer Sistemine (AKTS) ge\u00e7ilmi\u015ftir. Bu sistemin e\u011fitim ve \u00f6\u011fretim programlar\u0131na do\u011frudan etkisi olmu\u015ftur. Atat\u00fcrk \u00dcniversitesi senato karar\u0131\u00a0<\/span><span style=\"letter-spacing: 0px\">ile belirlenen intibak kurallar\u0131 \u00e7er\u00e7evesinde haz\u0131rlanan ders program\u0131 uygulanmaya ba\u015flanm\u0131\u015ft\u0131r. 2018-2019 \u00f6\u011fretim y\u0131l\u0131ndan itibaren Y\u00d6K taraf\u0131ndan g\u00fcncellenen\u00a0<\/span><span style=\"letter-spacing: 0px\">\u201cYeni \u00d6\u011fretmen Yeti\u015ftirme Lisans Program\u0131\u201d uygulanmaya ba\u015flanm\u0131\u015ft\u0131r. G\u00fcn\u00fcm\u00fczde de \u00e7a\u011fda\u015f e\u011fitim kurumlar\u0131 seviyesinde e\u011fitim \u00f6\u011fretim faaliyetlerini\u00a0<\/span><span style=\"letter-spacing: 0px\">s\u00fcrd\u00fcrmektedir.<\/span>\n<h5><span style=\"color: #333333;font-family: 'Source Sans Pro', sans-serif;font-size: 16px;letter-spacing: 0px\">Beden E\u011fitimi ve Spor \u00d6\u011fretmenli\u011fi Program\u0131m\u0131z, Y\u00fcksek \u00d6\u011fretim Kalite Kurulu (Y\u00d6KAK) taraf\u0131ndan yetkilendirilen \u00d6\u011fretmenlik E\u011fitim Programlar\u0131n\u0131 De\u011ferlendirme ve Akreditasyon Derne\u011fi (EPDAD) taraf\u0131ndan 15.04.2022 tarihi itibariyle 2 y\u0131ll\u0131\u011f\u0131na akredite edilmi\u015ftir.<\/span><\/h5>\n\t\t\t\t\t\t\t\t<\/div>\n\t\t\t\t<\/div>\n\t\t\t\t\t<\/div>\n\t\t<\/div>\n\t\t\t\t\t<\/div>\n\t\t<\/section>\n\t\t\t\t<\/div>\n\t\t","protected":false},"excerpt":{"rendered":"<p>B\u00f6l\u00fcm Tan\u0131t\u0131m\u0131 Program\u0131m\u0131z 1992 y\u0131l\u0131nda Atat\u00fcrk \u00dcniversitesi b\u00fcnyesinde Yoncal\u0131k yerle\u015fkesinde kurulmu\u015ftur. 2006 y\u0131l\u0131na kadar Mart 1998\u2019de Y\u00d6K taraf\u0131ndan \u00e7\u0131kar\u0131lan\u00a0\u201cE\u011fitim Fak\u00fcltesi \u00d6\u011fretmen Yeti\u015ftirme Lisans Program\u0131\u201d uygulanm\u0131\u015ft\u0131r. 21 Temmuz 2006 tarihli Y\u00d6K Genel Kurulu karar\u0131 ile e\u011fitim fak\u00fcltelerinde yer alan\u00a0programlar\u0131n \u00f6\u011fretim programlar\u0131 de\u011fi\u015ftirilmi\u015ftir. Bu ba\u011flamda yap\u0131lan de\u011fi\u015fiklikler \u0131\u015f\u0131\u011f\u0131nda, programlarda genellikle, % 50 alan bilgisi ve becerileri, % [&hellip;]<\/p>\n","protected":false},"author":1,"featured_media":0,"parent":0,"menu_order":0,"comment_status":"closed","ping_status":"closed","template":"elementor_header_footer","meta":{"footnotes":""},"class_list":["post-5728","page","type-page","status-publish","hentry"],"_links":{"self":[{"href":"https:\/\/atauni.edu.tr\/beden-egitimi-ve-spor-bolumu\/wp-json\/wp\/v2\/pages\/5728","targetHints":{"allow":["GET"]}}],"collection":[{"href":"https:\/\/atauni.edu.tr\/beden-egitimi-ve-spor-bolumu\/wp-json\/wp\/v2\/pages"}],"about":[{"href":"https:\/\/atauni.edu.tr\/beden-egitimi-ve-spor-bolumu\/wp-json\/wp\/v2\/types\/page"}],"author":[{"embeddable":true,"href":"https:\/\/atauni.edu.tr\/beden-egitimi-ve-spor-bolumu\/wp-json\/wp\/v2\/users\/1"}],"replies":[{"embeddable":true,"href":"https:\/\/atauni.edu.tr\/beden-egitimi-ve-spor-bolumu\/wp-json\/wp\/v2\/comments?post=5728"}],"version-history":[{"count":14,"href":"https:\/\/atauni.edu.tr\/beden-egitimi-ve-spor-bolumu\/wp-json\/wp\/v2\/pages\/5728\/revisions"}],"predecessor-version":[{"id":6224,"href":"https:\/\/atauni.edu.tr\/beden-egitimi-ve-spor-bolumu\/wp-json\/wp\/v2\/pages\/5728\/revisions\/6224"}],"wp:attachment":[{"href":"https:\/\/atauni.edu.tr\/beden-egitimi-ve-spor-bolumu\/wp-json\/wp\/v2\/media?parent=5728"}],"curies":[{"name":"wp","href":"https:\/\/api.w.org\/{rel}","templated":true}]}}