{"id":5765,"date":"2021-07-13T12:56:51","date_gmt":"2021-07-13T09:56:51","guid":{"rendered":"https:\/\/portaltest.atauni.edu.tr\/bilgisayar-muhendisligi\/?page_id=5765"},"modified":"2021-08-27T15:48:18","modified_gmt":"2021-08-27T12:48:18","slug":"anabilim-dallari","status":"publish","type":"page","link":"https:\/\/atauni.edu.tr\/beden-egitimi-ve-spor-bolumu\/anabilim-dallari\/","title":{"rendered":"Anabilim Dallar\u0131"},"content":{"rendered":"\t\t<div data-elementor-type=\"wp-page\" data-elementor-id=\"5765\" class=\"elementor elementor-5765\" data-elementor-post-type=\"page\">\n\t\t\t\t\t\t<section class=\"elementor-section elementor-top-section elementor-element elementor-element-730d320 elementor-section-boxed elementor-section-height-default elementor-section-height-default\" data-id=\"730d320\" data-element_type=\"section\">\n\t\t\t\t\t\t<div class=\"elementor-container elementor-column-gap-default\">\n\t\t\t\t\t<div class=\"elementor-column elementor-col-100 elementor-top-column elementor-element elementor-element-753d0860\" data-id=\"753d0860\" data-element_type=\"column\">\n\t\t\t<div class=\"elementor-widget-wrap\">\n\t\t\t\t\t\t\t<\/div>\n\t\t<\/div>\n\t\t\t\t\t<\/div>\n\t\t<\/section>\n\t\t\t\t<section class=\"elementor-section elementor-top-section elementor-element elementor-element-9be811a elementor-section-boxed elementor-section-height-default elementor-section-height-default\" data-id=\"9be811a\" data-element_type=\"section\">\n\t\t\t\t\t\t<div class=\"elementor-container elementor-column-gap-default\">\n\t\t\t\t\t<div class=\"elementor-column elementor-col-100 elementor-top-column elementor-element elementor-element-1ed847b7\" data-id=\"1ed847b7\" data-element_type=\"column\">\n\t\t\t<div class=\"elementor-widget-wrap elementor-element-populated\">\n\t\t\t\t\t\t<div class=\"elementor-element elementor-element-4ce0d07f elementor-widget elementor-widget-heading\" data-id=\"4ce0d07f\" data-element_type=\"widget\" data-widget_type=\"heading.default\">\n\t\t\t\t<div class=\"elementor-widget-container\">\n\t\t\t\t\t<h2 class=\"elementor-heading-title elementor-size-default\">Anabilim Dallar\u0131<\/h2>\t\t\t\t<\/div>\n\t\t\t\t<\/div>\n\t\t\t\t<div class=\"elementor-element elementor-element-63260862 elementor-widget-divider--view-line elementor-widget elementor-widget-divider\" data-id=\"63260862\" data-element_type=\"widget\" data-widget_type=\"divider.default\">\n\t\t\t\t<div class=\"elementor-widget-container\">\n\t\t\t\t\t\t\t<div class=\"elementor-divider\">\n\t\t\t<span class=\"elementor-divider-separator\">\n\t\t\t\t\t\t<\/span>\n\t\t<\/div>\n\t\t\t\t\t\t<\/div>\n\t\t\t\t<\/div>\n\t\t\t\t\t<\/div>\n\t\t<\/div>\n\t\t\t\t\t<\/div>\n\t\t<\/section>\n\t\t\t\t<section class=\"elementor-section elementor-top-section elementor-element elementor-element-681db8b elementor-section-boxed elementor-section-height-default elementor-section-height-default\" data-id=\"681db8b\" data-element_type=\"section\">\n\t\t\t\t\t\t<div class=\"elementor-container elementor-column-gap-default\">\n\t\t\t\t\t<div class=\"elementor-column elementor-col-100 elementor-top-column elementor-element elementor-element-ad4dac5\" data-id=\"ad4dac5\" data-element_type=\"column\">\n\t\t\t<div class=\"elementor-widget-wrap elementor-element-populated\">\n\t\t\t\t\t\t<div class=\"elementor-element elementor-element-2f96b3d elementor-widget elementor-widget-text-editor\" data-id=\"2f96b3d\" data-element_type=\"widget\" data-widget_type=\"text-editor.default\">\n\t\t\t\t<div class=\"elementor-widget-container\">\n\t\t\t\t\t\t\t\t\t<p>Atat\u00fcrk \u00dcniversitesi Beden E\u011fitimi ve Spor B\u00f6l\u00fcm\u00fc, beden e\u011fitimi ve spor alan\u0131ndaki akademik e\u011fitim ve ara\u015ft\u0131rma faaliyetlerini y\u00fcr\u00fctmektedir. B\u00f6l\u00fcm\u00fcn Anabilim Dallar\u0131, farkl\u0131 alanlarda uzmanla\u015fm\u0131\u015f akademisyenlerden olu\u015fmaktad\u0131r.<\/p>\n<p>Anabilim dallar\u0131 \u015funlard\u0131r:<\/p>\n<ul>\n<li>Sporda Antrenman Anabilim Dal\u0131<\/li>\n<li>Sporda Y\u00f6netim Anabilim Dal\u0131<\/li>\n<li>Rekreasyon Anabilim Dal\u0131<\/li>\n<li>Spor Y\u00f6neticili\u011fi Anabilim Dal\u0131<\/li>\n<li>Beden E\u011fitimi ve Spor \u00d6\u011fretimi Anabilim Dal\u0131<\/li>\n<li>Hareket ve Egzersiz Bilimleri Anabilim Dal\u0131<\/li>\n<\/ul>\n<p>Her bir anabilim dal\u0131, beden e\u011fitimi ve spor alan\u0131ndaki farkl\u0131 konulara odaklanarak \u00f6\u011frencilere uzmanl\u0131k kazand\u0131rmay\u0131 hedeflemektedir. B\u00f6l\u00fcm, akademik e\u011fitim ve ara\u015ft\u0131rma faaliyetlerinin yan\u0131 s\u0131ra toplumun beden e\u011fitimi ve spor needsini kar\u015f\u0131lamak amac\u0131yla \u00e7e\u015fitli projeler ve etkinlikler d\u00fczenlemektedir.<\/p>\t\t\t\t\t\t\t\t<\/div>\n\t\t\t\t<\/div>\n\t\t\t\t\t<\/div>\n\t\t<\/div>\n\t\t\t\t\t<\/div>\n\t\t<\/section>\n\t\t\t\t<\/div>\n\t\t","protected":false},"excerpt":{"rendered":"<p>Beden E\u011fitimi ve Spor B\u00f6l\u00fcm\u00fc, \u00f6\u011frencilere spor bilimi ve beden e\u011fitimi alanlar\u0131nda kapsaml\u0131 bir e\u011fitim sunmay\u0131 ama\u00e7lar. B\u00f6l\u00fcm\u00fcm\u00fczde yer alan anabilim dallar\u0131, bu amac\u0131 desteklemektedir. \u0130\u015fte Beden E\u011fitimi ve Spor B\u00f6l\u00fcm\u00fc b\u00fcnyesindeki ana bilim dallar\u0131: 1. **Spor Y\u00f6neticili\u011fi Anabilim Dal\u0131**: Bu dal, spor y\u00f6netimi ile ilgili teorik ve pratik bilgileri \u00f6\u011frencilere aktar\u0131r. Spor organizasyonlar\u0131n\u0131n y\u00f6netimi, [&hellip;]<\/p>\n","protected":false},"author":1,"featured_media":0,"parent":0,"menu_order":0,"comment_status":"closed","ping_status":"closed","template":"elementor_header_footer","meta":{"footnotes":""},"class_list":["post-5765","page","type-page","status-publish","hentry"],"_links":{"self":[{"href":"https:\/\/atauni.edu.tr\/beden-egitimi-ve-spor-bolumu\/wp-json\/wp\/v2\/pages\/5765","targetHints":{"allow":["GET"]}}],"collection":[{"href":"https:\/\/atauni.edu.tr\/beden-egitimi-ve-spor-bolumu\/wp-json\/wp\/v2\/pages"}],"about":[{"href":"https:\/\/atauni.edu.tr\/beden-egitimi-ve-spor-bolumu\/wp-json\/wp\/v2\/types\/page"}],"author":[{"embeddable":true,"href":"https:\/\/atauni.edu.tr\/beden-egitimi-ve-spor-bolumu\/wp-json\/wp\/v2\/users\/1"}],"replies":[{"embeddable":true,"href":"https:\/\/atauni.edu.tr\/beden-egitimi-ve-spor-bolumu\/wp-json\/wp\/v2\/comments?post=5765"}],"version-history":[{"count":8,"href":"https:\/\/atauni.edu.tr\/beden-egitimi-ve-spor-bolumu\/wp-json\/wp\/v2\/pages\/5765\/revisions"}],"predecessor-version":[{"id":6082,"href":"https:\/\/atauni.edu.tr\/beden-egitimi-ve-spor-bolumu\/wp-json\/wp\/v2\/pages\/5765\/revisions\/6082"}],"wp:attachment":[{"href":"https:\/\/atauni.edu.tr\/beden-egitimi-ve-spor-bolumu\/wp-json\/wp\/v2\/media?parent=5765"}],"curies":[{"name":"wp","href":"https:\/\/api.w.org\/{rel}","templated":true}]}}