{"id":5791,"date":"2021-07-13T13:07:15","date_gmt":"2021-07-13T10:07:15","guid":{"rendered":"https:\/\/portaltest.atauni.edu.tr\/bilgisayar-muhendisligi\/?page_id=5791"},"modified":"2021-08-27T15:49:32","modified_gmt":"2021-08-27T12:49:32","slug":"staj","status":"publish","type":"page","link":"https:\/\/atauni.edu.tr\/beden-egitimi-ve-spor-bolumu\/staj\/","title":{"rendered":"Staj"},"content":{"rendered":"\t\t<div data-elementor-type=\"wp-page\" data-elementor-id=\"5791\" class=\"elementor elementor-5791\" data-elementor-post-type=\"page\">\n\t\t\t\t\t\t<section class=\"elementor-section elementor-top-section elementor-element elementor-element-730d320 elementor-section-boxed elementor-section-height-default elementor-section-height-default\" data-id=\"730d320\" data-element_type=\"section\">\n\t\t\t\t\t\t<div class=\"elementor-container elementor-column-gap-default\">\n\t\t\t\t\t<div class=\"elementor-column elementor-col-100 elementor-top-column elementor-element elementor-element-753d0860\" data-id=\"753d0860\" data-element_type=\"column\">\n\t\t\t<div class=\"elementor-widget-wrap\">\n\t\t\t\t\t\t\t<\/div>\n\t\t<\/div>\n\t\t\t\t\t<\/div>\n\t\t<\/section>\n\t\t\t\t<section class=\"elementor-section elementor-top-section elementor-element elementor-element-9be811a elementor-section-boxed elementor-section-height-default elementor-section-height-default\" data-id=\"9be811a\" data-element_type=\"section\">\n\t\t\t\t\t\t<div class=\"elementor-container elementor-column-gap-default\">\n\t\t\t\t\t<div class=\"elementor-column elementor-col-100 elementor-top-column elementor-element elementor-element-1ed847b7\" data-id=\"1ed847b7\" data-element_type=\"column\">\n\t\t\t<div class=\"elementor-widget-wrap elementor-element-populated\">\n\t\t\t\t\t\t<div class=\"elementor-element elementor-element-4ce0d07f elementor-widget elementor-widget-heading\" data-id=\"4ce0d07f\" data-element_type=\"widget\" data-widget_type=\"heading.default\">\n\t\t\t\t<div class=\"elementor-widget-container\">\n\t\t\t\t\t<h2 class=\"elementor-heading-title elementor-size-default\">Staj<\/h2>\t\t\t\t<\/div>\n\t\t\t\t<\/div>\n\t\t\t\t<div class=\"elementor-element elementor-element-63260862 elementor-widget-divider--view-line elementor-widget elementor-widget-divider\" data-id=\"63260862\" data-element_type=\"widget\" data-widget_type=\"divider.default\">\n\t\t\t\t<div class=\"elementor-widget-container\">\n\t\t\t\t\t\t\t<div class=\"elementor-divider\">\n\t\t\t<span class=\"elementor-divider-separator\">\n\t\t\t\t\t\t<\/span>\n\t\t<\/div>\n\t\t\t\t\t\t<\/div>\n\t\t\t\t<\/div>\n\t\t\t\t\t<\/div>\n\t\t<\/div>\n\t\t\t\t\t<\/div>\n\t\t<\/section>\n\t\t\t\t<section class=\"elementor-section elementor-top-section elementor-element elementor-element-10e8347 elementor-section-boxed elementor-section-height-default elementor-section-height-default\" data-id=\"10e8347\" data-element_type=\"section\">\n\t\t\t\t\t\t<div class=\"elementor-container elementor-column-gap-default\">\n\t\t\t\t\t<div class=\"elementor-column elementor-col-100 elementor-top-column elementor-element elementor-element-795ab05\" data-id=\"795ab05\" data-element_type=\"column\">\n\t\t\t<div class=\"elementor-widget-wrap elementor-element-populated\">\n\t\t\t\t\t\t<div class=\"elementor-element elementor-element-4524745 elementor-widget elementor-widget-text-editor\" data-id=\"4524745\" data-element_type=\"widget\" data-widget_type=\"text-editor.default\">\n\t\t\t\t<div class=\"elementor-widget-container\">\n\t\t\t\t\t\t\t\t\t<html>\n<p>Atat\u00fcrk \u00dcniversitesi Beden E\u011fitimi ve Spor B\u00f6l\u00fcm\u00fc, \u00f6\u011frencilerin teorik bilgileri prati\u011fe d\u00f6kerek deneyim kazanmalar\u0131n\u0131 sa\u011flayan staj olanaklar\u0131 sunar. Bu program, \u00f6\u011frencilere spor y\u00f6netimi, antren\u00f6rl\u00fck, spor tesisi i\u015fletmecili\u011fi gibi farkl\u0131 alanlarda uygulama f\u0131rsatlar\u0131 sa\u011flar.<\/p>\n<p>Stajlar sayesinde \u00f6\u011frenciler ger\u00e7ek hayat ko\u015fullar\u0131nda deneyim kazan\u0131r, sekt\u00f6r\u00fcn \u00f6nde gelen isimlerinden \u00f6\u011frenme f\u0131rsat\u0131 bulur ve gelecekteki meslek ya\u015famlar\u0131 i\u00e7in \u00f6nemli ba\u011flant\u0131lar kurarlar. Atat\u00fcrk \u00dcniversitesi Beden E\u011fitimi ve Spor B\u00f6l\u00fcm\u00fc, \u00f6\u011frencilerini sadece teorik de\u011fil, ayn\u0131 zamanda pratik olarak da donatarak sekt\u00f6re haz\u0131rlar.<\/p>\n<p>Bu b\u00f6l\u00fcmde al\u0131nan staj deneyimi, \u00f6\u011frencilerin mezun olduktan sonra i\u015f bulma konusunda daha avantajl\u0131 olmas\u0131na yard\u0131mc\u0131 olur. Ayr\u0131ca, staj programlar\u0131 \u00f6\u011frencilere farkl\u0131 spor dallar\u0131 ve y\u00f6netim alanlar\u0131nda uzmanla\u015fma \u015fans\u0131 tan\u0131r, b\u00f6ylece kendilerine uygun olan alana y\u00f6nelmelerine olanak sa\u011flar.<\/p>\n<p>Atat\u00fcrk \u00dcniversitesi Beden E\u011fitimi ve Spor B\u00f6l\u00fcm\u00fc, \u00f6\u011frencilerin yeti\u015ftirilmesinde ve sekt\u00f6re nitelikli eleman yeti\u015ftirmesinde \u00f6nemli bir role sahiptir. Staj programlar\u0131, bu e\u011fitimin \u00f6nemli bir par\u00e7as\u0131n\u0131 olu\u015fturur ve \u00f6\u011frencilere gelecekte ba\u015far\u0131l\u0131 spor profesyonelleri olma yolunda gereken deneyimi sa\u011flar.<\/p>\n<\/html>\t\t\t\t\t\t\t\t<\/div>\n\t\t\t\t<\/div>\n\t\t\t\t\t<\/div>\n\t\t<\/div>\n\t\t\t\t\t<\/div>\n\t\t<\/section>\n\t\t\t\t<\/div>\n\t\t","protected":false},"excerpt":{"rendered":"<p>**Staj** Beden E\u011fitimi ve Spor B\u00f6l\u00fcm\u00fcn\u00fcn temel amac\u0131, \u00f6\u011frencilerin spor alan\u0131nda uzmanla\u015fmas\u0131n\u0131 sa\u011flamakt\u0131r. Bu ama\u00e7 do\u011frultusunda, staj \u00e7al\u0131\u015fmalar\u0131 b\u00fcy\u00fck \u00f6nem ta\u015f\u0131maktad\u0131r. Staj, \u00f6\u011frencilerin teorik bilgileri prati\u011fe d\u00f6kerek deneyim kazanmalar\u0131n\u0131 sa\u011flar. Staj \u00e7al\u0131\u015fmas\u0131, \u00f6\u011frencilere \u00e7e\u015fitli spor alanlar\u0131nda deneyim kazand\u0131rmay\u0131 hedefler. \u00d6\u011frenciler, farkl\u0131 bran\u015flarda antren\u00f6rl\u00fck, spor y\u00f6netimi ve organizasyon gibi konularda g\u00f6rev al\u0131rlar. Bu sayede, \u00f6\u011frenciler kendi [&hellip;]<\/p>\n","protected":false},"author":1,"featured_media":0,"parent":0,"menu_order":0,"comment_status":"closed","ping_status":"closed","template":"elementor_header_footer","meta":{"footnotes":""},"class_list":["post-5791","page","type-page","status-publish","hentry"],"_links":{"self":[{"href":"https:\/\/atauni.edu.tr\/beden-egitimi-ve-spor-bolumu\/wp-json\/wp\/v2\/pages\/5791","targetHints":{"allow":["GET"]}}],"collection":[{"href":"https:\/\/atauni.edu.tr\/beden-egitimi-ve-spor-bolumu\/wp-json\/wp\/v2\/pages"}],"about":[{"href":"https:\/\/atauni.edu.tr\/beden-egitimi-ve-spor-bolumu\/wp-json\/wp\/v2\/types\/page"}],"author":[{"embeddable":true,"href":"https:\/\/atauni.edu.tr\/beden-egitimi-ve-spor-bolumu\/wp-json\/wp\/v2\/users\/1"}],"replies":[{"embeddable":true,"href":"https:\/\/atauni.edu.tr\/beden-egitimi-ve-spor-bolumu\/wp-json\/wp\/v2\/comments?post=5791"}],"version-history":[{"count":8,"href":"https:\/\/atauni.edu.tr\/beden-egitimi-ve-spor-bolumu\/wp-json\/wp\/v2\/pages\/5791\/revisions"}],"predecessor-version":[{"id":6094,"href":"https:\/\/atauni.edu.tr\/beden-egitimi-ve-spor-bolumu\/wp-json\/wp\/v2\/pages\/5791\/revisions\/6094"}],"wp:attachment":[{"href":"https:\/\/atauni.edu.tr\/beden-egitimi-ve-spor-bolumu\/wp-json\/wp\/v2\/media?parent=5791"}],"curies":[{"name":"wp","href":"https:\/\/api.w.org\/{rel}","templated":true}]}}