{"id":5800,"date":"2021-07-13T13:12:45","date_gmt":"2021-07-13T10:12:45","guid":{"rendered":"https:\/\/portaltest.atauni.edu.tr\/bilgisayar-muhendisligi\/?page_id=5800"},"modified":"2021-08-27T15:49:23","modified_gmt":"2021-08-27T12:49:23","slug":"bitirme-projeleri","status":"publish","type":"page","link":"https:\/\/atauni.edu.tr\/beden-egitimi-ve-spor-bolumu\/bitirme-projeleri\/","title":{"rendered":"Bitirme Projeleri"},"content":{"rendered":"\t\t<div data-elementor-type=\"wp-page\" data-elementor-id=\"5800\" class=\"elementor elementor-5800\" data-elementor-post-type=\"page\">\n\t\t\t\t\t\t<section class=\"elementor-section elementor-top-section elementor-element elementor-element-730d320 elementor-section-boxed elementor-section-height-default elementor-section-height-default\" data-id=\"730d320\" data-element_type=\"section\">\n\t\t\t\t\t\t<div class=\"elementor-container elementor-column-gap-default\">\n\t\t\t\t\t<div class=\"elementor-column elementor-col-100 elementor-top-column elementor-element elementor-element-753d0860\" data-id=\"753d0860\" data-element_type=\"column\">\n\t\t\t<div class=\"elementor-widget-wrap\">\n\t\t\t\t\t\t\t<\/div>\n\t\t<\/div>\n\t\t\t\t\t<\/div>\n\t\t<\/section>\n\t\t\t\t<section class=\"elementor-section elementor-top-section elementor-element elementor-element-9be811a elementor-section-boxed elementor-section-height-default elementor-section-height-default\" data-id=\"9be811a\" data-element_type=\"section\">\n\t\t\t\t\t\t<div class=\"elementor-container elementor-column-gap-default\">\n\t\t\t\t\t<div class=\"elementor-column elementor-col-100 elementor-top-column elementor-element elementor-element-1ed847b7\" data-id=\"1ed847b7\" data-element_type=\"column\">\n\t\t\t<div class=\"elementor-widget-wrap elementor-element-populated\">\n\t\t\t\t\t\t<div class=\"elementor-element elementor-element-4ce0d07f elementor-widget elementor-widget-heading\" data-id=\"4ce0d07f\" data-element_type=\"widget\" data-widget_type=\"heading.default\">\n\t\t\t\t<div class=\"elementor-widget-container\">\n\t\t\t\t\t<h2 class=\"elementor-heading-title elementor-size-default\">Bitirme Projeleri<\/h2>\t\t\t\t<\/div>\n\t\t\t\t<\/div>\n\t\t\t\t<div class=\"elementor-element elementor-element-63260862 elementor-widget-divider--view-line elementor-widget elementor-widget-divider\" data-id=\"63260862\" data-element_type=\"widget\" data-widget_type=\"divider.default\">\n\t\t\t\t<div class=\"elementor-widget-container\">\n\t\t\t\t\t\t\t<div class=\"elementor-divider\">\n\t\t\t<span class=\"elementor-divider-separator\">\n\t\t\t\t\t\t<\/span>\n\t\t<\/div>\n\t\t\t\t\t\t<\/div>\n\t\t\t\t<\/div>\n\t\t\t\t\t<\/div>\n\t\t<\/div>\n\t\t\t\t\t<\/div>\n\t\t<\/section>\n\t\t\t\t<section class=\"elementor-section elementor-top-section elementor-element elementor-element-6c18d0b elementor-section-boxed elementor-section-height-default elementor-section-height-default\" data-id=\"6c18d0b\" data-element_type=\"section\">\n\t\t\t\t\t\t<div class=\"elementor-container elementor-column-gap-default\">\n\t\t\t\t\t<div class=\"elementor-column elementor-col-100 elementor-top-column elementor-element elementor-element-5a88ff5\" data-id=\"5a88ff5\" data-element_type=\"column\">\n\t\t\t<div class=\"elementor-widget-wrap elementor-element-populated\">\n\t\t\t\t\t\t<div class=\"elementor-element elementor-element-69d7a2b elementor-widget elementor-widget-accordion\" data-id=\"69d7a2b\" data-element_type=\"widget\" data-widget_type=\"accordion.default\">\n\t\t\t\t<div class=\"elementor-widget-container\">\n\t\t\t\t\t\t\t<div class=\"elementor-accordion\">\n\t\t\t\t\t\t\t<div class=\"elementor-accordion-item\">\n\t\t\t\t\t<div id=\"elementor-tab-title-1101\" class=\"elementor-tab-title\" data-tab=\"1\" role=\"button\" aria-controls=\"elementor-tab-content-1101\" aria-expanded=\"false\">\n\t\t\t\t\t\t\t\t\t\t\t\t\t<span class=\"elementor-accordion-icon elementor-accordion-icon-left\" aria-hidden=\"true\">\n\t\t\t\t\t\t\t\t\t\t\t\t\t\t\t<span class=\"elementor-accordion-icon-closed\"><svg class=\"e-font-icon-svg e-fas-plus\" viewBox=\"0 0 448 512\" xmlns=\"http:\/\/www.w3.org\/2000\/svg\"><path d=\"M416 208H272V64c0-17.67-14.33-32-32-32h-32c-17.67 0-32 14.33-32 32v144H32c-17.67 0-32 14.33-32 32v32c0 17.67 14.33 32 32 32h144v144c0 17.67 14.33 32 32 32h32c17.67 0 32-14.33 32-32V304h144c17.67 0 32-14.33 32-32v-32c0-17.67-14.33-32-32-32z\"><\/path><\/svg><\/span>\n\t\t\t\t\t\t\t\t<span class=\"elementor-accordion-icon-opened\"><svg class=\"e-font-icon-svg e-fas-minus\" viewBox=\"0 0 448 512\" xmlns=\"http:\/\/www.w3.org\/2000\/svg\"><path d=\"M416 208H32c-17.67 0-32 14.33-32 32v32c0 17.67 14.33 32 32 32h384c17.67 0 32-14.33 32-32v-32c0-17.67-14.33-32-32-32z\"><\/path><\/svg><\/span>\n\t\t\t\t\t\t\t\t\t\t\t\t\t\t<\/span>\n\t\t\t\t\t\t\t\t\t\t\t\t<a class=\"elementor-accordion-title\" tabindex=\"0\"><p>Atat\u00fcrk \u00dcniversitesi Beden E\u011fitimi ve Spor B\u00f6l\u00fcm\u00fc, \u00f6\u011frencilerinin akademik ve mesleki geli\u015fimlerini desteklemek amac\u0131yla \u00e7e\u015fitli projelere imza at\u0131yor. Bunlardan biri de bitirme projeleri oluyor.<\/p>\n<p>Bitirme projeleri, \u00f6\u011frencilerin b\u00f6l\u00fcmdeki e\u011fitimleri s\u00fcresince edindikleri bilgi ve becerileri uygulamal\u0131 olarak g\u00f6stermelerine olanak tan\u0131yan \u00f6nemli bir de\u011ferlendirme \u00f6l\u00e7\u00fct\u00fcd\u00fcr. \u00d6\u011frenciler, kendi ilgi alanlar\u0131na g\u00f6re se\u00e7tikleri konular \u00fczerinde derinlemesine \u00e7al\u0131\u015fmalar yaparak proje raporlar\u0131 haz\u0131rl\u0131yorlar.<\/p>\n<p>Proje konular\u0131 geni\u015f bir yelpazeyi kaps\u0131yor. Spor y\u00f6netimi, antrenman bilimi, spor psikolojisi, egzersiz fizyolojisi ve beden e\u011fitimi tarihi gibi farkl\u0131 alanlarda \u00f6\u011frencilerin ara\u015ft\u0131rma yapmalar\u0131na ve bilgi \u00fcretmelerine olanak veriliyor.<\/p>\n<p>Bitirme projelerinin amac\u0131, sadece akademik ba\u015far\u0131y\u0131 \u00f6l\u00e7mek de\u011fil, ayn\u0131 zamanda \u00f6\u011frencilere ba\u011f\u0131ms\u0131z \u00e7al\u0131\u015fma becerileri kazand\u0131rmak ve sekt\u00f6re haz\u0131rlamak. Bu projeler arac\u0131l\u0131\u011f\u0131yla \u00f6\u011frenciler, literat\u00fcr taramas\u0131 yapma, veri toplama, analiz etme ve sonu\u00e7lar\u0131 yorumlama gibi \u00f6nemli ara\u015ft\u0131rma becerilerini geli\u015ftiriyorlar.<\/p>\n<p>Ayr\u0131ca, bitirme projeleri \u00f6\u011frencilerin kendi ilgi alanlar\u0131na odaklanarak derinlemesine \u00f6\u011frenmelerine de olanak tan\u0131yor. Bu sayede mezun olduktan sonra meslek ya\u015fant\u0131lar\u0131nda kar\u015f\u0131la\u015facaklar\u0131 sorunlara daha donan\u0131ml\u0131 bir \u015fekilde yakla\u015fabiliyorlar.<\/p><\/a>\n\t\t\t\t\t<\/div>\n\t\t\t\t\t<div id=\"elementor-tab-content-1101\" class=\"elementor-tab-content elementor-clearfix\" data-tab=\"1\" role=\"region\" aria-labelledby=\"elementor-tab-title-1101\"><p>Atat\u00fcrk \u00dcniversitesi Beden E\u011fitimi ve Spor B\u00f6l\u00fcm\u00fc, \u00f6\u011frencilerinin akademik ve mesleki geli\u015fimlerini desteklemek amac\u0131yla \u00e7e\u015fitli projelere imza at\u0131yor. Bunlardan biri de bitirme projeleri oluyor.<\/p>\n<p>Bitirme projeleri, \u00f6\u011frencilerin b\u00f6l\u00fcmdeki e\u011fitimleri s\u00fcresince edindikleri bilgi ve becerileri uygulamal\u0131 olarak g\u00f6stermelerine olanak tan\u0131yan \u00f6nemli bir de\u011ferlendirme \u00f6l\u00e7\u00fct\u00fcd\u00fcr. \u00d6\u011frenciler, kendi ilgi alanlar\u0131na g\u00f6re se\u00e7tikleri konular \u00fczerinde derinlemesine \u00e7al\u0131\u015fmalar yaparak proje raporlar\u0131 haz\u0131rl\u0131yorlar.<\/p>\n<p>Proje konular\u0131 geni\u015f bir yelpazeyi kaps\u0131yor. Spor y\u00f6netimi, antrenman bilimi, spor psikolojisi, egzersiz fizyolojisi ve beden e\u011fitimi tarihi gibi farkl\u0131 alanlarda \u00f6\u011frencilerin ara\u015ft\u0131rma yapmalar\u0131na ve bilgi \u00fcretmelerine olanak veriliyor.<\/p>\n<p>Bitirme projelerinin amac\u0131, sadece akademik ba\u015far\u0131y\u0131 \u00f6l\u00e7mek de\u011fil, ayn\u0131 zamanda \u00f6\u011frencilere ba\u011f\u0131ms\u0131z \u00e7al\u0131\u015fma becerileri kazand\u0131rmak ve sekt\u00f6re haz\u0131rlamak. Bu projeler arac\u0131l\u0131\u011f\u0131yla \u00f6\u011frenciler, literat\u00fcr taramas\u0131 yapma, veri toplama, analiz etme ve sonu\u00e7lar\u0131 yorumlama gibi \u00f6nemli ara\u015ft\u0131rma becerilerini geli\u015ftiriyorlar.<\/p>\n<p>Ayr\u0131ca, bitirme projeleri \u00f6\u011frencilerin kendi ilgi alanlar\u0131na odaklanarak derinlemesine \u00f6\u011frenmelerine de olanak tan\u0131yor. Bu sayede mezun olduktan sonra meslek ya\u015fant\u0131lar\u0131nda kar\u015f\u0131la\u015facaklar\u0131 sorunlara daha donan\u0131ml\u0131 bir \u015fekilde yakla\u015fabiliyorlar.<\/p><\/div>\n\t\t\t\t<\/div>\n\t\t\t\t\t\t\t<div class=\"elementor-accordion-item\">\n\t\t\t\t\t<div id=\"elementor-tab-title-1102\" class=\"elementor-tab-title\" data-tab=\"2\" role=\"button\" aria-controls=\"elementor-tab-content-1102\" aria-expanded=\"false\">\n\t\t\t\t\t\t\t\t\t\t\t\t\t<span class=\"elementor-accordion-icon elementor-accordion-icon-left\" aria-hidden=\"true\">\n\t\t\t\t\t\t\t\t\t\t\t\t\t\t\t<span class=\"elementor-accordion-icon-closed\"><svg class=\"e-font-icon-svg e-fas-plus\" viewBox=\"0 0 448 512\" xmlns=\"http:\/\/www.w3.org\/2000\/svg\"><path d=\"M416 208H272V64c0-17.67-14.33-32-32-32h-32c-17.67 0-32 14.33-32 32v144H32c-17.67 0-32 14.33-32 32v32c0 17.67 14.33 32 32 32h144v144c0 17.67 14.33 32 32 32h32c17.67 0 32-14.33 32-32V304h144c17.67 0 32-14.33 32-32v-32c0-17.67-14.33-32-32-32z\"><\/path><\/svg><\/span>\n\t\t\t\t\t\t\t\t<span class=\"elementor-accordion-icon-opened\"><svg class=\"e-font-icon-svg e-fas-minus\" viewBox=\"0 0 448 512\" xmlns=\"http:\/\/www.w3.org\/2000\/svg\"><path d=\"M416 208H32c-17.67 0-32 14.33-32 32v32c0 17.67 14.33 32 32 32h384c17.67 0 32-14.33 32-32v-32c0-17.67-14.33-32-32-32z\"><\/path><\/svg><\/span>\n\t\t\t\t\t\t\t\t\t\t\t\t\t\t<\/span>\n\t\t\t\t\t\t\t\t\t\t\t\t<a class=\"elementor-accordion-title\" tabindex=\"0\"><p>Atat\u00fcrk \u00dcniversitesi Beden E\u011fitimi ve Spor B\u00f6l\u00fcm\u00fc, \u00f6\u011frencilerinin akademik ve mesleki geli\u015fimlerini desteklemek amac\u0131yla \u00e7e\u015fitli projelere imza at\u0131yor. Bunlardan biri de bitirme projeleri oluyor.<\/p>\n<p>Bitirme projeleri, \u00f6\u011frencilerin b\u00f6l\u00fcmdeki e\u011fitimleri s\u00fcresince edindikleri bilgi ve becerileri uygulamal\u0131 olarak g\u00f6stermelerine olanak tan\u0131yan \u00f6nemli bir de\u011ferlendirme \u00f6l\u00e7\u00fct\u00fcd\u00fcr. \u00d6\u011frenciler, kendi ilgi alanlar\u0131na g\u00f6re se\u00e7tikleri konular \u00fczerinde derinlemesine \u00e7al\u0131\u015fmalar yaparak proje raporlar\u0131 haz\u0131rl\u0131yorlar.<\/p>\n<p>Proje konular\u0131 geni\u015f bir yelpazeyi kaps\u0131yor. Spor y\u00f6netimi, antrenman bilimi, spor psikolojisi, egzersiz fizyolojisi ve beden e\u011fitimi tarihi gibi farkl\u0131 alanlarda \u00f6\u011frencilerin ara\u015ft\u0131rma yapmalar\u0131na ve bilgi \u00fcretmelerine olanak veriliyor.<\/p>\n<p>Bitirme projelerinin amac\u0131, sadece akademik ba\u015far\u0131y\u0131 \u00f6l\u00e7mek de\u011fil, ayn\u0131 zamanda \u00f6\u011frencilere ba\u011f\u0131ms\u0131z \u00e7al\u0131\u015fma becerileri kazand\u0131rmak ve sekt\u00f6re haz\u0131rlamak. Bu projeler arac\u0131l\u0131\u011f\u0131yla \u00f6\u011frenciler, literat\u00fcr taramas\u0131 yapma, veri toplama, analiz etme ve sonu\u00e7lar\u0131 yorumlama gibi \u00f6nemli ara\u015ft\u0131rma becerilerini geli\u015ftiriyorlar.<\/p>\n<p>Ayr\u0131ca, bitirme projeleri \u00f6\u011frencilerin kendi ilgi alanlar\u0131na odaklanarak derinlemesine \u00f6\u011frenmelerine de olanak tan\u0131yor. Bu sayede mezun olduktan sonra meslek ya\u015fant\u0131lar\u0131nda kar\u015f\u0131la\u015facaklar\u0131 sorunlara daha donan\u0131ml\u0131 bir \u015fekilde yakla\u015fabiliyorlar.<\/p><\/a>\n\t\t\t\t\t<\/div>\n\t\t\t\t\t<div id=\"elementor-tab-content-1102\" class=\"elementor-tab-content elementor-clearfix\" data-tab=\"2\" role=\"region\" aria-labelledby=\"elementor-tab-title-1102\"><p>Atat\u00fcrk \u00dcniversitesi Beden E\u011fitimi ve Spor B\u00f6l\u00fcm\u00fc, \u00f6\u011frencilerinin akademik ve mesleki geli\u015fimlerini desteklemek amac\u0131yla \u00e7e\u015fitli projelere imza at\u0131yor. Bunlardan biri de bitirme projeleri oluyor.<\/p>\n<p>Bitirme projeleri, \u00f6\u011frencilerin b\u00f6l\u00fcmdeki e\u011fitimleri s\u00fcresince edindikleri bilgi ve becerileri uygulamal\u0131 olarak g\u00f6stermelerine olanak tan\u0131yan \u00f6nemli bir de\u011ferlendirme \u00f6l\u00e7\u00fct\u00fcd\u00fcr. \u00d6\u011frenciler, kendi ilgi alanlar\u0131na g\u00f6re se\u00e7tikleri konular \u00fczerinde derinlemesine \u00e7al\u0131\u015fmalar yaparak proje raporlar\u0131 haz\u0131rl\u0131yorlar.<\/p>\n<p>Proje konular\u0131 geni\u015f bir yelpazeyi kaps\u0131yor. Spor y\u00f6netimi, antrenman bilimi, spor psikolojisi, egzersiz fizyolojisi ve beden e\u011fitimi tarihi gibi farkl\u0131 alanlarda \u00f6\u011frencilerin ara\u015ft\u0131rma yapmalar\u0131na ve bilgi \u00fcretmelerine olanak veriliyor.<\/p>\n<p>Bitirme projelerinin amac\u0131, sadece akademik ba\u015far\u0131y\u0131 \u00f6l\u00e7mek de\u011fil, ayn\u0131 zamanda \u00f6\u011frencilere ba\u011f\u0131ms\u0131z \u00e7al\u0131\u015fma becerileri kazand\u0131rmak ve sekt\u00f6re haz\u0131rlamak. Bu projeler arac\u0131l\u0131\u011f\u0131yla \u00f6\u011frenciler, literat\u00fcr taramas\u0131 yapma, veri toplama, analiz etme ve sonu\u00e7lar\u0131 yorumlama gibi \u00f6nemli ara\u015ft\u0131rma becerilerini geli\u015ftiriyorlar.<\/p>\n<p>Ayr\u0131ca, bitirme projeleri \u00f6\u011frencilerin kendi ilgi alanlar\u0131na odaklanarak derinlemesine \u00f6\u011frenmelerine de olanak tan\u0131yor. Bu sayede mezun olduktan sonra meslek ya\u015fant\u0131lar\u0131nda kar\u015f\u0131la\u015facaklar\u0131 sorunlara daha donan\u0131ml\u0131 bir \u015fekilde yakla\u015fabiliyorlar.<\/p><\/div>\n\t\t\t\t<\/div>\n\t\t\t\t\t\t\t\t<\/div>\n\t\t\t\t\t\t<\/div>\n\t\t\t\t<\/div>\n\t\t\t\t\t<\/div>\n\t\t<\/div>\n\t\t\t\t\t<\/div>\n\t\t<\/section>\n\t\t\t\t<\/div>\n\t\t","protected":false},"excerpt":{"rendered":"<p>**Bitirme Projeleri** Beden E\u011fitimi ve Spor B\u00f6l\u00fcm\u00fc&#8217;nde e\u011fitimlerini tamamlayan \u00f6\u011frenciler, mezuniyetleri i\u00e7in bir bitirme projesi haz\u0131rlamak zorundad\u0131rlar. Bu proje, \u00f6\u011frencilerin ald\u0131klar\u0131 teorik ve uygulamal\u0131 bilgileri kullanarak bir ara\u015ft\u0131rma veya uygulama projesi ger\u00e7ekle\u015ftirmelerini gerektirir. Bitirme projeleri, \u00f6\u011frencilere kendi ilgi alanlar\u0131na g\u00f6re bir konu se\u00e7me ve bu konuyu derinlemesine inceleyerek sonu\u00e7lara ula\u015fma f\u0131rsat\u0131 sunar. Projeler, beden e\u011fitimi [&hellip;]<\/p>\n","protected":false},"author":1,"featured_media":0,"parent":0,"menu_order":0,"comment_status":"closed","ping_status":"closed","template":"elementor_header_footer","meta":{"footnotes":""},"class_list":["post-5800","page","type-page","status-publish","hentry"],"_links":{"self":[{"href":"https:\/\/atauni.edu.tr\/beden-egitimi-ve-spor-bolumu\/wp-json\/wp\/v2\/pages\/5800","targetHints":{"allow":["GET"]}}],"collection":[{"href":"https:\/\/atauni.edu.tr\/beden-egitimi-ve-spor-bolumu\/wp-json\/wp\/v2\/pages"}],"about":[{"href":"https:\/\/atauni.edu.tr\/beden-egitimi-ve-spor-bolumu\/wp-json\/wp\/v2\/types\/page"}],"author":[{"embeddable":true,"href":"https:\/\/atauni.edu.tr\/beden-egitimi-ve-spor-bolumu\/wp-json\/wp\/v2\/users\/1"}],"replies":[{"embeddable":true,"href":"https:\/\/atauni.edu.tr\/beden-egitimi-ve-spor-bolumu\/wp-json\/wp\/v2\/comments?post=5800"}],"version-history":[{"count":11,"href":"https:\/\/atauni.edu.tr\/beden-egitimi-ve-spor-bolumu\/wp-json\/wp\/v2\/pages\/5800\/revisions"}],"predecessor-version":[{"id":6091,"href":"https:\/\/atauni.edu.tr\/beden-egitimi-ve-spor-bolumu\/wp-json\/wp\/v2\/pages\/5800\/revisions\/6091"}],"wp:attachment":[{"href":"https:\/\/atauni.edu.tr\/beden-egitimi-ve-spor-bolumu\/wp-json\/wp\/v2\/media?parent=5800"}],"curies":[{"name":"wp","href":"https:\/\/api.w.org\/{rel}","templated":true}]}}