{"id":5682,"date":"2021-07-13T10:10:01","date_gmt":"2021-07-13T07:10:01","guid":{"rendered":"https:\/\/portaltest.atauni.edu.tr\/bilgisayar-muhendisligi\/?page_id=5682"},"modified":"2022-02-14T17:20:04","modified_gmt":"2022-02-14T14:20:04","slug":"misyon-vizyon-ve-temel-degerler","status":"publish","type":"page","link":"https:\/\/atauni.edu.tr\/beslenme-ve-diyetetik\/misyon-vizyon-ve-temel-degerler\/","title":{"rendered":"Misyon, Vizyon ve Temel De\u011ferler"},"content":{"rendered":"\t\t<div data-elementor-type=\"wp-page\" data-elementor-id=\"5682\" class=\"elementor elementor-5682\" data-elementor-post-type=\"page\">\n\t\t\t\t\t\t<section class=\"elementor-section elementor-top-section elementor-element elementor-element-9be811a elementor-section-boxed elementor-section-height-default elementor-section-height-default\" data-id=\"9be811a\" data-element_type=\"section\">\n\t\t\t\t\t\t<div class=\"elementor-container elementor-column-gap-default\">\n\t\t\t\t\t<div class=\"elementor-column elementor-col-100 elementor-top-column elementor-element elementor-element-1ed847b7\" data-id=\"1ed847b7\" data-element_type=\"column\">\n\t\t\t<div class=\"elementor-widget-wrap elementor-element-populated\">\n\t\t\t\t\t\t<div class=\"elementor-element elementor-element-4ce0d07f elementor-widget elementor-widget-heading\" data-id=\"4ce0d07f\" data-element_type=\"widget\" data-widget_type=\"heading.default\">\n\t\t\t\t<div class=\"elementor-widget-container\">\n\t\t\t\t\t<h2 class=\"elementor-heading-title elementor-size-default\">Misyon, Vizyon ve Temel De\u011ferler<\/h2>\t\t\t\t<\/div>\n\t\t\t\t<\/div>\n\t\t\t\t<div class=\"elementor-element elementor-element-63260862 elementor-widget-divider--view-line elementor-widget elementor-widget-divider\" data-id=\"63260862\" data-element_type=\"widget\" data-widget_type=\"divider.default\">\n\t\t\t\t<div class=\"elementor-widget-container\">\n\t\t\t\t\t\t\t<div class=\"elementor-divider\">\n\t\t\t<span class=\"elementor-divider-separator\">\n\t\t\t\t\t\t<\/span>\n\t\t<\/div>\n\t\t\t\t\t\t<\/div>\n\t\t\t\t<\/div>\n\t\t\t\t\t<\/div>\n\t\t<\/div>\n\t\t\t\t\t<\/div>\n\t\t<\/section>\n\t\t\t\t<section class=\"elementor-section elementor-top-section elementor-element elementor-element-681db8b elementor-section-boxed elementor-section-height-default elementor-section-height-default\" data-id=\"681db8b\" data-element_type=\"section\">\n\t\t\t\t\t\t<div class=\"elementor-container elementor-column-gap-default\">\n\t\t\t\t\t<div class=\"elementor-column elementor-col-100 elementor-top-column elementor-element elementor-element-ad4dac5\" data-id=\"ad4dac5\" data-element_type=\"column\">\n\t\t\t<div class=\"elementor-widget-wrap elementor-element-populated\">\n\t\t\t\t\t\t<div class=\"elementor-element elementor-element-2f96b3d elementor-widget elementor-widget-text-editor\" data-id=\"2f96b3d\" data-element_type=\"widget\" data-widget_type=\"text-editor.default\">\n\t\t\t\t<div class=\"elementor-widget-container\">\n\t\t\t\t\t\t\t\t\t<p><strong>Vizyonumuz:<\/strong> Ulusal ve Uluslararas\u0131 d\u00fczeyde tercih edilen, tan\u0131nan diyetisyen yeti\u015ftirmek ve akademik personele sahip, e\u011fitim ve ara\u015ft\u0131rma kurumu olmak. E\u011fitim \u00d6\u011fretim aktiviteleri ile geli\u015fmi\u015f Sa\u011fl\u0131k Bilimleri Fak\u00fclteleri seviyesine gelmektir.<\/p><p><strong>Misyonumuz:<\/strong> Uluslararas\u0131 standartlar \u00e7er\u00e7evesinde e\u011fitim ve \u00f6\u011fretim yapmak, toplumun sa\u011fl\u0131\u011f\u0131n\u0131 ve ya\u015fam kalitesini artt\u0131rmak ve geli\u015ftirmek \u00fczere analiz ve sentez yeteneklerine sahip, ya\u015fam boyu \u00f6\u011frenme al\u0131\u015fkanl\u0131\u011f\u0131 edinmi\u015f diyetisyenleri yeti\u015ftirmek, ara\u015ft\u0131rma olanaklar\u0131 sunmak, \u00fcretilen bilginin kullan\u0131lmas\u0131n\u0131 sa\u011flamak ve s\u00fcrekli geli\u015fmektir.<\/p><p><strong>Program\u0131n Ama\u00e7lar\u0131:<\/strong>\u00a0<span style=\"letter-spacing: 0px\">Bireyin ve toplumun; ya\u015fam boyu sa\u011fl\u0131\u011f\u0131n\u0131n korunmas\u0131, iyile\u015ftirilmesi, ya\u015fam kalitesinin geli\u015ftirilmesi ve ya\u015fam kalitesinin artt\u0131r\u0131lmas\u0131 amac\u0131 ile yeterli, dengeli ve s\u00fcrd\u00fcr\u00fclebilir beslenmesini sa\u011flayan, ekip ve multidisipliner \u00e7al\u0131\u015fmalarda rol alarak ve etkili ileti\u015fim kurarak ulusal ve uluslararas\u0131 mesleki standartlar \u00e7er\u00e7evesinde mesleki g\u00f6rev ve sorumluluklar\u0131n\u0131 evrensel ve etik de\u011ferler \u0131\u015f\u0131\u011f\u0131nda uygulayan, beslenme diyetetik bilimindeki g\u00fcncel literat\u00fcr, yakla\u015f\u0131m, teknolojik geli\u015fmeleri takip eden, ele\u015ftirel d\u00fc\u015f\u00fcnen, ara\u015ft\u0131ran, analiz ederek de\u011ferlendiren ve bilimsel kan\u0131ta dayal\u0131 uygulama yapan, ya\u015fam boyu bilimsel geli\u015fmeleri takip eden \u00f6\u011frenme bilincine sahip \u201cDiyetisyen\u201d yeti\u015ftirmektir.<\/span><\/p><p class=\"MsoNormal\"><strong>Mezunlar;<\/strong> \u00f6zel ya da kamu hastanelerinde, diyaliz merkezlerinde, spor komplekslerinde, toplu beslenme sistemlerinde (ticari ama\u00e7 g\u00fcden veya g\u00fctmeyen) \u00e7al\u0131\u015fabilecekleri gibi \u00f6zel dan\u0131\u015fmanl\u0131k merkezlerini de i\u015fletebileceklerdir.<\/p><p class=\"MsoNormal\">Ayr\u0131ca mezunlar yurti\u00e7i ve yurtd\u0131\u015f\u0131 doktora programlar\u0131 ile akademik kariyer yapma imk\u00e2nlar\u0131na da sahiptirler.<\/p>\t\t\t\t\t\t\t\t<\/div>\n\t\t\t\t<\/div>\n\t\t\t\t\t<\/div>\n\t\t<\/div>\n\t\t\t\t\t<\/div>\n\t\t<\/section>\n\t\t\t\t<\/div>\n\t\t","protected":false},"excerpt":{"rendered":"<p>Misyon, Vizyon ve Temel De\u011ferler Vizyonumuz: Ulusal ve Uluslararas\u0131 d\u00fczeyde tercih edilen, tan\u0131nan diyetisyen yeti\u015ftirmek ve akademik personele sahip, e\u011fitim ve ara\u015ft\u0131rma kurumu olmak. E\u011fitim \u00d6\u011fretim aktiviteleri ile geli\u015fmi\u015f Sa\u011fl\u0131k Bilimleri Fak\u00fclteleri seviyesine gelmektir. Misyonumuz: Uluslararas\u0131 standartlar \u00e7er\u00e7evesinde e\u011fitim ve \u00f6\u011fretim yapmak, toplumun sa\u011fl\u0131\u011f\u0131n\u0131 ve ya\u015fam kalitesini artt\u0131rmak ve geli\u015ftirmek \u00fczere analiz ve sentez yeteneklerine [&hellip;]<\/p>\n","protected":false},"author":1,"featured_media":0,"parent":0,"menu_order":0,"comment_status":"closed","ping_status":"closed","template":"elementor_header_footer","meta":{"footnotes":""},"class_list":["post-5682","page","type-page","status-publish","hentry"],"_links":{"self":[{"href":"https:\/\/atauni.edu.tr\/beslenme-ve-diyetetik\/wp-json\/wp\/v2\/pages\/5682","targetHints":{"allow":["GET"]}}],"collection":[{"href":"https:\/\/atauni.edu.tr\/beslenme-ve-diyetetik\/wp-json\/wp\/v2\/pages"}],"about":[{"href":"https:\/\/atauni.edu.tr\/beslenme-ve-diyetetik\/wp-json\/wp\/v2\/types\/page"}],"author":[{"embeddable":true,"href":"https:\/\/atauni.edu.tr\/beslenme-ve-diyetetik\/wp-json\/wp\/v2\/users\/1"}],"replies":[{"embeddable":true,"href":"https:\/\/atauni.edu.tr\/beslenme-ve-diyetetik\/wp-json\/wp\/v2\/comments?post=5682"}],"version-history":[{"count":23,"href":"https:\/\/atauni.edu.tr\/beslenme-ve-diyetetik\/wp-json\/wp\/v2\/pages\/5682\/revisions"}],"predecessor-version":[{"id":6400,"href":"https:\/\/atauni.edu.tr\/beslenme-ve-diyetetik\/wp-json\/wp\/v2\/pages\/5682\/revisions\/6400"}],"wp:attachment":[{"href":"https:\/\/atauni.edu.tr\/beslenme-ve-diyetetik\/wp-json\/wp\/v2\/media?parent=5682"}],"curies":[{"name":"wp","href":"https:\/\/api.w.org\/{rel}","templated":true}]}}