{"id":5728,"date":"2021-07-13T11:33:38","date_gmt":"2021-07-13T08:33:38","guid":{"rendered":"https:\/\/portaltest.atauni.edu.tr\/bilgisayar-muhendisligi\/?page_id=5728"},"modified":"2021-08-27T15:49:46","modified_gmt":"2021-08-27T12:49:46","slug":"bolum-tanitimi","status":"publish","type":"page","link":"https:\/\/atauni.edu.tr\/beslenme-ve-diyetetik\/bolum-tanitimi\/","title":{"rendered":"B\u00f6l\u00fcm Tan\u0131t\u0131m\u0131"},"content":{"rendered":"\t\t<div data-elementor-type=\"wp-page\" data-elementor-id=\"5728\" class=\"elementor elementor-5728\" data-elementor-post-type=\"page\">\n\t\t\t\t\t\t<section class=\"elementor-section elementor-top-section elementor-element elementor-element-730d320 elementor-section-boxed elementor-section-height-default elementor-section-height-default\" data-id=\"730d320\" data-element_type=\"section\">\n\t\t\t\t\t\t<div class=\"elementor-container elementor-column-gap-default\">\n\t\t\t\t\t<div class=\"elementor-column elementor-col-100 elementor-top-column elementor-element elementor-element-753d0860\" data-id=\"753d0860\" data-element_type=\"column\">\n\t\t\t<div class=\"elementor-widget-wrap\">\n\t\t\t\t\t\t\t<\/div>\n\t\t<\/div>\n\t\t\t\t\t<\/div>\n\t\t<\/section>\n\t\t\t\t<section class=\"elementor-section elementor-top-section elementor-element elementor-element-9be811a elementor-section-boxed elementor-section-height-default elementor-section-height-default\" data-id=\"9be811a\" data-element_type=\"section\">\n\t\t\t\t\t\t<div class=\"elementor-container elementor-column-gap-default\">\n\t\t\t\t\t<div class=\"elementor-column elementor-col-100 elementor-top-column elementor-element elementor-element-1ed847b7\" data-id=\"1ed847b7\" data-element_type=\"column\">\n\t\t\t<div class=\"elementor-widget-wrap elementor-element-populated\">\n\t\t\t\t\t\t<div class=\"elementor-element elementor-element-4ce0d07f elementor-widget elementor-widget-heading\" data-id=\"4ce0d07f\" data-element_type=\"widget\" data-widget_type=\"heading.default\">\n\t\t\t\t<div class=\"elementor-widget-container\">\n\t\t\t\t\t<h2 class=\"elementor-heading-title elementor-size-default\">B\u00f6l\u00fcm Tan\u0131t\u0131m\u0131<\/h2>\t\t\t\t<\/div>\n\t\t\t\t<\/div>\n\t\t\t\t<div class=\"elementor-element elementor-element-63260862 elementor-widget-divider--view-line elementor-widget elementor-widget-divider\" data-id=\"63260862\" data-element_type=\"widget\" data-widget_type=\"divider.default\">\n\t\t\t\t<div class=\"elementor-widget-container\">\n\t\t\t\t\t\t\t<div class=\"elementor-divider\">\n\t\t\t<span class=\"elementor-divider-separator\">\n\t\t\t\t\t\t<\/span>\n\t\t<\/div>\n\t\t\t\t\t\t<\/div>\n\t\t\t\t<\/div>\n\t\t\t\t\t<\/div>\n\t\t<\/div>\n\t\t\t\t\t<\/div>\n\t\t<\/section>\n\t\t\t\t<section class=\"elementor-section elementor-top-section elementor-element elementor-element-681db8b elementor-section-boxed elementor-section-height-default elementor-section-height-default\" data-id=\"681db8b\" data-element_type=\"section\">\n\t\t\t\t\t\t<div class=\"elementor-container elementor-column-gap-default\">\n\t\t\t\t\t<div class=\"elementor-column elementor-col-100 elementor-top-column elementor-element elementor-element-ad4dac5\" data-id=\"ad4dac5\" data-element_type=\"column\">\n\t\t\t<div class=\"elementor-widget-wrap elementor-element-populated\">\n\t\t\t\t\t\t<div class=\"elementor-element elementor-element-2f96b3d elementor-widget elementor-widget-text-editor\" data-id=\"2f96b3d\" data-element_type=\"widget\" data-widget_type=\"text-editor.default\">\n\t\t\t\t<div class=\"elementor-widget-container\">\n\t\t\t\t\t\t\t\t\t<h2>B\u00f6l\u00fcm Tan\u0131t\u0131m\u0131<\/h2>\n<p>Atat\u00fcrk \u00dcniversitesi Beslenme ve Diyetetik B\u00f6l\u00fcm\u00fc, \u00f6\u011frencilerine beslenme ve diyetetik alan\u0131ndaki teorik ve pratik bilgileri kazand\u0131rarak, sa\u011fl\u0131kl\u0131 beslenme k\u00fclt\u00fcr\u00fcn\u00fcn geli\u015fmesine katk\u0131da bulunmay\u0131 ama\u00e7lamaktad\u0131r. B\u00f6l\u00fcm\u00fcm\u00fcz, beslenme bilimi ve diyetetik uygulamalar\u0131 konusunda uzmanla\u015fm\u0131\u015f akademik kadrosu ile \u00f6\u011frencilere geni\u015f bir yelpaze sunmaktad\u0131r.<\/p>\n<p>Beslenme ve Diyetetik B\u00f6l\u00fcm\u00fc, besin kimyas\u0131, besin teknolojisi, insan beslenmesi, diyetetik uygulamalar\u0131, beslenme bozukluklar\u0131, toplu beslenme hizmetleri gibi konularda e\u011fitim vermektedir. B\u00f6l\u00fcm\u00fcm\u00fcz\u00fcn amac\u0131, \u00f6\u011frencilere teorik ve pratik bilgi kazand\u0131rarak, Beslenme ve Diyetetik alan\u0131ndaki geli\u015fmeleri takip edebilecek ve uygulayabilecek donan\u0131ma sahip, nitelikli ve uzman bireyler yeti\u015ftirmektir.<\/p>\n<p>B\u00f6l\u00fcm\u00fcm\u00fczde verilen e\u011fitim, \u00f6\u011frencilerin beslenme ve diyetetik alan\u0131nda \u00e7al\u0131\u015fma yapmalar\u0131na, ara\u015ft\u0131rma projelerine kat\u0131lmalar\u0131na ve toplu beslenme hizmetleri konusunda deneyimli olmalar\u0131n\u0131 sa\u011flamaktad\u0131r. Atat\u00fcrk \u00dcniversitesi Beslenme ve Diyetetik B\u00f6l\u00fcm\u00fc, mezunlar\u0131n\u0131n kendi alanlar\u0131nda ba\u015far\u0131l\u0131 bir \u015fekilde \u00e7al\u0131\u015fabilmeleri i\u00e7in gerekli bilgi, beceri ve donan\u0131ma sahip olmas\u0131n\u0131 hedeflemektedir.<\/p>\t\t\t\t\t\t\t\t<\/div>\n\t\t\t\t<\/div>\n\t\t\t\t\t<\/div>\n\t\t<\/div>\n\t\t\t\t\t<\/div>\n\t\t<\/section>\n\t\t\t\t<\/div>\n\t\t","protected":false},"excerpt":{"rendered":"<p>**B\u00f6l\u00fcm Tan\u0131t\u0131m\u0131** Beslenme ve Diyetetik b\u00f6l\u00fcm\u00fc, insan beslenmesi ve diyetetik alan\u0131ndaki e\u011fitim ve ara\u015ft\u0131rman\u0131n conductedildi\u011fi bir akademik birimdir. Bu b\u00f6l\u00fcmde, \u00f6\u011frencilere beslenme bilimi, diyetetik uygulamalar\u0131, g\u0131da teknolojisi ve halk sa\u011fl\u0131\u011f\u0131 konular\u0131nda kapsaml\u0131 bir e\u011fitim verilir. Beslenme ve Diyetetik b\u00f6l\u00fcm\u00fcn\u00fcn amac\u0131, topluma kaliteli beslenme hizmetleri sunmak i\u00e7in gereken bilgi, beceri ve yetkinliklere sahip bireyler yeti\u015ftirmektir. B\u00f6l\u00fcm\u00fcn [&hellip;]<\/p>\n","protected":false},"author":1,"featured_media":0,"parent":0,"menu_order":0,"comment_status":"closed","ping_status":"closed","template":"elementor_header_footer","meta":{"footnotes":""},"class_list":["post-5728","page","type-page","status-publish","hentry"],"_links":{"self":[{"href":"https:\/\/atauni.edu.tr\/beslenme-ve-diyetetik\/wp-json\/wp\/v2\/pages\/5728","targetHints":{"allow":["GET"]}}],"collection":[{"href":"https:\/\/atauni.edu.tr\/beslenme-ve-diyetetik\/wp-json\/wp\/v2\/pages"}],"about":[{"href":"https:\/\/atauni.edu.tr\/beslenme-ve-diyetetik\/wp-json\/wp\/v2\/types\/page"}],"author":[{"embeddable":true,"href":"https:\/\/atauni.edu.tr\/beslenme-ve-diyetetik\/wp-json\/wp\/v2\/users\/1"}],"replies":[{"embeddable":true,"href":"https:\/\/atauni.edu.tr\/beslenme-ve-diyetetik\/wp-json\/wp\/v2\/comments?post=5728"}],"version-history":[{"count":8,"href":"https:\/\/atauni.edu.tr\/beslenme-ve-diyetetik\/wp-json\/wp\/v2\/pages\/5728\/revisions"}],"predecessor-version":[{"id":6100,"href":"https:\/\/atauni.edu.tr\/beslenme-ve-diyetetik\/wp-json\/wp\/v2\/pages\/5728\/revisions\/6100"}],"wp:attachment":[{"href":"https:\/\/atauni.edu.tr\/beslenme-ve-diyetetik\/wp-json\/wp\/v2\/media?parent=5728"}],"curies":[{"name":"wp","href":"https:\/\/api.w.org\/{rel}","templated":true}]}}