{"id":6308,"date":"2022-02-12T17:04:33","date_gmt":"2022-02-12T14:04:33","guid":{"rendered":"https:\/\/birimler.atauni.edu.tr\/beslenme-ve-diyetetik\/?page_id=6308"},"modified":"2025-05-20T17:10:52","modified_gmt":"2025-05-20T14:10:52","slug":"bolum-komisyonlari","status":"publish","type":"page","link":"https:\/\/atauni.edu.tr\/beslenme-ve-diyetetik\/bolum-komisyonlari\/","title":{"rendered":"B\u00f6l\u00fcm Komisyonlar\u0131"},"content":{"rendered":"\t\t<div data-elementor-type=\"wp-page\" data-elementor-id=\"6308\" class=\"elementor elementor-6308\" data-elementor-post-type=\"page\">\n\t\t\t\t\t\t<section class=\"elementor-section elementor-top-section elementor-element elementor-element-3867924 elementor-section-boxed elementor-section-height-default elementor-section-height-default\" data-id=\"3867924\" data-element_type=\"section\">\n\t\t\t\t\t\t<div class=\"elementor-container elementor-column-gap-default\">\n\t\t\t\t\t<div class=\"elementor-column elementor-col-100 elementor-top-column elementor-element elementor-element-fa27afa\" data-id=\"fa27afa\" data-element_type=\"column\">\n\t\t\t<div class=\"elementor-widget-wrap elementor-element-populated\">\n\t\t\t\t\t\t<div class=\"elementor-element elementor-element-1e1c4bb elementor-widget elementor-widget-text-editor\" data-id=\"1e1c4bb\" data-element_type=\"widget\" data-widget_type=\"text-editor.default\">\n\t\t\t\t<div class=\"elementor-widget-container\">\n\t\t\t\t\t\t\t\t\t<p><strong>Beslenme ve Diyetetik B\u00f6l\u00fcm Komisyon ve Koordinat\u00f6rl\u00fck Listesi<\/strong><strong style=\"font-family: var( --e-global-typography-text-font-family ), Sans-serif;letter-spacing: 0px\">&nbsp;<\/strong><\/p>\n<p><strong>Akademik Birim Kalite Komisyonu: <\/strong>Prof. Dr. Esen TA\u015e\u011eIN,&nbsp; Do\u00e7. Dr. Safinur \u00c7EL\u0130K, Dr. \u00d6\u011fr. \u00dcyesi Mevra Ayd\u0131n \u00c7\u0130L, \u00d6\u011frenciler: M. Nehar FIRAT, B\u00fc\u015fra BAYRAKTAR<\/p>\n<p><strong>Akreditasyon Komisyonu: <\/strong>Prof. Dr. Esen TA\u015e\u011eIN, Do\u00e7. Dr. Safinur \u00c7EL\u0130K,, Dr. \u00d6\u011fr. \u00dcyesi \u0130smail M\u00fccahit ALPTEK\u0130N<\/p>\n<p><strong>Akademik Te\u015fvik De\u011ferlendirme Komisyonu: <\/strong>Prof. Dr. Esen TA\u015e\u011eIN, Do\u00e7. Dr. Neva KARATA\u015e,&nbsp;<span style=\"font-family: var( --e-global-typography-text-font-family ), Sans-serif;font-weight: var( --e-global-typography-text-font-weight );letter-spacing: 0px\">Do\u00e7. Dr. Fatma Bet\u00fcl \u00d6ZGER\u0130\u015e<\/span><\/p>\n<p><strong>Bilimsel ve Sosyal Faaliyet \u0130zleme Komisyonu: <\/strong>Do\u00e7. Dr. Fatma Bet\u00fcl \u00d6ZGER\u0130\u015e, Ar\u015f. G\u00f6r. Tuba Ekinci GEZM\u0130\u015e, Mezun diyetisyen G\u00fclcan KAHYA<\/p>\n<p><strong>D\u0131\u015f Kurumlarla ve Derneklerle \u0130\u015f Birli\u011fi Komisyonu; <\/strong>Dr. \u00d6\u011fr. \u00dcyesi Mevra Ayd\u0131n \u00c7\u0130L, Dr. \u00d6\u011fr. \u00dcyesi \u0130smail M\u00fccahit ALPTEK\u0130N, Mezun Diyetisyen Dilara ATE\u015e<\/p>\n<p><strong>E\u011fitim Komisyon<\/strong>: Prof. Dr. Esen TA\u015e\u011eIN, Dr. \u00d6\u011fr. \u00dcyesi Mevra AYDIN \u00c7\u0130L, Do\u00e7. Dr. Safinur \u00c7EL\u0130K<\/p>\n<p><strong>B\u00f6l\u00fcm Strateji Komisyonu: <\/strong>Prof. Dr. Esen TA\u015e\u011eIN, Dr. \u00d6\u011fr. \u00dcyesi Fatma Bet\u00fcl \u00d6ZGER\u0130\u015e, Do\u00e7. Dr. Safinur \u00c7EL\u0130K, \u00d6\u011frenci: B\u00fc\u015fra BAYRAKTAR, Mezun diyetisyen \u015eeyma \u00dc\u00c7DEM\u0130R<\/p>\n<p><strong>B\u00f6l\u00fcm Web Sayfas\u0131 Komisyonu; <\/strong>Do\u00e7. Dr. Safinur \u00c7EL\u0130K, Ar\u015f. G\u00f6r. Tuba EK\u0130NC\u0130<\/p>\n<p><strong>Mezun \u0130zlem Komisyon; <\/strong>Do\u00e7. Dr. Neva KARATA\u015e, Dr. \u00d6\u011fr. \u00dcyesi \u0130smail M\u00fccahit ALPTEK\u0130N<\/p>\n<p><strong>Mezuniyet Komisyonu: <\/strong>Do\u00e7. Dr. Neva KARATA\u015e, Dr. \u00d6\u011fr. \u00dcyesi Mevra Ayd\u0131n \u00c7il<\/p>\n<p><strong>\u00d6l\u00e7me De\u011ferlendirme Komisyonu: <\/strong>Prof. Dr. Esen TA\u015e\u011eIN, Do\u00e7. Dr. Neva KARATA\u015e, Dr. \u00d6\u011fr. \u00dcyesi Mevra AYDIN \u00c7\u0130L, Do\u00e7. Dr. Safinur \u00c7EL\u0130K<\/p>\n<p><strong>Proje Komisyonu; <\/strong>Prof. Dr. Esen TA\u015e\u011eIN ve Dr. \u00d6\u011fr. \u00dcyesi Mevra Ayd\u0131n \u00c7\u0130l<\/p>\n<p><strong>Rehberlik Dan\u0131\u015fmanl\u0131k ve Burs Komisyonu: <\/strong>Prof. Dr. Esen TA\u015e\u011eIN, Dan\u0131\u015fmanlar<\/p>\n<p><strong>Yatay Ge\u00e7i\u015f ve \u0130ntibak Komisyonu; <\/strong>Prof. Dr. Esen TA\u015e\u011eIN, Do\u00e7. Dr. Safinur \u00c7EL\u0130K, Do\u00e7. Dr. Fatma Bet\u00fcl \u00d6ZGER\u0130\u015e, Dr. \u00d6\u011fr. \u00dcyesi Mevra Ayd\u0131n \u00c7\u0130L<\/p>\n<p><strong>Staj Uygulama Komisyonu; <\/strong>Do\u00e7. Dr. Neva KARATA\u015e, Dr. \u00d6\u011fr. \u00dcyesi Mevra AYDIN \u00c7\u0130L, Do\u00e7. Dr. Fatma Bet\u00fcl \u00d6ZGER\u0130\u015e<\/p>\n<p><strong>De\u011fi\u015fim Programlar\u0131 B\u00f6l\u00fcm Koordinat\u00f6rl\u00fc\u011f\u00fc: <\/strong>Erasmus: Prof. Dr. Esen TA\u015e\u011eIN, Mevlana: Prof. Dr. Esen TA\u015e\u011eIN, Farabi: Prof. Dr. Esen TA\u015e\u011eIN<\/p>\n<p><strong>Kriter Komisyonu: <\/strong>Prof. Dr. Esen TA\u015e\u011eIN, Do\u00e7. Dr. Safinur \u00c7EL\u0130K, Do\u00e7. Dr. Fatma Bet\u00fcl \u00d6ZGER\u0130\u015e,<\/p>\t\t\t\t\t\t\t\t<\/div>\n\t\t\t\t<\/div>\n\t\t\t\t\t<\/div>\n\t\t<\/div>\n\t\t\t\t\t<\/div>\n\t\t<\/section>\n\t\t\t\t<\/div>\n\t\t","protected":false},"excerpt":{"rendered":"<p>Beslenme ve Diyetetik B\u00f6l\u00fcm Komisyon ve Koordinat\u00f6rl\u00fck Listesi&nbsp; Akademik Birim Kalite Komisyonu: Prof. Dr. Esen TA\u015e\u011eIN,&nbsp; Do\u00e7. Dr. Safinur \u00c7EL\u0130K, Dr. \u00d6\u011fr. \u00dcyesi Mevra Ayd\u0131n \u00c7\u0130L, \u00d6\u011frenciler: M. Nehar FIRAT, B\u00fc\u015fra BAYRAKTAR Akreditasyon Komisyonu: Prof. Dr. Esen TA\u015e\u011eIN, Do\u00e7. Dr. Safinur \u00c7EL\u0130K,, Dr. \u00d6\u011fr. \u00dcyesi \u0130smail M\u00fccahit ALPTEK\u0130N Akademik Te\u015fvik De\u011ferlendirme Komisyonu: Prof. Dr. Esen [&hellip;]<\/p>\n","protected":false},"author":460,"featured_media":0,"parent":0,"menu_order":0,"comment_status":"closed","ping_status":"closed","template":"","meta":{"footnotes":""},"class_list":["post-6308","page","type-page","status-publish","hentry"],"_links":{"self":[{"href":"https:\/\/atauni.edu.tr\/beslenme-ve-diyetetik\/wp-json\/wp\/v2\/pages\/6308","targetHints":{"allow":["GET"]}}],"collection":[{"href":"https:\/\/atauni.edu.tr\/beslenme-ve-diyetetik\/wp-json\/wp\/v2\/pages"}],"about":[{"href":"https:\/\/atauni.edu.tr\/beslenme-ve-diyetetik\/wp-json\/wp\/v2\/types\/page"}],"author":[{"embeddable":true,"href":"https:\/\/atauni.edu.tr\/beslenme-ve-diyetetik\/wp-json\/wp\/v2\/users\/460"}],"replies":[{"embeddable":true,"href":"https:\/\/atauni.edu.tr\/beslenme-ve-diyetetik\/wp-json\/wp\/v2\/comments?post=6308"}],"version-history":[{"count":45,"href":"https:\/\/atauni.edu.tr\/beslenme-ve-diyetetik\/wp-json\/wp\/v2\/pages\/6308\/revisions"}],"predecessor-version":[{"id":7329,"href":"https:\/\/atauni.edu.tr\/beslenme-ve-diyetetik\/wp-json\/wp\/v2\/pages\/6308\/revisions\/7329"}],"wp:attachment":[{"href":"https:\/\/atauni.edu.tr\/beslenme-ve-diyetetik\/wp-json\/wp\/v2\/media?parent=6308"}],"curies":[{"name":"wp","href":"https:\/\/api.w.org\/{rel}","templated":true}]}}