{"id":6326,"date":"2022-02-12T17:37:05","date_gmt":"2022-02-12T14:37:05","guid":{"rendered":"https:\/\/birimler.atauni.edu.tr\/beslenme-ve-diyetetik\/?page_id=6326"},"modified":"2025-05-20T17:06:55","modified_gmt":"2025-05-20T14:06:55","slug":"programin-amaclari-ve-mezunlarin-calisma-alanlari","status":"publish","type":"page","link":"https:\/\/atauni.edu.tr\/beslenme-ve-diyetetik\/programin-amaclari-ve-mezunlarin-calisma-alanlari\/","title":{"rendered":"Program\u0131n Ama\u00e7lar\u0131 ve Mezunlar\u0131n \u00c7al\u0131\u015fma Alanlar\u0131"},"content":{"rendered":"\t\t<div data-elementor-type=\"wp-page\" data-elementor-id=\"6326\" class=\"elementor elementor-6326\" data-elementor-post-type=\"page\">\n\t\t\t\t\t\t<section class=\"elementor-section elementor-top-section elementor-element elementor-element-730d320 elementor-section-boxed elementor-section-height-default elementor-section-height-default\" data-id=\"730d320\" data-element_type=\"section\">\n\t\t\t\t\t\t<div class=\"elementor-container elementor-column-gap-default\">\n\t\t\t\t\t<div class=\"elementor-column elementor-col-100 elementor-top-column elementor-element elementor-element-753d0860\" data-id=\"753d0860\" data-element_type=\"column\">\n\t\t\t<div class=\"elementor-widget-wrap\">\n\t\t\t\t\t\t\t<\/div>\n\t\t<\/div>\n\t\t\t\t\t<\/div>\n\t\t<\/section>\n\t\t\t\t<section class=\"elementor-section elementor-top-section elementor-element elementor-element-9be811a elementor-section-boxed elementor-section-height-default elementor-section-height-default\" data-id=\"9be811a\" data-element_type=\"section\">\n\t\t\t\t\t\t<div class=\"elementor-container elementor-column-gap-default\">\n\t\t\t\t\t<div class=\"elementor-column elementor-col-100 elementor-top-column elementor-element elementor-element-1ed847b7\" data-id=\"1ed847b7\" data-element_type=\"column\">\n\t\t\t<div class=\"elementor-widget-wrap elementor-element-populated\">\n\t\t\t\t\t\t<div class=\"elementor-element elementor-element-4ce0d07f elementor-widget elementor-widget-heading\" data-id=\"4ce0d07f\" data-element_type=\"widget\" data-widget_type=\"heading.default\">\n\t\t\t\t<div class=\"elementor-widget-container\">\n\t\t\t\t\t<h2 class=\"elementor-heading-title elementor-size-default\">Program\u0131n Ama\u00e7lar\u0131 ve Mezunlar\u0131n \u00c7al\u0131\u015fma Alanlar\u0131<\/h2>\t\t\t\t<\/div>\n\t\t\t\t<\/div>\n\t\t\t\t<div class=\"elementor-element elementor-element-63260862 elementor-widget-divider--view-line elementor-widget elementor-widget-divider\" data-id=\"63260862\" data-element_type=\"widget\" data-widget_type=\"divider.default\">\n\t\t\t\t<div class=\"elementor-widget-container\">\n\t\t\t\t\t\t\t<div class=\"elementor-divider\">\n\t\t\t<span class=\"elementor-divider-separator\">\n\t\t\t\t\t\t<\/span>\n\t\t<\/div>\n\t\t\t\t\t\t<\/div>\n\t\t\t\t<\/div>\n\t\t\t\t\t<\/div>\n\t\t<\/div>\n\t\t\t\t\t<\/div>\n\t\t<\/section>\n\t\t\t\t<section class=\"elementor-section elementor-top-section elementor-element elementor-element-681db8b elementor-section-boxed elementor-section-height-default elementor-section-height-default\" data-id=\"681db8b\" data-element_type=\"section\">\n\t\t\t\t\t\t<div class=\"elementor-container elementor-column-gap-default\">\n\t\t\t\t\t<div class=\"elementor-column elementor-col-100 elementor-top-column elementor-element elementor-element-ad4dac5\" data-id=\"ad4dac5\" data-element_type=\"column\">\n\t\t\t<div class=\"elementor-widget-wrap elementor-element-populated\">\n\t\t\t\t\t\t<div class=\"elementor-element elementor-element-2f96b3d elementor-widget elementor-widget-text-editor\" data-id=\"2f96b3d\" data-element_type=\"widget\" data-widget_type=\"text-editor.default\">\n\t\t\t\t<div class=\"elementor-widget-container\">\n\t\t\t\t\t\t\t\t\t<p><strong style=\"letter-spacing: 0px\">Program\u0131n Ama\u00e7lar\u0131:<\/strong><span style=\"letter-spacing: 0px\">\u00a0<\/span><span style=\"letter-spacing: 0px\">Bireyin ve toplumun; ya\u015fam boyu sa\u011fl\u0131\u011f\u0131n\u0131n korunmas\u0131, iyile\u015ftirilmesi, ya\u015fam kalitesinin geli\u015ftirilmesi ve ya\u015fam kalitesinin artt\u0131r\u0131lmas\u0131 amac\u0131 ile yeterli, dengeli ve s\u00fcrd\u00fcr\u00fclebilir beslenmesini sa\u011flayan, ekip ve multidisipliner \u00e7al\u0131\u015fmalarda rol alarak ve etkili ileti\u015fim kurarak ulusal ve uluslararas\u0131 mesleki standartlar \u00e7er\u00e7evesinde mesleki g\u00f6rev ve sorumluluklar\u0131n\u0131 evrensel ve etik de\u011ferler \u0131\u015f\u0131\u011f\u0131nda uygulayan, beslenme diyetetik bilimindeki g\u00fcncel literat\u00fcr, yakla\u015f\u0131m, teknolojik geli\u015fmeleri takip eden, ele\u015ftirel d\u00fc\u015f\u00fcnen, ara\u015ft\u0131ran, analiz ederek de\u011ferlendiren ve bilimsel kan\u0131ta dayal\u0131 uygulama yapan, ya\u015fam boyu bilimsel geli\u015fmeleri takip eden \u00f6\u011frenme bilincine sahip \u201cDiyetisyen\u201d yeti\u015ftirmektir.<\/span><\/p><p class=\"MsoNormal\"><strong>Mezunlar;<\/strong> \u00f6zel ya da kamu hastanelerinde, diyaliz merkezlerinde, spor komplekslerinde, toplu beslenme sistemlerinde (ticari ama\u00e7 g\u00fcden veya g\u00fctmeyen) \u00e7al\u0131\u015fabilecekleri gibi \u00f6zel dan\u0131\u015fmanl\u0131k merkezlerini de i\u015fletebileceklerdir.<\/p><p class=\"MsoNormal\">Ayr\u0131ca mezunlar yurti\u00e7i ve yurtd\u0131\u015f\u0131 doktora programlar\u0131 ile akademik kariyer yapma imk\u00e2nlar\u0131na da sahiptirler.<\/p>\t\t\t\t\t\t\t\t<\/div>\n\t\t\t\t<\/div>\n\t\t\t\t\t<\/div>\n\t\t<\/div>\n\t\t\t\t\t<\/div>\n\t\t<\/section>\n\t\t\t\t<\/div>\n\t\t","protected":false},"excerpt":{"rendered":"<p>Program\u0131n Ama\u00e7lar\u0131 ve Mezunlar\u0131n \u00c7al\u0131\u015fma Alanlar\u0131 Program\u0131n Ama\u00e7lar\u0131:\u00a0Bireyin ve toplumun; ya\u015fam boyu sa\u011fl\u0131\u011f\u0131n\u0131n korunmas\u0131, iyile\u015ftirilmesi, ya\u015fam kalitesinin geli\u015ftirilmesi ve ya\u015fam kalitesinin artt\u0131r\u0131lmas\u0131 amac\u0131 ile yeterli, dengeli ve s\u00fcrd\u00fcr\u00fclebilir beslenmesini sa\u011flayan, ekip ve multidisipliner \u00e7al\u0131\u015fmalarda rol alarak ve etkili ileti\u015fim kurarak ulusal ve uluslararas\u0131 mesleki standartlar \u00e7er\u00e7evesinde mesleki g\u00f6rev ve sorumluluklar\u0131n\u0131 evrensel ve etik de\u011ferler \u0131\u015f\u0131\u011f\u0131nda [&hellip;]<\/p>\n","protected":false},"author":460,"featured_media":0,"parent":0,"menu_order":0,"comment_status":"closed","ping_status":"closed","template":"elementor_header_footer","meta":{"footnotes":""},"class_list":["post-6326","page","type-page","status-publish","hentry"],"_links":{"self":[{"href":"https:\/\/atauni.edu.tr\/beslenme-ve-diyetetik\/wp-json\/wp\/v2\/pages\/6326","targetHints":{"allow":["GET"]}}],"collection":[{"href":"https:\/\/atauni.edu.tr\/beslenme-ve-diyetetik\/wp-json\/wp\/v2\/pages"}],"about":[{"href":"https:\/\/atauni.edu.tr\/beslenme-ve-diyetetik\/wp-json\/wp\/v2\/types\/page"}],"author":[{"embeddable":true,"href":"https:\/\/atauni.edu.tr\/beslenme-ve-diyetetik\/wp-json\/wp\/v2\/users\/460"}],"replies":[{"embeddable":true,"href":"https:\/\/atauni.edu.tr\/beslenme-ve-diyetetik\/wp-json\/wp\/v2\/comments?post=6326"}],"version-history":[{"count":7,"href":"https:\/\/atauni.edu.tr\/beslenme-ve-diyetetik\/wp-json\/wp\/v2\/pages\/6326\/revisions"}],"predecessor-version":[{"id":7323,"href":"https:\/\/atauni.edu.tr\/beslenme-ve-diyetetik\/wp-json\/wp\/v2\/pages\/6326\/revisions\/7323"}],"wp:attachment":[{"href":"https:\/\/atauni.edu.tr\/beslenme-ve-diyetetik\/wp-json\/wp\/v2\/media?parent=6326"}],"curies":[{"name":"wp","href":"https:\/\/api.w.org\/{rel}","templated":true}]}}