{"id":6354,"date":"2022-02-14T13:00:18","date_gmt":"2022-02-14T10:00:18","guid":{"rendered":"http:\/\/birimler.atauni.edu.tr\/beslenme-ve-diyetetik\/?page_id=6354"},"modified":"2022-02-14T17:34:42","modified_gmt":"2022-02-14T14:34:42","slug":"sosyal-sorumluluk-projeleri-2","status":"publish","type":"page","link":"https:\/\/atauni.edu.tr\/beslenme-ve-diyetetik\/sosyal-sorumluluk-projeleri-2\/","title":{"rendered":"Sosyal Sorumluluk Projeleri"},"content":{"rendered":"\t\t<div data-elementor-type=\"wp-page\" data-elementor-id=\"6354\" class=\"elementor elementor-6354\" data-elementor-post-type=\"page\">\n\t\t\t\t\t\t<section class=\"elementor-section elementor-top-section elementor-element elementor-element-9be811a elementor-section-boxed elementor-section-height-default elementor-section-height-default\" data-id=\"9be811a\" data-element_type=\"section\">\n\t\t\t\t\t\t<div class=\"elementor-container elementor-column-gap-default\">\n\t\t\t\t\t<div class=\"elementor-column elementor-col-100 elementor-top-column elementor-element elementor-element-1ed847b7\" data-id=\"1ed847b7\" data-element_type=\"column\">\n\t\t\t<div class=\"elementor-widget-wrap elementor-element-populated\">\n\t\t\t\t\t\t<div class=\"elementor-element elementor-element-4ce0d07f elementor-widget elementor-widget-heading\" data-id=\"4ce0d07f\" data-element_type=\"widget\" data-widget_type=\"heading.default\">\n\t\t\t\t<div class=\"elementor-widget-container\">\n\t\t\t\t\t<h2 class=\"elementor-heading-title elementor-size-default\">Sosyal Sorumluluk Projeleri<\/h2>\t\t\t\t<\/div>\n\t\t\t\t<\/div>\n\t\t\t\t<div class=\"elementor-element elementor-element-63260862 elementor-widget-divider--view-line elementor-widget elementor-widget-divider\" data-id=\"63260862\" data-element_type=\"widget\" data-widget_type=\"divider.default\">\n\t\t\t\t<div class=\"elementor-widget-container\">\n\t\t\t\t\t\t\t<div class=\"elementor-divider\">\n\t\t\t<span class=\"elementor-divider-separator\">\n\t\t\t\t\t\t<\/span>\n\t\t<\/div>\n\t\t\t\t\t\t<\/div>\n\t\t\t\t<\/div>\n\t\t\t\t\t<\/div>\n\t\t<\/div>\n\t\t\t\t\t<\/div>\n\t\t<\/section>\n\t\t\t\t<section class=\"elementor-section elementor-top-section elementor-element elementor-element-f438248 elementor-section-boxed elementor-section-height-default elementor-section-height-default\" data-id=\"f438248\" data-element_type=\"section\">\n\t\t\t\t\t\t<div class=\"elementor-container elementor-column-gap-default\">\n\t\t\t\t\t<div class=\"elementor-column elementor-col-25 elementor-top-column elementor-element elementor-element-509868e\" data-id=\"509868e\" data-element_type=\"column\">\n\t\t\t<div class=\"elementor-widget-wrap elementor-element-populated\">\n\t\t\t\t\t\t<div class=\"elementor-element elementor-element-502e4af elementor-widget elementor-widget-image\" data-id=\"502e4af\" data-element_type=\"widget\" data-widget_type=\"image.default\">\n\t\t\t\t<div class=\"elementor-widget-container\">\n\t\t\t\t\t\t\t\t\t\t\t\t\t\t\t<img fetchpriority=\"high\" decoding=\"async\" width=\"1024\" height=\"768\" src=\"https:\/\/atauni.edu.tr\/beslenme-ve-diyetetik\/wp-content\/uploads\/sites\/85\/2022\/02\/Pandemi-Donemi-Guclu-bagisiklik-Icin-Probiyotikler.jpg\" class=\"attachment-large size-large wp-image-6360\" alt=\"\" srcset=\"https:\/\/atauni.edu.tr\/beslenme-ve-diyetetik\/wp-content\/uploads\/sites\/85\/2022\/02\/Pandemi-Donemi-Guclu-bagisiklik-Icin-Probiyotikler.jpg 1024w, https:\/\/atauni.edu.tr\/beslenme-ve-diyetetik\/wp-content\/uploads\/sites\/85\/2022\/02\/Pandemi-Donemi-Guclu-bagisiklik-Icin-Probiyotikler-300x225.jpg 300w, https:\/\/atauni.edu.tr\/beslenme-ve-diyetetik\/wp-content\/uploads\/sites\/85\/2022\/02\/Pandemi-Donemi-Guclu-bagisiklik-Icin-Probiyotikler-768x576.jpg 768w, https:\/\/atauni.edu.tr\/beslenme-ve-diyetetik\/wp-content\/uploads\/sites\/85\/2022\/02\/Pandemi-Donemi-Guclu-bagisiklik-Icin-Probiyotikler-600x450.jpg 600w, https:\/\/atauni.edu.tr\/beslenme-ve-diyetetik\/wp-content\/uploads\/sites\/85\/2022\/02\/Pandemi-Donemi-Guclu-bagisiklik-Icin-Probiyotikler-560x420.jpg 560w\" sizes=\"(max-width: 1024px) 100vw, 1024px\" \/>\t\t\t\t\t\t\t\t\t\t\t\t\t\t\t<\/div>\n\t\t\t\t<\/div>\n\t\t\t\t<div class=\"elementor-element elementor-element-c7b185b elementor-widget elementor-widget-text-editor\" data-id=\"c7b185b\" data-element_type=\"widget\" data-widget_type=\"text-editor.default\">\n\t\t\t\t<div class=\"elementor-widget-container\">\n\t\t\t\t\t\t\t\t\t<p>Pandemi D\u00f6nemi G\u00fc\u00e7l\u00fc ba\u011f\u0131\u015f\u0131kl\u0131k \u0130\u00e7in Probiyotikler<\/p>\t\t\t\t\t\t\t\t<\/div>\n\t\t\t\t<\/div>\n\t\t\t\t\t<\/div>\n\t\t<\/div>\n\t\t\t\t<div class=\"elementor-column elementor-col-25 elementor-top-column elementor-element elementor-element-8e520a5\" data-id=\"8e520a5\" data-element_type=\"column\">\n\t\t\t<div class=\"elementor-widget-wrap elementor-element-populated\">\n\t\t\t\t\t\t<div class=\"elementor-element elementor-element-d1c7748 elementor-widget elementor-widget-image\" data-id=\"d1c7748\" data-element_type=\"widget\" data-widget_type=\"image.default\">\n\t\t\t\t<div class=\"elementor-widget-container\">\n\t\t\t\t\t\t\t\t\t\t\t\t\t\t\t<img decoding=\"async\" width=\"1024\" height=\"768\" src=\"https:\/\/atauni.edu.tr\/beslenme-ve-diyetetik\/wp-content\/uploads\/sites\/85\/2022\/02\/Etikette-Okuryazarlik-1024x768.jpg\" class=\"attachment-large size-large wp-image-6361\" alt=\"\" srcset=\"https:\/\/atauni.edu.tr\/beslenme-ve-diyetetik\/wp-content\/uploads\/sites\/85\/2022\/02\/Etikette-Okuryazarlik-1024x768.jpg 1024w, https:\/\/atauni.edu.tr\/beslenme-ve-diyetetik\/wp-content\/uploads\/sites\/85\/2022\/02\/Etikette-Okuryazarlik-300x225.jpg 300w, https:\/\/atauni.edu.tr\/beslenme-ve-diyetetik\/wp-content\/uploads\/sites\/85\/2022\/02\/Etikette-Okuryazarlik-768x576.jpg 768w, https:\/\/atauni.edu.tr\/beslenme-ve-diyetetik\/wp-content\/uploads\/sites\/85\/2022\/02\/Etikette-Okuryazarlik-600x450.jpg 600w, https:\/\/atauni.edu.tr\/beslenme-ve-diyetetik\/wp-content\/uploads\/sites\/85\/2022\/02\/Etikette-Okuryazarlik-560x420.jpg 560w, https:\/\/atauni.edu.tr\/beslenme-ve-diyetetik\/wp-content\/uploads\/sites\/85\/2022\/02\/Etikette-Okuryazarlik.jpg 1211w\" sizes=\"(max-width: 1024px) 100vw, 1024px\" \/>\t\t\t\t\t\t\t\t\t\t\t\t\t\t\t<\/div>\n\t\t\t\t<\/div>\n\t\t\t\t<div class=\"elementor-element elementor-element-ce9f83b elementor-widget elementor-widget-text-editor\" data-id=\"ce9f83b\" data-element_type=\"widget\" data-widget_type=\"text-editor.default\">\n\t\t\t\t<div class=\"elementor-widget-container\">\n\t\t\t\t\t\t\t\t\t<p>Etikette Okuryazarl\u0131k<\/p>\t\t\t\t\t\t\t\t<\/div>\n\t\t\t\t<\/div>\n\t\t\t\t\t<\/div>\n\t\t<\/div>\n\t\t\t\t<div class=\"elementor-column elementor-col-25 elementor-top-column elementor-element elementor-element-60bef17\" data-id=\"60bef17\" data-element_type=\"column\">\n\t\t\t<div class=\"elementor-widget-wrap elementor-element-populated\">\n\t\t\t\t\t\t<div class=\"elementor-element elementor-element-ff8c29c elementor-widget elementor-widget-image\" data-id=\"ff8c29c\" data-element_type=\"widget\" data-widget_type=\"image.default\">\n\t\t\t\t<div class=\"elementor-widget-container\">\n\t\t\t\t\t\t\t\t\t\t\t\t\t\t\t<img decoding=\"async\" width=\"768\" height=\"1024\" src=\"https:\/\/atauni.edu.tr\/beslenme-ve-diyetetik\/wp-content\/uploads\/sites\/85\/2022\/02\/Dogru-Besin-Guclu-Beyin.jpg\" class=\"attachment-large size-large wp-image-6362\" alt=\"\" srcset=\"https:\/\/atauni.edu.tr\/beslenme-ve-diyetetik\/wp-content\/uploads\/sites\/85\/2022\/02\/Dogru-Besin-Guclu-Beyin.jpg 768w, https:\/\/atauni.edu.tr\/beslenme-ve-diyetetik\/wp-content\/uploads\/sites\/85\/2022\/02\/Dogru-Besin-Guclu-Beyin-225x300.jpg 225w, https:\/\/atauni.edu.tr\/beslenme-ve-diyetetik\/wp-content\/uploads\/sites\/85\/2022\/02\/Dogru-Besin-Guclu-Beyin-450x600.jpg 450w, https:\/\/atauni.edu.tr\/beslenme-ve-diyetetik\/wp-content\/uploads\/sites\/85\/2022\/02\/Dogru-Besin-Guclu-Beyin-420x560.jpg 420w\" sizes=\"(max-width: 768px) 100vw, 768px\" \/>\t\t\t\t\t\t\t\t\t\t\t\t\t\t\t<\/div>\n\t\t\t\t<\/div>\n\t\t\t\t<div class=\"elementor-element elementor-element-df460ea elementor-widget elementor-widget-text-editor\" data-id=\"df460ea\" data-element_type=\"widget\" data-widget_type=\"text-editor.default\">\n\t\t\t\t<div class=\"elementor-widget-container\">\n\t\t\t\t\t\t\t\t\t<p>Do\u011fru Besin G\u00fc\u00e7l\u00fc Beyin<\/p>\t\t\t\t\t\t\t\t<\/div>\n\t\t\t\t<\/div>\n\t\t\t\t\t<\/div>\n\t\t<\/div>\n\t\t\t\t<div class=\"elementor-column elementor-col-25 elementor-top-column elementor-element elementor-element-4d696b4\" data-id=\"4d696b4\" data-element_type=\"column\">\n\t\t\t<div class=\"elementor-widget-wrap elementor-element-populated\">\n\t\t\t\t\t\t<div class=\"elementor-element elementor-element-74476e8 elementor-widget elementor-widget-image\" data-id=\"74476e8\" data-element_type=\"widget\" data-widget_type=\"image.default\">\n\t\t\t\t<div class=\"elementor-widget-container\">\n\t\t\t\t\t\t\t\t\t\t\t\t\t\t\t<img decoding=\"async\" src=\"https:\/\/atauni.edu.tr\/beslenme-ve-diyetetik\/wp-content\/plugins\/elementor\/assets\/images\/placeholder.png\" title=\"\" alt=\"\" loading=\"lazy\" \/>\t\t\t\t\t\t\t\t\t\t\t\t\t\t\t<\/div>\n\t\t\t\t<\/div>\n\t\t\t\t\t<\/div>\n\t\t<\/div>\n\t\t\t\t\t<\/div>\n\t\t<\/section>\n\t\t\t\t<section class=\"elementor-section elementor-top-section elementor-element elementor-element-09cf515 elementor-section-boxed elementor-section-height-default elementor-section-height-default\" data-id=\"09cf515\" data-element_type=\"section\">\n\t\t\t\t\t\t<div class=\"elementor-container elementor-column-gap-default\">\n\t\t\t\t\t<div class=\"elementor-column elementor-col-25 elementor-top-column elementor-element elementor-element-d18c8cb\" data-id=\"d18c8cb\" data-element_type=\"column\">\n\t\t\t<div class=\"elementor-widget-wrap elementor-element-populated\">\n\t\t\t\t\t\t<div class=\"elementor-element elementor-element-04ed8fb elementor-widget elementor-widget-image\" data-id=\"04ed8fb\" data-element_type=\"widget\" data-widget_type=\"image.default\">\n\t\t\t\t<div class=\"elementor-widget-container\">\n\t\t\t\t\t\t\t\t\t\t\t\t\t\t\t<img decoding=\"async\" src=\"https:\/\/atauni.edu.tr\/beslenme-ve-diyetetik\/wp-content\/plugins\/elementor\/assets\/images\/placeholder.png\" title=\"\" alt=\"\" loading=\"lazy\" \/>\t\t\t\t\t\t\t\t\t\t\t\t\t\t\t<\/div>\n\t\t\t\t<\/div>\n\t\t\t\t\t<\/div>\n\t\t<\/div>\n\t\t\t\t<div class=\"elementor-column elementor-col-25 elementor-top-column elementor-element elementor-element-64df742\" data-id=\"64df742\" data-element_type=\"column\">\n\t\t\t<div class=\"elementor-widget-wrap elementor-element-populated\">\n\t\t\t\t\t\t<div class=\"elementor-element elementor-element-c7af49a elementor-widget elementor-widget-image\" data-id=\"c7af49a\" data-element_type=\"widget\" data-widget_type=\"image.default\">\n\t\t\t\t<div class=\"elementor-widget-container\">\n\t\t\t\t\t\t\t\t\t\t\t\t\t\t\t<img decoding=\"async\" src=\"https:\/\/atauni.edu.tr\/beslenme-ve-diyetetik\/wp-content\/plugins\/elementor\/assets\/images\/placeholder.png\" title=\"\" alt=\"\" loading=\"lazy\" \/>\t\t\t\t\t\t\t\t\t\t\t\t\t\t\t<\/div>\n\t\t\t\t<\/div>\n\t\t\t\t\t<\/div>\n\t\t<\/div>\n\t\t\t\t<div class=\"elementor-column elementor-col-25 elementor-top-column elementor-element elementor-element-ab43397\" data-id=\"ab43397\" data-element_type=\"column\">\n\t\t\t<div class=\"elementor-widget-wrap elementor-element-populated\">\n\t\t\t\t\t\t<div class=\"elementor-element elementor-element-690cc62 elementor-widget elementor-widget-image\" data-id=\"690cc62\" data-element_type=\"widget\" data-widget_type=\"image.default\">\n\t\t\t\t<div class=\"elementor-widget-container\">\n\t\t\t\t\t\t\t\t\t\t\t\t\t\t\t<img decoding=\"async\" src=\"https:\/\/atauni.edu.tr\/beslenme-ve-diyetetik\/wp-content\/plugins\/elementor\/assets\/images\/placeholder.png\" title=\"\" alt=\"\" loading=\"lazy\" \/>\t\t\t\t\t\t\t\t\t\t\t\t\t\t\t<\/div>\n\t\t\t\t<\/div>\n\t\t\t\t\t<\/div>\n\t\t<\/div>\n\t\t\t\t<div class=\"elementor-column elementor-col-25 elementor-top-column elementor-element elementor-element-82ebed2\" data-id=\"82ebed2\" data-element_type=\"column\">\n\t\t\t<div class=\"elementor-widget-wrap elementor-element-populated\">\n\t\t\t\t\t\t<div class=\"elementor-element elementor-element-0841f7e elementor-widget elementor-widget-image\" data-id=\"0841f7e\" data-element_type=\"widget\" data-widget_type=\"image.default\">\n\t\t\t\t<div class=\"elementor-widget-container\">\n\t\t\t\t\t\t\t\t\t\t\t\t\t\t\t<img decoding=\"async\" src=\"https:\/\/atauni.edu.tr\/beslenme-ve-diyetetik\/wp-content\/plugins\/elementor\/assets\/images\/placeholder.png\" title=\"\" alt=\"\" loading=\"lazy\" \/>\t\t\t\t\t\t\t\t\t\t\t\t\t\t\t<\/div>\n\t\t\t\t<\/div>\n\t\t\t\t\t<\/div>\n\t\t<\/div>\n\t\t\t\t\t<\/div>\n\t\t<\/section>\n\t\t\t\t<\/div>\n\t\t","protected":false},"excerpt":{"rendered":"<p>Sosyal Sorumluluk Projeleri Pandemi D\u00f6nemi G\u00fc\u00e7l\u00fc ba\u011f\u0131\u015f\u0131kl\u0131k \u0130\u00e7in Probiyotikler Etikette Okuryazarl\u0131k Do\u011fru Besin G\u00fc\u00e7l\u00fc Beyin<\/p>\n","protected":false},"author":460,"featured_media":0,"parent":0,"menu_order":0,"comment_status":"closed","ping_status":"closed","template":"elementor_header_footer","meta":{"footnotes":""},"class_list":["post-6354","page","type-page","status-publish","hentry"],"_links":{"self":[{"href":"https:\/\/atauni.edu.tr\/beslenme-ve-diyetetik\/wp-json\/wp\/v2\/pages\/6354","targetHints":{"allow":["GET"]}}],"collection":[{"href":"https:\/\/atauni.edu.tr\/beslenme-ve-diyetetik\/wp-json\/wp\/v2\/pages"}],"about":[{"href":"https:\/\/atauni.edu.tr\/beslenme-ve-diyetetik\/wp-json\/wp\/v2\/types\/page"}],"author":[{"embeddable":true,"href":"https:\/\/atauni.edu.tr\/beslenme-ve-diyetetik\/wp-json\/wp\/v2\/users\/460"}],"replies":[{"embeddable":true,"href":"https:\/\/atauni.edu.tr\/beslenme-ve-diyetetik\/wp-json\/wp\/v2\/comments?post=6354"}],"version-history":[{"count":13,"href":"https:\/\/atauni.edu.tr\/beslenme-ve-diyetetik\/wp-json\/wp\/v2\/pages\/6354\/revisions"}],"predecessor-version":[{"id":6408,"href":"https:\/\/atauni.edu.tr\/beslenme-ve-diyetetik\/wp-json\/wp\/v2\/pages\/6354\/revisions\/6408"}],"wp:attachment":[{"href":"https:\/\/atauni.edu.tr\/beslenme-ve-diyetetik\/wp-json\/wp\/v2\/media?parent=6354"}],"curies":[{"name":"wp","href":"https:\/\/api.w.org\/{rel}","templated":true}]}}