{"id":8759,"date":"2025-03-19T11:01:45","date_gmt":"2025-03-19T08:01:45","guid":{"rendered":"https:\/\/birimler.atauni.edu.tr\/bilge\/?page_id=8759"},"modified":"2025-03-19T11:07:08","modified_gmt":"2025-03-19T08:07:08","slug":"anasayfa-1","status":"publish","type":"page","link":"https:\/\/atauni.edu.tr\/bilge\/anasayfa-1\/","title":{"rendered":"Anasayfa-1"},"content":{"rendered":"\t\t<div data-elementor-type=\"wp-page\" data-elementor-id=\"8759\" class=\"elementor elementor-8759\" data-elementor-post-type=\"page\">\n\t\t\t\t\t\t<section class=\"elementor-section elementor-top-section elementor-element elementor-element-bf9a182 elementor-section-boxed elementor-section-height-default elementor-section-height-default\" data-id=\"bf9a182\" data-element_type=\"section\">\n\t\t\t\t\t\t<div class=\"elementor-container elementor-column-gap-no\">\n\t\t\t\t\t<div class=\"elementor-column elementor-col-50 elementor-top-column elementor-element elementor-element-82aed14\" data-id=\"82aed14\" data-element_type=\"column\" data-settings=\"{&quot;background_background&quot;:&quot;gradient&quot;}\">\n\t\t\t<div class=\"elementor-widget-wrap elementor-element-populated\">\n\t\t\t\t\t\t<div class=\"elementor-element elementor-element-deff11c elementor-widget__width-initial elementor-widget elementor-widget-image\" data-id=\"deff11c\" data-element_type=\"widget\" data-widget_type=\"image.default\">\n\t\t\t\t<div class=\"elementor-widget-container\">\n\t\t\t\t\t\t\t\t\t\t\t\t\t\t\t<img fetchpriority=\"high\" decoding=\"async\" width=\"730\" height=\"1024\" src=\"https:\/\/atauni.edu.tr\/bilge\/wp-content\/uploads\/sites\/805\/2025\/03\/20602501_6337380-scaled-1-730x1024.jpg\" class=\"attachment-large size-large wp-image-8764\" alt=\"\" srcset=\"https:\/\/atauni.edu.tr\/bilge\/wp-content\/uploads\/sites\/805\/2025\/03\/20602501_6337380-scaled-1-730x1024.jpg 730w, https:\/\/atauni.edu.tr\/bilge\/wp-content\/uploads\/sites\/805\/2025\/03\/20602501_6337380-scaled-1-214x300.jpg 214w, https:\/\/atauni.edu.tr\/bilge\/wp-content\/uploads\/sites\/805\/2025\/03\/20602501_6337380-scaled-1-768x1077.jpg 768w, https:\/\/atauni.edu.tr\/bilge\/wp-content\/uploads\/sites\/805\/2025\/03\/20602501_6337380-scaled-1-1095x1536.jpg 1095w, https:\/\/atauni.edu.tr\/bilge\/wp-content\/uploads\/sites\/805\/2025\/03\/20602501_6337380-scaled-1-1460x2048.jpg 1460w, https:\/\/atauni.edu.tr\/bilge\/wp-content\/uploads\/sites\/805\/2025\/03\/20602501_6337380-scaled-1-428x600.jpg 428w, https:\/\/atauni.edu.tr\/bilge\/wp-content\/uploads\/sites\/805\/2025\/03\/20602501_6337380-scaled-1-399x560.jpg 399w, https:\/\/atauni.edu.tr\/bilge\/wp-content\/uploads\/sites\/805\/2025\/03\/20602501_6337380-scaled-1.jpg 1825w\" sizes=\"(max-width: 730px) 100vw, 730px\" \/>\t\t\t\t\t\t\t\t\t\t\t\t\t\t\t<\/div>\n\t\t\t\t<\/div>\n\t\t\t\t\t<\/div>\n\t\t<\/div>\n\t\t\t\t<div class=\"elementor-column elementor-col-50 elementor-top-column elementor-element elementor-element-174c169\" data-id=\"174c169\" data-element_type=\"column\" data-settings=\"{&quot;background_background&quot;:&quot;gradient&quot;}\">\n\t\t\t<div class=\"elementor-widget-wrap elementor-element-populated\">\n\t\t\t\t\t\t<div class=\"elementor-element elementor-element-d2803c3 elementor-widget__width-initial elementor-widget elementor-widget-image\" data-id=\"d2803c3\" data-element_type=\"widget\" data-widget_type=\"image.default\">\n\t\t\t\t<div class=\"elementor-widget-container\">\n\t\t\t\t\t\t\t\t\t\t\t\t\t\t\t<img decoding=\"async\" width=\"731\" height=\"1024\" src=\"https:\/\/atauni.edu.tr\/bilge\/wp-content\/uploads\/sites\/805\/2025\/03\/b65444c5a600918a5d7b50d81299a75f-1-731x1024.jpg\" class=\"attachment-large size-large wp-image-8765\" alt=\"\" srcset=\"https:\/\/atauni.edu.tr\/bilge\/wp-content\/uploads\/sites\/805\/2025\/03\/b65444c5a600918a5d7b50d81299a75f-1-731x1024.jpg 731w, https:\/\/atauni.edu.tr\/bilge\/wp-content\/uploads\/sites\/805\/2025\/03\/b65444c5a600918a5d7b50d81299a75f-1-214x300.jpg 214w, https:\/\/atauni.edu.tr\/bilge\/wp-content\/uploads\/sites\/805\/2025\/03\/b65444c5a600918a5d7b50d81299a75f-1-768x1076.jpg 768w, https:\/\/atauni.edu.tr\/bilge\/wp-content\/uploads\/sites\/805\/2025\/03\/b65444c5a600918a5d7b50d81299a75f-1-1097x1536.jpg 1097w, https:\/\/atauni.edu.tr\/bilge\/wp-content\/uploads\/sites\/805\/2025\/03\/b65444c5a600918a5d7b50d81299a75f-1-1462x2048.jpg 1462w, https:\/\/atauni.edu.tr\/bilge\/wp-content\/uploads\/sites\/805\/2025\/03\/b65444c5a600918a5d7b50d81299a75f-1-428x600.jpg 428w, https:\/\/atauni.edu.tr\/bilge\/wp-content\/uploads\/sites\/805\/2025\/03\/b65444c5a600918a5d7b50d81299a75f-1-400x560.jpg 400w, https:\/\/atauni.edu.tr\/bilge\/wp-content\/uploads\/sites\/805\/2025\/03\/b65444c5a600918a5d7b50d81299a75f-1.jpg 1828w\" sizes=\"(max-width: 731px) 100vw, 731px\" \/>\t\t\t\t\t\t\t\t\t\t\t\t\t\t\t<\/div>\n\t\t\t\t<\/div>\n\t\t\t\t\t<\/div>\n\t\t<\/div>\n\t\t\t\t\t<\/div>\n\t\t<\/section>\n\t\t\t\t<section class=\"elementor-section elementor-top-section elementor-element elementor-element-b01aa31 elementor-section-boxed elementor-section-height-default elementor-section-height-default\" data-id=\"b01aa31\" data-element_type=\"section\">\n\t\t\t\t\t\t<div class=\"elementor-container elementor-column-gap-no\">\n\t\t\t\t\t<div class=\"elementor-column elementor-col-33 elementor-top-column elementor-element elementor-element-4c4370c\" data-id=\"4c4370c\" data-element_type=\"column\">\n\t\t\t<div class=\"elementor-widget-wrap elementor-element-populated\">\n\t\t\t\t\t\t<section class=\"elementor-section elementor-inner-section elementor-element elementor-element-de29804 elementor-section-boxed elementor-section-height-default elementor-section-height-default\" data-id=\"de29804\" data-element_type=\"section\">\n\t\t\t\t\t\t<div class=\"elementor-container elementor-column-gap-default\">\n\t\t\t\t\t<div class=\"elementor-column elementor-col-50 elementor-inner-column elementor-element elementor-element-8a05f03\" data-id=\"8a05f03\" data-element_type=\"column\">\n\t\t\t<div class=\"elementor-widget-wrap elementor-element-populated\">\n\t\t\t\t\t\t<div class=\"elementor-element elementor-element-6965907 elementor-widget elementor-widget-heading\" data-id=\"6965907\" data-element_type=\"widget\" data-widget_type=\"heading.default\">\n\t\t\t\t<div class=\"elementor-widget-container\">\n\t\t\t\t\t<h2 class=\"elementor-heading-title elementor-size-default\">Haberler<\/h2>\t\t\t\t<\/div>\n\t\t\t\t<\/div>\n\t\t\t\t\t<\/div>\n\t\t<\/div>\n\t\t\t\t<div class=\"elementor-column elementor-col-50 elementor-inner-column elementor-element elementor-element-d53c186\" data-id=\"d53c186\" data-element_type=\"column\">\n\t\t\t<div class=\"elementor-widget-wrap elementor-element-populated\">\n\t\t\t\t\t\t<div class=\"elementor-element elementor-element-17f7955 elementor-align-right elementor-widget elementor-widget-button\" data-id=\"17f7955\" data-element_type=\"widget\" data-widget_type=\"button.default\">\n\t\t\t\t<div class=\"elementor-widget-container\">\n\t\t\t\t\t\t\t\t\t<div class=\"elementor-button-wrapper\">\n\t\t\t\t\t<a class=\"elementor-button elementor-button-link elementor-size-sm\" href=\"https:\/\/birimler.atauni.edu.tr\/egitim-bilimleri-enstitusu\/haberler\/\">\n\t\t\t\t\t\t<span class=\"elementor-button-content-wrapper\">\n\t\t\t\t\t\t<span class=\"elementor-button-icon\">\n\t\t\t\t<i aria-hidden=\"true\" class=\"fas fa-long-arrow-alt-right\"><\/i>\t\t\t<\/span>\n\t\t\t\t\t\t\t\t\t<span class=\"elementor-button-text\">T\u00fcm\u00fc<\/span>\n\t\t\t\t\t<\/span>\n\t\t\t\t\t<\/a>\n\t\t\t\t<\/div>\n\t\t\t\t\t\t\t\t<\/div>\n\t\t\t\t<\/div>\n\t\t\t\t\t<\/div>\n\t\t<\/div>\n\t\t\t\t\t<\/div>\n\t\t<\/section>\n\t\t\t\t<div class=\"elementor-element elementor-element-ad99c2d elementor-widget-divider--view-line elementor-widget elementor-widget-divider\" data-id=\"ad99c2d\" data-element_type=\"widget\" data-widget_type=\"divider.default\">\n\t\t\t\t<div class=\"elementor-widget-container\">\n\t\t\t\t\t\t\t<div class=\"elementor-divider\">\n\t\t\t<span class=\"elementor-divider-separator\">\n\t\t\t\t\t\t<\/span>\n\t\t<\/div>\n\t\t\t\t\t\t<\/div>\n\t\t\t\t<\/div>\n\t\t\t\t<div class=\"elementor-element elementor-element-80f9ba7 elementor-widget elementor-widget-shortcode\" data-id=\"80f9ba7\" data-element_type=\"widget\" data-widget_type=\"shortcode.default\">\n\t\t\t\t<div class=\"elementor-widget-container\">\n\t\t\t\t\t\t\t<div class=\"elementor-shortcode\"><ul class=\"kategori-yazilari-liste\"><li style=\"display: flex; margin-bottom: 10px;\"><div class=\"post-content\" style=\"flex-grow: 1;\"><span class=\"post-date habertarih\" style=\"display: block; font-weight: bold; margin-bottom: 5px;\">6 Mart 2025<\/span><a class=\"haberbaslik\" href=\"https:\/\/atauni.edu.tr\/bilge\/haber-sablonu-3\/\" style=\"\">Haber \u015fablonu<\/a><\/div><\/li><li style=\"display: flex; margin-bottom: 10px;\"><div class=\"post-content\" style=\"flex-grow: 1;\"><span class=\"post-date habertarih\" style=\"display: block; font-weight: bold; margin-bottom: 5px;\">6 Mart 2025<\/span><a class=\"haberbaslik\" href=\"https:\/\/atauni.edu.tr\/bilge\/haber-sablonu-2\/\" style=\"\">Haber \u015fablonu<\/a><\/div><\/li><\/ul>\n<\/div>\n\t\t\t\t\t\t<\/div>\n\t\t\t\t<\/div>\n\t\t\t\t\t<\/div>\n\t\t<\/div>\n\t\t\t\t<div class=\"elementor-column elementor-col-33 elementor-top-column elementor-element elementor-element-d54589f\" data-id=\"d54589f\" data-element_type=\"column\">\n\t\t\t<div class=\"elementor-widget-wrap elementor-element-populated\">\n\t\t\t\t\t\t<section class=\"elementor-section elementor-inner-section elementor-element elementor-element-2f35e4f elementor-section-boxed elementor-section-height-default elementor-section-height-default\" data-id=\"2f35e4f\" data-element_type=\"section\">\n\t\t\t\t\t\t<div class=\"elementor-container elementor-column-gap-default\">\n\t\t\t\t\t<div class=\"elementor-column elementor-col-50 elementor-inner-column elementor-element elementor-element-55b4fb5\" data-id=\"55b4fb5\" data-element_type=\"column\">\n\t\t\t<div class=\"elementor-widget-wrap elementor-element-populated\">\n\t\t\t\t\t\t<div class=\"elementor-element elementor-element-251814b elementor-widget elementor-widget-heading\" data-id=\"251814b\" data-element_type=\"widget\" data-widget_type=\"heading.default\">\n\t\t\t\t<div class=\"elementor-widget-container\">\n\t\t\t\t\t<h2 class=\"elementor-heading-title elementor-size-default\">Duyurular<\/h2>\t\t\t\t<\/div>\n\t\t\t\t<\/div>\n\t\t\t\t\t<\/div>\n\t\t<\/div>\n\t\t\t\t<div class=\"elementor-column elementor-col-50 elementor-inner-column elementor-element elementor-element-82f8a7e\" data-id=\"82f8a7e\" data-element_type=\"column\">\n\t\t\t<div class=\"elementor-widget-wrap elementor-element-populated\">\n\t\t\t\t\t\t<div class=\"elementor-element elementor-element-fb2950b elementor-align-right elementor-widget elementor-widget-button\" data-id=\"fb2950b\" data-element_type=\"widget\" data-widget_type=\"button.default\">\n\t\t\t\t<div class=\"elementor-widget-container\">\n\t\t\t\t\t\t\t\t\t<div class=\"elementor-button-wrapper\">\n\t\t\t\t\t<a class=\"elementor-button elementor-button-link elementor-size-sm\" href=\"https:\/\/birimler.atauni.edu.tr\/egitim-bilimleri-enstitusu\/duyurular\/\">\n\t\t\t\t\t\t<span class=\"elementor-button-content-wrapper\">\n\t\t\t\t\t\t<span class=\"elementor-button-icon\">\n\t\t\t\t<i aria-hidden=\"true\" class=\"fas fa-long-arrow-alt-right\"><\/i>\t\t\t<\/span>\n\t\t\t\t\t\t\t\t\t<span class=\"elementor-button-text\">T\u00fcm\u00fc<\/span>\n\t\t\t\t\t<\/span>\n\t\t\t\t\t<\/a>\n\t\t\t\t<\/div>\n\t\t\t\t\t\t\t\t<\/div>\n\t\t\t\t<\/div>\n\t\t\t\t\t<\/div>\n\t\t<\/div>\n\t\t\t\t\t<\/div>\n\t\t<\/section>\n\t\t\t\t<div class=\"elementor-element elementor-element-e1bc433 elementor-widget-divider--view-line elementor-widget elementor-widget-divider\" data-id=\"e1bc433\" data-element_type=\"widget\" data-widget_type=\"divider.default\">\n\t\t\t\t<div class=\"elementor-widget-container\">\n\t\t\t\t\t\t\t<div class=\"elementor-divider\">\n\t\t\t<span class=\"elementor-divider-separator\">\n\t\t\t\t\t\t<\/span>\n\t\t<\/div>\n\t\t\t\t\t\t<\/div>\n\t\t\t\t<\/div>\n\t\t\t\t<div class=\"elementor-element elementor-element-f6e5094 elementor-widget elementor-widget-shortcode\" data-id=\"f6e5094\" data-element_type=\"widget\" data-widget_type=\"shortcode.default\">\n\t\t\t\t<div class=\"elementor-widget-container\">\n\t\t\t\t\t\t\t<div class=\"elementor-shortcode\"><ul class=\"kategori-yazilari-liste\"><li style=\"display: flex; margin-bottom: 10px;\"><div class=\"post-content\" style=\"flex-grow: 1;\"><span class=\"post-date duyurutarih\" style=\"display: block; font-weight: bold; margin-bottom: 5px;\">6 Mart 2025<\/span><a href=\"https:\/\/atauni.edu.tr\/bilge\/tezsiz-yuksek-lisans-programlarindan-tezli-yuksek-lisans-programlarina-gecis-basvurulari-2\/\" class=\" duyurubaslik\" >Tezsiz Y\u00fcksek Lisans Programlar\u0131ndan Tezli Y\u00fcksek Lisans Programlar\u0131na Ge\u00e7i\u015f Ba\u015fvurular\u0131 2<\/a><\/div><\/li><li style=\"display: flex; margin-bottom: 10px;\"><div class=\"post-content\" style=\"flex-grow: 1;\"><span class=\"post-date duyurutarih\" style=\"display: block; font-weight: bold; margin-bottom: 5px;\">6 Mart 2025<\/span><a href=\"https:\/\/atauni.edu.tr\/bilge\/yaz-okulunda-diger-universitelerden-ders-alacak-ogrenciler-icin-duyuru-2\/\" class=\" duyurubaslik\" >Yaz Okulunda Di\u011fer \u00dcniversitelerden Ders Alacak \u00d6\u011frenciler \u0130\u00e7in Duyuru 2<\/a><\/div><\/li><\/ul>\n<\/div>\n\t\t\t\t\t\t<\/div>\n\t\t\t\t<\/div>\n\t\t\t\t\t<\/div>\n\t\t<\/div>\n\t\t\t\t<div class=\"elementor-column elementor-col-33 elementor-top-column elementor-element elementor-element-986c040\" data-id=\"986c040\" data-element_type=\"column\">\n\t\t\t<div class=\"elementor-widget-wrap elementor-element-populated\">\n\t\t\t\t\t\t<section class=\"elementor-section elementor-inner-section elementor-element elementor-element-c9fccb4 elementor-section-boxed elementor-section-height-default elementor-section-height-default\" data-id=\"c9fccb4\" data-element_type=\"section\">\n\t\t\t\t\t\t<div class=\"elementor-container elementor-column-gap-default\">\n\t\t\t\t\t<div class=\"elementor-column elementor-col-100 elementor-inner-column elementor-element elementor-element-8e0565b\" data-id=\"8e0565b\" data-element_type=\"column\">\n\t\t\t<div class=\"elementor-widget-wrap elementor-element-populated\">\n\t\t\t\t\t\t<div class=\"elementor-element elementor-element-ebbe595 elementor-widget elementor-widget-heading\" data-id=\"ebbe595\" data-element_type=\"widget\" data-widget_type=\"heading.default\">\n\t\t\t\t<div class=\"elementor-widget-container\">\n\t\t\t\t\t<h2 class=\"elementor-heading-title elementor-size-default\">Son Ba\u015fvuru<\/h2>\t\t\t\t<\/div>\n\t\t\t\t<\/div>\n\t\t\t\t\t<\/div>\n\t\t<\/div>\n\t\t\t\t\t<\/div>\n\t\t<\/section>\n\t\t\t\t<div class=\"elementor-element elementor-element-d11b136 elementor-widget-divider--view-line elementor-widget elementor-widget-divider\" data-id=\"d11b136\" data-element_type=\"widget\" data-widget_type=\"divider.default\">\n\t\t\t\t<div class=\"elementor-widget-container\">\n\t\t\t\t\t\t\t<div class=\"elementor-divider\">\n\t\t\t<span class=\"elementor-divider-separator\">\n\t\t\t\t\t\t<\/span>\n\t\t<\/div>\n\t\t\t\t\t\t<\/div>\n\t\t\t\t<\/div>\n\t\t\t\t<div class=\"elementor-element elementor-element-cc3de9e elementor-countdown--label-block elementor-widget elementor-widget-countdown\" data-id=\"cc3de9e\" data-element_type=\"widget\" data-widget_type=\"countdown.default\">\n\t\t\t\t<div class=\"elementor-widget-container\">\n\t\t\t\t\t\t\t<div data-evergreen-interval=\"172740\" class=\"elementor-countdown-wrapper\" data-date=\"\">\n\t\t\t<div class=\"elementor-countdown-item\"><span class=\"elementor-countdown-digits elementor-countdown-days\"><\/span> <span class=\"elementor-countdown-label\">Days<\/span><\/div><div class=\"elementor-countdown-item\"><span class=\"elementor-countdown-digits elementor-countdown-hours\"><\/span> <span class=\"elementor-countdown-label\">Hours<\/span><\/div><div class=\"elementor-countdown-item\"><span class=\"elementor-countdown-digits elementor-countdown-minutes\"><\/span> <span class=\"elementor-countdown-label\">Minutes<\/span><\/div><div class=\"elementor-countdown-item\"><span class=\"elementor-countdown-digits elementor-countdown-seconds\"><\/span> <span class=\"elementor-countdown-label\">Seconds<\/span><\/div>\t\t<\/div>\n\t\t\t\t\t\t<\/div>\n\t\t\t\t<\/div>\n\t\t\t\t\t<\/div>\n\t\t<\/div>\n\t\t\t\t\t<\/div>\n\t\t<\/section>\n\t\t\t\t<section class=\"elementor-section elementor-top-section elementor-element elementor-element-e1eef75 elementor-section-boxed elementor-section-height-default elementor-section-height-default\" data-id=\"e1eef75\" data-element_type=\"section\">\n\t\t\t\t\t\t<div class=\"elementor-container elementor-column-gap-default\">\n\t\t\t\t\t<div class=\"elementor-column elementor-col-100 elementor-top-column elementor-element elementor-element-b416f6e\" data-id=\"b416f6e\" data-element_type=\"column\">\n\t\t\t<div class=\"elementor-widget-wrap elementor-element-populated\">\n\t\t\t\t\t\t<div class=\"elementor-element elementor-element-7378e43 elementor-widget elementor-widget-spacer\" data-id=\"7378e43\" data-element_type=\"widget\" data-widget_type=\"spacer.default\">\n\t\t\t\t<div class=\"elementor-widget-container\">\n\t\t\t\t\t\t\t<div class=\"elementor-spacer\">\n\t\t\t<div class=\"elementor-spacer-inner\"><\/div>\n\t\t<\/div>\n\t\t\t\t\t\t<\/div>\n\t\t\t\t<\/div>\n\t\t\t\t\t<\/div>\n\t\t<\/div>\n\t\t\t\t\t<\/div>\n\t\t<\/section>\n\t\t\t\t<\/div>\n\t\t","protected":false},"excerpt":{"rendered":"<p>Haberler T\u00fcm\u00fc Duyurular T\u00fcm\u00fc Son Ba\u015fvuru Days Hours Minutes Seconds<\/p>\n","protected":false},"author":239,"featured_media":0,"parent":0,"menu_order":0,"comment_status":"closed","ping_status":"closed","template":"elementor_header_footer","meta":{"footnotes":""},"class_list":["post-8759","page","type-page","status-publish","hentry"],"_links":{"self":[{"href":"https:\/\/atauni.edu.tr\/bilge\/wp-json\/wp\/v2\/pages\/8759","targetHints":{"allow":["GET"]}}],"collection":[{"href":"https:\/\/atauni.edu.tr\/bilge\/wp-json\/wp\/v2\/pages"}],"about":[{"href":"https:\/\/atauni.edu.tr\/bilge\/wp-json\/wp\/v2\/types\/page"}],"author":[{"embeddable":true,"href":"https:\/\/atauni.edu.tr\/bilge\/wp-json\/wp\/v2\/users\/239"}],"replies":[{"embeddable":true,"href":"https:\/\/atauni.edu.tr\/bilge\/wp-json\/wp\/v2\/comments?post=8759"}],"version-history":[{"count":11,"href":"https:\/\/atauni.edu.tr\/bilge\/wp-json\/wp\/v2\/pages\/8759\/revisions"}],"predecessor-version":[{"id":8775,"href":"https:\/\/atauni.edu.tr\/bilge\/wp-json\/wp\/v2\/pages\/8759\/revisions\/8775"}],"wp:attachment":[{"href":"https:\/\/atauni.edu.tr\/bilge\/wp-json\/wp\/v2\/media?parent=8759"}],"curies":[{"name":"wp","href":"https:\/\/api.w.org\/{rel}","templated":true}]}}