{"id":6181,"date":"2021-11-30T10:51:01","date_gmt":"2021-11-30T07:51:01","guid":{"rendered":"https:\/\/birimler.atauni.edu.tr\/bilgi-guvenligi-surecleri\/?page_id=6181"},"modified":"2023-11-28T14:39:02","modified_gmt":"2023-11-28T11:39:02","slug":"iso-9001","status":"publish","type":"page","link":"https:\/\/atauni.edu.tr\/bilgi-guvenligi-surecleri\/iso-9001\/","title":{"rendered":"ISO 9001"},"content":{"rendered":"\n<div data-wp-interactive=\"core\/file\" class=\"wp-block-file\"><object data-wp-bind--hidden=\"!state.hasPdfPreview\" hidden class=\"wp-block-file__embed\" data=\"https:\/\/birimler.atauni.edu.tr\/bilgi-guvenligi-surecleri\/wp-content\/uploads\/sites\/468\/2023\/11\/ATATURK-UNI-9001.pdf\" type=\"application\/pdf\" style=\"width:100%;height:600px\" aria-label=\"ATATURK-UNI-9001 g\u00f6m\u00fcs\u00fc.\"><\/object><a id=\"wp-block-file--media-afd3b25a-3a9b-46b0-9888-34a9249c9fc5\" href=\"https:\/\/birimler.atauni.edu.tr\/bilgi-guvenligi-surecleri\/wp-content\/uploads\/sites\/468\/2023\/11\/ATATURK-UNI-9001.pdf\">ATATURK-UNI-9001<\/a><a href=\"https:\/\/birimler.atauni.edu.tr\/bilgi-guvenligi-surecleri\/wp-content\/uploads\/sites\/468\/2023\/11\/ATATURK-UNI-9001.pdf\" class=\"wp-block-file__button wp-element-button\" download aria-describedby=\"wp-block-file--media-afd3b25a-3a9b-46b0-9888-34a9249c9fc5\">\u0130ndir<\/a><\/div>\n","protected":false},"excerpt":{"rendered":"","protected":false},"author":433,"featured_media":0,"parent":0,"menu_order":0,"comment_status":"closed","ping_status":"closed","template":"","meta":{"footnotes":""},"class_list":["post-6181","page","type-page","status-publish","hentry"],"_links":{"self":[{"href":"https:\/\/atauni.edu.tr\/bilgi-guvenligi-surecleri\/wp-json\/wp\/v2\/pages\/6181","targetHints":{"allow":["GET"]}}],"collection":[{"href":"https:\/\/atauni.edu.tr\/bilgi-guvenligi-surecleri\/wp-json\/wp\/v2\/pages"}],"about":[{"href":"https:\/\/atauni.edu.tr\/bilgi-guvenligi-surecleri\/wp-json\/wp\/v2\/types\/page"}],"author":[{"embeddable":true,"href":"https:\/\/atauni.edu.tr\/bilgi-guvenligi-surecleri\/wp-json\/wp\/v2\/users\/433"}],"replies":[{"embeddable":true,"href":"https:\/\/atauni.edu.tr\/bilgi-guvenligi-surecleri\/wp-json\/wp\/v2\/comments?post=6181"}],"version-history":[{"count":2,"href":"https:\/\/atauni.edu.tr\/bilgi-guvenligi-surecleri\/wp-json\/wp\/v2\/pages\/6181\/revisions"}],"predecessor-version":[{"id":6423,"href":"https:\/\/atauni.edu.tr\/bilgi-guvenligi-surecleri\/wp-json\/wp\/v2\/pages\/6181\/revisions\/6423"}],"wp:attachment":[{"href":"https:\/\/atauni.edu.tr\/bilgi-guvenligi-surecleri\/wp-json\/wp\/v2\/media?parent=6181"}],"curies":[{"name":"wp","href":"https:\/\/api.w.org\/{rel}","templated":true}]}}