{"id":68,"date":"2020-07-10T03:09:24","date_gmt":"2020-07-10T00:09:24","guid":{"rendered":"http:\/\/demo.ovathemes.com\/egovt\/?page_id=68"},"modified":"2025-09-14T18:51:49","modified_gmt":"2025-09-14T15:51:49","slug":"anasayfa","status":"publish","type":"page","link":"https:\/\/atauni.edu.tr\/bilgi-guvenligi-surecleri\/","title":{"rendered":"Anasayfa"},"content":{"rendered":"\t\t<div data-elementor-type=\"wp-page\" data-elementor-id=\"68\" class=\"elementor elementor-68\" data-elementor-post-type=\"page\">\n\t\t\t\t\t\t<section class=\"elementor-section elementor-top-section elementor-element elementor-element-7c408389 elementor-section-boxed elementor-section-height-default elementor-section-height-default\" data-id=\"7c408389\" data-element_type=\"section\">\n\t\t\t\t\t\t<div class=\"elementor-container elementor-column-gap-default\">\n\t\t\t\t\t<div class=\"elementor-column elementor-col-33 elementor-top-column elementor-element elementor-element-5110793e\" data-id=\"5110793e\" data-element_type=\"column\">\n\t\t\t<div class=\"elementor-widget-wrap elementor-element-populated\">\n\t\t\t\t\t\t<section class=\"elementor-section elementor-inner-section elementor-element elementor-element-24dab8d7 elementor-section-boxed elementor-section-height-default elementor-section-height-default\" data-id=\"24dab8d7\" data-element_type=\"section\">\n\t\t\t\t\t\t<div class=\"elementor-container elementor-column-gap-default\">\n\t\t\t\t\t<div class=\"elementor-column elementor-col-50 elementor-inner-column elementor-element elementor-element-37afc126\" data-id=\"37afc126\" data-element_type=\"column\">\n\t\t\t<div class=\"elementor-widget-wrap elementor-element-populated\">\n\t\t\t\t\t\t<div class=\"elementor-element elementor-element-758dd22c elementor-widget elementor-widget-heading\" data-id=\"758dd22c\" data-element_type=\"widget\" data-widget_type=\"heading.default\">\n\t\t\t\t<div class=\"elementor-widget-container\">\n\t\t\t\t\t<h2 class=\"elementor-heading-title elementor-size-default\">Haberler<\/h2>\t\t\t\t<\/div>\n\t\t\t\t<\/div>\n\t\t\t\t\t<\/div>\n\t\t<\/div>\n\t\t\t\t<div class=\"elementor-column elementor-col-50 elementor-inner-column elementor-element elementor-element-71e5d781\" data-id=\"71e5d781\" data-element_type=\"column\">\n\t\t\t<div class=\"elementor-widget-wrap elementor-element-populated\">\n\t\t\t\t\t\t<div class=\"elementor-element elementor-element-7ec43846 elementor-align-right elementor-widget elementor-widget-button\" data-id=\"7ec43846\" data-element_type=\"widget\" data-widget_type=\"button.default\">\n\t\t\t\t<div class=\"elementor-widget-container\">\n\t\t\t\t\t\t\t\t\t<div class=\"elementor-button-wrapper\">\n\t\t\t\t\t<a class=\"elementor-button elementor-button-link elementor-size-sm\" href=\"https:\/\/atauni.edu.tr\/bilgi-guvenligi-surecleri\/haberler\/\">\n\t\t\t\t\t\t<span class=\"elementor-button-content-wrapper\">\n\t\t\t\t\t\t<span class=\"elementor-button-icon\">\n\t\t\t\t<i aria-hidden=\"true\" class=\"fas fa-long-arrow-alt-right\"><\/i>\t\t\t<\/span>\n\t\t\t\t\t\t\t\t\t<span class=\"elementor-button-text\">T\u00fcm\u00fc<\/span>\n\t\t\t\t\t<\/span>\n\t\t\t\t\t<\/a>\n\t\t\t\t<\/div>\n\t\t\t\t\t\t\t\t<\/div>\n\t\t\t\t<\/div>\n\t\t\t\t\t<\/div>\n\t\t<\/div>\n\t\t\t\t\t<\/div>\n\t\t<\/section>\n\t\t\t\t<div class=\"elementor-element elementor-element-39209274 elementor-widget-divider--view-line elementor-widget elementor-widget-divider\" data-id=\"39209274\" data-element_type=\"widget\" data-widget_type=\"divider.default\">\n\t\t\t\t<div class=\"elementor-widget-container\">\n\t\t\t\t\t\t\t<div class=\"elementor-divider\">\n\t\t\t<span class=\"elementor-divider-separator\">\n\t\t\t\t\t\t<\/span>\n\t\t<\/div>\n\t\t\t\t\t\t<\/div>\n\t\t\t\t<\/div>\n\t\t\t\t<div class=\"elementor-element elementor-element-1275d2ff elementor-widget__width-initial elementor-widget elementor-widget-shortcode\" data-id=\"1275d2ff\" data-element_type=\"widget\" data-widget_type=\"shortcode.default\">\n\t\t\t\t<div class=\"elementor-widget-container\">\n\t\t\t\t\t\t\t<div class=\"elementor-shortcode\"><ul class=\"kategori-yazilari-liste\"><li>Bu kategoride haber bulunmamaktad\u0131r.<\/li><\/ul>\n<\/div>\n\t\t\t\t\t\t<\/div>\n\t\t\t\t<\/div>\n\t\t\t\t\t<\/div>\n\t\t<\/div>\n\t\t\t\t<div class=\"elementor-column elementor-col-33 elementor-top-column elementor-element elementor-element-56a9306d\" data-id=\"56a9306d\" data-element_type=\"column\">\n\t\t\t<div class=\"elementor-widget-wrap elementor-element-populated\">\n\t\t\t\t\t\t<section class=\"elementor-section elementor-inner-section elementor-element elementor-element-2e1a224d elementor-section-boxed elementor-section-height-default elementor-section-height-default\" data-id=\"2e1a224d\" data-element_type=\"section\">\n\t\t\t\t\t\t<div class=\"elementor-container elementor-column-gap-default\">\n\t\t\t\t\t<div class=\"elementor-column elementor-col-50 elementor-inner-column elementor-element elementor-element-2f018b89\" data-id=\"2f018b89\" data-element_type=\"column\">\n\t\t\t<div class=\"elementor-widget-wrap elementor-element-populated\">\n\t\t\t\t\t\t<div class=\"elementor-element elementor-element-374cf11b elementor-widget elementor-widget-heading\" data-id=\"374cf11b\" data-element_type=\"widget\" data-widget_type=\"heading.default\">\n\t\t\t\t<div class=\"elementor-widget-container\">\n\t\t\t\t\t<h2 class=\"elementor-heading-title elementor-size-default\">Duyurular<\/h2>\t\t\t\t<\/div>\n\t\t\t\t<\/div>\n\t\t\t\t\t<\/div>\n\t\t<\/div>\n\t\t\t\t<div class=\"elementor-column elementor-col-50 elementor-inner-column elementor-element elementor-element-7786fc2f\" data-id=\"7786fc2f\" data-element_type=\"column\">\n\t\t\t<div class=\"elementor-widget-wrap elementor-element-populated\">\n\t\t\t\t\t\t<div class=\"elementor-element elementor-element-18e29a55 elementor-align-right elementor-widget elementor-widget-button\" data-id=\"18e29a55\" data-element_type=\"widget\" data-widget_type=\"button.default\">\n\t\t\t\t<div class=\"elementor-widget-container\">\n\t\t\t\t\t\t\t\t\t<div class=\"elementor-button-wrapper\">\n\t\t\t\t\t<a class=\"elementor-button elementor-button-link elementor-size-sm\" href=\"https:\/\/atauni.edu.tr\/bilgi-guvenligi-surecleri\/duyurular\/\">\n\t\t\t\t\t\t<span class=\"elementor-button-content-wrapper\">\n\t\t\t\t\t\t<span class=\"elementor-button-icon\">\n\t\t\t\t<i aria-hidden=\"true\" class=\"fas fa-long-arrow-alt-right\"><\/i>\t\t\t<\/span>\n\t\t\t\t\t\t\t\t\t<span class=\"elementor-button-text\">T\u00fcm\u00fc<\/span>\n\t\t\t\t\t<\/span>\n\t\t\t\t\t<\/a>\n\t\t\t\t<\/div>\n\t\t\t\t\t\t\t\t<\/div>\n\t\t\t\t<\/div>\n\t\t\t\t\t<\/div>\n\t\t<\/div>\n\t\t\t\t\t<\/div>\n\t\t<\/section>\n\t\t\t\t<div class=\"elementor-element elementor-element-7f19ef0c elementor-widget-divider--view-line elementor-widget elementor-widget-divider\" data-id=\"7f19ef0c\" data-element_type=\"widget\" data-widget_type=\"divider.default\">\n\t\t\t\t<div class=\"elementor-widget-container\">\n\t\t\t\t\t\t\t<div class=\"elementor-divider\">\n\t\t\t<span class=\"elementor-divider-separator\">\n\t\t\t\t\t\t<\/span>\n\t\t<\/div>\n\t\t\t\t\t\t<\/div>\n\t\t\t\t<\/div>\n\t\t\t\t<div class=\"elementor-element elementor-element-41b7b111 elementor-widget__width-initial elementor-widget elementor-widget-shortcode\" data-id=\"41b7b111\" data-element_type=\"widget\" data-widget_type=\"shortcode.default\">\n\t\t\t\t<div class=\"elementor-widget-container\">\n\t\t\t\t\t\t\t<div class=\"elementor-shortcode\"><ul class=\"kategori-yazilari-liste\"><li>Bu kategoride haber bulunmamaktad\u0131r.<\/li><\/ul>\n<\/div>\n\t\t\t\t\t\t<\/div>\n\t\t\t\t<\/div>\n\t\t\t\t\t<\/div>\n\t\t<\/div>\n\t\t\t\t<div class=\"elementor-column elementor-col-33 elementor-top-column elementor-element elementor-element-79d42ea0\" data-id=\"79d42ea0\" data-element_type=\"column\">\n\t\t\t<div class=\"elementor-widget-wrap elementor-element-populated\">\n\t\t\t\t\t\t<section class=\"elementor-section elementor-inner-section elementor-element elementor-element-27d51803 elementor-section-boxed elementor-section-height-default elementor-section-height-default\" data-id=\"27d51803\" data-element_type=\"section\">\n\t\t\t\t\t\t<div class=\"elementor-container elementor-column-gap-default\">\n\t\t\t\t\t<div class=\"elementor-column elementor-col-50 elementor-inner-column elementor-element elementor-element-220e2d8d\" data-id=\"220e2d8d\" data-element_type=\"column\">\n\t\t\t<div class=\"elementor-widget-wrap elementor-element-populated\">\n\t\t\t\t\t\t<div class=\"elementor-element elementor-element-6d684feb elementor-widget elementor-widget-heading\" data-id=\"6d684feb\" data-element_type=\"widget\" data-widget_type=\"heading.default\">\n\t\t\t\t<div class=\"elementor-widget-container\">\n\t\t\t\t\t<h2 class=\"elementor-heading-title elementor-size-default\">Etkinlikler<\/h2>\t\t\t\t<\/div>\n\t\t\t\t<\/div>\n\t\t\t\t\t<\/div>\n\t\t<\/div>\n\t\t\t\t<div class=\"elementor-column elementor-col-50 elementor-inner-column elementor-element elementor-element-664da492\" data-id=\"664da492\" data-element_type=\"column\">\n\t\t\t<div class=\"elementor-widget-wrap elementor-element-populated\">\n\t\t\t\t\t\t<div class=\"elementor-element elementor-element-37bbfd4e elementor-align-right elementor-widget elementor-widget-button\" data-id=\"37bbfd4e\" data-element_type=\"widget\" data-widget_type=\"button.default\">\n\t\t\t\t<div class=\"elementor-widget-container\">\n\t\t\t\t\t\t\t\t\t<div class=\"elementor-button-wrapper\">\n\t\t\t\t\t<a class=\"elementor-button elementor-button-link elementor-size-sm\" href=\"https:\/\/atauni.edu.tr\/bilgi-guvenligi-surecleri\/etkinlikler\/\">\n\t\t\t\t\t\t<span class=\"elementor-button-content-wrapper\">\n\t\t\t\t\t\t<span class=\"elementor-button-icon\">\n\t\t\t\t<i aria-hidden=\"true\" class=\"fas fa-long-arrow-alt-right\"><\/i>\t\t\t<\/span>\n\t\t\t\t\t\t\t\t\t<span class=\"elementor-button-text\">T\u00fcm\u00fc<\/span>\n\t\t\t\t\t<\/span>\n\t\t\t\t\t<\/a>\n\t\t\t\t<\/div>\n\t\t\t\t\t\t\t\t<\/div>\n\t\t\t\t<\/div>\n\t\t\t\t\t<\/div>\n\t\t<\/div>\n\t\t\t\t\t<\/div>\n\t\t<\/section>\n\t\t\t\t<div class=\"elementor-element elementor-element-5c2c7798 elementor-widget-divider--view-line elementor-widget elementor-widget-divider\" data-id=\"5c2c7798\" data-element_type=\"widget\" data-widget_type=\"divider.default\">\n\t\t\t\t<div class=\"elementor-widget-container\">\n\t\t\t\t\t\t\t<div class=\"elementor-divider\">\n\t\t\t<span class=\"elementor-divider-separator\">\n\t\t\t\t\t\t<\/span>\n\t\t<\/div>\n\t\t\t\t\t\t<\/div>\n\t\t\t\t<\/div>\n\t\t\t\t<div class=\"elementor-element elementor-element-5e417c20 elementor-widget elementor-widget-shortcode\" data-id=\"5e417c20\" data-element_type=\"widget\" data-widget_type=\"shortcode.default\">\n\t\t\t\t<div class=\"elementor-widget-container\">\n\t\t\t\t\t\t\t<div class=\"elementor-shortcode\"><div class=\"swiper etkinlikler-swiper\"><div class=\"swiper-wrapper\"><div class=\"swiper-slide\"><div>Bu kategoride etkinlik bulunmamaktad\u0131r.<\/div><\/div><\/div><div class=\"swiper-button-next\"><\/div><div class=\"swiper-button-prev\"><\/div><\/div><\/div>\n\t\t\t\t\t\t<\/div>\n\t\t\t\t<\/div>\n\t\t\t\t\t<\/div>\n\t\t<\/div>\n\t\t\t\t\t<\/div>\n\t\t<\/section>\n\t\t\t\t<section class=\"elementor-section elementor-top-section elementor-element elementor-element-a171924 elementor-section-boxed elementor-section-height-default elementor-section-height-default\" data-id=\"a171924\" data-element_type=\"section\">\n\t\t\t\t\t\t<div class=\"elementor-container elementor-column-gap-default\">\n\t\t\t\t\t<div class=\"elementor-column elementor-col-50 elementor-top-column elementor-element elementor-element-bf0193e\" data-id=\"bf0193e\" data-element_type=\"column\">\n\t\t\t<div class=\"elementor-widget-wrap elementor-element-populated\">\n\t\t\t\t\t\t<div class=\"elementor-element elementor-element-7a7d7c9 elementor-widget elementor-widget-image\" data-id=\"7a7d7c9\" data-element_type=\"widget\" data-widget_type=\"image.default\">\n\t\t\t\t<div class=\"elementor-widget-container\">\n\t\t\t\t\t\t\t\t\t\t\t\t\t\t\t\t<a href=\"https:\/\/birimler.atauni.edu.tr\/bilgi-guvenligi-surecleri\/category\/iso-27001\/\">\n\t\t\t\t\t\t\t<img fetchpriority=\"high\" decoding=\"async\" width=\"640\" height=\"320\" src=\"https:\/\/atauni.edu.tr\/bilgi-guvenligi-surecleri\/wp-content\/uploads\/sites\/468\/2021\/11\/53341.gif\" class=\"attachment-large size-large wp-image-6149\" alt=\"\" \/>\t\t\t\t\t\t\t\t<\/a>\n\t\t\t\t\t\t\t\t\t\t\t\t\t\t\t<\/div>\n\t\t\t\t<\/div>\n\t\t\t\t\t<\/div>\n\t\t<\/div>\n\t\t\t\t<div class=\"elementor-column elementor-col-50 elementor-top-column elementor-element elementor-element-f8cfb1c\" data-id=\"f8cfb1c\" data-element_type=\"column\">\n\t\t\t<div class=\"elementor-widget-wrap elementor-element-populated\">\n\t\t\t\t\t\t<div class=\"elementor-element elementor-element-7f2b404 elementor-widget elementor-widget-image\" data-id=\"7f2b404\" data-element_type=\"widget\" data-widget_type=\"image.default\">\n\t\t\t\t<div class=\"elementor-widget-container\">\n\t\t\t\t\t\t\t\t\t\t\t\t\t\t\t\t<a href=\"https:\/\/birimler.atauni.edu.tr\/bilgi-guvenligi-surecleri\/category\/iso-9001\/\">\n\t\t\t\t\t\t\t<img decoding=\"async\" width=\"1024\" height=\"469\" src=\"https:\/\/atauni.edu.tr\/bilgi-guvenligi-surecleri\/wp-content\/uploads\/sites\/468\/2021\/11\/ISO9001-1024x469.jpg\" class=\"attachment-large size-large wp-image-6153\" alt=\"\" srcset=\"https:\/\/atauni.edu.tr\/bilgi-guvenligi-surecleri\/wp-content\/uploads\/sites\/468\/2021\/11\/ISO9001-1024x469.jpg 1024w, https:\/\/atauni.edu.tr\/bilgi-guvenligi-surecleri\/wp-content\/uploads\/sites\/468\/2021\/11\/ISO9001-300x137.jpg 300w, https:\/\/atauni.edu.tr\/bilgi-guvenligi-surecleri\/wp-content\/uploads\/sites\/468\/2021\/11\/ISO9001-768x351.jpg 768w, https:\/\/atauni.edu.tr\/bilgi-guvenligi-surecleri\/wp-content\/uploads\/sites\/468\/2021\/11\/ISO9001-1536x703.jpg 1536w, https:\/\/atauni.edu.tr\/bilgi-guvenligi-surecleri\/wp-content\/uploads\/sites\/468\/2021\/11\/ISO9001-600x275.jpg 600w, https:\/\/atauni.edu.tr\/bilgi-guvenligi-surecleri\/wp-content\/uploads\/sites\/468\/2021\/11\/ISO9001-560x256.jpg 560w, https:\/\/atauni.edu.tr\/bilgi-guvenligi-surecleri\/wp-content\/uploads\/sites\/468\/2021\/11\/ISO9001.jpg 1650w\" sizes=\"(max-width: 1024px) 100vw, 1024px\" \/>\t\t\t\t\t\t\t\t<\/a>\n\t\t\t\t\t\t\t\t\t\t\t\t\t\t\t<\/div>\n\t\t\t\t<\/div>\n\t\t\t\t\t<\/div>\n\t\t<\/div>\n\t\t\t\t\t<\/div>\n\t\t<\/section>\n\t\t\t\t<section class=\"elementor-section elementor-top-section elementor-element elementor-element-111962b elementor-section-boxed elementor-section-height-default elementor-section-height-default\" data-id=\"111962b\" data-element_type=\"section\">\n\t\t\t\t\t\t<div class=\"elementor-container elementor-column-gap-default\">\n\t\t\t\t\t<div class=\"elementor-column elementor-col-50 elementor-top-column elementor-element elementor-element-b681adc\" data-id=\"b681adc\" data-element_type=\"column\">\n\t\t\t<div class=\"elementor-widget-wrap elementor-element-populated\">\n\t\t\t\t\t\t<div class=\"elementor-element elementor-element-c897a1a elementor-widget elementor-widget-image\" data-id=\"c897a1a\" data-element_type=\"widget\" data-widget_type=\"image.default\">\n\t\t\t\t<div class=\"elementor-widget-container\">\n\t\t\t\t\t\t\t\t\t\t\t\t\t\t\t\t<a href=\"https:\/\/birimler.atauni.edu.tr\/bilgi-guvenligi-surecleri\/category\/kvkk\/\">\n\t\t\t\t\t\t\t<img decoding=\"async\" width=\"1024\" height=\"576\" src=\"https:\/\/atauni.edu.tr\/bilgi-guvenligi-surecleri\/wp-content\/uploads\/sites\/468\/2021\/11\/kvkk-2-1024x576.jpg\" class=\"attachment-large size-large wp-image-6204\" alt=\"\" srcset=\"https:\/\/atauni.edu.tr\/bilgi-guvenligi-surecleri\/wp-content\/uploads\/sites\/468\/2021\/11\/kvkk-2-1024x576.jpg 1024w, https:\/\/atauni.edu.tr\/bilgi-guvenligi-surecleri\/wp-content\/uploads\/sites\/468\/2021\/11\/kvkk-2-300x169.jpg 300w, https:\/\/atauni.edu.tr\/bilgi-guvenligi-surecleri\/wp-content\/uploads\/sites\/468\/2021\/11\/kvkk-2-768x432.jpg 768w, https:\/\/atauni.edu.tr\/bilgi-guvenligi-surecleri\/wp-content\/uploads\/sites\/468\/2021\/11\/kvkk-2-1536x864.jpg 1536w, https:\/\/atauni.edu.tr\/bilgi-guvenligi-surecleri\/wp-content\/uploads\/sites\/468\/2021\/11\/kvkk-2-600x338.jpg 600w, https:\/\/atauni.edu.tr\/bilgi-guvenligi-surecleri\/wp-content\/uploads\/sites\/468\/2021\/11\/kvkk-2-560x315.jpg 560w, https:\/\/atauni.edu.tr\/bilgi-guvenligi-surecleri\/wp-content\/uploads\/sites\/468\/2021\/11\/kvkk-2.jpg 1920w\" sizes=\"(max-width: 1024px) 100vw, 1024px\" \/>\t\t\t\t\t\t\t\t<\/a>\n\t\t\t\t\t\t\t\t\t\t\t\t\t\t\t<\/div>\n\t\t\t\t<\/div>\n\t\t\t\t\t<\/div>\n\t\t<\/div>\n\t\t\t\t<div class=\"elementor-column elementor-col-50 elementor-top-column elementor-element elementor-element-ae08f21\" data-id=\"ae08f21\" data-element_type=\"column\">\n\t\t\t<div class=\"elementor-widget-wrap elementor-element-populated\">\n\t\t\t\t\t\t<div class=\"elementor-element elementor-element-5a6745d elementor-widget elementor-widget-image\" data-id=\"5a6745d\" data-element_type=\"widget\" data-widget_type=\"image.default\">\n\t\t\t\t<div class=\"elementor-widget-container\">\n\t\t\t\t\t\t\t\t\t\t\t\t\t\t\t\t<a href=\"https:\/\/birimler.atauni.edu.tr\/bilgi-guvenligi-surecleri\/category\/siber-guvenlik\/\">\n\t\t\t\t\t\t\t<img loading=\"lazy\" decoding=\"async\" width=\"1024\" height=\"518\" src=\"https:\/\/atauni.edu.tr\/bilgi-guvenligi-surecleri\/wp-content\/uploads\/sites\/468\/2021\/12\/Siber-Gu\u0308venlik-Yo\u0308netim-Risk-ve-Uyumluluk-1045-1200-607-p-center_center-FFFFFF-1024x518.png\" class=\"attachment-large size-large wp-image-6232\" alt=\"\" srcset=\"https:\/\/atauni.edu.tr\/bilgi-guvenligi-surecleri\/wp-content\/uploads\/sites\/468\/2021\/12\/Siber-Gu\u0308venlik-Yo\u0308netim-Risk-ve-Uyumluluk-1045-1200-607-p-center_center-FFFFFF-1024x518.png 1024w, https:\/\/atauni.edu.tr\/bilgi-guvenligi-surecleri\/wp-content\/uploads\/sites\/468\/2021\/12\/Siber-Gu\u0308venlik-Yo\u0308netim-Risk-ve-Uyumluluk-1045-1200-607-p-center_center-FFFFFF-300x152.png 300w, https:\/\/atauni.edu.tr\/bilgi-guvenligi-surecleri\/wp-content\/uploads\/sites\/468\/2021\/12\/Siber-Gu\u0308venlik-Yo\u0308netim-Risk-ve-Uyumluluk-1045-1200-607-p-center_center-FFFFFF-768x388.png 768w, https:\/\/atauni.edu.tr\/bilgi-guvenligi-surecleri\/wp-content\/uploads\/sites\/468\/2021\/12\/Siber-Gu\u0308venlik-Yo\u0308netim-Risk-ve-Uyumluluk-1045-1200-607-p-center_center-FFFFFF-600x304.png 600w, https:\/\/atauni.edu.tr\/bilgi-guvenligi-surecleri\/wp-content\/uploads\/sites\/468\/2021\/12\/Siber-Gu\u0308venlik-Yo\u0308netim-Risk-ve-Uyumluluk-1045-1200-607-p-center_center-FFFFFF-560x283.png 560w, https:\/\/atauni.edu.tr\/bilgi-guvenligi-surecleri\/wp-content\/uploads\/sites\/468\/2021\/12\/Siber-Gu\u0308venlik-Yo\u0308netim-Risk-ve-Uyumluluk-1045-1200-607-p-center_center-FFFFFF.png 1200w\" sizes=\"(max-width: 1024px) 100vw, 1024px\" \/>\t\t\t\t\t\t\t\t<\/a>\n\t\t\t\t\t\t\t\t\t\t\t\t\t\t\t<\/div>\n\t\t\t\t<\/div>\n\t\t\t\t\t<\/div>\n\t\t<\/div>\n\t\t\t\t\t<\/div>\n\t\t<\/section>\n\t\t\t\t<section class=\"elementor-section elementor-top-section elementor-element elementor-element-c1be716 elementor-section-boxed elementor-section-height-default elementor-section-height-default\" data-id=\"c1be716\" data-element_type=\"section\">\n\t\t\t\t\t\t<div class=\"elementor-container elementor-column-gap-default\">\n\t\t\t\t\t<div class=\"elementor-column elementor-col-100 elementor-top-column elementor-element elementor-element-ac6a1a0\" data-id=\"ac6a1a0\" data-element_type=\"column\">\n\t\t\t<div class=\"elementor-widget-wrap\">\n\t\t\t\t\t\t\t<\/div>\n\t\t<\/div>\n\t\t\t\t\t<\/div>\n\t\t<\/section>\n\t\t\t\t<\/div>\n\t\t","protected":false},"excerpt":{"rendered":"<p>Haberler T\u00fcm\u00fc Duyurular T\u00fcm\u00fc Etkinlikler T\u00fcm\u00fc<\/p>\n","protected":false},"author":1,"featured_media":0,"parent":0,"menu_order":0,"comment_status":"closed","ping_status":"closed","template":"elementor_header_footer","meta":{"footnotes":""},"class_list":["post-68","page","type-page","status-publish","hentry"],"_links":{"self":[{"href":"https:\/\/atauni.edu.tr\/bilgi-guvenligi-surecleri\/wp-json\/wp\/v2\/pages\/68","targetHints":{"allow":["GET"]}}],"collection":[{"href":"https:\/\/atauni.edu.tr\/bilgi-guvenligi-surecleri\/wp-json\/wp\/v2\/pages"}],"about":[{"href":"https:\/\/atauni.edu.tr\/bilgi-guvenligi-surecleri\/wp-json\/wp\/v2\/types\/page"}],"author":[{"embeddable":true,"href":"https:\/\/atauni.edu.tr\/bilgi-guvenligi-surecleri\/wp-json\/wp\/v2\/users\/1"}],"replies":[{"embeddable":true,"href":"https:\/\/atauni.edu.tr\/bilgi-guvenligi-surecleri\/wp-json\/wp\/v2\/comments?post=68"}],"version-history":[{"count":162,"href":"https:\/\/atauni.edu.tr\/bilgi-guvenligi-surecleri\/wp-json\/wp\/v2\/pages\/68\/revisions"}],"predecessor-version":[{"id":6499,"href":"https:\/\/atauni.edu.tr\/bilgi-guvenligi-surecleri\/wp-json\/wp\/v2\/pages\/68\/revisions\/6499"}],"wp:attachment":[{"href":"https:\/\/atauni.edu.tr\/bilgi-guvenligi-surecleri\/wp-json\/wp\/v2\/media?parent=68"}],"curies":[{"name":"wp","href":"https:\/\/api.w.org\/{rel}","templated":true}]}}