{"id":5682,"date":"2021-07-13T10:10:01","date_gmt":"2021-07-13T07:10:01","guid":{"rendered":"https:\/\/portaltest.atauni.edu.tr\/bilgisayar-muhendisligi\/?page_id=5682"},"modified":"2021-12-14T12:32:04","modified_gmt":"2021-12-14T09:32:04","slug":"misyon-vizyon-ve-temel-degerler","status":"publish","type":"page","link":"https:\/\/atauni.edu.tr\/bilgi-ve-belge-yonetimi\/misyon-vizyon-ve-temel-degerler\/","title":{"rendered":"Misyon, Vizyon ve Temel De\u011ferler"},"content":{"rendered":"\t\t<div data-elementor-type=\"wp-page\" data-elementor-id=\"5682\" class=\"elementor elementor-5682\" data-elementor-post-type=\"page\">\n\t\t\t\t\t\t<section class=\"elementor-section elementor-top-section elementor-element elementor-element-730d320 elementor-section-boxed elementor-section-height-default elementor-section-height-default\" data-id=\"730d320\" data-element_type=\"section\">\n\t\t\t\t\t\t<div class=\"elementor-container elementor-column-gap-default\">\n\t\t\t\t\t<div class=\"elementor-column elementor-col-100 elementor-top-column elementor-element elementor-element-753d0860\" data-id=\"753d0860\" data-element_type=\"column\">\n\t\t\t<div class=\"elementor-widget-wrap\">\n\t\t\t\t\t\t\t<\/div>\n\t\t<\/div>\n\t\t\t\t\t<\/div>\n\t\t<\/section>\n\t\t\t\t<section class=\"elementor-section elementor-top-section elementor-element elementor-element-9be811a elementor-section-boxed elementor-section-height-default elementor-section-height-default\" data-id=\"9be811a\" data-element_type=\"section\">\n\t\t\t\t\t\t<div class=\"elementor-container elementor-column-gap-default\">\n\t\t\t\t\t<div class=\"elementor-column elementor-col-100 elementor-top-column elementor-element elementor-element-1ed847b7\" data-id=\"1ed847b7\" data-element_type=\"column\">\n\t\t\t<div class=\"elementor-widget-wrap elementor-element-populated\">\n\t\t\t\t\t\t<div class=\"elementor-element elementor-element-4ce0d07f elementor-widget elementor-widget-heading\" data-id=\"4ce0d07f\" data-element_type=\"widget\" data-widget_type=\"heading.default\">\n\t\t\t\t<div class=\"elementor-widget-container\">\n\t\t\t\t\t<h2 class=\"elementor-heading-title elementor-size-default\">Misyon, Vizyon ve Temel De\u011ferler<\/h2>\t\t\t\t<\/div>\n\t\t\t\t<\/div>\n\t\t\t\t<div class=\"elementor-element elementor-element-63260862 elementor-widget-divider--view-line elementor-widget elementor-widget-divider\" data-id=\"63260862\" data-element_type=\"widget\" data-widget_type=\"divider.default\">\n\t\t\t\t<div class=\"elementor-widget-container\">\n\t\t\t\t\t\t\t<div class=\"elementor-divider\">\n\t\t\t<span class=\"elementor-divider-separator\">\n\t\t\t\t\t\t<\/span>\n\t\t<\/div>\n\t\t\t\t\t\t<\/div>\n\t\t\t\t<\/div>\n\t\t\t\t\t<\/div>\n\t\t<\/div>\n\t\t\t\t\t<\/div>\n\t\t<\/section>\n\t\t\t\t<section class=\"elementor-section elementor-top-section elementor-element elementor-element-681db8b elementor-section-boxed elementor-section-height-default elementor-section-height-default\" data-id=\"681db8b\" data-element_type=\"section\">\n\t\t\t\t\t\t<div class=\"elementor-container elementor-column-gap-default\">\n\t\t\t\t\t<div class=\"elementor-column elementor-col-100 elementor-top-column elementor-element elementor-element-ad4dac5\" data-id=\"ad4dac5\" data-element_type=\"column\">\n\t\t\t<div class=\"elementor-widget-wrap elementor-element-populated\">\n\t\t\t\t\t\t<div class=\"elementor-element elementor-element-2f96b3d elementor-widget elementor-widget-text-editor\" data-id=\"2f96b3d\" data-element_type=\"widget\" data-widget_type=\"text-editor.default\">\n\t\t\t\t<div class=\"elementor-widget-container\">\n\t\t\t\t\t\t\t\t\t<p><strong>Misyon<\/strong><\/p><p>Bilgi merkezleri olarak adland\u0131r\u0131lan k\u00fct\u00fcphaneler, ar\u015fiv kurumlar\u0131 ve dok\u00fcmantasyon ve enformasyon merkezlerini y\u00f6netebilecek, bilgi teknolojilerini etkin olarak kullanabilecek ve kullan\u0131c\u0131lar\u0131 bilgiye y\u00f6nlendirebilecek, ulusal ve uluslararas\u0131 sahada alan\u0131m\u0131za katk\u0131 sunacak bilgi ve belge y\u00f6neticileri yeti\u015ftirmek.<\/p><p><strong>Vizyon<\/strong><\/p><p>Bilgi ve Belge Y\u00f6netimi B\u00f6l\u00fcm\u00fc\u2019n\u00fcn temel amac\u0131, bas\u0131l\u0131 ve elektronik enformasyon kaynaklar\u0131n\u0131n belirlenmesi, sa\u011flanmas\u0131, d\u00fczenlenmesi, eri\u015fimi ve yay\u0131m\u0131 s\u00fcrecini i\u00e7eren bilgi, belge ve enformasyon y\u00f6netimi i\u015flevlerini y\u00fcr\u00fctebilecek \u00fclkemizin alan\u0131m\u0131zdaki ihtiya\u00e7lar\u0131n\u0131 en iyi \u015fekilde kar\u015f\u0131layacak nitelikli insan g\u00fcc\u00fcn\u00fc yeti\u015ftirmek.<\/p><p><strong>Temel De\u011ferler<\/strong><\/p><ul><li><p>\u00d6\u011frenci merkezli e\u011fitim ve \u00f6\u011fretim<\/p><\/li><li><p>Etkili ve eri\u015filebilir ileti\u015fim a\u011f\u0131 kurma<\/p><\/li><li><p>Mesleki\u00a0 bilgiyi toplumun b\u00fct\u00fcn katmanlar\u0131 i\u00e7in yararl\u0131 k\u0131lma<\/p><\/li><li><p>T\u00fcm payda\u015flara e\u015fit ve adil yakla\u015f\u0131m<\/p><\/li><li><p>\u0130\u00e7 ve d\u0131\u015f payda\u015flarla mesleki i\u015fbirli\u011fi<\/p><\/li><li><p>Kalite bilincine sahip olma<\/p><\/li><li><p>Yenilik\u00e7i duyarl\u0131l\u0131\u011fa sahip olma<\/p><\/li><\/ul><p>\u00a0<\/p>\t\t\t\t\t\t\t\t<\/div>\n\t\t\t\t<\/div>\n\t\t\t\t\t<\/div>\n\t\t<\/div>\n\t\t\t\t\t<\/div>\n\t\t<\/section>\n\t\t\t\t<\/div>\n\t\t","protected":false},"excerpt":{"rendered":"<p>Misyon, Vizyon ve Temel De\u011ferler Misyon Bilgi merkezleri olarak adland\u0131r\u0131lan k\u00fct\u00fcphaneler, ar\u015fiv kurumlar\u0131 ve dok\u00fcmantasyon ve enformasyon merkezlerini y\u00f6netebilecek, bilgi teknolojilerini etkin olarak kullanabilecek ve kullan\u0131c\u0131lar\u0131 bilgiye y\u00f6nlendirebilecek, ulusal ve uluslararas\u0131 sahada alan\u0131m\u0131za katk\u0131 sunacak bilgi ve belge y\u00f6neticileri yeti\u015ftirmek. Vizyon Bilgi ve Belge Y\u00f6netimi B\u00f6l\u00fcm\u00fc\u2019n\u00fcn temel amac\u0131, bas\u0131l\u0131 ve elektronik enformasyon kaynaklar\u0131n\u0131n belirlenmesi, sa\u011flanmas\u0131, [&hellip;]<\/p>\n","protected":false},"author":1,"featured_media":0,"parent":0,"menu_order":0,"comment_status":"closed","ping_status":"closed","template":"elementor_header_footer","meta":{"footnotes":""},"class_list":["post-5682","page","type-page","status-publish","hentry"],"_links":{"self":[{"href":"https:\/\/atauni.edu.tr\/bilgi-ve-belge-yonetimi\/wp-json\/wp\/v2\/pages\/5682","targetHints":{"allow":["GET"]}}],"collection":[{"href":"https:\/\/atauni.edu.tr\/bilgi-ve-belge-yonetimi\/wp-json\/wp\/v2\/pages"}],"about":[{"href":"https:\/\/atauni.edu.tr\/bilgi-ve-belge-yonetimi\/wp-json\/wp\/v2\/types\/page"}],"author":[{"embeddable":true,"href":"https:\/\/atauni.edu.tr\/bilgi-ve-belge-yonetimi\/wp-json\/wp\/v2\/users\/1"}],"replies":[{"embeddable":true,"href":"https:\/\/atauni.edu.tr\/bilgi-ve-belge-yonetimi\/wp-json\/wp\/v2\/comments?post=5682"}],"version-history":[{"count":11,"href":"https:\/\/atauni.edu.tr\/bilgi-ve-belge-yonetimi\/wp-json\/wp\/v2\/pages\/5682\/revisions"}],"predecessor-version":[{"id":6162,"href":"https:\/\/atauni.edu.tr\/bilgi-ve-belge-yonetimi\/wp-json\/wp\/v2\/pages\/5682\/revisions\/6162"}],"wp:attachment":[{"href":"https:\/\/atauni.edu.tr\/bilgi-ve-belge-yonetimi\/wp-json\/wp\/v2\/media?parent=5682"}],"curies":[{"name":"wp","href":"https:\/\/api.w.org\/{rel}","templated":true}]}}