{"id":5728,"date":"2021-07-13T11:33:38","date_gmt":"2021-07-13T08:33:38","guid":{"rendered":"https:\/\/portaltest.atauni.edu.tr\/bilgisayar-muhendisligi\/?page_id=5728"},"modified":"2025-07-14T15:19:13","modified_gmt":"2025-07-14T12:19:13","slug":"bolum-tanitimi","status":"publish","type":"page","link":"https:\/\/atauni.edu.tr\/bilgi-ve-belge-yonetimi\/bolum-tanitimi\/","title":{"rendered":"B\u00f6l\u00fcm Tan\u0131t\u0131m\u0131"},"content":{"rendered":"\t\t<div data-elementor-type=\"wp-page\" data-elementor-id=\"5728\" class=\"elementor elementor-5728\" data-elementor-post-type=\"page\">\n\t\t\t\t\t\t<section class=\"elementor-section elementor-top-section elementor-element elementor-element-730d320 elementor-section-boxed elementor-section-height-default elementor-section-height-default\" data-id=\"730d320\" data-element_type=\"section\">\n\t\t\t\t\t\t<div class=\"elementor-container elementor-column-gap-default\">\n\t\t\t\t\t<div class=\"elementor-column elementor-col-100 elementor-top-column elementor-element elementor-element-753d0860\" data-id=\"753d0860\" data-element_type=\"column\">\n\t\t\t<div class=\"elementor-widget-wrap\">\n\t\t\t\t\t\t\t<\/div>\n\t\t<\/div>\n\t\t\t\t\t<\/div>\n\t\t<\/section>\n\t\t\t\t<section class=\"elementor-section elementor-top-section elementor-element elementor-element-9be811a elementor-section-boxed elementor-section-height-default elementor-section-height-default\" data-id=\"9be811a\" data-element_type=\"section\">\n\t\t\t\t\t\t<div class=\"elementor-container elementor-column-gap-default\">\n\t\t\t\t\t<div class=\"elementor-column elementor-col-100 elementor-top-column elementor-element elementor-element-1ed847b7\" data-id=\"1ed847b7\" data-element_type=\"column\">\n\t\t\t<div class=\"elementor-widget-wrap elementor-element-populated\">\n\t\t\t\t\t\t<div class=\"elementor-element elementor-element-4ce0d07f elementor-widget elementor-widget-heading\" data-id=\"4ce0d07f\" data-element_type=\"widget\" data-widget_type=\"heading.default\">\n\t\t\t\t<div class=\"elementor-widget-container\">\n\t\t\t\t\t<h2 class=\"elementor-heading-title elementor-size-default\">B\u00f6l\u00fcm Tan\u0131t\u0131m\u0131<\/h2>\t\t\t\t<\/div>\n\t\t\t\t<\/div>\n\t\t\t\t<div class=\"elementor-element elementor-element-63260862 elementor-widget-divider--view-line elementor-widget elementor-widget-divider\" data-id=\"63260862\" data-element_type=\"widget\" data-widget_type=\"divider.default\">\n\t\t\t\t<div class=\"elementor-widget-container\">\n\t\t\t\t\t\t\t<div class=\"elementor-divider\">\n\t\t\t<span class=\"elementor-divider-separator\">\n\t\t\t\t\t\t<\/span>\n\t\t<\/div>\n\t\t\t\t\t\t<\/div>\n\t\t\t\t<\/div>\n\t\t\t\t\t<\/div>\n\t\t<\/div>\n\t\t\t\t\t<\/div>\n\t\t<\/section>\n\t\t\t\t<section class=\"elementor-section elementor-top-section elementor-element elementor-element-681db8b elementor-section-boxed elementor-section-height-default elementor-section-height-default\" data-id=\"681db8b\" data-element_type=\"section\">\n\t\t\t\t\t\t<div class=\"elementor-container elementor-column-gap-default\">\n\t\t\t\t\t<div class=\"elementor-column elementor-col-100 elementor-top-column elementor-element elementor-element-ad4dac5\" data-id=\"ad4dac5\" data-element_type=\"column\">\n\t\t\t<div class=\"elementor-widget-wrap elementor-element-populated\">\n\t\t\t\t\t\t<div class=\"elementor-element elementor-element-2f96b3d elementor-widget elementor-widget-text-editor\" data-id=\"2f96b3d\" data-element_type=\"widget\" data-widget_type=\"text-editor.default\">\n\t\t\t\t<div class=\"elementor-widget-container\">\n\t\t\t\t\t\t\t\t\t<p>\u201cBilgi ve Belge Y\u00f6netimi B\u00f6l\u00fcm\u00fc\u201d mezunlar\u0131, ald\u0131klar\u0131 dersler do\u011frultusunda, ba\u015fta \u00fclkemizdeki k\u00fct\u00fcphanelerde olmak \u00fczere (\u00fcniversite, halk, \u00e7ocuk, okul k\u00fct\u00fcphaneleri, Milli K\u00fct\u00fcphane, \u00f6zel ara\u015ft\u0131rma k\u00fct\u00fcphaneleri), \u00e7e\u015fitli bilgi merkezlerinde (enformasyon ve dok\u00fcmantasyon merkezleri), T.C. Cumhurba\u015fkanl\u0131\u011f\u0131 Devlet Ar\u015fivleri Ba\u015fkanl\u0131\u011f\u0131, Vak\u0131flar Ar\u015fivi, Tapu Kadastro Ar\u015fivleri ile kurum ve kurulu\u015f ar\u015fivlerinde \u00e7al\u0131\u015fma imkan\u0131 bulabildikleri gibi, Internet servis birimlerinin \u00e7e\u015fitli kademelerinde (web sayfas\u0131 tasar\u0131m\u0131 ve d\u00fczenlenmesi, tarama motorlar\u0131 olu\u015fturma ve y\u00f6netim i\u015flemleri), kurum ve kurulu\u015flar\u0131n veri taban\u0131 tasar\u0131m ve y\u00f6netim birimlerinde, bas\u0131l\u0131 ve\/veya elektronik ortamda dizinleme ve \u00f6z haz\u0131rlama hizmeti sunan ya da bu hizmetlerin da\u011f\u0131t\u0131m\u0131 i\u015flevini ger\u00e7ekle\u015ftiren kurulu\u015flarda, bilgisayar yaz\u0131l\u0131m \u015firketlerinde, kurum ve kurulu\u015flar\u0131n Ar-Ge birimlerinde \u00e7al\u0131\u015fma imkan\u0131 bulabilmektedir.<\/p>\t\t\t\t\t\t\t\t<\/div>\n\t\t\t\t<\/div>\n\t\t\t\t\t<\/div>\n\t\t<\/div>\n\t\t\t\t\t<\/div>\n\t\t<\/section>\n\t\t\t\t<section class=\"elementor-section elementor-top-section elementor-element elementor-element-7c8ee0b elementor-section-boxed elementor-section-height-default elementor-section-height-default\" data-id=\"7c8ee0b\" data-element_type=\"section\">\n\t\t\t\t\t\t<div class=\"elementor-container elementor-column-gap-default\">\n\t\t\t\t\t<div class=\"elementor-column elementor-col-100 elementor-top-column elementor-element elementor-element-6c1896d\" data-id=\"6c1896d\" data-element_type=\"column\">\n\t\t\t<div class=\"elementor-widget-wrap elementor-element-populated\">\n\t\t\t\t\t\t<div class=\"elementor-element elementor-element-a58d513 elementor-widget elementor-widget-heading\" data-id=\"a58d513\" data-element_type=\"widget\" data-widget_type=\"heading.default\">\n\t\t\t\t<div class=\"elementor-widget-container\">\n\t\t\t\t\t<h4 class=\"elementor-heading-title elementor-size-default\">Bilgi ve Belge Y\u00f6netimi B\u00f6l\u00fcm Tan\u0131t\u0131m Videosu<\/h4>\t\t\t\t<\/div>\n\t\t\t\t<\/div>\n\t\t\t\t\t<\/div>\n\t\t<\/div>\n\t\t\t\t\t<\/div>\n\t\t<\/section>\n\t\t\t\t<section class=\"elementor-section elementor-top-section elementor-element elementor-element-c5742fe elementor-section-boxed elementor-section-height-default elementor-section-height-default\" data-id=\"c5742fe\" data-element_type=\"section\">\n\t\t\t\t\t\t<div class=\"elementor-container elementor-column-gap-default\">\n\t\t\t\t\t<div class=\"elementor-column elementor-col-100 elementor-top-column elementor-element elementor-element-13e3db0\" data-id=\"13e3db0\" data-element_type=\"column\">\n\t\t\t<div class=\"elementor-widget-wrap elementor-element-populated\">\n\t\t\t\t\t\t<div class=\"elementor-element elementor-element-bc66e25 elementor-widget elementor-widget-video\" data-id=\"bc66e25\" data-element_type=\"widget\" data-settings=\"{&quot;youtube_url&quot;:&quot;https:\\\/\\\/www.youtube.com\\\/watch?v=DN46g2kDnt4&amp;ab_channel=KampusesTV&quot;,&quot;video_type&quot;:&quot;youtube&quot;,&quot;controls&quot;:&quot;yes&quot;}\" data-widget_type=\"video.default\">\n\t\t\t\t<div class=\"elementor-widget-container\">\n\t\t\t\t\t\t\t<div class=\"elementor-wrapper elementor-open-inline\">\n\t\t\t<div class=\"elementor-video\"><\/div>\t\t<\/div>\n\t\t\t\t\t\t<\/div>\n\t\t\t\t<\/div>\n\t\t\t\t\t<\/div>\n\t\t<\/div>\n\t\t\t\t\t<\/div>\n\t\t<\/section>\n\t\t\t\t<section class=\"elementor-section elementor-top-section elementor-element elementor-element-c8ea4ef elementor-section-boxed elementor-section-height-default elementor-section-height-default\" data-id=\"c8ea4ef\" data-element_type=\"section\">\n\t\t\t\t\t\t<div class=\"elementor-container elementor-column-gap-default\">\n\t\t\t\t\t<div class=\"elementor-column elementor-col-100 elementor-top-column elementor-element elementor-element-64d51bb\" data-id=\"64d51bb\" data-element_type=\"column\">\n\t\t\t<div class=\"elementor-widget-wrap elementor-element-populated\">\n\t\t\t\t\t\t<div class=\"elementor-element elementor-element-791fe48 elementor-widget elementor-widget-text-editor\" data-id=\"791fe48\" data-element_type=\"widget\" data-widget_type=\"text-editor.default\">\n\t\t\t\t<div class=\"elementor-widget-container\">\n\t\t\t\t\t\t\t\t\t<p>Y\u00f6k Atlas B\u00f6l\u00fcm Hakk\u0131nda Bilgiler<\/p><p><a href=\"https:\/\/obs.atauni.edu.tr\/moduller\/login\/bakiniz\/fakulte\/763\/Edebiyat+Fak%C3%BCltesi\/-1\">https:\/\/yokatlas.yok.gov.tr\/lisans.php?y=101410815<\/a><\/p>\t\t\t\t\t\t\t\t<\/div>\n\t\t\t\t<\/div>\n\t\t\t\t\t<\/div>\n\t\t<\/div>\n\t\t\t\t\t<\/div>\n\t\t<\/section>\n\t\t\t\t<\/div>\n\t\t","protected":false},"excerpt":{"rendered":"<p>B\u00f6l\u00fcm Tan\u0131t\u0131m\u0131 \u201cBilgi ve Belge Y\u00f6netimi B\u00f6l\u00fcm\u00fc\u201d mezunlar\u0131, ald\u0131klar\u0131 dersler do\u011frultusunda, ba\u015fta \u00fclkemizdeki k\u00fct\u00fcphanelerde olmak \u00fczere (\u00fcniversite, halk, \u00e7ocuk, okul k\u00fct\u00fcphaneleri, Milli K\u00fct\u00fcphane, \u00f6zel ara\u015ft\u0131rma k\u00fct\u00fcphaneleri), \u00e7e\u015fitli bilgi merkezlerinde (enformasyon ve dok\u00fcmantasyon merkezleri), T.C. Cumhurba\u015fkanl\u0131\u011f\u0131 Devlet Ar\u015fivleri Ba\u015fkanl\u0131\u011f\u0131, Vak\u0131flar Ar\u015fivi, Tapu Kadastro Ar\u015fivleri ile kurum ve kurulu\u015f ar\u015fivlerinde \u00e7al\u0131\u015fma imkan\u0131 bulabildikleri gibi, Internet servis birimlerinin [&hellip;]<\/p>\n","protected":false},"author":1,"featured_media":0,"parent":0,"menu_order":0,"comment_status":"closed","ping_status":"closed","template":"elementor_header_footer","meta":{"footnotes":""},"class_list":["post-5728","page","type-page","status-publish","hentry"],"_links":{"self":[{"href":"https:\/\/atauni.edu.tr\/bilgi-ve-belge-yonetimi\/wp-json\/wp\/v2\/pages\/5728","targetHints":{"allow":["GET"]}}],"collection":[{"href":"https:\/\/atauni.edu.tr\/bilgi-ve-belge-yonetimi\/wp-json\/wp\/v2\/pages"}],"about":[{"href":"https:\/\/atauni.edu.tr\/bilgi-ve-belge-yonetimi\/wp-json\/wp\/v2\/types\/page"}],"author":[{"embeddable":true,"href":"https:\/\/atauni.edu.tr\/bilgi-ve-belge-yonetimi\/wp-json\/wp\/v2\/users\/1"}],"replies":[{"embeddable":true,"href":"https:\/\/atauni.edu.tr\/bilgi-ve-belge-yonetimi\/wp-json\/wp\/v2\/comments?post=5728"}],"version-history":[{"count":23,"href":"https:\/\/atauni.edu.tr\/bilgi-ve-belge-yonetimi\/wp-json\/wp\/v2\/pages\/5728\/revisions"}],"predecessor-version":[{"id":9109,"href":"https:\/\/atauni.edu.tr\/bilgi-ve-belge-yonetimi\/wp-json\/wp\/v2\/pages\/5728\/revisions\/9109"}],"wp:attachment":[{"href":"https:\/\/atauni.edu.tr\/bilgi-ve-belge-yonetimi\/wp-json\/wp\/v2\/media?parent=5728"}],"curies":[{"name":"wp","href":"https:\/\/api.w.org\/{rel}","templated":true}]}}