{"id":5791,"date":"2021-07-13T13:07:15","date_gmt":"2021-07-13T10:07:15","guid":{"rendered":"https:\/\/portaltest.atauni.edu.tr\/bilgisayar-muhendisligi\/?page_id=5791"},"modified":"2024-05-28T16:37:41","modified_gmt":"2024-05-28T13:37:41","slug":"staj","status":"publish","type":"page","link":"https:\/\/atauni.edu.tr\/bilgi-ve-belge-yonetimi\/staj\/","title":{"rendered":"Staj"},"content":{"rendered":"\t\t<div data-elementor-type=\"wp-page\" data-elementor-id=\"5791\" class=\"elementor elementor-5791\" data-elementor-post-type=\"page\">\n\t\t\t\t\t\t<section class=\"elementor-section elementor-top-section elementor-element elementor-element-730d320 elementor-section-boxed elementor-section-height-default elementor-section-height-default\" data-id=\"730d320\" data-element_type=\"section\">\n\t\t\t\t\t\t<div class=\"elementor-container elementor-column-gap-default\">\n\t\t\t\t\t<div class=\"elementor-column elementor-col-100 elementor-top-column elementor-element elementor-element-753d0860\" data-id=\"753d0860\" data-element_type=\"column\">\n\t\t\t<div class=\"elementor-widget-wrap\">\n\t\t\t\t\t\t\t<\/div>\n\t\t<\/div>\n\t\t\t\t\t<\/div>\n\t\t<\/section>\n\t\t\t\t<section class=\"elementor-section elementor-top-section elementor-element elementor-element-9be811a elementor-section-boxed elementor-section-height-default elementor-section-height-default\" data-id=\"9be811a\" data-element_type=\"section\">\n\t\t\t\t\t\t<div class=\"elementor-container elementor-column-gap-default\">\n\t\t\t\t\t<div class=\"elementor-column elementor-col-100 elementor-top-column elementor-element elementor-element-1ed847b7\" data-id=\"1ed847b7\" data-element_type=\"column\">\n\t\t\t<div class=\"elementor-widget-wrap elementor-element-populated\">\n\t\t\t\t\t\t<div class=\"elementor-element elementor-element-4ce0d07f elementor-widget elementor-widget-heading\" data-id=\"4ce0d07f\" data-element_type=\"widget\" data-widget_type=\"heading.default\">\n\t\t\t\t<div class=\"elementor-widget-container\">\n\t\t\t\t\t<h2 class=\"elementor-heading-title elementor-size-default\">Staj<\/h2>\t\t\t\t<\/div>\n\t\t\t\t<\/div>\n\t\t\t\t<div class=\"elementor-element elementor-element-63260862 elementor-widget-divider--view-line elementor-widget elementor-widget-divider\" data-id=\"63260862\" data-element_type=\"widget\" data-widget_type=\"divider.default\">\n\t\t\t\t<div class=\"elementor-widget-container\">\n\t\t\t\t\t\t\t<div class=\"elementor-divider\">\n\t\t\t<span class=\"elementor-divider-separator\">\n\t\t\t\t\t\t<\/span>\n\t\t<\/div>\n\t\t\t\t\t\t<\/div>\n\t\t\t\t<\/div>\n\t\t\t\t\t<\/div>\n\t\t<\/div>\n\t\t\t\t\t<\/div>\n\t\t<\/section>\n\t\t\t\t<section class=\"elementor-section elementor-top-section elementor-element elementor-element-10e8347 elementor-section-boxed elementor-section-height-default elementor-section-height-default\" data-id=\"10e8347\" data-element_type=\"section\">\n\t\t\t\t\t\t<div class=\"elementor-container elementor-column-gap-default\">\n\t\t\t\t\t<div class=\"elementor-column elementor-col-100 elementor-top-column elementor-element elementor-element-795ab05\" data-id=\"795ab05\" data-element_type=\"column\">\n\t\t\t<div class=\"elementor-widget-wrap elementor-element-populated\">\n\t\t\t\t\t\t<div class=\"elementor-element elementor-element-4524745 elementor-widget elementor-widget-text-editor\" data-id=\"4524745\" data-element_type=\"widget\" data-widget_type=\"text-editor.default\">\n\t\t\t\t<div class=\"elementor-widget-container\">\n\t\t\t\t\t\t\t\t\t<p>B\u00f6l\u00fcm\u00fcm\u00fcz lisans \u00f6\u011frencileri \u00f6\u011frenimleri s\u00fcresinde staj yapmak zorundad\u0131rlar. \u00d6\u011frencilerin kuramsal bilgi birikimlerini bilgi merkezlerinde uygulayabilmelerini sa\u011flama ve mesleki deneyimlerini geli\u015ftirme ama\u00e7lar\u0131n\u0131 ta\u015f\u0131yan stajlar, alt\u0131nc\u0131 yar\u0131y\u0131l sonunda ara\u015ft\u0131rma k\u00fct\u00fcphaneleri, halk k\u00fct\u00fcphaneleri,\u00a0 kurum k\u00fct\u00fcphaneleri, \u00f6zel k\u00fct\u00fcphaneler ve ar\u015fivler, m\u00fczeler, dok\u00fcmantasyon\/enformasyon merkezlerinde ger\u00e7ekle\u015ftirilmektedir.<\/p><p>\u00d6\u011frencilerin,\u00a0 belirlemi\u015f olduklar\u0131 bilgi merkezlerinde stajlar\u0131n\u0131 <strong>24 i\u015f g\u00fcn\u00fc<\/strong> i\u00e7inde tamamlamalar\u0131, bilgi merkezindeki i\u015fleyi\u015fi ile deneyimlerini anlatan bir <strong>staj raporu<\/strong> haz\u0131rlayarak, Staj Koordinat\u00f6r\u00fcne teslim etmeleri gerekmektedir. Ayr\u0131ca a\u015fa\u011f\u0131da belirtilen <strong>Stajyer De\u011ferlendirme Formu<\/strong> ve <strong>Staj Notu Formu<\/strong> kurum taraf\u0131ndan doldurularak kapal\u0131 zarfla Staj Koordinat\u00f6r\u00fcne teslim edilmelidir.<\/p><p>\u00d6\u011frencilerin staj ger\u00e7ekle\u015ftirecekleri kurumda\u00a0 Bilgi ve Belge Y\u00f6netimi, K\u00fct\u00fcphanecilik, Ar\u015fivcilik ya da Dok\u00fcmantasyon\/Enformasyon b\u00f6l\u00fcmlerinden mezun en az 1 ki\u015finin \u00e7al\u0131\u015fmas\u0131 \u00f6n ko\u015fuldur.\u00a0<\/p><p>Staj i\u00e7in \u00f6n ba\u015fvuru isteyen kurumlar i\u00e7in a\u015fa\u011f\u0131da belirtilen <strong>Staj \u00d6n Ba\u015fvuru Formu<\/strong> doldurulmal\u0131d\u0131r.<\/p><p><span style=\"text-decoration: underline\"><strong>STAJ A\u015eAMALARI<\/strong><\/span><\/p><ol><li>\u00d6\u011frenci taraf\u0131ndan staj yap\u0131lacak kurumun belirlenmesi ve kurumla staj tarihlerinin belirlenmesi hakk\u0131nda g\u00f6r\u00fc\u015f\u00fclmesi (<strong>Staj ba\u015flama ve biti\u015f tarihleri Atat\u00fcrk \u00dcniversitesi Akademik Takvimine dahil olmayacak \u015fekilde belirlenmelidir.)<\/strong><\/li><li>Staj ba\u015flama tarihinden en ge\u00e7 21 g\u00fcn \u00f6nce OBS \u00fczerinden staj ba\u015fvuru i\u015flemlerinin tamamlanmas\u0131<\/li><li>Staj Koordinat\u00f6r\u00fc, Fak\u00fclte Koordinat\u00f6r\u00fc ve SKS Dairesi Staj Sigortas\u0131 giri\u015finin yap\u0131lmas\u0131.<\/li><li>Olu\u015fan staj belgesi ile staja ba\u015flanmas\u0131.<\/li><li>Staj\u0131n ba\u015far\u0131yla tamamlanmas\u0131.<\/li><li>7. yar\u0131y\u0131l ba\u015f\u0131nda Staj Raporu, Stajyer De\u011ferlendirme Formu ve Staj Notu Formu&#8217;nun Staj Koordinat\u00f6r\u00fcne teslim edilmesi.<\/li><li>Staj notunun girilmesi.<\/li><\/ol><p><span style=\"text-decoration: underline\"><strong>FORMLAR<\/strong><\/span><\/p><p><a href=\"http:\/\/birimler.atauni.edu.tr\/bilgi-ve-belge-yonetimi\/wp-content\/uploads\/sites\/86\/2020\/07\/Staj-basvuru-dilekcesi-2024.pdf\">Staj \u00f6n ba\u015fvuru formu<\/a><\/p><p><a href=\"http:\/\/birimler.atauni.edu.tr\/bilgi-ve-belge-yonetimi\/wp-content\/uploads\/sites\/86\/2020\/07\/Staj-notu-formu.pdf\">Staj notu formu<\/a><\/p><p><a href=\"http:\/\/birimler.atauni.edu.tr\/bilgi-ve-belge-yonetimi\/wp-content\/uploads\/sites\/86\/2020\/07\/Stajyer-Degerlendirme-Formu.pdf\">Stajyer De\u011ferlendirme Formu<\/a><\/p>\t\t\t\t\t\t\t\t<\/div>\n\t\t\t\t<\/div>\n\t\t\t\t\t<\/div>\n\t\t<\/div>\n\t\t\t\t\t<\/div>\n\t\t<\/section>\n\t\t\t\t<\/div>\n\t\t","protected":false},"excerpt":{"rendered":"<p>Staj B\u00f6l\u00fcm\u00fcm\u00fcz lisans \u00f6\u011frencileri \u00f6\u011frenimleri s\u00fcresinde staj yapmak zorundad\u0131rlar. \u00d6\u011frencilerin kuramsal bilgi birikimlerini bilgi merkezlerinde uygulayabilmelerini sa\u011flama ve mesleki deneyimlerini geli\u015ftirme ama\u00e7lar\u0131n\u0131 ta\u015f\u0131yan stajlar, alt\u0131nc\u0131 yar\u0131y\u0131l sonunda ara\u015ft\u0131rma k\u00fct\u00fcphaneleri, halk k\u00fct\u00fcphaneleri,\u00a0 kurum k\u00fct\u00fcphaneleri, \u00f6zel k\u00fct\u00fcphaneler ve ar\u015fivler, m\u00fczeler, dok\u00fcmantasyon\/enformasyon merkezlerinde ger\u00e7ekle\u015ftirilmektedir. \u00d6\u011frencilerin,\u00a0 belirlemi\u015f olduklar\u0131 bilgi merkezlerinde stajlar\u0131n\u0131 24 i\u015f g\u00fcn\u00fc i\u00e7inde tamamlamalar\u0131, bilgi merkezindeki i\u015fleyi\u015fi [&hellip;]<\/p>\n","protected":false},"author":1,"featured_media":0,"parent":0,"menu_order":0,"comment_status":"closed","ping_status":"closed","template":"elementor_header_footer","meta":{"footnotes":""},"class_list":["post-5791","page","type-page","status-publish","hentry"],"_links":{"self":[{"href":"https:\/\/atauni.edu.tr\/bilgi-ve-belge-yonetimi\/wp-json\/wp\/v2\/pages\/5791","targetHints":{"allow":["GET"]}}],"collection":[{"href":"https:\/\/atauni.edu.tr\/bilgi-ve-belge-yonetimi\/wp-json\/wp\/v2\/pages"}],"about":[{"href":"https:\/\/atauni.edu.tr\/bilgi-ve-belge-yonetimi\/wp-json\/wp\/v2\/types\/page"}],"author":[{"embeddable":true,"href":"https:\/\/atauni.edu.tr\/bilgi-ve-belge-yonetimi\/wp-json\/wp\/v2\/users\/1"}],"replies":[{"embeddable":true,"href":"https:\/\/atauni.edu.tr\/bilgi-ve-belge-yonetimi\/wp-json\/wp\/v2\/comments?post=5791"}],"version-history":[{"count":24,"href":"https:\/\/atauni.edu.tr\/bilgi-ve-belge-yonetimi\/wp-json\/wp\/v2\/pages\/5791\/revisions"}],"predecessor-version":[{"id":8297,"href":"https:\/\/atauni.edu.tr\/bilgi-ve-belge-yonetimi\/wp-json\/wp\/v2\/pages\/5791\/revisions\/8297"}],"wp:attachment":[{"href":"https:\/\/atauni.edu.tr\/bilgi-ve-belge-yonetimi\/wp-json\/wp\/v2\/media?parent=5791"}],"curies":[{"name":"wp","href":"https:\/\/api.w.org\/{rel}","templated":true}]}}