{"id":6071,"date":"2021-08-27T15:45:02","date_gmt":"2021-08-27T12:45:02","guid":{"rendered":"http:\/\/birimler.atauni.edu.tr\/bilgi-ve-belge-yonetimi\/?page_id=6071"},"modified":"2023-09-28T15:17:08","modified_gmt":"2023-09-28T12:17:08","slug":"bolum-kurulu-kararlari","status":"publish","type":"page","link":"https:\/\/atauni.edu.tr\/bilgi-ve-belge-yonetimi\/bolum-kurulu-kararlari\/","title":{"rendered":"B\u00f6l\u00fcm Kurulu Kararlar\u0131"},"content":{"rendered":"\t\t<div data-elementor-type=\"wp-page\" data-elementor-id=\"6071\" class=\"elementor elementor-6071\" data-elementor-post-type=\"page\">\n\t\t\t\t\t\t<section class=\"elementor-section elementor-top-section elementor-element elementor-element-730d320 elementor-section-boxed elementor-section-height-default elementor-section-height-default\" data-id=\"730d320\" data-element_type=\"section\">\n\t\t\t\t\t\t<div class=\"elementor-container elementor-column-gap-default\">\n\t\t\t\t\t<div class=\"elementor-column elementor-col-100 elementor-top-column elementor-element elementor-element-753d0860\" data-id=\"753d0860\" data-element_type=\"column\">\n\t\t\t<div class=\"elementor-widget-wrap\">\n\t\t\t\t\t\t\t<\/div>\n\t\t<\/div>\n\t\t\t\t\t<\/div>\n\t\t<\/section>\n\t\t\t\t<section class=\"elementor-section elementor-top-section elementor-element elementor-element-9be811a elementor-section-boxed elementor-section-height-default elementor-section-height-default\" data-id=\"9be811a\" data-element_type=\"section\">\n\t\t\t\t\t\t<div class=\"elementor-container elementor-column-gap-default\">\n\t\t\t\t\t<div class=\"elementor-column elementor-col-100 elementor-top-column elementor-element elementor-element-1ed847b7\" data-id=\"1ed847b7\" data-element_type=\"column\">\n\t\t\t<div class=\"elementor-widget-wrap elementor-element-populated\">\n\t\t\t\t\t\t<div class=\"elementor-element elementor-element-4ce0d07f elementor-widget elementor-widget-heading\" data-id=\"4ce0d07f\" data-element_type=\"widget\" data-widget_type=\"heading.default\">\n\t\t\t\t<div class=\"elementor-widget-container\">\n\t\t\t\t\t<h2 class=\"elementor-heading-title elementor-size-default\">B\u00f6l\u00fcm Kurulu Kararlar\u0131<\/h2>\t\t\t\t<\/div>\n\t\t\t\t<\/div>\n\t\t\t\t<div class=\"elementor-element elementor-element-63260862 elementor-widget-divider--view-line elementor-widget elementor-widget-divider\" data-id=\"63260862\" data-element_type=\"widget\" data-widget_type=\"divider.default\">\n\t\t\t\t<div class=\"elementor-widget-container\">\n\t\t\t\t\t\t\t<div class=\"elementor-divider\">\n\t\t\t<span class=\"elementor-divider-separator\">\n\t\t\t\t\t\t<\/span>\n\t\t<\/div>\n\t\t\t\t\t\t<\/div>\n\t\t\t\t<\/div>\n\t\t\t\t\t<\/div>\n\t\t<\/div>\n\t\t\t\t\t<\/div>\n\t\t<\/section>\n\t\t\t\t<section class=\"elementor-section elementor-top-section elementor-element elementor-element-826e7ec elementor-section-boxed elementor-section-height-default elementor-section-height-default\" data-id=\"826e7ec\" data-element_type=\"section\">\n\t\t\t\t\t\t<div class=\"elementor-container elementor-column-gap-default\">\n\t\t\t\t\t<div class=\"elementor-column elementor-col-100 elementor-top-column elementor-element elementor-element-21aac68\" data-id=\"21aac68\" data-element_type=\"column\">\n\t\t\t<div class=\"elementor-widget-wrap elementor-element-populated\">\n\t\t\t\t\t\t<div class=\"elementor-element elementor-element-3f16836 elementor-widget elementor-widget-text-editor\" data-id=\"3f16836\" data-element_type=\"widget\" data-widget_type=\"text-editor.default\">\n\t\t\t\t<div class=\"elementor-widget-container\">\n\t\t\t\t\t\t\t\t\t<ul><li>2023-2024 Akademik Y\u0131l\u0131 g\u00f6rev da\u011f\u0131l\u0131m\u0131 g\u00fcncellendi (Tarih: 29.09.2023 Karar No: 28). G\u00fcncel g\u00f6rev da\u011f\u0131l\u0131m\u0131 b\u00f6l\u00fcm web sayfas\u0131 hakk\u0131m\u0131zda ba\u015fl\u0131\u011f\u0131 alt\u0131nda yay\u0131mlanm\u0131\u015ft\u0131r.\u00a0<\/li><li>Program izleme, iyile\u015ftirme ve e\u011fitim-\u00f6\u011fretim de\u011ferlendirme raporu tamamlan\u0131p g\u00f6nderildi (Tarih: 28.08.2023 Karar No: 27)<\/li><li>Ortak zorunlu derslere ba\u011fl\u0131 olarak AKTS g\u00fcncellemeleri yap\u0131ld\u0131 (Tarih: 10.07.2023 Karar No: 26)<\/li><li>S\u0131navlar sonras\u0131 uzaktan e\u011fitim s\u00fcreci ile ilgili de\u011ferlendirmeler yap\u0131ld\u0131 (Tarih: 26.06.2023 Karar No: 25).<\/li><li>Mezuniyet etkinli\u011finin y\u00fcz y\u00fcze yap\u0131lmas\u0131na karar verildi (Tarih: 05.05. 2023 Karar No: 24)<\/li><li>Arkeoloji b\u00f6l\u00fcm\u00fc ile yandal \u00e7al\u0131\u015fmalar\u0131 ba\u015flat\u0131ld\u0131 (Tarih: 17.04.2023 Karar No: 23).<\/li><li>Derslerin \u00e7evrimi\u00e7i y\u00fcr\u00fct\u00fclmesine ili\u015fkin bilgilendirme yap\u0131ld\u0131 (02.03.2023 Karar No:\u00a0 22).<\/li><li>Deprem b\u00f6lgesindeki \u00f6\u011frencilerimizle ileti\u015fime ge\u00e7ilmeye \u00e7al\u0131\u015farak ihtiya\u00e7lar\u0131n\u0131n giderilmesine y\u00f6nelik talepler ve \u00f6neriler de\u011ferlendirildi (Tarih: 17.02.2023 Karar No: 21).<\/li><li>Program akreditasyonu i\u00e7in FEDEK&#8217;e ba\u015fvuru yap\u0131ld\u0131 (Tarih: 20.10.2023 Karar No: 20).<\/li><li>\u0130\u0130BF Y\u00f6netim Bili\u015fim Sistemleri B\u00f6l\u00fcm\u00fc ile \u00e7ift anadal yap\u0131lamas\u0131na ili\u015fkin ba\u015fvuruda bulunuldu (Tarih: 16.12.2022 Karar No: 19).<\/li><li>\u00c7ift anadal program\u0131 kapsam\u0131nda \u0130leti\u015fim Fak\u00fcltesi Gazetecilik program\u0131na kontenjan a\u00e7\u0131lmas\u0131, yandal ile ilgili kriterlerin ve a\u00e7\u0131labilecek b\u00f6l\u00fcmlerin belirmesi gibi konular g\u00f6r\u00fc\u015f\u00fclm\u00fc\u015f ve kararlar al\u0131nm\u0131\u015ft\u0131r (Tarih: 11.11.2022 Karar No: 18).<\/li><li>Yeni kay\u0131t yapt\u0131ran \u00f6\u011frencilere y\u00f6nelik oryantasyon etkinlikleri g\u00f6r\u00fc\u015f\u00fcld\u00fc (Tarih: 07.10.2022 Karar No: 17).<\/li><li>Ar\u015fiv Koordinat\u00f6rl\u00fc\u011f\u00fc faaliyetlerine ba\u015fland\u0131 (Tarih: 17.19.2022 Karar No: 16)<\/li><li>Yeni m\u00fcfredata ge\u00e7i\u015f \u00e7al\u0131\u015fmalar\u0131 de\u011ferlendirildi (Tarih: 12.08.2022 Karar No: 15)<\/li><li>A\u00e7\u0131labilecek yaz okulu dersleri ile \u00f6\u011frencilerin \u00fcniversite i\u00e7i ve \u00fcniversite d\u0131\u015f\u0131 yaz okulu ders talepleri de\u011ferlendirildi (Tarih: 13.07.2022 Karar No: 14).\u00a0<\/li><li>2021-2022 bahar yar\u0131l\u0131 de\u011ferlendirmesi yap\u0131ld\u0131 (Tarih: 17.06.2022 Karar No: 13)<\/li><li>\u00dcniversitemiz genelinde al\u0131nan m\u00fcfredat d\u00fczenleme karar\u0131 sonras\u0131nda B\u00f6l\u00fcm\u00fcm\u00fcz m\u00fcfredat\u0131na eklenecek yeni dersler ve kapat\u0131lacak dersler hakk\u0131nda isti\u015fare de bulunuldu (Tarih: 13.05.2022 Karar No: 12)<\/li><li>Bahar d\u00f6nemi ara s\u0131navlar ve COV\u0130D-19 salg\u0131n\u0131na uygun olarak s\u0131navlarda s\u0131n\u0131f yo\u011funlu\u011fu de\u011ferlendirilip da\u011f\u0131l\u0131mlar d\u00fczenlenmi\u015ftir (Tarih: 15.042022 Karar No: Karar No: 11).<\/li><li>K\u00fct\u00fcphane Haftas\u0131 kapsam\u0131nda 28 Mart 2022&#8217;de Erzurum&#8217;da ger\u00e7ekle\u015ftirilecek etkinliklere \u00f6\u011frencilerin ve akademik personelin kat\u0131l\u0131m\u0131n\u0131n sa\u011flanmas\u0131 i\u00e7in karar\u0131 al\u0131nd\u0131 (Tarih: 13.03.2022 Karar No: 10)<\/li><li>B\u00f6l\u00fcm\u00fcm\u00fcz b\u00fcnyesinde uluslararas\u0131 akademik bir dergi olu\u015fturulmas\u0131na ve dergi edit\u00f6rl\u00fc\u011f\u00fcn\u00fc Dr.\u00d6\u011fr.\u00dcyesi Nermin \u00c7akmak&#8217;\u0131n y\u00fcr\u00fctmesine karar verildi (Tarih: 18.02.2022 Karar No: 9)<\/li><li>S\u0131nav Ka\u011f\u0131tlar\u0131n\u0131n FEDEK kapsam\u0131nda d\u00fczenlemesi i\u00e7in bilgilendirme yap\u0131lm\u0131\u015ft\u0131r (Tarih: 24.01.2022 Karar No: 8)<\/li><li>2021-2022 E\u011fitim \u00d6\u011fretim y\u0131l\u0131 G\u00fcz Yar\u0131y\u0131l\u0131 Final ve B\u00fct\u00fcnleme s\u0131navlar\u0131n\u0131n d\u00fczenlenmesine ili\u015fkin g\u00f6r\u00fc\u015fler sunulmu\u015ftur. S\u0131navlar\u0131n uygulama usul ve esaslar\u0131 hakk\u0131nda bilgilendirme yap\u0131lm\u0131\u015ft\u0131r (Tarih: 24.12.2021 Karar No: 7).<\/li><li>FEDEK kapsam\u0131nda s\u0131nav ka\u011f\u0131tlar\u0131n\u0131n ar\u015fivlenmesi ile ilgili olarak bilgilendirme yap\u0131ld\u0131 (Tarih: 29.11.2021 Karar No: 6)<\/li><li>2022 y\u0131l\u0131 K\u00fct\u00fcphane Haftas\u0131nda bir panel yap\u0131lmas\u0131 karar\u0131 al\u0131nm\u0131\u015ft\u0131r (Tarih: 12.11.2021 Karar No: 5)<\/li><li>&#8220;Yeni Nesil \u00dcniversite Tasar\u0131m ve D\u00f6n\u00fc\u015f\u00fcm Projesi &#8211; Y\u00f6neticilerle K\u00fclt\u00fcrel D\u00f6n\u00fc\u015f\u00fcm \u00c7al\u0131\u015fmalar\u0131&#8221; konusu ile ilgili komisyonlar olu\u015fturuldu ve komisyonlar\u0131n Ba\u015fkan ve \u00dcyeleri belirlendi (Tarih: 08.10.2021 Karar No: 4)<\/li><li>Pandemi s\u00fcrecinde derslerin i\u015fleni\u015fi ve al\u0131nacak tedbirler; pandemi s\u00fcrecinde e\u011fitim ve \u00f6\u011fretim de uygulanacak esaslar (Rekt\u00f6rl\u00fc\u011f\u00fcm\u00fcz\u00fcn belirledi\u011fi) b\u00f6l\u00fcm \u00f6\u011fretim elemanlar\u0131na aktar\u0131ld\u0131 (Tarih: 28.09.2021, Karar No: 3)<\/li><li>FEDEK \u00d6z De\u011ferlendirme Raporu&#8217;nun haz\u0131rlanmas\u0131na karar verilmi\u015ftir (03\/01\/2020 Karar No: 2).\u00a0<\/li><li>Akreditasyon i\u00e7in gerekli \u015fartlar g\u00f6r\u00fc\u015f\u00fcld\u00fc. Yol haritas\u0131 belirlendi (Tarih: 03.12.2019, Karar No: 1).<\/li><\/ul>\t\t\t\t\t\t\t\t<\/div>\n\t\t\t\t<\/div>\n\t\t\t\t\t<\/div>\n\t\t<\/div>\n\t\t\t\t\t<\/div>\n\t\t<\/section>\n\t\t\t\t<\/div>\n\t\t","protected":false},"excerpt":{"rendered":"<p>B\u00f6l\u00fcm Kurulu Kararlar\u0131 2023-2024 Akademik Y\u0131l\u0131 g\u00f6rev da\u011f\u0131l\u0131m\u0131 g\u00fcncellendi (Tarih: 29.09.2023 Karar No: 28). G\u00fcncel g\u00f6rev da\u011f\u0131l\u0131m\u0131 b\u00f6l\u00fcm web sayfas\u0131 hakk\u0131m\u0131zda ba\u015fl\u0131\u011f\u0131 alt\u0131nda yay\u0131mlanm\u0131\u015ft\u0131r.\u00a0 Program izleme, iyile\u015ftirme ve e\u011fitim-\u00f6\u011fretim de\u011ferlendirme raporu tamamlan\u0131p g\u00f6nderildi (Tarih: 28.08.2023 Karar No: 27) Ortak zorunlu derslere ba\u011fl\u0131 olarak AKTS g\u00fcncellemeleri yap\u0131ld\u0131 (Tarih: 10.07.2023 Karar No: 26) S\u0131navlar sonras\u0131 uzaktan e\u011fitim [&hellip;]<\/p>\n","protected":false},"author":1,"featured_media":0,"parent":0,"menu_order":0,"comment_status":"closed","ping_status":"closed","template":"elementor_header_footer","meta":{"footnotes":""},"class_list":["post-6071","page","type-page","status-publish","hentry"],"_links":{"self":[{"href":"https:\/\/atauni.edu.tr\/bilgi-ve-belge-yonetimi\/wp-json\/wp\/v2\/pages\/6071","targetHints":{"allow":["GET"]}}],"collection":[{"href":"https:\/\/atauni.edu.tr\/bilgi-ve-belge-yonetimi\/wp-json\/wp\/v2\/pages"}],"about":[{"href":"https:\/\/atauni.edu.tr\/bilgi-ve-belge-yonetimi\/wp-json\/wp\/v2\/types\/page"}],"author":[{"embeddable":true,"href":"https:\/\/atauni.edu.tr\/bilgi-ve-belge-yonetimi\/wp-json\/wp\/v2\/users\/1"}],"replies":[{"embeddable":true,"href":"https:\/\/atauni.edu.tr\/bilgi-ve-belge-yonetimi\/wp-json\/wp\/v2\/comments?post=6071"}],"version-history":[{"count":14,"href":"https:\/\/atauni.edu.tr\/bilgi-ve-belge-yonetimi\/wp-json\/wp\/v2\/pages\/6071\/revisions"}],"predecessor-version":[{"id":7955,"href":"https:\/\/atauni.edu.tr\/bilgi-ve-belge-yonetimi\/wp-json\/wp\/v2\/pages\/6071\/revisions\/7955"}],"wp:attachment":[{"href":"https:\/\/atauni.edu.tr\/bilgi-ve-belge-yonetimi\/wp-json\/wp\/v2\/media?parent=6071"}],"curies":[{"name":"wp","href":"https:\/\/api.w.org\/{rel}","templated":true}]}}