{"id":6194,"date":"2021-12-14T22:27:15","date_gmt":"2021-12-14T19:27:15","guid":{"rendered":"https:\/\/birimler.atauni.edu.tr\/bilgi-ve-belge-yonetimi\/?page_id=6194"},"modified":"2022-03-24T16:21:05","modified_gmt":"2022-03-24T13:21:05","slug":"duyurular","status":"publish","type":"page","link":"https:\/\/atauni.edu.tr\/bilgi-ve-belge-yonetimi\/duyurular\/","title":{"rendered":"Duyurular"},"content":{"rendered":"\t\t<div data-elementor-type=\"wp-page\" data-elementor-id=\"6194\" class=\"elementor elementor-6194\" data-elementor-post-type=\"page\">\n\t\t\t\t\t\t<section class=\"elementor-section elementor-top-section elementor-element elementor-element-c5d3f4a elementor-section-boxed elementor-section-height-default elementor-section-height-default\" data-id=\"c5d3f4a\" data-element_type=\"section\">\n\t\t\t\t\t\t<div class=\"elementor-container elementor-column-gap-default\">\n\t\t\t\t\t<div class=\"elementor-column elementor-col-100 elementor-top-column elementor-element elementor-element-5a8db4d\" data-id=\"5a8db4d\" data-element_type=\"column\">\n\t\t\t<div class=\"elementor-widget-wrap elementor-element-populated\">\n\t\t\t\t\t\t<div class=\"elementor-element elementor-element-1527ad1 elementor--h-position-center elementor--v-position-middle elementor-arrows-position-inside elementor-pagination-position-inside elementor-widget elementor-widget-slides\" data-id=\"1527ad1\" data-element_type=\"widget\" data-settings=\"{&quot;navigation&quot;:&quot;both&quot;,&quot;autoplay&quot;:&quot;yes&quot;,&quot;pause_on_hover&quot;:&quot;yes&quot;,&quot;pause_on_interaction&quot;:&quot;yes&quot;,&quot;autoplay_speed&quot;:5000,&quot;infinite&quot;:&quot;yes&quot;,&quot;transition&quot;:&quot;slide&quot;,&quot;transition_speed&quot;:500}\" data-widget_type=\"slides.default\">\n\t\t\t\t<div class=\"elementor-widget-container\">\n\t\t\t\t\t\t\t\t\t<div class=\"elementor-swiper\">\n\t\t\t\t\t<div class=\"elementor-slides-wrapper elementor-main-swiper swiper\" role=\"region\" aria-roledescription=\"carousel\" aria-label=\"Slides\" dir=\"ltr\" data-animation=\"fadeInUp\">\n\t\t\t\t<div class=\"swiper-wrapper elementor-slides\">\n\t\t\t\t\t\t\t\t\t\t<div class=\"elementor-repeater-item-85ef86b swiper-slide\" role=\"group\" aria-roledescription=\"slide\"><div class=\"swiper-slide-bg\" role=\"img\" aria-label=\"Bahar D\u00f6nemi Ara S\u0131nav Program\u0131\"><\/div><a class=\"swiper-slide-inner\" href=\"https:\/\/birimler.atauni.edu.tr\/bilgi-ve-belge-yonetimi\/sinav-programi\/\"><div class=\"swiper-slide-contents\"><div class=\"elementor-slide-heading\">S\u0131nav Program\u0131<\/div><div class=\"elementor-slide-description\">2021-2022 y\u0131l\u0131 bahar d\u00f6nemi vize s\u0131navlar\u0131 program\u0131<\/div><div  class=\"elementor-button elementor-slide-button elementor-size-sm\">t\u0131klay\u0131n\u0131z<\/div><\/div><\/a><\/div><div class=\"elementor-repeater-item-16b523c swiper-slide\" role=\"group\" aria-roledescription=\"slide\"><div class=\"swiper-slide-bg elementor-ken-burns elementor-ken-burns--in\" role=\"img\" aria-label=\"Dr. \u00d6\u011fr. \u00dcyesi Nermin \u00c7AKMAK taraf\u0131ndan Akademik Yaz\u0131m ve Dergi Ba\u015fvuru S\u00fcre\u00e7leri e\u011fitimi verildi.\"><\/div><div class=\"elementor-background-overlay\"><\/div><a class=\"swiper-slide-inner\" href=\"https:\/\/birimler.atauni.edu.tr\/bilgi-ve-belge-yonetimi\/2022\/01\/07\/dr-ogr-uyesi-nermin-cakmak-tarafindan-akademik-yazim-ve-dergi-basvuru-surecleri-egitimi-verildi\/\"><div class=\"swiper-slide-contents\"><div class=\"elementor-slide-description\">Dr. \u00d6\u011fr. \u00dcyesi Nermin \u00c7AKMAK taraf\u0131ndan Akademik Yaz\u0131m ve Dergi Ba\u015fvuru S\u00fcre\u00e7leri e\u011fitimi verildi.<\/div><div  class=\"elementor-button elementor-slide-button elementor-size-sm\">T\u0131klay\u0131n\u0131z<\/div><\/div><\/a><\/div><div class=\"elementor-repeater-item-be8f345 swiper-slide\" role=\"group\" aria-roledescription=\"slide\"><div class=\"swiper-slide-bg elementor-ken-burns elementor-ken-burns--out\" role=\"img\" aria-label=\"20211214_152334\"><\/div><div class=\"elementor-background-overlay\"><\/div><a class=\"swiper-slide-inner\" href=\"https:\/\/birimler.atauni.edu.tr\/bilgi-ve-belge-yonetimi\/2022\/01\/07\/edebiyat-fakultesi-ve-bilgi-ve-belge-yonetimi-bolumu-toplantisi-gerceklestirildi\/\"><div class=\"swiper-slide-contents\"><div  class=\"elementor-button elementor-slide-button elementor-size-sm\">T\u0131klay\u0131n\u0131z<\/div><\/div><\/a><\/div><div class=\"elementor-repeater-item-0f47588 swiper-slide\" role=\"group\" aria-roledescription=\"slide\"><div class=\"swiper-slide-bg\" role=\"img\" aria-label=\"a679dd319e3db613563463bc0583ba17\"><\/div><a class=\"swiper-slide-inner\" href=\"https:\/\/birimler.atauni.edu.tr\/bilgi-ve-belge-yonetimi\/2021\/12\/14\/her-yonuyle-bastimar-kitabi-yayimlandi-2\/\"><div class=\"swiper-slide-contents\"><div class=\"elementor-slide-heading\">XV. AR\u015e\u0130VC\u0130L\u0130K G\u00dcN\u00dc SEMPOZYUMU<\/div><div class=\"elementor-slide-description\">XV. AR\u015e\u0130VC\u0130L\u0130K G\u00dcN\u00dc SEMPOZYUMU: T\u00dcRK AR\u015e\u0130VC\u0130L\u0130\u011e\u0130N\u0130N G\u00dcNCEL SORUNLARI SEMPOZYUMU GER\u00c7EKLE\u015eT\u0130R\u0130LD\u0130<\/div><\/div><\/a><\/div><div class=\"elementor-repeater-item-2a7812d swiper-slide\" role=\"group\" aria-roledescription=\"slide\"><div class=\"swiper-slide-bg\" role=\"img\" aria-label=\"ae728d2a1df7f613a15f8c1f41ccb14d\"><\/div><a class=\"swiper-slide-inner\" href=\"https:\/\/birimler.atauni.edu.tr\/bilgi-ve-belge-yonetimi\/2021\/06\/13\/lorem-ipsum\/\"><div class=\"swiper-slide-contents\"><div class=\"elementor-slide-heading\">HER Y\u00d6N\u00dcYLE BA\u015eTIMAR K\u0130TABI YAYIMLANDI<\/div><\/div><\/a><\/div>\t\t\t\t<\/div>\n\t\t\t\t\t\t\t\t\t\t\t\t\t\t\t<div class=\"elementor-swiper-button elementor-swiper-button-prev\" role=\"button\" tabindex=\"0\" aria-label=\"Previous slide\">\n\t\t\t\t\t\t\t<i aria-hidden=\"true\" class=\"eicon-chevron-left\"><\/i>\t\t\t\t\t\t<\/div>\n\t\t\t\t\t\t<div class=\"elementor-swiper-button elementor-swiper-button-next\" role=\"button\" tabindex=\"0\" aria-label=\"Next slide\">\n\t\t\t\t\t\t\t<i aria-hidden=\"true\" class=\"eicon-chevron-right\"><\/i>\t\t\t\t\t\t<\/div>\n\t\t\t\t\t\t\t\t\t\t\t\t\t\t\t\t<div class=\"swiper-pagination\"><\/div>\n\t\t\t\t\t\t\t\t\t\t\t\t<\/div>\n\t\t\t\t<\/div>\n\t\t\t\t\t\t\t\t<\/div>\n\t\t\t\t<\/div>\n\t\t\t\t<div class=\"elementor-element elementor-element-488655f elementor-widget elementor-widget-text-editor\" data-id=\"488655f\" data-element_type=\"widget\" data-widget_type=\"text-editor.default\">\n\t\t\t\t<div class=\"elementor-widget-container\">\n\t\t\t\t\t\t\t\t\t<p><strong>Duyurular<\/strong>\u00a0 \u00a0 \u00a0 \u00a0 \u00a0 \u00a0 \u00a0 \u00a0 \u00a0 \u00a0 \u00a0 \u00a0 \u00a0 \u00a0 \u00a0 \u00a0 \u00a0 \u00a0 \u00a0 \u00a0 \u00a0 \u00a0 \u00a0 \u00a0 \u00a0 \u00a0 \u00a0 \u00a0 \u00a0 \u00a0 \u00a0 \u00a0 \u00a0 \u00a0 \u00a0 \u00a0 \u00a0 \u00a0 \u00a0 \u00a0 \u00a0 \u00a0 \u00a0 \u00a0 \u00a0 \u00a0 \u00a0 \u00a0 \u00a0 \u00a0 \u00a0 \u00a0 \u00a0 \u00a0 \u00a0 \u00a0 \u00a0 \u00a0 \u00a0 \u00a0 \u00a0 \u00a0 \u00a0 \u00a0 \u00a0 \u00a0 \u00a0 \u00a0 \u00a0 \u00a0 \u00a0 \u00a0 \u00a0 \u00a0 \u00a0 \u00a0 \u00a0 \u00a0 \u00a0 \u00a0 \u00a0 \u00a0 \u00a0 \u00a0 \u00a0 \u00a0 \u00a0 \u00a0 \u00a0 \u00a0 \u00a0 \u00a0 \u00a0 \u00a0 \u00a0 \u00a0 \u00a0 \u00a0 \u00a0 \u00a0 \u00a0 \u00a0 \u00a0 \u00a0 \u00a0 \u00a0 \u00a0 \u00a0 \u00a0 \u00a0<a href=\"https:\/\/atauni.edu.tr\/duyurular\/bilgi-ve-belge-yonetimi\/eski\">T\u00fcm Duyurular<\/a><\/p>\t\t\t\t\t\t\t\t<\/div>\n\t\t\t\t<\/div>\n\t\t\t\t\t<\/div>\n\t\t<\/div>\n\t\t\t\t\t<\/div>\n\t\t<\/section>\n\t\t\t\t<section class=\"elementor-section elementor-top-section elementor-element elementor-element-44f9a45 elementor-section-boxed elementor-section-height-default elementor-section-height-default\" data-id=\"44f9a45\" data-element_type=\"section\">\n\t\t\t\t\t\t<div class=\"elementor-container elementor-column-gap-default\">\n\t\t\t\t\t<div class=\"elementor-column elementor-col-100 elementor-top-column elementor-element elementor-element-6522d15\" data-id=\"6522d15\" data-element_type=\"column\">\n\t\t\t<div class=\"elementor-widget-wrap elementor-element-populated\">\n\t\t\t\t\t\t<div class=\"elementor-element elementor-element-52cdee3 elementor-grid-4 elementor-posts--thumbnail-none elementor-grid-tablet-2 elementor-grid-mobile-1 elementor-card-shadow-yes elementor-posts__hover-gradient elementor-widget elementor-widget-posts\" data-id=\"52cdee3\" data-element_type=\"widget\" data-settings=\"{&quot;cards_columns&quot;:&quot;4&quot;,&quot;cards_columns_tablet&quot;:&quot;2&quot;,&quot;cards_columns_mobile&quot;:&quot;1&quot;,&quot;cards_row_gap&quot;:{&quot;unit&quot;:&quot;px&quot;,&quot;size&quot;:35,&quot;sizes&quot;:[]},&quot;cards_row_gap_tablet&quot;:{&quot;unit&quot;:&quot;px&quot;,&quot;size&quot;:&quot;&quot;,&quot;sizes&quot;:[]},&quot;cards_row_gap_mobile&quot;:{&quot;unit&quot;:&quot;px&quot;,&quot;size&quot;:&quot;&quot;,&quot;sizes&quot;:[]}}\" data-widget_type=\"posts.cards\">\n\t\t\t\t<div class=\"elementor-widget-container\">\n\t\t\t\t\t\t\t<div class=\"elementor-posts-container elementor-posts elementor-posts--skin-cards elementor-grid\" role=\"list\">\n\t\t\t\t<article class=\"elementor-post elementor-grid-item post-9587 post type-post status-publish format-standard has-post-thumbnail hentry category-haberler\" role=\"listitem\">\n\t\t\t<div class=\"elementor-post__card\">\n\t\t\t\t<div class=\"elementor-post__text\">\n\t\t\t\t<h6 class=\"elementor-post__title\">\n\t\t\t<a href=\"https:\/\/atauni.edu.tr\/bilgi-ve-belge-yonetimi\/2026\/05\/12\/6-uluslararasi-bilgi-ve-belge-yonetimi-ogrenci-sempozyumu\/\" target=&quot;_blank&quot;>\n\t\t\t\t6. Uluslararas\u0131 Bilgi ve Belge Y\u00f6netimi \u00d6\u011frenci Sempozyumu&#8217;na Kat\u0131l\u0131m\t\t\t<\/a>\n\t\t<\/h6>\n\t\t\t\t<div class=\"elementor-post__excerpt\">\n\t\t\t<p>B\u00f6l\u00fcm ba\u015fkan\u0131m\u0131z Prof. Dr. D\u00fcndaf Alik\u0131l\u0131\u00e7 be ba\u015fkan yard\u0131mc\u0131m\u0131z Do\u00e7. Dr. Nermin \u00c7akmak&#8217;\u0131n dan\u0131\u015fmanl\u0131\u011f\u0131nda b\u00f6l\u00fcm \u00f6\u011frencilerimiz Ceren Kan ve Selim Kaptan, 8-9 May\u0131s 2026 tarihlerinde<\/p>\n\t\t<\/div>\n\t\t\n\t\t<a class=\"elementor-post__read-more\" href=\"https:\/\/atauni.edu.tr\/bilgi-ve-belge-yonetimi\/2026\/05\/12\/6-uluslararasi-bilgi-ve-belge-yonetimi-ogrenci-sempozyumu\/\" aria-label=\"Read more about 6. Uluslararas\u0131 Bilgi ve Belge Y\u00f6netimi \u00d6\u011frenci Sempozyumu&#8217;na Kat\u0131l\u0131m\" tabindex=\"-1\" target=\"_blank\">\n\t\t\tDaha fazla \u00bb\t\t<\/a>\n\n\t\t\t\t<\/div>\n\t\t\t\t<div class=\"elementor-post__meta-data\">\n\t\t\t\t\t<span class=\"elementor-post-date\">\n\t\t\t12 May\u0131s 2026\t\t<\/span>\n\t\t\t\t<span class=\"elementor-post-avatar\">\n\t\t\tYorum yap\u0131lmam\u0131\u015f\t\t<\/span>\n\t\t\t\t<\/div>\n\t\t\t\t\t<\/div>\n\t\t<\/article>\n\t\t\t\t<article class=\"elementor-post elementor-grid-item post-9563 post type-post status-publish format-standard hentry category-haberler\" role=\"listitem\">\n\t\t\t<div class=\"elementor-post__card\">\n\t\t\t\t<div class=\"elementor-post__text\">\n\t\t\t\t<h6 class=\"elementor-post__title\">\n\t\t\t<a href=\"https:\/\/atauni.edu.tr\/bilgi-ve-belge-yonetimi\/2026\/04\/17\/yagan-cok-programli-anadolu-lisesine-kutuphane-kuruldu\/\" target=&quot;_blank&quot;>\n\t\t\t\tYa\u011fan \u00c7ok Programl\u0131 Anadolu Lisesi\u2019ne K\u00fct\u00fcphane Kuruldu\t\t\t<\/a>\n\t\t<\/h6>\n\t\t\t\t<div class=\"elementor-post__excerpt\">\n\t\t\t<p>B\u00f6l\u00fcm\u00fcm\u00fcz taraf\u0131ndan y\u00fcr\u00fct\u00fclen \u201cK\u00fct\u00fcphanesi Okul Kalmas\u0131n\u201d Toplumsal Duyarl\u0131l\u0131k Projesi kapsam\u0131nda, Erzurum\u2019un K\u00f6pr\u00fck\u00f6y il\u00e7esinde yer alan Ya\u011fan \u00c7ok Programl\u0131 Anadolu Lisesi\u2019ne k\u00fct\u00fcphane kazand\u0131r\u0131ld\u0131. B\u00f6l\u00fcm\u00fcm\u00fcz \u00f6\u011fretim eleman\u0131<\/p>\n\t\t<\/div>\n\t\t\n\t\t<a class=\"elementor-post__read-more\" href=\"https:\/\/atauni.edu.tr\/bilgi-ve-belge-yonetimi\/2026\/04\/17\/yagan-cok-programli-anadolu-lisesine-kutuphane-kuruldu\/\" aria-label=\"Read more about Ya\u011fan \u00c7ok Programl\u0131 Anadolu Lisesi\u2019ne K\u00fct\u00fcphane Kuruldu\" tabindex=\"-1\" target=\"_blank\">\n\t\t\tDaha fazla \u00bb\t\t<\/a>\n\n\t\t\t\t<\/div>\n\t\t\t\t<div class=\"elementor-post__meta-data\">\n\t\t\t\t\t<span class=\"elementor-post-date\">\n\t\t\t17 Nisan 2026\t\t<\/span>\n\t\t\t\t<span class=\"elementor-post-avatar\">\n\t\t\tYorum yap\u0131lmam\u0131\u015f\t\t<\/span>\n\t\t\t\t<\/div>\n\t\t\t\t\t<\/div>\n\t\t<\/article>\n\t\t\t\t<article class=\"elementor-post elementor-grid-item post-9550 post type-post status-publish format-standard has-post-thumbnail hentry category-haberler\" role=\"listitem\">\n\t\t\t<div class=\"elementor-post__card\">\n\t\t\t\t<div class=\"elementor-post__text\">\n\t\t\t\t<h6 class=\"elementor-post__title\">\n\t\t\t<a href=\"https:\/\/atauni.edu.tr\/bilgi-ve-belge-yonetimi\/2026\/04\/17\/is-hayatinda-bilgi-ve-belge-yoneticisi\/\" target=&quot;_blank&quot;>\n\t\t\t\t\u0130\u015f Hayat\u0131nda Bilgi ve Belge Y\u00f6neticisi\t\t\t<\/a>\n\t\t<\/h6>\n\t\t\t\t<div class=\"elementor-post__excerpt\">\n\t\t\t<p>B\u00f6l\u00fcm\u00fcm\u00fczde ger\u00e7ekle\u015ftirdi\u011fimiz etkinlik kapsam\u0131nda, Ninovus Bilgi Sistemleri Kurucusu ve Genel M\u00fcd\u00fcr\u00fc Say\u0131n \u00d6mer \u00c7etin, \u201c\u0130\u015f Hayat\u0131nda Bilgi ve Belge Y\u00f6neticisi\u201d ba\u015fl\u0131kl\u0131 s\u00f6yle\u015fisiyle \u00f6\u011frencilerimizle bir araya<\/p>\n\t\t<\/div>\n\t\t\n\t\t<a class=\"elementor-post__read-more\" href=\"https:\/\/atauni.edu.tr\/bilgi-ve-belge-yonetimi\/2026\/04\/17\/is-hayatinda-bilgi-ve-belge-yoneticisi\/\" aria-label=\"Read more about \u0130\u015f Hayat\u0131nda Bilgi ve Belge Y\u00f6neticisi\" tabindex=\"-1\" target=\"_blank\">\n\t\t\tDaha fazla \u00bb\t\t<\/a>\n\n\t\t\t\t<\/div>\n\t\t\t\t<div class=\"elementor-post__meta-data\">\n\t\t\t\t\t<span class=\"elementor-post-date\">\n\t\t\t17 Nisan 2026\t\t<\/span>\n\t\t\t\t<span class=\"elementor-post-avatar\">\n\t\t\tYorum yap\u0131lmam\u0131\u015f\t\t<\/span>\n\t\t\t\t<\/div>\n\t\t\t\t\t<\/div>\n\t\t<\/article>\n\t\t\t\t<article class=\"elementor-post elementor-grid-item post-9536 post type-post status-publish format-standard hentry category-haberler\" role=\"listitem\">\n\t\t\t<div class=\"elementor-post__card\">\n\t\t\t\t<div class=\"elementor-post__text\">\n\t\t\t\t<h6 class=\"elementor-post__title\">\n\t\t\t<a href=\"https:\/\/atauni.edu.tr\/bilgi-ve-belge-yonetimi\/2026\/04\/17\/koha-kutuphane-otomasyon-programi-kurulumu-tamamlandi\/\" target=&quot;_blank&quot;>\n\t\t\t\tKOHA K\u00fct\u00fcphane Otomasyon Program\u0131 Kurulumu Tamamland\u0131\t\t\t<\/a>\n\t\t<\/h6>\n\t\t\t\t<div class=\"elementor-post__excerpt\">\n\t\t\t<p>B\u00f6l\u00fcm\u00fcm\u00fczde y\u00fcr\u00fct\u00fclen Bilginin D\u00fczenlenmesi ile MARC ve RDA ile Kataloglama derslerinde, \u00f6\u011frencilerimizin teorik bilgilerini uygulamayla desteklemek amac\u0131yla \u00f6nemli bir ad\u0131m att\u0131k. \u00d6\u011frencilerimizin k\u00fct\u00fcphane otomasyon sistemlerini<\/p>\n\t\t<\/div>\n\t\t\n\t\t<a class=\"elementor-post__read-more\" href=\"https:\/\/atauni.edu.tr\/bilgi-ve-belge-yonetimi\/2026\/04\/17\/koha-kutuphane-otomasyon-programi-kurulumu-tamamlandi\/\" aria-label=\"Read more about KOHA K\u00fct\u00fcphane Otomasyon Program\u0131 Kurulumu Tamamland\u0131\" tabindex=\"-1\" target=\"_blank\">\n\t\t\tDaha fazla \u00bb\t\t<\/a>\n\n\t\t\t\t<\/div>\n\t\t\t\t<div class=\"elementor-post__meta-data\">\n\t\t\t\t\t<span class=\"elementor-post-date\">\n\t\t\t17 Nisan 2026\t\t<\/span>\n\t\t\t\t<span class=\"elementor-post-avatar\">\n\t\t\tYorum yap\u0131lmam\u0131\u015f\t\t<\/span>\n\t\t\t\t<\/div>\n\t\t\t\t\t<\/div>\n\t\t<\/article>\n\t\t\t\t<article class=\"elementor-post elementor-grid-item post-9521 post type-post status-publish format-standard has-post-thumbnail hentry category-etkinlikler\" role=\"listitem\">\n\t\t\t<div class=\"elementor-post__card\">\n\t\t\t\t<div class=\"elementor-post__text\">\n\t\t\t\t<h6 class=\"elementor-post__title\">\n\t\t\t<a href=\"https:\/\/atauni.edu.tr\/bilgi-ve-belge-yonetimi\/2026\/04\/14\/is-hayatinda-bilgi-ve-belge-yonetici\/\" target=&quot;_blank&quot;>\n\t\t\t\t\u0130\u015f Hayat\u0131nda Bilgi ve Belge Y\u00f6neticisi\t\t\t<\/a>\n\t\t<\/h6>\n\t\t\t\t<div class=\"elementor-post__excerpt\">\n\t\t\t<p>16 Nisan 2026 Per\u015fembe g\u00fcn\u00fc saat 15:00&#8217;de Atat\u00fcrk \u00dcniversitesi Edebiyat Fak\u00fcltesi Konferans Salonunda\u00a0 Ninovus Bilgi Sistemleri Genel M\u00fcd\u00fcr\u00fc \u00d6mer \u00c7ET\u0130N taraf\u0131ndan &#8220;\u0130\u015f Hayat\u0131nda Bilgi ve<\/p>\n\t\t<\/div>\n\t\t\n\t\t<a class=\"elementor-post__read-more\" href=\"https:\/\/atauni.edu.tr\/bilgi-ve-belge-yonetimi\/2026\/04\/14\/is-hayatinda-bilgi-ve-belge-yonetici\/\" aria-label=\"Read more about \u0130\u015f Hayat\u0131nda Bilgi ve Belge Y\u00f6neticisi\" tabindex=\"-1\" target=\"_blank\">\n\t\t\tDaha fazla \u00bb\t\t<\/a>\n\n\t\t\t\t<\/div>\n\t\t\t\t<div class=\"elementor-post__meta-data\">\n\t\t\t\t\t<span class=\"elementor-post-date\">\n\t\t\t14 Nisan 2026\t\t<\/span>\n\t\t\t\t<span class=\"elementor-post-avatar\">\n\t\t\tYorum yap\u0131lmam\u0131\u015f\t\t<\/span>\n\t\t\t\t<\/div>\n\t\t\t\t\t<\/div>\n\t\t<\/article>\n\t\t\t\t<article class=\"elementor-post elementor-grid-item post-9512 post type-post status-publish format-standard hentry category-haberler\" role=\"listitem\">\n\t\t\t<div class=\"elementor-post__card\">\n\t\t\t\t<div class=\"elementor-post__text\">\n\t\t\t\t<h6 class=\"elementor-post__title\">\n\t\t\t<a href=\"https:\/\/atauni.edu.tr\/bilgi-ve-belge-yonetimi\/2026\/04\/06\/doc-dr-nermin-cakmaka-tesekkur-belgesi-takdim-edildi\/\" target=&quot;_blank&quot;>\n\t\t\t\tDo\u00e7.Dr. Nermin \u00c7AKMAK&#8217;a Te\u015fekk\u00fcr Belgesi Takdim Edildi.\t\t\t<\/a>\n\t\t<\/h6>\n\t\t\t\t<div class=\"elementor-post__excerpt\">\n\t\t\t<p>62. K\u00fct\u00fcphane Haftas\u0131 kapsam\u0131nda b\u00f6l\u00fcm\u00fcm\u00fcz \u00f6\u011fretim \u00fcyesi Do\u00e7. Dr. Nermin \u00c7AKMAK&#8217;a &#8220;Yuvam\u0131z: K\u00fct\u00fcphane ve Kitap&#8221; konulu sunumu ve destekleri i\u00e7in \u0130smail Saib Sencer K\u00fct\u00fcphanesi Vekil<\/p>\n\t\t<\/div>\n\t\t\n\t\t<a class=\"elementor-post__read-more\" href=\"https:\/\/atauni.edu.tr\/bilgi-ve-belge-yonetimi\/2026\/04\/06\/doc-dr-nermin-cakmaka-tesekkur-belgesi-takdim-edildi\/\" aria-label=\"Read more about Do\u00e7.Dr. Nermin \u00c7AKMAK&#8217;a Te\u015fekk\u00fcr Belgesi Takdim Edildi.\" tabindex=\"-1\" target=\"_blank\">\n\t\t\tDaha fazla \u00bb\t\t<\/a>\n\n\t\t\t\t<\/div>\n\t\t\t\t<div class=\"elementor-post__meta-data\">\n\t\t\t\t\t<span class=\"elementor-post-date\">\n\t\t\t6 Nisan 2026\t\t<\/span>\n\t\t\t\t<span class=\"elementor-post-avatar\">\n\t\t\tYorum yap\u0131lmam\u0131\u015f\t\t<\/span>\n\t\t\t\t<\/div>\n\t\t\t\t\t<\/div>\n\t\t<\/article>\n\t\t\t\t<\/div>\n\t\t\n\t\t\t\t\t\t<\/div>\n\t\t\t\t<\/div>\n\t\t\t\t\t<\/div>\n\t\t<\/div>\n\t\t\t\t\t<\/div>\n\t\t<\/section>\n\t\t\t\t<\/div>\n\t\t","protected":false},"excerpt":{"rendered":"<p>S\u0131nav Program\u01312021-2022 y\u0131l\u0131 bahar d\u00f6nemi vize s\u0131navlar\u0131 program\u0131t\u0131klay\u0131n\u0131zDr. \u00d6\u011fr. \u00dcyesi Nermin \u00c7AKMAK taraf\u0131ndan Akademik Yaz\u0131m ve Dergi Ba\u015fvuru S\u00fcre\u00e7leri e\u011fitimi verildi.T\u0131klay\u0131n\u0131zT\u0131klay\u0131n\u0131zXV. AR\u015e\u0130VC\u0130L\u0130K G\u00dcN\u00dc SEMPOZYUMUXV. AR\u015e\u0130VC\u0130L\u0130K G\u00dcN\u00dc SEMPOZYUMU: T\u00dcRK AR\u015e\u0130VC\u0130L\u0130\u011e\u0130N\u0130N G\u00dcNCEL SORUNLARI SEMPOZYUMU GER\u00c7EKLE\u015eT\u0130R\u0130LD\u0130HER Y\u00d6N\u00dcYLE BA\u015eTIMAR K\u0130TABI YAYIMLANDI Previous Next Duyurular\u00a0 \u00a0 \u00a0 \u00a0 \u00a0 \u00a0 \u00a0 \u00a0 \u00a0 \u00a0 \u00a0 \u00a0 \u00a0 \u00a0 \u00a0 \u00a0 [&hellip;]<\/p>\n","protected":false},"author":75,"featured_media":0,"parent":0,"menu_order":0,"comment_status":"closed","ping_status":"closed","template":"","meta":{"footnotes":""},"class_list":["post-6194","page","type-page","status-publish","hentry"],"_links":{"self":[{"href":"https:\/\/atauni.edu.tr\/bilgi-ve-belge-yonetimi\/wp-json\/wp\/v2\/pages\/6194","targetHints":{"allow":["GET"]}}],"collection":[{"href":"https:\/\/atauni.edu.tr\/bilgi-ve-belge-yonetimi\/wp-json\/wp\/v2\/pages"}],"about":[{"href":"https:\/\/atauni.edu.tr\/bilgi-ve-belge-yonetimi\/wp-json\/wp\/v2\/types\/page"}],"author":[{"embeddable":true,"href":"https:\/\/atauni.edu.tr\/bilgi-ve-belge-yonetimi\/wp-json\/wp\/v2\/users\/75"}],"replies":[{"embeddable":true,"href":"https:\/\/atauni.edu.tr\/bilgi-ve-belge-yonetimi\/wp-json\/wp\/v2\/comments?post=6194"}],"version-history":[{"count":94,"href":"https:\/\/atauni.edu.tr\/bilgi-ve-belge-yonetimi\/wp-json\/wp\/v2\/pages\/6194\/revisions"}],"predecessor-version":[{"id":9115,"href":"https:\/\/atauni.edu.tr\/bilgi-ve-belge-yonetimi\/wp-json\/wp\/v2\/pages\/6194\/revisions\/9115"}],"wp:attachment":[{"href":"https:\/\/atauni.edu.tr\/bilgi-ve-belge-yonetimi\/wp-json\/wp\/v2\/media?parent=6194"}],"curies":[{"name":"wp","href":"https:\/\/api.w.org\/{rel}","templated":true}]}}