{"id":6522,"date":"2022-03-01T00:30:44","date_gmt":"2022-02-28T21:30:44","guid":{"rendered":"https:\/\/birimler.atauni.edu.tr\/bilgi-ve-belge-yonetimi\/?page_id=6522"},"modified":"2025-12-11T12:13:21","modified_gmt":"2025-12-11T09:13:21","slug":"laboratuvarlar","status":"publish","type":"page","link":"https:\/\/atauni.edu.tr\/bilgi-ve-belge-yonetimi\/laboratuvarlar\/","title":{"rendered":"Laboratuvarlar"},"content":{"rendered":"\t\t<div data-elementor-type=\"wp-page\" data-elementor-id=\"6522\" class=\"elementor elementor-6522\" data-elementor-post-type=\"page\">\n\t\t\t\t\t\t<section class=\"elementor-section elementor-top-section elementor-element elementor-element-5cc071e elementor-section-boxed elementor-section-height-default elementor-section-height-default\" data-id=\"5cc071e\" data-element_type=\"section\">\n\t\t\t\t\t\t<div class=\"elementor-container elementor-column-gap-default\">\n\t\t\t\t\t<div class=\"elementor-column elementor-col-100 elementor-top-column elementor-element elementor-element-bb42bd0\" data-id=\"bb42bd0\" data-element_type=\"column\">\n\t\t\t<div class=\"elementor-widget-wrap elementor-element-populated\">\n\t\t\t\t\t\t<div class=\"elementor-element elementor-element-399dca6 elementor-widget elementor-widget-text-editor\" data-id=\"399dca6\" data-element_type=\"widget\" data-widget_type=\"text-editor.default\">\n\t\t\t\t<div class=\"elementor-widget-container\">\n\t\t\t\t\t\t\t\t\t<p>G\u00fcn\u00fcm\u00fczde bilgi teknolojilerinde ya\u015fanan geli\u015fmeler her bir bilim dal\u0131n\u0131 etkilemekte ve bilim dallar\u0131 da bilgi teknolojilerinde ya\u015fanan de\u011fi\u015fime uyum sa\u011flamakta ve bilgi teknolojilerinin geli\u015fmesine de katk\u0131 sa\u011flamaktad\u0131r. \u015e\u00fcphesiz \u00e7a\u011f\u0131m\u0131zda toplumun her kesiminden ara\u015ft\u0131rmac\u0131lara hizmet verecek bilgi merkezi uzmanlar\u0131n\u0131 yeti\u015ftiren Bilgi ve Belge Y\u00f6netimi B\u00f6l\u00fcm\u00fc \u00f6\u011frencilerinin bilgisayar e\u011fitimlerini en iyi \u015fekilde alabilmeleri i\u00e7in sadece b\u00f6l\u00fcm\u00fcm\u00fcze tahsil edilmi\u015f bir bilgisayar laboratuvar\u0131 bulunmaktad\u0131r. Laboratuvar\u0131m\u0131z pazartesi ve sal\u0131 g\u00fcnleri 09:00-12:00, \u00e7ar\u015famba g\u00fcn\u00fc 13:00-17:00 saatleri aras\u0131 ara\u015ft\u0131rma yapmak isteyen \u00f6\u011frencilerin kullan\u0131m\u0131na a\u00e7\u0131kt\u0131r.<\/p>\t\t\t\t\t\t\t\t<\/div>\n\t\t\t\t<\/div>\n\t\t\t\t\t<\/div>\n\t\t<\/div>\n\t\t\t\t\t<\/div>\n\t\t<\/section>\n\t\t\t\t<section class=\"elementor-section elementor-top-section elementor-element elementor-element-54dd077 elementor-section-boxed elementor-section-height-default elementor-section-height-default\" data-id=\"54dd077\" data-element_type=\"section\">\n\t\t\t\t\t\t<div class=\"elementor-container elementor-column-gap-default\">\n\t\t\t\t\t<div class=\"elementor-column elementor-col-100 elementor-top-column elementor-element elementor-element-71c1a70\" data-id=\"71c1a70\" data-element_type=\"column\">\n\t\t\t<div class=\"elementor-widget-wrap elementor-element-populated\">\n\t\t\t\t\t\t<div class=\"elementor-element elementor-element-241e887 elementor-widget elementor-widget-heading\" data-id=\"241e887\" data-element_type=\"widget\" data-widget_type=\"heading.default\">\n\t\t\t\t<div class=\"elementor-widget-container\">\n\t\t\t\t\t<h2 class=\"elementor-heading-title elementor-size-default\">Bilgi ve Belge Y\u00f6netimi bilgisayar laboratuvar\u0131ndan g\u00f6r\u00fcnt\u00fcler<\/h2>\t\t\t\t<\/div>\n\t\t\t\t<\/div>\n\t\t\t\t\t<\/div>\n\t\t<\/div>\n\t\t\t\t\t<\/div>\n\t\t<\/section>\n\t\t\t\t<section class=\"elementor-section elementor-top-section elementor-element elementor-element-f5c1188 elementor-section-boxed elementor-section-height-default elementor-section-height-default\" data-id=\"f5c1188\" data-element_type=\"section\">\n\t\t\t\t\t\t<div class=\"elementor-container elementor-column-gap-default\">\n\t\t\t\t\t<div class=\"elementor-column elementor-col-50 elementor-top-column elementor-element elementor-element-9745d2a\" data-id=\"9745d2a\" data-element_type=\"column\">\n\t\t\t<div class=\"elementor-widget-wrap elementor-element-populated\">\n\t\t\t\t\t\t<div class=\"elementor-element elementor-element-06a7433 elementor-widget elementor-widget-image\" data-id=\"06a7433\" data-element_type=\"widget\" data-widget_type=\"image.default\">\n\t\t\t\t<div class=\"elementor-widget-container\">\n\t\t\t\t\t\t\t\t\t\t\t\t\t\t\t<img fetchpriority=\"high\" decoding=\"async\" width=\"664\" height=\"498\" src=\"https:\/\/atauni.edu.tr\/bilgi-ve-belge-yonetimi\/wp-content\/uploads\/sites\/86\/2022\/03\/bilgisayar1.jpg\" class=\"attachment-large size-large wp-image-6524\" alt=\"\" srcset=\"https:\/\/atauni.edu.tr\/bilgi-ve-belge-yonetimi\/wp-content\/uploads\/sites\/86\/2022\/03\/bilgisayar1.jpg 664w, https:\/\/atauni.edu.tr\/bilgi-ve-belge-yonetimi\/wp-content\/uploads\/sites\/86\/2022\/03\/bilgisayar1-300x225.jpg 300w, https:\/\/atauni.edu.tr\/bilgi-ve-belge-yonetimi\/wp-content\/uploads\/sites\/86\/2022\/03\/bilgisayar1-600x450.jpg 600w, https:\/\/atauni.edu.tr\/bilgi-ve-belge-yonetimi\/wp-content\/uploads\/sites\/86\/2022\/03\/bilgisayar1-560x420.jpg 560w\" sizes=\"(max-width: 664px) 100vw, 664px\" \/>\t\t\t\t\t\t\t\t\t\t\t\t\t\t\t<\/div>\n\t\t\t\t<\/div>\n\t\t\t\t\t<\/div>\n\t\t<\/div>\n\t\t\t\t<div class=\"elementor-column elementor-col-50 elementor-top-column elementor-element elementor-element-1d0782f\" data-id=\"1d0782f\" data-element_type=\"column\">\n\t\t\t<div class=\"elementor-widget-wrap elementor-element-populated\">\n\t\t\t\t\t\t<div class=\"elementor-element elementor-element-bac8843 elementor-widget elementor-widget-image\" data-id=\"bac8843\" data-element_type=\"widget\" data-widget_type=\"image.default\">\n\t\t\t\t<div class=\"elementor-widget-container\">\n\t\t\t\t\t\t\t\t\t\t\t\t\t\t\t<img decoding=\"async\" width=\"661\" height=\"496\" src=\"https:\/\/atauni.edu.tr\/bilgi-ve-belge-yonetimi\/wp-content\/uploads\/sites\/86\/2022\/03\/bilgisayar2.jpg\" class=\"attachment-large size-large wp-image-6525\" alt=\"\" srcset=\"https:\/\/atauni.edu.tr\/bilgi-ve-belge-yonetimi\/wp-content\/uploads\/sites\/86\/2022\/03\/bilgisayar2.jpg 661w, https:\/\/atauni.edu.tr\/bilgi-ve-belge-yonetimi\/wp-content\/uploads\/sites\/86\/2022\/03\/bilgisayar2-300x225.jpg 300w, https:\/\/atauni.edu.tr\/bilgi-ve-belge-yonetimi\/wp-content\/uploads\/sites\/86\/2022\/03\/bilgisayar2-600x450.jpg 600w, https:\/\/atauni.edu.tr\/bilgi-ve-belge-yonetimi\/wp-content\/uploads\/sites\/86\/2022\/03\/bilgisayar2-560x420.jpg 560w\" sizes=\"(max-width: 661px) 100vw, 661px\" \/>\t\t\t\t\t\t\t\t\t\t\t\t\t\t\t<\/div>\n\t\t\t\t<\/div>\n\t\t\t\t\t<\/div>\n\t\t<\/div>\n\t\t\t\t\t<\/div>\n\t\t<\/section>\n\t\t\t\t<\/div>\n\t\t","protected":false},"excerpt":{"rendered":"<p>G\u00fcn\u00fcm\u00fczde bilgi teknolojilerinde ya\u015fanan geli\u015fmeler her bir bilim dal\u0131n\u0131 etkilemekte ve bilim dallar\u0131 da bilgi teknolojilerinde ya\u015fanan de\u011fi\u015fime uyum sa\u011flamakta ve bilgi teknolojilerinin geli\u015fmesine de katk\u0131 sa\u011flamaktad\u0131r. \u015e\u00fcphesiz \u00e7a\u011f\u0131m\u0131zda toplumun her kesiminden ara\u015ft\u0131rmac\u0131lara hizmet verecek bilgi merkezi uzmanlar\u0131n\u0131 yeti\u015ftiren Bilgi ve Belge Y\u00f6netimi B\u00f6l\u00fcm\u00fc \u00f6\u011frencilerinin bilgisayar e\u011fitimlerini en iyi \u015fekilde alabilmeleri i\u00e7in sadece b\u00f6l\u00fcm\u00fcm\u00fcze tahsil [&hellip;]<\/p>\n","protected":false},"author":467,"featured_media":0,"parent":0,"menu_order":0,"comment_status":"closed","ping_status":"closed","template":"","meta":{"footnotes":""},"class_list":["post-6522","page","type-page","status-publish","hentry"],"_links":{"self":[{"href":"https:\/\/atauni.edu.tr\/bilgi-ve-belge-yonetimi\/wp-json\/wp\/v2\/pages\/6522","targetHints":{"allow":["GET"]}}],"collection":[{"href":"https:\/\/atauni.edu.tr\/bilgi-ve-belge-yonetimi\/wp-json\/wp\/v2\/pages"}],"about":[{"href":"https:\/\/atauni.edu.tr\/bilgi-ve-belge-yonetimi\/wp-json\/wp\/v2\/types\/page"}],"author":[{"embeddable":true,"href":"https:\/\/atauni.edu.tr\/bilgi-ve-belge-yonetimi\/wp-json\/wp\/v2\/users\/467"}],"replies":[{"embeddable":true,"href":"https:\/\/atauni.edu.tr\/bilgi-ve-belge-yonetimi\/wp-json\/wp\/v2\/comments?post=6522"}],"version-history":[{"count":22,"href":"https:\/\/atauni.edu.tr\/bilgi-ve-belge-yonetimi\/wp-json\/wp\/v2\/pages\/6522\/revisions"}],"predecessor-version":[{"id":9367,"href":"https:\/\/atauni.edu.tr\/bilgi-ve-belge-yonetimi\/wp-json\/wp\/v2\/pages\/6522\/revisions\/9367"}],"wp:attachment":[{"href":"https:\/\/atauni.edu.tr\/bilgi-ve-belge-yonetimi\/wp-json\/wp\/v2\/media?parent=6522"}],"curies":[{"name":"wp","href":"https:\/\/api.w.org\/{rel}","templated":true}]}}