{"id":6718,"date":"2022-03-24T16:05:14","date_gmt":"2022-03-24T13:05:14","guid":{"rendered":"https:\/\/birimler.atauni.edu.tr\/bilgi-ve-belge-yonetimi\/?page_id=6718"},"modified":"2025-09-25T14:20:08","modified_gmt":"2025-09-25T11:20:08","slug":"etkinlikler","status":"publish","type":"page","link":"https:\/\/atauni.edu.tr\/bilgi-ve-belge-yonetimi\/etkinlikler\/","title":{"rendered":"Etkinlikler"},"content":{"rendered":"\t\t<div data-elementor-type=\"wp-page\" data-elementor-id=\"6718\" class=\"elementor elementor-6718\" data-elementor-post-type=\"page\">\n\t\t\t\t\t\t<section class=\"elementor-section elementor-top-section elementor-element elementor-element-f7e34f5 elementor-section-boxed elementor-section-height-default elementor-section-height-default\" data-id=\"f7e34f5\" data-element_type=\"section\">\n\t\t\t\t\t\t<div class=\"elementor-container elementor-column-gap-default\">\n\t\t\t\t\t<div class=\"elementor-column elementor-col-100 elementor-top-column elementor-element elementor-element-c3c2092\" data-id=\"c3c2092\" data-element_type=\"column\">\n\t\t\t<div class=\"elementor-widget-wrap elementor-element-populated\">\n\t\t\t\t\t\t<div class=\"elementor-element elementor-element-ef22982 elementor--v-position-bottom elementor--h-position-center elementor-arrows-position-inside elementor-pagination-position-inside elementor-widget elementor-widget-slides\" data-id=\"ef22982\" data-element_type=\"widget\" data-settings=\"{&quot;navigation&quot;:&quot;both&quot;,&quot;autoplay&quot;:&quot;yes&quot;,&quot;pause_on_hover&quot;:&quot;yes&quot;,&quot;pause_on_interaction&quot;:&quot;yes&quot;,&quot;autoplay_speed&quot;:5000,&quot;infinite&quot;:&quot;yes&quot;,&quot;transition&quot;:&quot;slide&quot;,&quot;transition_speed&quot;:500}\" data-widget_type=\"slides.default\">\n\t\t\t\t<div class=\"elementor-widget-container\">\n\t\t\t\t\t\t\t\t\t<div class=\"elementor-swiper\">\n\t\t\t\t\t<div class=\"elementor-slides-wrapper elementor-main-swiper swiper\" role=\"region\" aria-roledescription=\"carousel\" aria-label=\"Slides\" dir=\"ltr\" data-animation=\"fadeInUp\">\n\t\t\t\t<div class=\"swiper-wrapper elementor-slides\">\n\t\t\t\t\t\t\t\t\t\t<div class=\"elementor-repeater-item-3640464 swiper-slide\" role=\"group\" aria-roledescription=\"slide\"><div class=\"swiper-slide-bg\" role=\"img\" aria-label=\"WhatsApp G\u00f6rsel 2025-02-26 s1aat 16.56.49_89809d7e\"><\/div><div class=\"swiper-slide-inner\" ><div class=\"swiper-slide-contents\"><div class=\"elementor-slide-heading\">K\u00fct\u00fcphane Haftas\u0131 Etkinli\u011fi<\/div><a href=\"https:\/\/birimler.atauni.edu.tr\/bilgi-ve-belge-yonetimi\/2025\/02\/27\/kutuphane-haftasi-etkinligi\/\" class=\"elementor-button elementor-slide-button elementor-size-sm\">T\u0131klay\u0131n\u0131z<\/a><\/div><\/div><\/div><div class=\"elementor-repeater-item-80af9b1 swiper-slide\" role=\"group\" aria-roledescription=\"slide\"><div class=\"swiper-slide-bg\" role=\"img\" aria-label=\"kutuphanehaftas\u0131\"><\/div><a class=\"swiper-slide-inner\" href=\"https:\/\/birimler.atauni.edu.tr\/bilgi-ve-belge-yonetimi\/58-kutuphane-haftasi-etkinligi\/\"><div class=\"swiper-slide-contents\"><div class=\"elementor-slide-description\">58. K\u00fct\u00fcphane Haftas\u0131 Etkinli\u011fi<\/div><div  class=\"elementor-button elementor-slide-button elementor-size-sm\">T\u0131klay\u0131n\u0131z<\/div><\/div><\/a><\/div><div class=\"elementor-repeater-item-1b4f104 swiper-slide\" role=\"group\" aria-roledescription=\"slide\"><div class=\"swiper-slide-bg\" role=\"img\" aria-label=\"WhatsApp Image 2022-03-29 at 19.57.06\"><\/div><a class=\"swiper-slide-inner\" href=\"https:\/\/birimler.atauni.edu.tr\/bilgi-ve-belge-yonetimi\/bilgi-ve-belge-yonetimi-58-kutuphane-haftasi-etkinlikleri\/\"><div class=\"swiper-slide-contents\"><div class=\"elementor-slide-description\">Bilgi ve Belge Y\u00f6netimi b\u00f6l\u00fcm\u00fcn\u00fcn 58. K\u00fct\u00fcphane Haftas\u0131 Etkinlikleri Program\u0131 i\u00e7in t\u0131klay\u0131n\u0131z.<\/div><div  class=\"elementor-button elementor-slide-button elementor-size-sm\">T\u0131klay\u0131n\u0131z<\/div><\/div><\/a><\/div><div class=\"elementor-repeater-item-9c9391a swiper-slide\" role=\"group\" aria-roledescription=\"slide\"><div class=\"swiper-slide-bg\" role=\"img\" aria-label=\"\"><\/div><a class=\"swiper-slide-inner\" href=\"https:\/\/birimler.atauni.edu.tr\/bilgi-ve-belge-yonetimi\/2022\/04\/02\/58-kutuphane-haftasi-kapsaminda-kitabin-yayin-yolculugu-konulu-konusma-gerceklestirildi%ef%bf%bc\/\"><div class=\"swiper-slide-contents\"><div class=\"elementor-slide-heading\">Kitab\u0131n Yay\u0131n Yolculu\u011fu Konulu Konu\u015fma<\/div><div  class=\"elementor-button elementor-slide-button elementor-size-sm\">T\u0131klay\u0131n\u0131z<\/div><\/div><\/a><\/div><div class=\"elementor-repeater-item-ca00f93 swiper-slide\" role=\"group\" aria-roledescription=\"slide\"><div class=\"swiper-slide-bg\" role=\"img\" aria-label=\"\"><\/div><a class=\"swiper-slide-inner\" href=\"https:\/\/birimler.atauni.edu.tr\/bilgi-ve-belge-yonetimi\/kitap-okuma-etkinligi\/\"><div class=\"swiper-slide-contents\"><div class=\"elementor-slide-heading\">Kitap Okuma Etkinli\u011fi<\/div><div  class=\"elementor-button elementor-slide-button elementor-size-sm\">T\u0131klay\u0131n\u0131z<\/div><\/div><\/a><\/div>\t\t\t\t<\/div>\n\t\t\t\t\t\t\t\t\t\t\t\t\t\t\t<div class=\"elementor-swiper-button elementor-swiper-button-prev\" role=\"button\" tabindex=\"0\" aria-label=\"Previous slide\">\n\t\t\t\t\t\t\t<i aria-hidden=\"true\" class=\"eicon-chevron-left\"><\/i>\t\t\t\t\t\t<\/div>\n\t\t\t\t\t\t<div class=\"elementor-swiper-button elementor-swiper-button-next\" role=\"button\" tabindex=\"0\" aria-label=\"Next slide\">\n\t\t\t\t\t\t\t<i aria-hidden=\"true\" class=\"eicon-chevron-right\"><\/i>\t\t\t\t\t\t<\/div>\n\t\t\t\t\t\t\t\t\t\t\t\t\t\t\t\t<div class=\"swiper-pagination\"><\/div>\n\t\t\t\t\t\t\t\t\t\t\t\t<\/div>\n\t\t\t\t<\/div>\n\t\t\t\t\t\t\t\t<\/div>\n\t\t\t\t<\/div>\n\t\t\t\t\t<\/div>\n\t\t<\/div>\n\t\t\t\t\t<\/div>\n\t\t<\/section>\n\t\t\t\t<\/div>\n\t\t","protected":false},"excerpt":{"rendered":"<p>K\u00fct\u00fcphane Haftas\u0131 Etkinli\u011fiT\u0131klay\u0131n\u0131z58. K\u00fct\u00fcphane Haftas\u0131 Etkinli\u011fiT\u0131klay\u0131n\u0131zBilgi ve Belge Y\u00f6netimi b\u00f6l\u00fcm\u00fcn\u00fcn 58. K\u00fct\u00fcphane Haftas\u0131 Etkinlikleri Program\u0131 i\u00e7in t\u0131klay\u0131n\u0131z.T\u0131klay\u0131n\u0131zKitab\u0131n Yay\u0131n Yolculu\u011fu Konulu Konu\u015fmaT\u0131klay\u0131n\u0131zKitap Okuma Etkinli\u011fiT\u0131klay\u0131n\u0131z<\/p>\n","protected":false},"author":467,"featured_media":0,"parent":0,"menu_order":0,"comment_status":"closed","ping_status":"closed","template":"","meta":{"footnotes":""},"class_list":["post-6718","page","type-page","status-publish","hentry"],"_links":{"self":[{"href":"https:\/\/atauni.edu.tr\/bilgi-ve-belge-yonetimi\/wp-json\/wp\/v2\/pages\/6718","targetHints":{"allow":["GET"]}}],"collection":[{"href":"https:\/\/atauni.edu.tr\/bilgi-ve-belge-yonetimi\/wp-json\/wp\/v2\/pages"}],"about":[{"href":"https:\/\/atauni.edu.tr\/bilgi-ve-belge-yonetimi\/wp-json\/wp\/v2\/types\/page"}],"author":[{"embeddable":true,"href":"https:\/\/atauni.edu.tr\/bilgi-ve-belge-yonetimi\/wp-json\/wp\/v2\/users\/467"}],"replies":[{"embeddable":true,"href":"https:\/\/atauni.edu.tr\/bilgi-ve-belge-yonetimi\/wp-json\/wp\/v2\/comments?post=6718"}],"version-history":[{"count":25,"href":"https:\/\/atauni.edu.tr\/bilgi-ve-belge-yonetimi\/wp-json\/wp\/v2\/pages\/6718\/revisions"}],"predecessor-version":[{"id":9162,"href":"https:\/\/atauni.edu.tr\/bilgi-ve-belge-yonetimi\/wp-json\/wp\/v2\/pages\/6718\/revisions\/9162"}],"wp:attachment":[{"href":"https:\/\/atauni.edu.tr\/bilgi-ve-belge-yonetimi\/wp-json\/wp\/v2\/media?parent=6718"}],"curies":[{"name":"wp","href":"https:\/\/api.w.org\/{rel}","templated":true}]}}