{"id":6724,"date":"2022-03-25T00:14:07","date_gmt":"2022-03-24T21:14:07","guid":{"rendered":"https:\/\/birimler.atauni.edu.tr\/bilgi-ve-belge-yonetimi\/?page_id=6724"},"modified":"2022-03-25T00:20:35","modified_gmt":"2022-03-24T21:20:35","slug":"58-kutuphane-haftasi-etkinligi","status":"publish","type":"page","link":"https:\/\/atauni.edu.tr\/bilgi-ve-belge-yonetimi\/58-kutuphane-haftasi-etkinligi\/","title":{"rendered":"58. K\u00fct\u00fcphane Haftas\u0131 Etkinli\u011fi"},"content":{"rendered":"\t\t<div data-elementor-type=\"wp-page\" data-elementor-id=\"6724\" class=\"elementor elementor-6724\" data-elementor-post-type=\"page\">\n\t\t\t\t\t\t<section class=\"elementor-section elementor-top-section elementor-element elementor-element-942155c elementor-section-boxed elementor-section-height-default elementor-section-height-default\" data-id=\"942155c\" data-element_type=\"section\">\n\t\t\t\t\t\t<div class=\"elementor-container elementor-column-gap-default\">\n\t\t\t\t\t<div class=\"elementor-column elementor-col-100 elementor-top-column elementor-element elementor-element-4c18f36\" data-id=\"4c18f36\" data-element_type=\"column\">\n\t\t\t<div class=\"elementor-widget-wrap elementor-element-populated\">\n\t\t\t\t\t\t<div class=\"elementor-element elementor-element-719c9f8 elementor-widget elementor-widget-text-editor\" data-id=\"719c9f8\" data-element_type=\"widget\" data-widget_type=\"text-editor.default\">\n\t\t\t\t<div class=\"elementor-widget-container\">\n\t\t\t\t\t\t\t\t\t<p>28 Mart &#8211; 3 Nisan\u00a0 2022 tarihleri aras\u0131nda d\u00fczenlenecek olan 58. k\u00fct\u00fcphane haftas\u0131 \u0130smail Saib Sencer \u0130l Halk K\u00fct\u00fcphanesi&#8217;nde d\u00fczenlenecektir. Etkinlik program\u0131 a\u015fa\u011f\u0131da verilmi\u015ftir.\u00a0<\/p>\t\t\t\t\t\t\t\t<\/div>\n\t\t\t\t<\/div>\n\t\t\t\t\t<\/div>\n\t\t<\/div>\n\t\t\t\t\t<\/div>\n\t\t<\/section>\n\t\t\t\t<section class=\"elementor-section elementor-top-section elementor-element elementor-element-372ea01 elementor-section-boxed elementor-section-height-default elementor-section-height-default\" data-id=\"372ea01\" data-element_type=\"section\">\n\t\t\t\t\t\t<div class=\"elementor-container elementor-column-gap-default\">\n\t\t\t\t\t<div class=\"elementor-column elementor-col-100 elementor-top-column elementor-element elementor-element-3bc806f\" data-id=\"3bc806f\" data-element_type=\"column\">\n\t\t\t<div class=\"elementor-widget-wrap elementor-element-populated\">\n\t\t\t\t\t\t<div class=\"elementor-element elementor-element-0628ddb elementor-widget elementor-widget-image\" data-id=\"0628ddb\" data-element_type=\"widget\" data-widget_type=\"image.default\">\n\t\t\t\t<div class=\"elementor-widget-container\">\n\t\t\t\t\t\t\t\t\t\t\t\t\t\t\t<img fetchpriority=\"high\" decoding=\"async\" width=\"768\" height=\"1076\" src=\"https:\/\/atauni.edu.tr\/bilgi-ve-belge-yonetimi\/wp-content\/uploads\/sites\/86\/2022\/03\/kutuphanehaftasi-768x1076.jpg\" class=\"attachment-medium_large size-medium_large wp-image-6727\" alt=\"\" srcset=\"https:\/\/atauni.edu.tr\/bilgi-ve-belge-yonetimi\/wp-content\/uploads\/sites\/86\/2022\/03\/kutuphanehaftasi-768x1076.jpg 768w, https:\/\/atauni.edu.tr\/bilgi-ve-belge-yonetimi\/wp-content\/uploads\/sites\/86\/2022\/03\/kutuphanehaftasi-214x300.jpg 214w, https:\/\/atauni.edu.tr\/bilgi-ve-belge-yonetimi\/wp-content\/uploads\/sites\/86\/2022\/03\/kutuphanehaftasi-731x1024.jpg 731w, https:\/\/atauni.edu.tr\/bilgi-ve-belge-yonetimi\/wp-content\/uploads\/sites\/86\/2022\/03\/kutuphanehaftasi-1096x1536.jpg 1096w, https:\/\/atauni.edu.tr\/bilgi-ve-belge-yonetimi\/wp-content\/uploads\/sites\/86\/2022\/03\/kutuphanehaftasi-428x600.jpg 428w, https:\/\/atauni.edu.tr\/bilgi-ve-belge-yonetimi\/wp-content\/uploads\/sites\/86\/2022\/03\/kutuphanehaftasi-400x560.jpg 400w, https:\/\/atauni.edu.tr\/bilgi-ve-belge-yonetimi\/wp-content\/uploads\/sites\/86\/2022\/03\/kutuphanehaftasi-e1648157095829.jpg 250w\" sizes=\"(max-width: 768px) 100vw, 768px\" \/>\t\t\t\t\t\t\t\t\t\t\t\t\t\t\t<\/div>\n\t\t\t\t<\/div>\n\t\t\t\t\t<\/div>\n\t\t<\/div>\n\t\t\t\t\t<\/div>\n\t\t<\/section>\n\t\t\t\t<\/div>\n\t\t","protected":false},"excerpt":{"rendered":"<p>28 Mart &#8211; 3 Nisan\u00a0 2022 tarihleri aras\u0131nda d\u00fczenlenecek olan 58. k\u00fct\u00fcphane haftas\u0131 \u0130smail Saib Sencer \u0130l Halk K\u00fct\u00fcphanesi&#8217;nde d\u00fczenlenecektir. Etkinlik program\u0131 a\u015fa\u011f\u0131da verilmi\u015ftir.\u00a0<\/p>\n","protected":false},"author":467,"featured_media":0,"parent":0,"menu_order":0,"comment_status":"closed","ping_status":"closed","template":"","meta":{"footnotes":""},"class_list":["post-6724","page","type-page","status-publish","hentry"],"_links":{"self":[{"href":"https:\/\/atauni.edu.tr\/bilgi-ve-belge-yonetimi\/wp-json\/wp\/v2\/pages\/6724","targetHints":{"allow":["GET"]}}],"collection":[{"href":"https:\/\/atauni.edu.tr\/bilgi-ve-belge-yonetimi\/wp-json\/wp\/v2\/pages"}],"about":[{"href":"https:\/\/atauni.edu.tr\/bilgi-ve-belge-yonetimi\/wp-json\/wp\/v2\/types\/page"}],"author":[{"embeddable":true,"href":"https:\/\/atauni.edu.tr\/bilgi-ve-belge-yonetimi\/wp-json\/wp\/v2\/users\/467"}],"replies":[{"embeddable":true,"href":"https:\/\/atauni.edu.tr\/bilgi-ve-belge-yonetimi\/wp-json\/wp\/v2\/comments?post=6724"}],"version-history":[{"count":5,"href":"https:\/\/atauni.edu.tr\/bilgi-ve-belge-yonetimi\/wp-json\/wp\/v2\/pages\/6724\/revisions"}],"predecessor-version":[{"id":6737,"href":"https:\/\/atauni.edu.tr\/bilgi-ve-belge-yonetimi\/wp-json\/wp\/v2\/pages\/6724\/revisions\/6737"}],"wp:attachment":[{"href":"https:\/\/atauni.edu.tr\/bilgi-ve-belge-yonetimi\/wp-json\/wp\/v2\/media?parent=6724"}],"curies":[{"name":"wp","href":"https:\/\/api.w.org\/{rel}","templated":true}]}}