{"id":7527,"date":"2022-11-23T01:21:16","date_gmt":"2022-11-22T22:21:16","guid":{"rendered":"https:\/\/birimler.atauni.edu.tr\/bilgi-ve-belge-yonetimi\/?page_id=7527"},"modified":"2025-06-25T13:48:09","modified_gmt":"2025-06-25T10:48:09","slug":"cift-anadal-yandal-programi","status":"publish","type":"page","link":"https:\/\/atauni.edu.tr\/bilgi-ve-belge-yonetimi\/cift-anadal-yandal-programi\/","title":{"rendered":"\u00c7ift Anadal\/Yandal Program\u0131"},"content":{"rendered":"\t\t<div data-elementor-type=\"wp-page\" data-elementor-id=\"7527\" class=\"elementor elementor-7527\" data-elementor-post-type=\"page\">\n\t\t\t\t\t\t<section class=\"elementor-section elementor-top-section elementor-element elementor-element-d28fa47 elementor-section-boxed elementor-section-height-default elementor-section-height-default\" data-id=\"d28fa47\" data-element_type=\"section\">\n\t\t\t\t\t\t<div class=\"elementor-container elementor-column-gap-default\">\n\t\t\t\t\t<div class=\"elementor-column elementor-col-100 elementor-top-column elementor-element elementor-element-ee7e58c\" data-id=\"ee7e58c\" data-element_type=\"column\">\n\t\t\t<div class=\"elementor-widget-wrap elementor-element-populated\">\n\t\t\t\t\t\t<div class=\"elementor-element elementor-element-677707a elementor-widget elementor-widget-text-editor\" data-id=\"677707a\" data-element_type=\"widget\" data-widget_type=\"text-editor.default\">\n\t\t\t\t<div class=\"elementor-widget-container\">\n\t\t\t\t\t\t\t\t\t<p>Fak\u00fcltemiz Y\u00f6netim Kurulunun 20.12.2022 tarihli oturumunda al\u0131nan E-82806933-050.02.04 -2200426545 say\u0131l\u0131, 2022\/60 Y\u00f6netim Kurulu Karar\u0131 ve \u00dcniversitemiz Senatosunun 02.06.2023 tarihinde 17 say\u0131l\u0131 oturumunda al\u0131nan 65 say\u0131l\u0131 karar\u0131 ile b\u00f6l\u00fcm\u00fcm\u00fcz \u00f6\u011frencileri a\u015fa\u011f\u0131da belirtilen b\u00f6l\u00fcmler ile \u00e7ift anadal veya yandal yapabilmektedirler.<\/p><p>\u00c7ift Anadal\/Yandal ba\u015fvuru tarihleri akademik takvim yer almaktad\u0131r. Akademik takvime eri\u015fmek i\u00e7in <a href=\"https:\/\/birimler.atauni.edu.tr\/ogrenci-isleri-daire-baskanligi\/wp-content\/uploads\/sites\/18\/2025\/05\/Akademik-Takvim_2025_2026_24042025_Senato.pdf\">t\u0131klay\u0131n\u0131z.<\/a><\/p>\t\t\t\t\t\t\t\t<\/div>\n\t\t\t\t<\/div>\n\t\t\t\t\t<\/div>\n\t\t<\/div>\n\t\t\t\t\t<\/div>\n\t\t<\/section>\n\t\t\t\t<section class=\"elementor-section elementor-top-section elementor-element elementor-element-424954a elementor-section-boxed elementor-section-height-default elementor-section-height-default\" data-id=\"424954a\" data-element_type=\"section\">\n\t\t\t\t\t\t<div class=\"elementor-container elementor-column-gap-default\">\n\t\t\t\t\t<div class=\"elementor-column elementor-col-100 elementor-top-column elementor-element elementor-element-5c32da7\" data-id=\"5c32da7\" data-element_type=\"column\">\n\t\t\t<div class=\"elementor-widget-wrap elementor-element-populated\">\n\t\t\t\t\t\t<div class=\"elementor-element elementor-element-7666654 elementor-widget__width-initial elementor-widget elementor-widget-text-editor\" data-id=\"7666654\" data-element_type=\"widget\" data-widget_type=\"text-editor.default\">\n\t\t\t\t<div class=\"elementor-widget-container\">\n\t\t\t\t\t\t\t\t\t<table style=\"height: 373px\" width=\"214\"><tbody><tr><td width=\"235\"><strong>\u00c7ift Anadal<\/strong><\/td><\/tr><tr><td><strong>\u0130leti\u015fim Fak\u00fcltesi<\/strong><\/td><\/tr><tr><td>Gazetecilik B\u00f6l\u00fcm\u00fc<\/td><\/tr><tr><td><strong>\u0130ktisadi ve \u0130dari Bilimler Fak\u00fcltesi<\/strong><\/td><\/tr><tr><td>Y\u00f6netim Bili\u015fim Sistemleri B\u00f6l\u00fcm\u00fc<\/td><\/tr><tr><td><strong>Edebiyat Fak\u00fcltesi<\/strong><\/td><\/tr><tr><td>Tarih B\u00f6l\u00fcm\u00fc<\/td><\/tr><tr><td>\u00a0<\/td><\/tr><tr><td><strong>Yan Dal<\/strong><\/td><\/tr><tr><td><strong>Edebiyat Fak\u00fcltesi<\/strong><\/td><\/tr><tr><td>Arkeoloji B\u00f6l\u00fcm\u00fc<\/td><\/tr><\/tbody><\/table>\t\t\t\t\t\t\t\t<\/div>\n\t\t\t\t<\/div>\n\t\t\t\t\t<\/div>\n\t\t<\/div>\n\t\t\t\t\t<\/div>\n\t\t<\/section>\n\t\t\t\t<section class=\"elementor-section elementor-top-section elementor-element elementor-element-2f25ee7c elementor-section-boxed elementor-section-height-default elementor-section-height-default\" data-id=\"2f25ee7c\" data-element_type=\"section\">\n\t\t\t\t\t\t<div class=\"elementor-container elementor-column-gap-default\">\n\t\t\t\t\t<div class=\"elementor-column elementor-col-100 elementor-top-column elementor-element elementor-element-2d5cd727\" data-id=\"2d5cd727\" data-element_type=\"column\">\n\t\t\t<div class=\"elementor-widget-wrap elementor-element-populated\">\n\t\t\t\t\t\t<div class=\"elementor-element elementor-element-54415f25 elementor-widget elementor-widget-text-editor\" data-id=\"54415f25\" data-element_type=\"widget\" data-widget_type=\"text-editor.default\">\n\t\t\t\t<div class=\"elementor-widget-container\">\n\t\t\t\t\t\t\t\t\t<p>Atat\u00fcrk \u00dcniversitesi \u00c7ift Anadal ve Yandal Uygulama Esaslar\u0131na ula\u015fmak i\u00e7in <a href=\"https:\/\/atauni.edu.tr\/yuklemeler\/447556f5a1c786731af1c980027cdadc.pdf\">t\u0131klay\u0131n\u0131z.<\/a><\/p>\t\t\t\t\t\t\t\t<\/div>\n\t\t\t\t<\/div>\n\t\t\t\t\t<\/div>\n\t\t<\/div>\n\t\t\t\t\t<\/div>\n\t\t<\/section>\n\t\t\t\t<section class=\"elementor-section elementor-top-section elementor-element elementor-element-d14f4e9 elementor-section-boxed elementor-section-height-default elementor-section-height-default\" data-id=\"d14f4e9\" data-element_type=\"section\">\n\t\t\t\t\t\t<div class=\"elementor-container elementor-column-gap-default\">\n\t\t\t\t\t<div class=\"elementor-column elementor-col-100 elementor-top-column elementor-element elementor-element-ef0868b\" data-id=\"ef0868b\" data-element_type=\"column\">\n\t\t\t<div class=\"elementor-widget-wrap elementor-element-populated\">\n\t\t\t\t\t\t<div class=\"elementor-element elementor-element-5113303 elementor-widget elementor-widget-text-editor\" data-id=\"5113303\" data-element_type=\"widget\" data-widget_type=\"text-editor.default\">\n\t\t\t\t<div class=\"elementor-widget-container\">\n\t\t\t\t\t\t\t\t\t<p>\u00c7ift Anadal Ba\u015fvuru Dilek\u00e7esine ula\u015fmak i\u00e7in <a href=\"http:\/\/birimler.atauni.edu.tr\/bilgi-ve-belge-yonetimi\/wp-content\/uploads\/sites\/86\/2025\/06\/A.U-Cift-Anadal-Programi-Basvuru-Dilekcesi.pdf\">t\u0131klay\u0131n\u0131z.<\/a><\/p><p>Yandal Ba\u015fvuru Dilek\u00e7esine ula\u015fmak i\u00e7in <a href=\"https:\/\/www.atauni.edu.tr\/yuklemeler\/76a14f3cb855c4c9e202f4d8379ddcb5.pdf\">t\u0131klay\u0131n\u0131z.<\/a><\/p>\t\t\t\t\t\t\t\t<\/div>\n\t\t\t\t<\/div>\n\t\t\t\t\t<\/div>\n\t\t<\/div>\n\t\t\t\t\t<\/div>\n\t\t<\/section>\n\t\t\t\t<\/div>\n\t\t","protected":false},"excerpt":{"rendered":"<p>Fak\u00fcltemiz Y\u00f6netim Kurulunun 20.12.2022 tarihli oturumunda al\u0131nan E-82806933-050.02.04 -2200426545 say\u0131l\u0131, 2022\/60 Y\u00f6netim Kurulu Karar\u0131 ve \u00dcniversitemiz Senatosunun 02.06.2023 tarihinde 17 say\u0131l\u0131 oturumunda al\u0131nan 65 say\u0131l\u0131 karar\u0131 ile b\u00f6l\u00fcm\u00fcm\u00fcz \u00f6\u011frencileri a\u015fa\u011f\u0131da belirtilen b\u00f6l\u00fcmler ile \u00e7ift anadal veya yandal yapabilmektedirler. \u00c7ift Anadal\/Yandal ba\u015fvuru tarihleri akademik takvim yer almaktad\u0131r. Akademik takvime eri\u015fmek i\u00e7in t\u0131klay\u0131n\u0131z. \u00c7ift Anadal \u0130leti\u015fim Fak\u00fcltesi [&hellip;]<\/p>\n","protected":false},"author":467,"featured_media":0,"parent":0,"menu_order":0,"comment_status":"closed","ping_status":"closed","template":"","meta":{"footnotes":""},"class_list":["post-7527","page","type-page","status-publish","hentry"],"_links":{"self":[{"href":"https:\/\/atauni.edu.tr\/bilgi-ve-belge-yonetimi\/wp-json\/wp\/v2\/pages\/7527","targetHints":{"allow":["GET"]}}],"collection":[{"href":"https:\/\/atauni.edu.tr\/bilgi-ve-belge-yonetimi\/wp-json\/wp\/v2\/pages"}],"about":[{"href":"https:\/\/atauni.edu.tr\/bilgi-ve-belge-yonetimi\/wp-json\/wp\/v2\/types\/page"}],"author":[{"embeddable":true,"href":"https:\/\/atauni.edu.tr\/bilgi-ve-belge-yonetimi\/wp-json\/wp\/v2\/users\/467"}],"replies":[{"embeddable":true,"href":"https:\/\/atauni.edu.tr\/bilgi-ve-belge-yonetimi\/wp-json\/wp\/v2\/comments?post=7527"}],"version-history":[{"count":64,"href":"https:\/\/atauni.edu.tr\/bilgi-ve-belge-yonetimi\/wp-json\/wp\/v2\/pages\/7527\/revisions"}],"predecessor-version":[{"id":9087,"href":"https:\/\/atauni.edu.tr\/bilgi-ve-belge-yonetimi\/wp-json\/wp\/v2\/pages\/7527\/revisions\/9087"}],"wp:attachment":[{"href":"https:\/\/atauni.edu.tr\/bilgi-ve-belge-yonetimi\/wp-json\/wp\/v2\/media?parent=7527"}],"curies":[{"name":"wp","href":"https:\/\/api.w.org\/{rel}","templated":true}]}}