{"id":7868,"date":"2023-09-25T17:34:33","date_gmt":"2023-09-25T14:34:33","guid":{"rendered":"https:\/\/birimler.atauni.edu.tr\/bilgi-ve-belge-yonetimi\/?page_id=7868"},"modified":"2026-03-04T23:52:09","modified_gmt":"2026-03-04T20:52:09","slug":"bilgi-ve-belge-yonetimi-bolumu-koordinatorluk-komisyon-ve-kurul-uyeleri-ve-gorevlileri","status":"publish","type":"page","link":"https:\/\/atauni.edu.tr\/bilgi-ve-belge-yonetimi\/bilgi-ve-belge-yonetimi-bolumu-koordinatorluk-komisyon-ve-kurul-uyeleri-ve-gorevlileri\/","title":{"rendered":"\u00d6\u011fretim Elemanlar\u0131 Dan\u0131\u015fmanl\u0131k, komisyon ve Koordinat\u00f6rl\u00fck G\u00f6rev Da\u011f\u0131l\u0131mlar\u0131"},"content":{"rendered":"\t\t<div data-elementor-type=\"wp-page\" data-elementor-id=\"7868\" class=\"elementor elementor-7868\" data-elementor-post-type=\"page\">\n\t\t\t\t\t\t<section class=\"elementor-section elementor-top-section elementor-element elementor-element-a2b492b elementor-section-boxed elementor-section-height-default elementor-section-height-default\" data-id=\"a2b492b\" data-element_type=\"section\">\n\t\t\t\t\t\t<div class=\"elementor-container elementor-column-gap-default\">\n\t\t\t\t\t<div class=\"elementor-column elementor-col-100 elementor-top-column elementor-element elementor-element-addc04e\" data-id=\"addc04e\" data-element_type=\"column\">\n\t\t\t<div class=\"elementor-widget-wrap elementor-element-populated\">\n\t\t\t\t\t\t<div class=\"elementor-element elementor-element-c8de021 elementor-widget__width-initial elementor-widget elementor-widget-text-editor\" data-id=\"c8de021\" data-element_type=\"widget\" data-widget_type=\"text-editor.default\">\n\t\t\t\t<div class=\"elementor-widget-container\">\n\t\t\t\t\t\t\t\t\t<p><strong>Koordinat\u00f6rl\u00fckler<\/strong><\/p><table><tbody><tr><td width=\"359\"><p><strong>G\u00f6rev<\/strong><\/p><\/td><td width=\"227\"><p><strong>Unvan-Ad-Soyad<\/strong><\/p><\/td><\/tr><tr><td width=\"359\"><p>Ders Program Koordinat\u00f6r\u00fc<\/p><\/td><td width=\"227\"><p>Dr. \u00d6\u011fr. \u00dcyesi \u00d6zlem \u015eENYURT<\/p><\/td><\/tr><tr><td width=\"359\"><p>S\u0131nav Program Koordinat\u00f6r\u00fc<\/p><\/td><td width=\"227\"><p>Dr. \u00d6\u011fr. \u00dcyesi \u00d6zlem \u015eENYURT<\/p><\/td><\/tr><tr><td width=\"359\"><p>\u00c7ift Ana Dal\/Yan Dal Program Koordinat\u00f6r\u00fc<\/p><\/td><td width=\"227\"><p>Dr. \u00d6\u011fr. \u00dcyesi Burcu AYDEM\u0130R \u015eENAY<\/p><\/td><\/tr><tr><td width=\"359\"><p>Proje Koordinat\u00f6r\u00fc<\/p><\/td><td width=\"227\"><p>Do\u00e7. Dr. Nermin \u00c7AKMAK<\/p><\/td><\/tr><tr><td width=\"359\"><p>Web Sayfas\u0131 Koordinat\u00f6r\u00fc<\/p><\/td><td width=\"227\"><p>Ar\u015f. G\u00f6r. Dr. Muhammet \u00dcnal ARVAS<\/p><\/td><\/tr><tr><td width=\"359\"><p>Ders Bilgi Paketi Koordinat\u00f6r\u00fc<\/p><\/td><td width=\"227\"><p>Dr. \u00d6\u011fr. \u00dcyesi Burcu AYDEM\u0130R \u015eENAY<\/p><\/td><\/tr><tr><td width=\"359\"><p>Bologna Koordinat\u00f6r\u00fc<\/p><\/td><td width=\"227\"><p>Dr. \u00d6\u011fr. \u00dcyesi Burcu AYDEM\u0130R \u015eENAY<\/p><\/td><\/tr><tr><td width=\"359\"><p>T\u00dcB\u0130TAK Koordinat\u00f6r\u00fc<\/p><\/td><td width=\"227\"><p>Do\u00e7. Dr. Nermin \u00c7AKMAK<\/p><\/td><\/tr><tr><td width=\"359\"><p>FEDEK Koordinat\u00f6r\u00fc<\/p><\/td><td width=\"227\"><p>Dr. \u00d6\u011fr. \u00dcyesi Burcu AYDEM\u0130R \u015eENAY<\/p><\/td><\/tr><tr><td width=\"359\"><p>Mevlana De\u011fi\u015fim Program\u0131 Koordinat\u00f6r\u00fc<\/p><\/td><td width=\"227\"><p>Do\u00e7. Dr. Nermin \u00c7AKMAK<\/p><\/td><\/tr><tr><td width=\"359\"><p>Farabi De\u011fi\u015fim Program\u0131 Koordinat\u00f6r\u00fc<\/p><\/td><td width=\"227\"><p>Dr. \u00d6\u011fr. \u00dcyesi \u00d6zlem \u015eENYURT<\/p><\/td><\/tr><tr><td width=\"359\"><p>Erasmus De\u011fi\u015fim Program\u0131 Koordinat\u00f6r\u00fc<\/p><\/td><td width=\"227\"><p>Do\u00e7. Dr. Nermin \u00c7AKMAK<\/p><\/td><\/tr><tr><td width=\"359\"><p>Orhun De\u011fi\u015fim Program\u0131 Koordinat\u00f6r\u00fc<\/p><\/td><td width=\"227\"><p>Do\u00e7. Dr. Malik YILMAZ<\/p><\/td><\/tr><tr><td width=\"359\"><p>Fikri M\u00fclkiyet Haklar\u0131 (Patent) Koordinat\u00f6r\u00fc<\/p><\/td><td width=\"227\"><p>Dr. \u00d6\u011fr. \u00dcyesi Burcu AYDEM\u0130R \u015eENAY<\/p><\/td><\/tr><tr><td width=\"359\"><p>Staj Koordinat\u00f6r\u00fc<\/p><\/td><td width=\"227\"><p>Dr. \u00d6\u011fr. \u00dcyesi Burcu AYDEM\u0130R \u015eENAY<\/p><\/td><\/tr><tr><td width=\"359\"><p>Engelli \u00d6\u011frenci Temsilcisi<\/p><\/td><td width=\"227\"><p>Ar\u015f. G\u00f6r. Dr. Mehmet K\u00fcr\u015fat DE\u011eER<\/p><\/td><\/tr><tr><td width=\"359\"><p>\u00d6\u011frenci Kul\u00fcb\u00fc Dan\u0131\u015fman\u0131<\/p><\/td><td width=\"227\"><p>Do\u00e7. Dr. Nermin \u00c7AKMAK<\/p><\/td><\/tr><tr><td width=\"359\"><p>Laboratuvar Yetkilisi<\/p><\/td><td width=\"227\"><p>Do\u00e7. Dr. \u00d6mer KO\u00c7AK<\/p><\/td><\/tr><tr><td width=\"359\"><p>Kariyer Merkezi Temsilcisi<\/p><\/td><td width=\"227\"><p>Dr. \u00d6\u011fr. \u00dcyesi \u00d6zlem \u015eENYURT<\/p><\/td><\/tr><tr><td width=\"359\"><p>B\u00f6l\u00fcm Tan\u0131t\u0131m Sorumlusu<\/p><\/td><td width=\"227\"><p>Do\u00e7. Dr. Nermin \u00c7AKMAK<\/p><\/td><\/tr><\/tbody><\/table><p><strong>Komisyonlar<\/strong><\/p><table><tbody><tr><td width=\"359\"><p><strong>G\u00f6rev<\/strong><\/p><\/td><td width=\"227\"><p><strong>Unvan-Ad-Soyad<\/strong><\/p><\/td><\/tr><tr><td width=\"359\"><p><strong>\u0130ntibak Komisyonu Ba\u015fkan\u0131<\/strong><\/p><\/td><td width=\"227\"><p>Prof. Dr. D\u00fcndar AL\u0130KILI\u00c7<\/p><\/td><\/tr><tr><td width=\"359\"><p>\u0130ntibak Komisyonu \u00dcyesi<\/p><\/td><td width=\"227\"><p>Do\u00e7. Dr. \u00d6mer KO\u00c7AK<\/p><\/td><\/tr><tr><td width=\"359\"><p>\u0130ntibak Komisyonu \u00dcyesi<\/p><\/td><td width=\"227\"><p>Ar\u015f. G\u00f6r. Dr. Mehmet K\u00fcr\u015fat DE\u011eER<\/p><\/td><\/tr><tr><td width=\"359\"><p>\u0130ntibak Komisyonu \u00dcyesi<\/p><\/td><td width=\"227\"><p>Ar\u015f. G\u00f6r. Dr. Muhammet \u00dcnal ARVAS<\/p><\/td><\/tr><tr><td width=\"359\"><p><strong>E\u011fitim Komisyonu Ba\u015fkan\u0131<\/strong><\/p><\/td><td width=\"227\"><p>Prof. Dr. D\u00fcndar AL\u0130KILI\u00c7<\/p><\/td><\/tr><tr><td width=\"359\"><p>E\u011fitim Komisyonu \u00dcyesi<\/p><\/td><td width=\"227\"><p>Do\u00e7. Dr. \u00d6mer KO\u00c7AK<\/p><\/td><\/tr><tr><td width=\"359\"><p>E\u011fitim Komisyonu \u00dcyesi<\/p><\/td><td width=\"227\"><p>Dr. \u00d6\u011fr. \u00dcyesi \u00d6zlem \u015eENYURT<\/p><\/td><\/tr><tr><td width=\"359\"><p>E\u011fitim Komisyonu \u00dcyesi<\/p><\/td><td width=\"227\"><p>Ar\u015f. G\u00f6r. Dr. Mehmet K\u00fcr\u015fat DE\u011eER<\/p><\/td><\/tr><tr><td width=\"359\"><p><strong>Program De\u011f. ve M\u00fcfredat Gel. Komisyonu Ba\u015fkan\u0131<\/strong><\/p><\/td><td width=\"227\"><p>Do\u00e7. Dr. Malik YILMAZ<\/p><\/td><\/tr><tr><td width=\"359\"><p>Program De\u011f. ve M\u00fcfredat Gel. Komisyonu \u00dcyesi<\/p><\/td><td width=\"227\"><p>Do\u00e7. Dr. \u00d6mer KO\u00c7AK<\/p><\/td><\/tr><tr><td width=\"359\"><p>Program De\u011f. ve M\u00fcfredat Gel. Komisyonu \u00dcyesi<\/p><\/td><td width=\"227\"><p>Dr. \u00d6\u011fr. \u00dcyesi \u00d6zlem \u015eENYURT<\/p><\/td><\/tr><tr><td width=\"359\"><p>Program De\u011f. ve M\u00fcfredat Gel. Komisyonu \u00dcyesi<\/p><\/td><td width=\"227\"><p>Ar\u015f. G\u00f6r. Dr. Muhammet \u00dcnal ARVAS<\/p><\/td><\/tr><tr><td width=\"359\"><p><strong>M\u00fcfredat ve \u00d6l\u00e7me\/De\u011f. Komisyonu Ba\u015fkan\u0131<\/strong><\/p><\/td><td width=\"227\"><p>Do\u00e7. Dr. \u00d6mer KO\u00c7AK<\/p><\/td><\/tr><tr><td width=\"359\"><p>M\u00fcfredat ve \u00d6l\u00e7me\/De\u011f. Komisyonu \u00dcyesi<\/p><\/td><td width=\"227\"><p>Dr. \u00d6\u011fr. \u00dcyesi \u00d6zlem \u015eENYURT<\/p><\/td><\/tr><tr><td width=\"359\"><p>M\u00fcfredat ve \u00d6l\u00e7me\/De\u011f. Komisyonu \u00dcyesi<\/p><\/td><td width=\"227\"><p>Ar\u015f. G\u00f6r. Dr. Mehmet K\u00fcr\u015fat DE\u011eER<\/p><\/td><\/tr><tr><td width=\"359\"><p><strong>Mezun \u0130zleme Komisyonu Ba\u015fkan\u0131<\/strong><\/p><\/td><td width=\"227\"><p>Dr. \u00d6\u011fr. \u00dcyesi \u00d6zlem \u015eENYURT<\/p><\/td><\/tr><tr><td width=\"359\"><p>Mezun \u0130zleme Komisyonu \u00dcyesi<\/p><\/td><td width=\"227\"><p>Dr. \u00d6\u011fr. \u00dcyesi Burcu AYDEM\u0130R \u015eENAY<\/p><\/td><\/tr><tr><td width=\"359\"><p>Mezun \u0130zleme Komisyonu \u00dcyesi<\/p><\/td><td width=\"227\"><p>Ar\u015f. G\u00f6r. Dr. Mehmet K\u00fcr\u015fat DE\u011eER<\/p><\/td><\/tr><tr><td width=\"359\"><p>Mezun \u0130zleme Komisyonu \u00dcyesi<\/p><\/td><td width=\"227\"><p>Ar\u015f. G\u00f6r. Dr. Muhammet \u00dcnal ARVAS<\/p><\/td><\/tr><tr><td width=\"359\"><p><strong>Kalite Komisyonu Ba\u015fkan\u0131<\/strong><\/p><\/td><td width=\"227\"><p>Prof. Dr. D\u00fcndar AL\u0130KILI\u00c7<\/p><\/td><\/tr><tr><td width=\"359\"><p>Kalite Komisyonu \u00dcyesi<\/p><\/td><td width=\"227\"><p>Do\u00e7. Dr. \u00d6mer KO\u00c7AK<\/p><\/td><\/tr><tr><td width=\"359\"><p>Kalite Komisyonu \u00dcyesi<\/p><\/td><td width=\"227\"><p>Dr. \u00d6\u011fr. \u00dcyesi Burcu AYDEM\u0130R \u015eENAY<\/p><\/td><\/tr><tr><td width=\"359\"><p>Kalite Komisyonu \u00dcyesi<\/p><\/td><td width=\"227\"><p>Ar\u015f. G\u00f6r. Dr. Mehmet K\u00fcr\u015fat DE\u011eER<\/p><\/td><\/tr><tr><td width=\"359\"><p>Kalite Komisyonu \u00dcyesi<\/p><\/td><td width=\"227\"><p>\u0130kram S\u0130VASLI (\u00d6\u011frenci)<\/p><\/td><\/tr><tr><td width=\"359\"><p><strong>Staj Komisyonu Ba\u015fkan\u0131<\/strong><\/p><\/td><td width=\"227\"><p>Dr. \u00d6\u011fr. \u00dcyesi Burcu AYDEM\u0130R \u015eENAY<\/p><\/td><\/tr><tr><td width=\"359\"><p><strong>Bitirme Projesi Komisyonu Ba\u015fkan\u0131<\/strong><\/p><\/td><td width=\"227\"><p>Do\u00e7. Dr. Nermin \u00c7AKMAK<\/p><\/td><\/tr><tr><td width=\"359\"><p>Bitirme Projesi Komisyonu \u00dcyesi<\/p><\/td><td width=\"227\"><p>Dr. \u00d6\u011fr. \u00dcyesi \u00d6zlem \u015eENYURT<\/p><\/td><\/tr><tr><td width=\"359\"><p>Bitirme Projesi Komisyonu \u00dcyesi<\/p><\/td><td width=\"227\"><p>Dr. \u00d6\u011fr. \u00dcyesi Burcu AYDEM\u0130R \u015eENAY<\/p><\/td><\/tr><tr><td width=\"359\"><p>Bitirme Projesi Komisyonu \u00dcyesi<\/p><\/td><td width=\"227\"><p>Ar\u015f. G\u00f6r. Dr. Muhammet \u00dcnal ARVAS<\/p><\/td><\/tr><tr><td width=\"359\"><p>Bitirme Projesi Komisyonu \u00dcyesi<\/p><\/td><td width=\"227\"><p>Ar\u015f. G\u00f6r. Dr. Mehmet K\u00fcr\u015fat DE\u011eER<\/p><\/td><\/tr><tr><td width=\"359\"><p><strong>Akademik Performans\/Te\u015fvik Komisyonu Ba\u015fkan\u0131<\/strong><\/p><\/td><td width=\"227\"><p>Prof. Dr. D\u00fcndar AL\u0130KILI\u00c7<\/p><\/td><\/tr><tr><td width=\"359\"><p>Akademik Performans\/Te\u015fvik Komisyonu \u00dcyesi<\/p><\/td><td width=\"227\"><p>Do\u00e7. Dr. \u00d6mer KO\u00c7AK<\/p><\/td><\/tr><tr><td width=\"359\"><p>Akademik Performans\/Te\u015fvik Komisyonu \u00dcyesi<\/p><\/td><td width=\"227\"><p>Do\u00e7. Dr. Nermin \u00c7AKMAK<\/p><\/td><\/tr><tr><td width=\"359\"><p><strong>Stratejik Plan Komisyonu Ba\u015fkan\u0131<\/strong><\/p><\/td><td width=\"227\"><p>Prof. Dr. D\u00fcndar AL\u0130KILI\u00c7<\/p><\/td><\/tr><tr><td width=\"359\"><p>Stratejik Plan Komisyonu \u00dcyesi<\/p><\/td><td width=\"227\"><p>Do\u00e7. Dr. \u00d6mer KO\u00c7AK<\/p><\/td><\/tr><tr><td width=\"359\"><p>Stratejik Plan Komisyonu \u00dcyesi<\/p><\/td><td width=\"227\"><p>Ar\u015f. G\u00f6r. Dr. Mehmet K\u00fcr\u015fat DE\u011eER<\/p><\/td><\/tr><tr><td width=\"359\"><p>Stratejik Plan Komisyonu \u00dcyesi<\/p><\/td><td width=\"227\"><p>Ar\u015f. G\u00f6r. Dr. Muhammet \u00dcnal ARVAS<\/p><\/td><\/tr><tr><td width=\"359\"><p><strong>B\u00f6l\u00fcm Faaliyet Raporu Haz\u0131rlama Komisyonu Ba\u015fkan\u0131<\/strong><\/p><\/td><td width=\"227\"><p>Prof. Dr. D\u00fcndar AL\u0130KILI\u00c7<\/p><\/td><\/tr><tr><td width=\"359\"><p>B\u00f6l\u00fcm Faaliyet Raporu Haz\u0131rlama Komisyonu \u00dcyesi<\/p><\/td><td width=\"227\"><p>Do\u00e7. Dr. \u00d6mer KO\u00c7AK<\/p><\/td><\/tr><tr><td width=\"359\"><p>B\u00f6l\u00fcm Faaliyet Raporu Haz\u0131rlama Komisyonu \u00dcyesi<\/p><\/td><td width=\"227\"><p>Dr. \u00d6\u011fr. \u00dcyesi Burcu AYDEM\u0130R \u015eENAY<\/p><\/td><\/tr><tr><td width=\"359\"><p>B\u00f6l\u00fcm Faaliyet Raporu Haz\u0131rlama Komisyonu \u00dcyesi<\/p><\/td><td width=\"227\"><p>Ar\u015f. G\u00f6r. Dr. Muhammet \u00dcnal ARVAS<\/p><\/td><\/tr><tr><td width=\"359\"><p><strong>Etkinlik ve Tan\u0131t\u0131m Komisyonu Ba\u015fkan\u0131<\/strong><\/p><\/td><td width=\"227\"><p>Do\u00e7. Dr. Nermin \u00c7AKMAK<\/p><\/td><\/tr><tr><td width=\"359\"><p>Etkinlik ve Tan\u0131t\u0131m Komisyonu \u00dcyesi<\/p><\/td><td width=\"227\"><p>Dr. \u00d6\u011fr. \u00dcyesi Burcu AYDEM\u0130R \u015eENAY<\/p><\/td><\/tr><tr><td width=\"359\"><p>Etkinlik ve Tan\u0131t\u0131m Komisyonu \u00dcyesi<\/p><\/td><td width=\"227\"><p>Ar\u015f. G\u00f6r. Dr. Muhammet \u00dcnal ARVAS<\/p><\/td><\/tr><tr><td width=\"359\"><p><strong>\u00d6\u011frenci \u0130li\u015fkileri Komisyonu Ba\u015fkan\u0131<\/strong><\/p><\/td><td width=\"227\"><p>Do\u00e7. Dr. Nermin \u00c7AKMAK<\/p><\/td><\/tr><tr><td width=\"359\"><p>\u00d6\u011frenci \u0130li\u015fkileri Komisyonu \u00dcyesi<\/p><\/td><td width=\"227\"><p>Dr. \u00d6\u011fr. \u00dcyesi Burcu AYDEM\u0130R \u015eENAY<\/p><\/td><\/tr><tr><td width=\"359\"><p>\u00d6\u011frenci \u0130li\u015fkileri Komisyonu \u00dcyesi<\/p><\/td><td width=\"227\"><p>Ar\u015f. G\u00f6r. Dr. Muhammet \u00dcnal ARVAS<\/p><\/td><\/tr><tr><td width=\"359\"><p><strong>De\u011fi\u015fim Programlar\u0131 Komisyonu Ba\u015fkan\u0131<\/strong><\/p><\/td><td width=\"227\"><p>Do\u00e7. Dr. \u00d6mer KO\u00c7AK<\/p><\/td><\/tr><tr><td width=\"359\"><p>De\u011fi\u015fim Programlar\u0131 Komisyonu \u00dcyesi<\/p><\/td><td width=\"227\"><p>Do\u00e7. Dr. Malik YILMAZ<\/p><\/td><\/tr><tr><td width=\"359\"><p>De\u011fi\u015fim Programlar\u0131 Komisyonu \u00dcyesi<\/p><\/td><td width=\"227\"><p>Do\u00e7. Dr. Nermin \u00c7AKMAK<\/p><\/td><\/tr><tr><td width=\"359\"><p><strong>Bili\u015fim ve K\u00fct\u00fcphane Komisyonu Ba\u015fkan\u0131<\/strong><\/p><\/td><td width=\"227\"><p>Do\u00e7. Dr. Malik YILMAZ<\/p><\/td><\/tr><tr><td width=\"359\"><p>Bili\u015fim ve K\u00fct\u00fcphane Komisyonu \u00dcyesi<\/p><\/td><td width=\"227\"><p>Do\u00e7. Dr. \u00d6mer KO\u00c7AK<\/p><\/td><\/tr><tr><td width=\"359\"><p>Bili\u015fim ve K\u00fct\u00fcphane Komisyonu \u00dcyesi<\/p><\/td><td width=\"227\"><p>Ar\u015f. G\u00f6r. Dr. Muhammet \u00dcnal ARVAS<\/p><\/td><\/tr><\/tbody><\/table><p><strong>S\u0131n\u0131f Dan\u0131\u015fmanl\u0131klar\u0131<\/strong><\/p><table><tbody><tr><td width=\"359\"><p><strong>G\u00f6rev<\/strong><\/p><\/td><td width=\"227\"><p><strong>Unvan-Ad-Soyad<\/strong><\/p><\/td><\/tr><tr><td width=\"359\"><p>1. S\u0131n\u0131f<\/p><\/td><td width=\"227\"><p>Ar\u015f. G\u00f6r. Dr. Mehmet K\u00fcr\u015fat DE\u011eER<\/p><\/td><\/tr><tr><td width=\"359\"><p>2. S\u0131n\u0131f<\/p><\/td><td width=\"227\"><p>Ar\u015f. G\u00f6r. Dr. Muhammet \u00dcnal ARVAS<\/p><\/td><\/tr><tr><td width=\"359\"><p>3. S\u0131n\u0131f<\/p><\/td><td width=\"227\"><p>Ar\u015f. G\u00f6r. Dr. Muhammet \u00dcnal ARVAS<\/p><\/td><\/tr><tr><td width=\"359\"><p>4. S\u0131n\u0131f ve Uzatmal\u0131 \u00d6\u011frenciler<\/p><\/td><td width=\"227\"><p>Ar\u015f. G\u00f6r. Dr. Mehmet K\u00fcr\u015fat DE\u011eER<\/p><\/td><\/tr><\/tbody><\/table>\t\t\t\t\t\t\t\t<\/div>\n\t\t\t\t<\/div>\n\t\t\t\t\t<\/div>\n\t\t<\/div>\n\t\t\t\t\t<\/div>\n\t\t<\/section>\n\t\t\t\t<\/div>\n\t\t","protected":false},"excerpt":{"rendered":"<p>Koordinat\u00f6rl\u00fckler G\u00f6rev Unvan-Ad-Soyad Ders Program Koordinat\u00f6r\u00fc Dr. \u00d6\u011fr. \u00dcyesi \u00d6zlem \u015eENYURT S\u0131nav Program Koordinat\u00f6r\u00fc Dr. \u00d6\u011fr. \u00dcyesi \u00d6zlem \u015eENYURT \u00c7ift Ana Dal\/Yan Dal Program Koordinat\u00f6r\u00fc Dr. \u00d6\u011fr. \u00dcyesi Burcu AYDEM\u0130R \u015eENAY Proje Koordinat\u00f6r\u00fc Do\u00e7. Dr. Nermin \u00c7AKMAK Web Sayfas\u0131 Koordinat\u00f6r\u00fc Ar\u015f. G\u00f6r. Dr. Muhammet \u00dcnal ARVAS Ders Bilgi Paketi Koordinat\u00f6r\u00fc Dr. \u00d6\u011fr. \u00dcyesi Burcu AYDEM\u0130R [&hellip;]<\/p>\n","protected":false},"author":467,"featured_media":0,"parent":0,"menu_order":0,"comment_status":"closed","ping_status":"closed","template":"","meta":{"footnotes":""},"class_list":["post-7868","page","type-page","status-publish","hentry"],"_links":{"self":[{"href":"https:\/\/atauni.edu.tr\/bilgi-ve-belge-yonetimi\/wp-json\/wp\/v2\/pages\/7868","targetHints":{"allow":["GET"]}}],"collection":[{"href":"https:\/\/atauni.edu.tr\/bilgi-ve-belge-yonetimi\/wp-json\/wp\/v2\/pages"}],"about":[{"href":"https:\/\/atauni.edu.tr\/bilgi-ve-belge-yonetimi\/wp-json\/wp\/v2\/types\/page"}],"author":[{"embeddable":true,"href":"https:\/\/atauni.edu.tr\/bilgi-ve-belge-yonetimi\/wp-json\/wp\/v2\/users\/467"}],"replies":[{"embeddable":true,"href":"https:\/\/atauni.edu.tr\/bilgi-ve-belge-yonetimi\/wp-json\/wp\/v2\/comments?post=7868"}],"version-history":[{"count":40,"href":"https:\/\/atauni.edu.tr\/bilgi-ve-belge-yonetimi\/wp-json\/wp\/v2\/pages\/7868\/revisions"}],"predecessor-version":[{"id":9429,"href":"https:\/\/atauni.edu.tr\/bilgi-ve-belge-yonetimi\/wp-json\/wp\/v2\/pages\/7868\/revisions\/9429"}],"wp:attachment":[{"href":"https:\/\/atauni.edu.tr\/bilgi-ve-belge-yonetimi\/wp-json\/wp\/v2\/media?parent=7868"}],"curies":[{"name":"wp","href":"https:\/\/api.w.org\/{rel}","templated":true}]}}