{"id":7878,"date":"2023-09-25T16:47:14","date_gmt":"2023-09-25T13:47:14","guid":{"rendered":"https:\/\/birimler.atauni.edu.tr\/bilgi-ve-belge-yonetimi\/?page_id=7878"},"modified":"2023-09-27T15:30:33","modified_gmt":"2023-09-27T12:30:33","slug":"mezunlarimiz","status":"publish","type":"page","link":"https:\/\/atauni.edu.tr\/bilgi-ve-belge-yonetimi\/mezunlarimiz\/","title":{"rendered":"Mezunlar\u0131m\u0131z"},"content":{"rendered":"\t\t<div data-elementor-type=\"wp-page\" data-elementor-id=\"7878\" class=\"elementor elementor-7878\" data-elementor-post-type=\"page\">\n\t\t\t\t\t\t<section class=\"elementor-section elementor-top-section elementor-element elementor-element-bc19996 elementor-section-boxed elementor-section-height-default elementor-section-height-default\" data-id=\"bc19996\" data-element_type=\"section\">\n\t\t\t\t\t\t<div class=\"elementor-container elementor-column-gap-default\">\n\t\t\t\t\t<div class=\"elementor-column elementor-col-100 elementor-top-column elementor-element elementor-element-1308d2c\" data-id=\"1308d2c\" data-element_type=\"column\">\n\t\t\t<div class=\"elementor-widget-wrap elementor-element-populated\">\n\t\t\t\t\t\t<div class=\"elementor-element elementor-element-64ad2cb elementor-widget elementor-widget-text-editor\" data-id=\"64ad2cb\" data-element_type=\"widget\" data-widget_type=\"text-editor.default\">\n\t\t\t\t<div class=\"elementor-widget-container\">\n\t\t\t\t\t\t\t\t\t<p>\u00c7a\u011f\u0131m\u0131z bilgi \u00e7a\u011f\u0131nda bilginin artan \u00f6nemi sayesinde bilgi ve belge y\u00f6netimi alan\u0131nda nitelikli eleman ihtiyac\u0131 her g\u00fcn \u00f6nem kazanmaktad\u0131r. Bilgi ve Belge Y\u00f6netimi b\u00f6l\u00fcm\u00fc olarak birinci s\u0131n\u0131ftan mezun olana kadar siz de\u011ferli \u00f6\u011frencilerimize \u00e7a\u011f\u0131n gereksinimine uygun bilgi ve deneyim kazand\u0131rmak i\u00e7in e\u011fitim \u00f6\u011fretim m\u00fcfredat\u0131m\u0131z\u0131 s\u00fcrekli g\u00fcncellemekteyiz. M\u00fcfredat\u0131m\u0131z\u0131 g\u00fcncellerken i\u00e7in gerek i\u00e7 payda\u015falar gerekse d\u0131\u015f payda\u015flarla ileti\u015fime ge\u00e7erek onlar\u0131n bilgi ve tecr\u00fcbelerinden faydalan\u0131yoruz. Bu nedenle sizlerle ileti\u015fime ge\u00e7mek bizler a\u00e7\u0131s\u0131ndan \u00f6nemlidir. Sizlerden edindi\u011fimiz bilgiler \u0131\u015f\u0131\u011f\u0131nda sahada \u00e7al\u0131\u015fan bir Bilgi ve Belge y\u00f6neticisi\/Bilgi uzman\u0131 i\u00e7in gerekli nitelikler belirlenerek program\u0131n bu ihtiya\u00e7lar\u0131 kar\u015f\u0131layacak \u015fekilde s\u00fcrekli olarak g\u00fcncel tutulmas\u0131 sa\u011flanmaktay\u0131z.<\/p><p>\u0130leti\u015fim formunu doldurmak i\u00e7in <a href=\"https:\/\/forms.gle\/AxA4rTixXS6LuSQN6\">t\u0131klay\u0131n\u0131z.<\/a><\/p>\t\t\t\t\t\t\t\t<\/div>\n\t\t\t\t<\/div>\n\t\t\t\t\t<\/div>\n\t\t<\/div>\n\t\t\t\t\t<\/div>\n\t\t<\/section>\n\t\t\t\t<\/div>\n\t\t","protected":false},"excerpt":{"rendered":"<p>\u00c7a\u011f\u0131m\u0131z bilgi \u00e7a\u011f\u0131nda bilginin artan \u00f6nemi sayesinde bilgi ve belge y\u00f6netimi alan\u0131nda nitelikli eleman ihtiyac\u0131 her g\u00fcn \u00f6nem kazanmaktad\u0131r. Bilgi ve Belge Y\u00f6netimi b\u00f6l\u00fcm\u00fc olarak birinci s\u0131n\u0131ftan mezun olana kadar siz de\u011ferli \u00f6\u011frencilerimize \u00e7a\u011f\u0131n gereksinimine uygun bilgi ve deneyim kazand\u0131rmak i\u00e7in e\u011fitim \u00f6\u011fretim m\u00fcfredat\u0131m\u0131z\u0131 s\u00fcrekli g\u00fcncellemekteyiz. M\u00fcfredat\u0131m\u0131z\u0131 g\u00fcncellerken i\u00e7in gerek i\u00e7 payda\u015falar gerekse d\u0131\u015f payda\u015flarla [&hellip;]<\/p>\n","protected":false},"author":467,"featured_media":0,"parent":0,"menu_order":0,"comment_status":"closed","ping_status":"closed","template":"","meta":{"footnotes":""},"class_list":["post-7878","page","type-page","status-publish","hentry"],"_links":{"self":[{"href":"https:\/\/atauni.edu.tr\/bilgi-ve-belge-yonetimi\/wp-json\/wp\/v2\/pages\/7878","targetHints":{"allow":["GET"]}}],"collection":[{"href":"https:\/\/atauni.edu.tr\/bilgi-ve-belge-yonetimi\/wp-json\/wp\/v2\/pages"}],"about":[{"href":"https:\/\/atauni.edu.tr\/bilgi-ve-belge-yonetimi\/wp-json\/wp\/v2\/types\/page"}],"author":[{"embeddable":true,"href":"https:\/\/atauni.edu.tr\/bilgi-ve-belge-yonetimi\/wp-json\/wp\/v2\/users\/467"}],"replies":[{"embeddable":true,"href":"https:\/\/atauni.edu.tr\/bilgi-ve-belge-yonetimi\/wp-json\/wp\/v2\/comments?post=7878"}],"version-history":[{"count":7,"href":"https:\/\/atauni.edu.tr\/bilgi-ve-belge-yonetimi\/wp-json\/wp\/v2\/pages\/7878\/revisions"}],"predecessor-version":[{"id":7938,"href":"https:\/\/atauni.edu.tr\/bilgi-ve-belge-yonetimi\/wp-json\/wp\/v2\/pages\/7878\/revisions\/7938"}],"wp:attachment":[{"href":"https:\/\/atauni.edu.tr\/bilgi-ve-belge-yonetimi\/wp-json\/wp\/v2\/media?parent=7878"}],"curies":[{"name":"wp","href":"https:\/\/api.w.org\/{rel}","templated":true}]}}