{"id":9089,"date":"2025-06-25T14:20:11","date_gmt":"2025-06-25T11:20:11","guid":{"rendered":"https:\/\/birimler.atauni.edu.tr\/bilgi-ve-belge-yonetimi\/?page_id=9089"},"modified":"2025-07-30T10:37:19","modified_gmt":"2025-07-30T07:37:19","slug":"haberler","status":"publish","type":"page","link":"https:\/\/atauni.edu.tr\/bilgi-ve-belge-yonetimi\/haberler\/","title":{"rendered":"Haberler"},"content":{"rendered":"<form method=\"get\" class=\"row g-3\" style=\"margin-bottom: 20px;\"><div class=\"col-md-3\"><input type=\"text\" name=\"haber_ara\" class=\"form-control\" placeholder=\"Haber ara...\" value=\"\"><\/div><div class=\"col-md-3\"><input type=\"date\" name=\"baslangic_tarihi\" class=\"form-control\" value=\"\"><\/div><div class=\"col-md-3\"><input type=\"date\" name=\"bitis_tarihi\" class=\"form-control\" value=\"\"><\/div><div class=\"col-md-3\"><button type=\"submit\" class=\"btn btn-secondary w-50\">Filtrele<\/button><\/div><\/form><ul class=\"kategori-yazilari-liste\"><li style=\"display: flex; margin-bottom: 10px; align-items: center;\"><div class=\"post-content\" style=\"flex-grow: 1;\"><span class=\"post-date habertarih\" style=\"display: block; font-weight: bold; margin-bottom: 5px;\">17 Nisan 2026<\/span><a class=\"haberbaslik\" href=\"https:\/\/atauni.edu.tr\/bilgi-ve-belge-yonetimi\/2026\/04\/17\/yagan-cok-programli-anadolu-lisesine-kutuphane-kuruldu\/\">Ya\u011fan \u00c7ok Programl\u0131 Anadolu Lisesi\u2019ne K\u00fct\u00fcphane Kuruldu<\/a><\/div><\/li><li style=\"display: flex; margin-bottom: 10px; align-items: center;\"><div class=\"post-thumbnail\" style=\"margin-right: 15px;\"><a href=\"https:\/\/atauni.edu.tr\/bilgi-ve-belge-yonetimi\/2026\/04\/17\/is-hayatinda-bilgi-ve-belge-yoneticisi\/\"><img decoding=\"async\" width=\"150\" height=\"150\" src=\"https:\/\/atauni.edu.tr\/bilgi-ve-belge-yonetimi\/wp-content\/uploads\/sites\/86\/2026\/04\/485-scaled-e1776172243750-150x150.jpeg\" class=\"attachment-thumbnail size-thumbnail wp-post-image\" alt=\"\" \/><\/a><\/div><div class=\"post-content\" style=\"flex-grow: 1;\"><span class=\"post-date habertarih\" style=\"display: block; font-weight: bold; margin-bottom: 5px;\">17 Nisan 2026<\/span><a class=\"haberbaslik\" href=\"https:\/\/atauni.edu.tr\/bilgi-ve-belge-yonetimi\/2026\/04\/17\/is-hayatinda-bilgi-ve-belge-yoneticisi\/\">\u0130\u015f Hayat\u0131nda Bilgi ve Belge Y\u00f6neticisi<\/a><\/div><\/li><li style=\"display: flex; margin-bottom: 10px; align-items: center;\"><div class=\"post-content\" style=\"flex-grow: 1;\"><span class=\"post-date habertarih\" style=\"display: block; font-weight: bold; margin-bottom: 5px;\">17 Nisan 2026<\/span><a class=\"haberbaslik\" href=\"https:\/\/atauni.edu.tr\/bilgi-ve-belge-yonetimi\/2026\/04\/17\/koha-kutuphane-otomasyon-programi-kurulumu-tamamlandi\/\">KOHA K\u00fct\u00fcphane Otomasyon Program\u0131 Kurulumu Tamamland\u0131<\/a><\/div><\/li><li style=\"display: flex; margin-bottom: 10px; align-items: center;\"><div class=\"post-content\" style=\"flex-grow: 1;\"><span class=\"post-date habertarih\" style=\"display: block; font-weight: bold; margin-bottom: 5px;\">6 Nisan 2026<\/span><a class=\"haberbaslik\" href=\"https:\/\/atauni.edu.tr\/bilgi-ve-belge-yonetimi\/2026\/04\/06\/doc-dr-nermin-cakmaka-tesekkur-belgesi-takdim-edildi\/\">Do\u00e7.Dr. Nermin \u00c7AKMAK&#8217;a Te\u015fekk\u00fcr Belgesi Takdim Edildi.<\/a><\/div><\/li><li style=\"display: flex; margin-bottom: 10px; align-items: center;\"><div class=\"post-thumbnail\" style=\"margin-right: 15px;\"><a href=\"https:\/\/atauni.edu.tr\/bilgi-ve-belge-yonetimi\/2026\/04\/04\/62-kutuphane-haftasi-etkinligi\/\"><img decoding=\"async\" width=\"150\" height=\"150\" src=\"https:\/\/atauni.edu.tr\/bilgi-ve-belge-yonetimi\/wp-content\/uploads\/sites\/86\/2026\/04\/WhatsApp-Image-2026-04-02-at-13.00.25-e1775307503496-150x150.jpeg\" class=\"attachment-thumbnail size-thumbnail wp-post-image\" alt=\"\" \/><\/a><\/div><div class=\"post-content\" style=\"flex-grow: 1;\"><span class=\"post-date habertarih\" style=\"display: block; font-weight: bold; margin-bottom: 5px;\">4 Nisan 2026<\/span><a class=\"haberbaslik\" href=\"https:\/\/atauni.edu.tr\/bilgi-ve-belge-yonetimi\/2026\/04\/04\/62-kutuphane-haftasi-etkinligi\/\">62. K\u00fct\u00fcphane Haftas\u0131 Proje Etkinli\u011fi<\/a><\/div><\/li><li style=\"display: flex; margin-bottom: 10px; align-items: center;\"><div class=\"post-thumbnail\" style=\"margin-right: 15px;\"><a href=\"https:\/\/atauni.edu.tr\/bilgi-ve-belge-yonetimi\/2026\/04\/03\/seyfettin-ozege-sempozyumu-2\/\"><img decoding=\"async\" width=\"150\" height=\"150\" src=\"https:\/\/atauni.edu.tr\/bilgi-ve-belge-yonetimi\/wp-content\/uploads\/sites\/86\/2026\/04\/WhatsApp-Image-2026-04-03-at-14.01.0512-e1775215134981-150x150.jpeg\" class=\"attachment-thumbnail size-thumbnail wp-post-image\" alt=\"\" \/><\/a><\/div><div class=\"post-content\" style=\"flex-grow: 1;\"><span class=\"post-date habertarih\" style=\"display: block; font-weight: bold; margin-bottom: 5px;\">3 Nisan 2026<\/span><a class=\"haberbaslik\" href=\"https:\/\/atauni.edu.tr\/bilgi-ve-belge-yonetimi\/2026\/04\/03\/seyfettin-ozege-sempozyumu-2\/\">Seyfettin \u00d6zege Sempozyumu<\/a><\/div><\/li><li style=\"display: flex; margin-bottom: 10px; align-items: center;\"><div class=\"post-thumbnail\" style=\"margin-right: 15px;\"><a href=\"https:\/\/atauni.edu.tr\/bilgi-ve-belge-yonetimi\/2026\/03\/31\/62-kutuphane-haftasi-etkinlik-programi\/\"><img loading=\"lazy\" decoding=\"async\" width=\"150\" height=\"150\" src=\"https:\/\/atauni.edu.tr\/bilgi-ve-belge-yonetimi\/wp-content\/uploads\/sites\/86\/2026\/03\/kthprog1-e1774444106113-150x150.jpeg\" class=\"attachment-thumbnail size-thumbnail wp-post-image\" alt=\"\" \/><\/a><\/div><div class=\"post-content\" style=\"flex-grow: 1;\"><span class=\"post-date habertarih\" style=\"display: block; font-weight: bold; margin-bottom: 5px;\">31 Mart 2026<\/span><a class=\"haberbaslik\" href=\"https:\/\/atauni.edu.tr\/bilgi-ve-belge-yonetimi\/2026\/03\/31\/62-kutuphane-haftasi-etkinlik-programi\/\">62. K\u00fct\u00fcphane Haftas\u0131 Etkinli\u011fi D\u00fczenlendi<\/a><\/div><\/li><li style=\"display: flex; margin-bottom: 10px; align-items: center;\"><div class=\"post-thumbnail\" style=\"margin-right: 15px;\"><a href=\"https:\/\/atauni.edu.tr\/bilgi-ve-belge-yonetimi\/2026\/03\/04\/erasmus-tanitim-etkinligi-2\/\"><img loading=\"lazy\" decoding=\"async\" width=\"150\" height=\"150\" src=\"https:\/\/atauni.edu.tr\/bilgi-ve-belge-yonetimi\/wp-content\/uploads\/sites\/86\/2026\/03\/WhatsApp-Image-2026-03-04-at-23.13.41-e1772656543670-150x150.jpeg\" class=\"attachment-thumbnail size-thumbnail wp-post-image\" alt=\"\" \/><\/a><\/div><div class=\"post-content\" style=\"flex-grow: 1;\"><span class=\"post-date habertarih\" style=\"display: block; font-weight: bold; margin-bottom: 5px;\">4 Mart 2026<\/span><a class=\"haberbaslik\" href=\"https:\/\/atauni.edu.tr\/bilgi-ve-belge-yonetimi\/2026\/03\/04\/erasmus-tanitim-etkinligi-2\/\">Erasmus Tan\u0131t\u0131m Etkinli\u011fi<\/a><\/div><\/li><li style=\"display: flex; margin-bottom: 10px; align-items: center;\"><div class=\"post-thumbnail\" style=\"margin-right: 15px;\"><a href=\"https:\/\/atauni.edu.tr\/bilgi-ve-belge-yonetimi\/2026\/01\/16\/etis-2025-haziran-sayisi-yayimlandi\/\"><img loading=\"lazy\" decoding=\"async\" width=\"150\" height=\"141\" src=\"https:\/\/atauni.edu.tr\/bilgi-ve-belge-yonetimi\/wp-content\/uploads\/sites\/86\/2024\/07\/etis-e1719827074139-150x141.png\" class=\"attachment-thumbnail size-thumbnail wp-post-image\" alt=\"\" \/><\/a><\/div><div class=\"post-content\" style=\"flex-grow: 1;\"><span class=\"post-date habertarih\" style=\"display: block; font-weight: bold; margin-bottom: 5px;\">16 Ocak 2026<\/span><a class=\"haberbaslik\" href=\"https:\/\/atauni.edu.tr\/bilgi-ve-belge-yonetimi\/2026\/01\/16\/etis-2025-haziran-sayisi-yayimlandi\/\">ET\u0130S 2025 Aral\u0131k Say\u0131s\u0131 Yay\u0131mland\u0131<\/a><\/div><\/li><li style=\"display: flex; margin-bottom: 10px; align-items: center;\"><div class=\"post-thumbnail\" style=\"margin-right: 15px;\"><a href=\"https:\/\/atauni.edu.tr\/bilgi-ve-belge-yonetimi\/2025\/12\/03\/kutuphane-teknik-gezisi-8\/\"><img loading=\"lazy\" decoding=\"async\" width=\"150\" height=\"150\" src=\"https:\/\/atauni.edu.tr\/bilgi-ve-belge-yonetimi\/wp-content\/uploads\/sites\/86\/2025\/12\/WhatsApp-Image-2025-12-03-at-15.53.261-e1764775211648-150x150.jpeg\" class=\"attachment-thumbnail size-thumbnail wp-post-image\" alt=\"\" \/><\/a><\/div><div class=\"post-content\" style=\"flex-grow: 1;\"><span class=\"post-date habertarih\" style=\"display: block; font-weight: bold; margin-bottom: 5px;\">3 Aral\u0131k 2025<\/span><a class=\"haberbaslik\" href=\"https:\/\/atauni.edu.tr\/bilgi-ve-belge-yonetimi\/2025\/12\/03\/kutuphane-teknik-gezisi-8\/\">K\u00fct\u00fcphane Teknik Gezisi<\/a><\/div><\/li><\/ul><nav class=\"pagination\" style=\"margin-top: 20px;\"><ul class='page-numbers'>\n\t<li><span aria-current=\"page\" class=\"page-numbers current\">1<\/span><\/li>\n\t<li><a class=\"page-numbers\" href=\"https:\/\/atauni.edu.tr\/bilgi-ve-belge-yonetimi\/wp-json\/wp\/v2\/pages\/9089\/page\/2\/\">2<\/a><\/li>\n\t<li><a class=\"next page-numbers\" href=\"https:\/\/atauni.edu.tr\/bilgi-ve-belge-yonetimi\/wp-json\/wp\/v2\/pages\/9089\/page\/2\/\">Sonraki &raquo;<\/a><\/li>\n<\/ul>\n<\/nav>\n\n\n\n<p><\/p>\n","protected":false},"excerpt":{"rendered":"","protected":false},"author":8,"featured_media":0,"parent":0,"menu_order":0,"comment_status":"closed","ping_status":"closed","template":"","meta":{"footnotes":""},"class_list":["post-9089","page","type-page","status-publish","hentry"],"_links":{"self":[{"href":"https:\/\/atauni.edu.tr\/bilgi-ve-belge-yonetimi\/wp-json\/wp\/v2\/pages\/9089","targetHints":{"allow":["GET"]}}],"collection":[{"href":"https:\/\/atauni.edu.tr\/bilgi-ve-belge-yonetimi\/wp-json\/wp\/v2\/pages"}],"about":[{"href":"https:\/\/atauni.edu.tr\/bilgi-ve-belge-yonetimi\/wp-json\/wp\/v2\/types\/page"}],"author":[{"embeddable":true,"href":"https:\/\/atauni.edu.tr\/bilgi-ve-belge-yonetimi\/wp-json\/wp\/v2\/users\/8"}],"replies":[{"embeddable":true,"href":"https:\/\/atauni.edu.tr\/bilgi-ve-belge-yonetimi\/wp-json\/wp\/v2\/comments?post=9089"}],"version-history":[{"count":2,"href":"https:\/\/atauni.edu.tr\/bilgi-ve-belge-yonetimi\/wp-json\/wp\/v2\/pages\/9089\/revisions"}],"predecessor-version":[{"id":9116,"href":"https:\/\/atauni.edu.tr\/bilgi-ve-belge-yonetimi\/wp-json\/wp\/v2\/pages\/9089\/revisions\/9116"}],"wp:attachment":[{"href":"https:\/\/atauni.edu.tr\/bilgi-ve-belge-yonetimi\/wp-json\/wp\/v2\/media?parent=9089"}],"curies":[{"name":"wp","href":"https:\/\/api.w.org\/{rel}","templated":true}]}}